{"id":12,"date":"2016-02-09T12:43:51","date_gmt":"2016-02-09T12:43:51","guid":{"rendered":"https:\/\/content.www.institutomaxilofacial.com\/?page_id=12"},"modified":"2026-01-22T10:44:50","modified_gmt":"2026-01-22T08:44:50","slug":"home-instituto-maxilofacia-orthognathic-maxillofacial-and-oral-surgery","status":"publish","type":"page","link":"https:\/\/content.www.institutomaxilofacial.com\/ca\/","title":{"rendered":"Inici &#8211; Instituto Maxilofacial &#8211; Ortogn\u00e0tica, Cirurgia Maxil\u00b7lofacial i Oral, Implantologia"},"content":{"rendered":"","protected":false},"excerpt":{"rendered":"","protected":false},"author":1,"featured_media":0,"parent":0,"menu_order":0,"comment_status":"closed","ping_status":"closed","template":"template-home.php","meta":{"footnotes":""},"class_list":["post-12","page","type-page","status-publish","hentry"],"yoast_head":"<!-- This site is optimized with the Yoast SEO plugin v27.2 - https:\/\/yoast.com\/product\/yoast-seo-wordpress\/ -->\n<title>Cirug\u00eda Maxilofacial y Ortogn\u00e1tica en Barcelona | Instituto Maxilofacial<\/title>\n<meta name=\"description\" content=\"Expertos en Cirug\u00eda Oral y Maxilofacial. Precisi\u00f3n, experiencia y pasi\u00f3n por la innovaci\u00f3n\" \/>\n<meta name=\"robots\" content=\"index, follow, max-snippet:-1, max-image-preview:large, max-video-preview:-1\" \/>\n<link rel=\"canonical\" href=\"https:\/\/content.www.institutomaxilofacial.com\/ca\/wp-json\/wp\/v2\/pages\/12\/\" \/>\n<meta property=\"og:locale\" content=\"ca_ES\" \/>\n<meta property=\"og:type\" content=\"article\" \/>\n<meta property=\"og:title\" content=\"[:es]Cirug\u00eda Maxilofacial y Ortogn\u00e1tica en Barcelona | Instituto Maxilofacial[:]\" \/>\n<meta property=\"og:description\" content=\"{:es}Centro de referencia en cirug\u00eda maxilofacial, ortogn\u00e1tica e implantolog\u00eda avanzada en Barcelona. Atenci\u00f3n personalizada, equipo internacional y tecnolog\u00eda de vanguardia.{:ca}Expertos en Cirug\u00eda Oral y Maxilofacial. Precisi\u00f3n, experiencia y pasi\u00f3n por la innovaci\u00f3n{:}\" \/>\n<meta property=\"og:url\" content=\"https:\/\/content.www.institutomaxilofacial.com\/es\/\" \/>\n<meta property=\"og:site_name\" content=\"Instituto Maxilofacial\" \/>\n<meta property=\"article:modified_time\" content=\"2026-01-22T08:44:50+00:00\" \/>\n<meta name=\"twitter:card\" content=\"summary_large_image\" \/>\n<script type=\"application\/ld+json\" class=\"yoast-schema-graph\">{\"@context\":\"https:\/\/schema.org\",\"@graph\":[{\"@type\":\"WebPage\",\"@id\":\"https:\/\/content.www.institutomaxilofacial.com\/es\/\",\"url\":\"https:\/\/content.www.institutomaxilofacial.com\/es\/\",\"name\":\"[:es]Cirug\u00eda Maxilofacial y Ortogn\u00e1tica en Barcelona | Instituto Maxilofacial[:]\",\"isPartOf\":{\"@id\":\"https:\/\/content.www.institutomaxilofacial.com\/ca\/#website\"},\"datePublished\":\"2016-02-09T12:43:51+00:00\",\"dateModified\":\"2026-01-22T08:44:50+00:00\",\"description\":\"{:es}Centro de referencia en cirug\u00eda maxilofacial, ortogn\u00e1tica e implantolog\u00eda avanzada en Barcelona. Atenci\u00f3n personalizada, equipo internacional y tecnolog\u00eda de vanguardia.{:ca}Expertos en Cirug\u00eda Oral y Maxilofacial. Precisi\u00f3n, experiencia y pasi\u00f3n por la innovaci\u00f3n{:}\",\"breadcrumb\":{\"@id\":\"https:\/\/content.www.institutomaxilofacial.com\/es\/#breadcrumb\"},\"inLanguage\":\"ca-ES\",\"potentialAction\":[{\"@type\":\"ReadAction\",\"target\":[\"https:\/\/content.www.institutomaxilofacial.com\/es\/\"]}]},{\"@type\":\"BreadcrumbList\",\"@id\":\"https:\/\/content.www.institutomaxilofacial.com\/es\/#breadcrumb\",\"itemListElement\":[{\"@type\":\"ListItem\",\"position\":1,\"name\":\"Portada\",\"item\":\"https:\/\/content.www.institutomaxilofacial.com\/es\/\"},{\"@type\":\"ListItem\",\"position\":2,\"name\":\"Inicio &#8211; Instituto Maxilofacial &#8211; Ortogn\u00e1tica, Cirug\u00eda Maxilofacial y Oral, Implantolog\u00eda\"}]},{\"@type\":\"WebSite\",\"@id\":\"https:\/\/content.www.institutomaxilofacial.com\/ca\/#website\",\"url\":\"https:\/\/content.www.institutomaxilofacial.com\/ca\/\",\"name\":\"Instituto Maxilofacial\",\"description\":\"Experts en Cirurgia Oral i Maxil\u00b7lofacial. Precisi\u00f3, experi\u00e8ncia i passi\u00f3 per la innovaci\u00f3\",\"potentialAction\":[{\"@type\":\"SearchAction\",\"target\":{\"@type\":\"EntryPoint\",\"urlTemplate\":\"https:\/\/content.www.institutomaxilofacial.com\/ca\/?s={search_term_string}\"},\"query-input\":{\"@type\":\"PropertyValueSpecification\",\"valueRequired\":true,\"valueName\":\"search_term_string\"}}],\"inLanguage\":\"ca-ES\"}]}<\/script>\n<!-- \/ Yoast SEO plugin. -->","yoast_head_json":{"title":"Cirug\u00eda Maxilofacial y Ortogn\u00e1tica en Barcelona | Instituto Maxilofacial","description":"Expertos en Cirug\u00eda Oral y Maxilofacial. Precisi\u00f3n, experiencia y pasi\u00f3n por la innovaci\u00f3n","robots":{"index":"index","follow":"follow","max-snippet":"max-snippet:-1","max-image-preview":"max-image-preview:large","max-video-preview":"max-video-preview:-1"},"canonical":"https:\/\/content.www.institutomaxilofacial.com\/ca\/wp-json\/wp\/v2\/pages\/12\/","og_locale":"ca_ES","og_type":"article","og_title":"[:es]Cirug\u00eda Maxilofacial y Ortogn\u00e1tica en Barcelona | Instituto Maxilofacial[:]","og_description":"{:es}Centro de referencia en cirug\u00eda maxilofacial, ortogn\u00e1tica e implantolog\u00eda avanzada en Barcelona. Atenci\u00f3n personalizada, equipo internacional y tecnolog\u00eda de vanguardia.{:ca}Expertos en Cirug\u00eda Oral y Maxilofacial. Precisi\u00f3n, experiencia y pasi\u00f3n por la innovaci\u00f3n{:}","og_url":"https:\/\/content.www.institutomaxilofacial.com\/es\/","og_site_name":"Instituto Maxilofacial","article_modified_time":"2026-01-22T08:44:50+00:00","twitter_card":"summary_large_image","schema":{"@context":"https:\/\/schema.org","@graph":[{"@type":"WebPage","@id":"https:\/\/content.www.institutomaxilofacial.com\/es\/","url":"https:\/\/content.www.institutomaxilofacial.com\/es\/","name":"[:es]Cirug\u00eda Maxilofacial y Ortogn\u00e1tica en Barcelona | Instituto Maxilofacial[:]","isPartOf":{"@id":"https:\/\/content.www.institutomaxilofacial.com\/ca\/#website"},"datePublished":"2016-02-09T12:43:51+00:00","dateModified":"2026-01-22T08:44:50+00:00","description":"{:es}Centro de referencia en cirug\u00eda maxilofacial, ortogn\u00e1tica e implantolog\u00eda avanzada en Barcelona. Atenci\u00f3n personalizada, equipo internacional y tecnolog\u00eda de vanguardia.{:ca}Expertos en Cirug\u00eda Oral y Maxilofacial. Precisi\u00f3n, experiencia y pasi\u00f3n por la innovaci\u00f3n{:}","breadcrumb":{"@id":"https:\/\/content.www.institutomaxilofacial.com\/es\/#breadcrumb"},"inLanguage":"ca-ES","potentialAction":[{"@type":"ReadAction","target":["https:\/\/content.www.institutomaxilofacial.com\/es\/"]}]},{"@type":"BreadcrumbList","@id":"https:\/\/content.www.institutomaxilofacial.com\/es\/#breadcrumb","itemListElement":[{"@type":"ListItem","position":1,"name":"Portada","item":"https:\/\/content.www.institutomaxilofacial.com\/es\/"},{"@type":"ListItem","position":2,"name":"Inicio &#8211; Instituto Maxilofacial &#8211; Ortogn\u00e1tica, Cirug\u00eda Maxilofacial y Oral, Implantolog\u00eda"}]},{"@type":"WebSite","@id":"https:\/\/content.www.institutomaxilofacial.com\/ca\/#website","url":"https:\/\/content.www.institutomaxilofacial.com\/ca\/","name":"Instituto Maxilofacial","description":"Experts en Cirurgia Oral i Maxil\u00b7lofacial. Precisi\u00f3, experi\u00e8ncia i passi\u00f3 per la innovaci\u00f3","potentialAction":[{"@type":"SearchAction","target":{"@type":"EntryPoint","urlTemplate":"https:\/\/content.www.institutomaxilofacial.com\/ca\/?s={search_term_string}"},"query-input":{"@type":"PropertyValueSpecification","valueRequired":true,"valueName":"search_term_string"}}],"inLanguage":"ca-ES"}]}},"meta_box":{"caso-clinico-taxonomy":[],"caso-clinico-casos":[],"categoria-home-header-title":"","categoria-home-header-image":[],"categoria-home-intro-text":"","cta-cita-title":"","cta-cita-text":"","cta-cita-button-text":"","cta-cita-button-link":"","cta-cita-button-link-external":"","cta-cita-image":[],"cta-cita-image-mobile":[],"categoria-page-info-title":"","categoria-page-info-image":[],"categoria-page-header-title":"","categoria-page-header-image":[],"categoria-page-intro-text":"","categoria-page-intro-image":[],"categoria-page-intro-image-mobile":[],"categoria-page-intro-image-position":"","categoria-page-intro-image-position-mobile":"","categoria-page-intro-content":"","categoria-page-intro-highlights":[],"categoria-page-blocks":[],"categoria-page-benefits-active":"","categoria-page-benefits-title":"","categoria-page-benefits-text":"","categoria-page-benefits-image":[],"categoria-page-benefits-image-mobile":[],"categoria-page-button-text":"","categoria-page-button-link":"","categoria-page-button-link-external":"","categoria-page-cta1-title":"","categoria-page-cta1-text":"","categoria-page-cta1-button-text":"","categoria-page-cta1-button-link":"","categoria-page-cta2-title":"","categoria-page-cta2-text":"","categoria-page-cta2-button-text":"","categoria-page-cta2-button-link":"","contacto-name":"","contacto-address":"","contacto-tlf":"","contacto-fax":"","contacto-image":[],"contacto-lat":"","contacto-lng":"","contacto-map-zoom":"","contacto-map-lat":"","contacto-map-lng":"","contacto-form":"","faqs-taxonomy":[],"estetica-home-header-title":"","estetica-home-header-image":[],"estetica-home-intro-title":"","estetica-home-intro-text":"","estetica-home-cirugia-title":"","estetica-home-medicina-title":"","estetica-home-descubre-title":"","estetica-home-descubre-text":"","estetica-home-descubre-image":[],"estetica-home-descubre-background":[],"estetica-home-descubre-background-mobile":[],"estetica-home-cta1-title":"","estetica-home-cta1-text":"","estetica-home-cta1-button-text":"","estetica-home-cta1-button-link":"","estetica-home-cta1-image":[],"estetica-home-cta2-title":"","estetica-home-cta2-text":"","estetica-home-cta2-button-text":"","estetica-home-cta2-button-link":"","estetica-home-cta2-image":[],"estetica-home-posts-title":"","estetica-home-posts-button-text":"","estetica-home-faq-title":"","estetica-home-faqs":[],"estetica-home-faq-button-text":"","estetica-home-faq-button-link":"","stetik-iframe-url":"","interior-show-breadcrumb":"","interior-header-title":"","interior-header-image":[],"interior-blocks":[],"is-stetik-studio":"no","stetik-team-header-title":"","stetik-team-header-image":[],"stetik-team-intro-text":"","stetik-team-team-title":"","stetik-team-team-professional":[],"video-consulta-text":"","video-consulta-form":"","voz-experto-taxonomy":[],"landing-apnea-header-title":"","landing-apnea-header-subtitle":"","landing-apnea-header-image":[],"landing-apnea-header-pide-cita":"","landing-apnea-header-typeform":"","landing-apnea-blocks":[],"landing-apnea-intro-title":"","landing-apnea-intro-text":"","landing-apnea-highlight-items":[],"landing-apnea-blocks-2":[],"landing-apnea-testimonials-title":"","landing-apnea-testimonials-text":"","landing-apnea-testimonials-videos":[],"landing-apnea-hero-text":"","landing-apnea-faq-title":"","landing-apnea-faqs":[],"landing-apnea-prefooter-text":"","landing-apnea-prefooter-nota":"","redirect-page":"","shortcodeform-code":"","redirect-page-es":"","redirect-page-en":"","redirect-page-ca":"","login-page-need":"0","login-page":"","eh-cover-image":[],"eh-cover-image-mobile":[],"eh-cover-title":"","eh-cover-subtitle":"","eh-cover-text":"","eh-cover-btn1-text":"","eh-cover-btn1-page-id":"","eh-cover-btn2-text":"","eh-cover-btn2-video-files":[],"eh-specs-main-title":"","eh-specs":[],"eh-icons-reduced-section":"","eh-icons-1":[],"eh-patients-title":"","eh-patients":[],"eh-patients-nopic-title":"","eh-patients-nopic":[],"eh-video-title":"","eh-video":[],"eh-icons-2-reduced-section":"","eh-icons-2":[],"contact-zoom":"","contact-center":[],"contact-data-left-title":"","contact-data-left-content":"","contact-lat":"","contact-long":"","contact-bubble":"","contact-title-form":"","contact-text-form":"","contact-shortcode-form":"","contact-title-widget":"","contact-text-widget":"","contact-shortcode-widget":"","page-header":[{"width":1279,"height":352,"file":"2016\/02\/home.jpg","sizes":{"thumbnail":{"file":"home-335x200.jpg","width":335,"height":200,"mime-type":"image\/jpeg"},"medium":{"file":"home-530x146.jpg","width":530,"height":146,"mime-type":"image\/jpeg"},"large":{"file":"home-1125x310.jpg","width":1125,"height":310,"mime-type":"image\/jpeg"},"thumbnail_custom":{"file":"home-200x55.jpg","width":200,"height":55,"mime-type":"image\/jpeg"},"box_thumb":{"file":"home-300x200.jpg","width":300,"height":200,"mime-type":"image\/jpeg"},"post_thumb":{"file":"home-600x352.jpg","width":600,"height":352,"mime-type":"image\/jpeg"},"logo_footer":{"file":"home-125x34.jpg","width":125,"height":34,"mime-type":"image\/jpeg"}},"image_meta":{"aperture":"0","credit":"","camera":"","caption":"","created_timestamp":"0","copyright":"","focal_length":"0","iso":"0","shutter_speed":"0","title":"","orientation":"0","keywords":[]},"ID":"45","name":"home.jpg","path":"\/var\/www\/vhosts\/prod\/content.www.institutomaxilofacial.com\/wp-content\/uploads\/2016\/02\/home.jpg","url":"https:\/\/content.www.institutomaxilofacial.com\/wp-content\/uploads\/2016\/02\/home.jpg","title":"home"}],"page-header-text":"L\u00edderes en Cirug\u00eda Ortogn\u00e1tica. M\u00e1s de 150 casos al a\u00f1o operados con \u00e9xito","page-header-english":"","page-header-english-page-id":"","page-content-title":"","home-slides":[{"slide-image":["9641"],"slide-image-mobile":["12821"],"slide-text":"BENVINGUTS AL INSTITUTO MAXILOFACIAL, CENTRE DE REFER\u00c8NCIA INTERNACIONAL EN CIRURGIA ORTOFACIAL"},{"slide-image":["12016"],"slide-image-mobile":["12823"],"slide-text":"Elegit millor centre privat en Cirurgia Oral i Maxil\u00b7lofacial per tres anys consecutius","slide-page-id":"12005"},{"slide-image":["11904"],"slide-image-mobile":["12822"],"slide-text":"Estem ubicats al Centre M\u00e8dic Teknon, un dels hospitals l\u00edders de el sector sanitari a Espanya.","slide-page-id":"121"}],"page-content-text-1":"","page-content-text-2":"","page-content-image-1":[],"page-content-video":"","page-content-text-3":"","page-content-image-2":[],"page-content-text-4":"","page-content-image-3":[],"page-excerpt-title":"","page-excerpt-text":"","page-related-enable":"0","related-content":[{"type-related":"page","page-related":"8881"},{"type-related":"page","page-related":"14"},{"type-related":"page","page-related":"129"}],"getcontent":[{"getcontent-lang":"en","getcontent-page":"8522"}],"home-text-block":[{"home-block-text":"Et donem la benvinguda a l'Institut Maxil\u00b7lofacial, un dels centres m\u00e9s innovadors a nivell internacional en cirurgia oral i maxil\u00b7lofacial. Els seus especialistes, tots ells professors universitaris, han desenvolupat nombroses t\u00e8cniques i protocols quir\u00fargics, i posen al servei del pacient els tractaments m\u00e9s avantguardistes amb la tecnologia m\u00e9s moderna.","home-block-text-bold":"1"},{"home-block-text":"Els \u00e0mbits principals d'innovaci\u00f3 s\u00f3n: <a href=\"https:\/\/content.www.institutomaxilofacial.com\/ca\/cirurgia-ortognatica\/cirurgia-minimament-invasiva\/\">cirurgia m\u00ednimament invasiva<\/a>, <a href=\"https:\/\/content.www.institutomaxilofacial.com\/ca\/cirurgia-ortognatica\/cirurgia-minimament-invasiva\/\">planificaci\u00f3 i simulaci\u00f3 virtual de les cirurgies<\/a>, nous protocols de temporitzaci\u00f3 en cirurgia ortogn\u00e0tica i ortod\u00f2ncia <a href=\"https:\/\/content.www.institutomaxilofacial.com\/ca\/cirurgia-ortognatica\/surgery-first\/\"><em>Surgery First<\/em><\/a>\u00a0i <a href=\"https:\/\/content.www.institutomaxilofacial.com\/ca\/tratamiento\/implantes-dentals-implants-zigomatics-i-pterigoidals\/\">Implantolog\u00eda Avan\u00e7ada<\/a>."},{"home-block-text":"<h2 class=\"h2-seo\">Cirug\u00eda ortogn\u00e1tica en Barcelona<\/h2>\r\n<p>\r\nEn Instituto Maxilofacial somos especialistas en cirug\u00eda ortogn\u00e1tica para corregir alteraciones dentofaciales, mejorar la funci\u00f3n masticatoria y la armon\u00eda facial.\r\n<\/p>"}],"home-blue-text":"<p><\/p>\n<p>&nbsp;<\/p>\n<p class=\"p1\">El <a href=\"https:\/\/content.www.institutomaxilofacial.com\/ca\/dr-federico-hernandez-alfaro\/\">Dr. Hern\u00e1ndez Alfaro<\/a> i tot el <a href=\"https:\/\/content.www.institutomaxilofacial.com\/ca\/sobre-linstitut\/equip\/\">seu equip<\/a> s\u00f3n professors universitaris i l\u00edders\u00a0d'opini\u00f3 en l'especialitat. Imparteixen cursos i confer\u00e8ncies a nivell mundial i han publicat m\u00e9s de <a href=\"https:\/\/content.www.institutomaxilofacial.com\/ca\/centre-dinnovacio\/publicacions-cientifiques\/\">120 articles cient\u00edfics<\/a> i diversos llibres definint protocols i t\u00e8cniques quir\u00fargiques en cirurgia ortofacial o <a href=\"https:\/\/content.www.institutomaxilofacial.com\/ca\/cirurgia-ortognatica\/que-es-la-cirurgia-ortognatica\/\">ortogn\u00e0tica<\/a>.<\/p>\n<\/p>\n<p><\/p>","home-blue-image":[{"width":2000,"height":1127,"file":"2016\/04\/P4040237.jpg","sizes":{"blue_image":{"file":"P4040237-1500x1127.jpg","width":1500,"height":1127,"mime-type":"image\/jpeg"},"thumbnail":{"file":"P4040237-335x200.jpg","width":335,"height":200,"mime-type":"image\/jpeg"},"medium":{"file":"P4040237-530x299.jpg","width":530,"height":299,"mime-type":"image\/jpeg"},"large":{"file":"P4040237-1125x634.jpg","width":1125,"height":634,"mime-type":"image\/jpeg"},"thumbnail_custom":{"file":"P4040237-200x113.jpg","width":200,"height":113,"mime-type":"image\/jpeg"},"box_thumb":{"file":"P4040237-300x200.jpg","width":300,"height":200,"mime-type":"image\/jpeg"},"post_thumb":{"file":"P4040237-600x400.jpg","width":600,"height":400,"mime-type":"image\/jpeg"},"logo_footer":{"file":"P4040237-125x70.jpg","width":125,"height":70,"mime-type":"image\/jpeg"},"slider":{"file":"P4040237-1000x350.jpg","width":1000,"height":350,"mime-type":"image\/jpeg"}},"image_meta":{"aperture":"0","credit":"","camera":"","caption":"","created_timestamp":"0","copyright":"","focal_length":"0","iso":"0","shutter_speed":"0","title":"","orientation":"0","keywords":[]},"ID":"422","name":"P4040237.jpg","path":"\/var\/www\/vhosts\/prod\/content.www.institutomaxilofacial.com\/wp-content\/uploads\/2016\/04\/P4040237.jpg","url":"https:\/\/content.www.institutomaxilofacial.com\/wp-content\/uploads\/2016\/04\/P4040237.jpg","title":"equipo m\u00e9dico Instituto Maxilofacial"}],"home-contact-form":{"home-contact-form-es":"[contact-form-7 id=\"251\" title=\"Contacto home\"]","home-contact-form-en":"[contact-form-7 id=\"6953\" title=\"Contacto home (int)\"]","home-contact-form-ca":"[contact-form-7 id=\"251\" title=\"Contacto home\"]"},"team-doctor-name":"","team-doctor-position":"","team-doctor-txt":"","team-doctor-btn":"","team-doctor-page":"","team-doctor-img":[],"team-img-fullwidth":[],"contact-link":"","contact-msg":"","contact-subject":"","contact-lat-2":"","contact-long-2":"","contact-bubble-2":"","contact-data":"","contact-tour-title":"","contact-tour-link":"","contact-tour-image":[],"contact-form":[],"faq-type":false,"item-row":[],"chatbot-code":"","lateral-reducedheader":"","lateral-content-type":"","lateral-title":"","lateral-intro":"","lateral-form":"","lateral-popup":"","lateral-popup-pages":[],"lateral-cta-text":"","lateral-cta-page":"","item-type":"","item-tax":false,"iframe-tuotempo":"","iframe-subs-es":"","iframe-subs-en":"","iframe-subs-ca":"","blog-default-image":[],"activity-events-date":"","activity-page-past":"","noticias-default-image":[]},"_links":{"self":[{"href":"https:\/\/content.www.institutomaxilofacial.com\/ca\/wp-json\/wp\/v2\/pages\/12","targetHints":{"allow":["GET"]}}],"collection":[{"href":"https:\/\/content.www.institutomaxilofacial.com\/ca\/wp-json\/wp\/v2\/pages"}],"about":[{"href":"https:\/\/content.www.institutomaxilofacial.com\/ca\/wp-json\/wp\/v2\/types\/page"}],"author":[{"embeddable":true,"href":"https:\/\/content.www.institutomaxilofacial.com\/ca\/wp-json\/wp\/v2\/users\/1"}],"replies":[{"embeddable":true,"href":"https:\/\/content.www.institutomaxilofacial.com\/ca\/wp-json\/wp\/v2\/comments?post=12"}],"version-history":[{"count":8,"href":"https:\/\/content.www.institutomaxilofacial.com\/ca\/wp-json\/wp\/v2\/pages\/12\/revisions"}],"predecessor-version":[{"id":9234,"href":"https:\/\/content.www.institutomaxilofacial.com\/ca\/wp-json\/wp\/v2\/pages\/12\/revisions\/9234"}],"wp:attachment":[{"href":"https:\/\/content.www.institutomaxilofacial.com\/ca\/wp-json\/wp\/v2\/media?parent=12"}],"curies":[{"name":"wp","href":"https:\/\/api.w.org\/{rel}","templated":true}]}}