{"id":125,"date":"2016-03-08T12:08:14","date_gmt":"2016-03-08T12:08:14","guid":{"rendered":"https:\/\/content.www.institutomaxilofacial.com\/?page_id=125"},"modified":"2019-05-09T08:24:26","modified_gmt":"2019-05-09T08:24:26","slug":"ultimes-tecnologies","status":"publish","type":"page","link":"https:\/\/content.www.institutomaxilofacial.com\/ca\/centre-dinnovacio\/ultimes-tecnologies\/","title":{"rendered":"\u00daltimes tecnologies"},"content":{"rendered":"","protected":false},"excerpt":{"rendered":"","protected":false},"author":1,"featured_media":0,"parent":21,"menu_order":10,"comment_status":"closed","ping_status":"closed","template":"template-modular.php","meta":{"footnotes":""},"class_list":["post-125","page","type-page","status-publish","hentry"],"yoast_head":"<!-- This site is optimized with the Yoast SEO plugin v27.2 - https:\/\/yoast.com\/product\/yoast-seo-wordpress\/ -->\n<title>\u00daltimes tecnologies - Instituto Maxilofacial<\/title>\n<meta name=\"description\" content=\"Las t\u00e9cnicas y tratamientos m\u00e1s vanguardistas junto con la tecnolog\u00eda y aparatolog\u00eda m\u00e9dica m\u00e1s moderna al servicio de los clietes.\" \/>\n<meta name=\"robots\" content=\"index, follow, max-snippet:-1, max-image-preview:large, max-video-preview:-1\" \/>\n<link rel=\"canonical\" href=\"https:\/\/content.www.institutomaxilofacial.com\/ca\/wp-json\/wp\/v2\/pages\/125\/\" \/>\n<meta property=\"og:locale\" content=\"ca_ES\" \/>\n<meta property=\"og:type\" content=\"article\" \/>\n<meta property=\"og:title\" content=\"\u00daltimes tecnologies - Instituto Maxilofacial\" \/>\n<meta property=\"og:description\" content=\"Las t\u00e9cnicas y tratamientos m\u00e1s vanguardistas junto con la tecnolog\u00eda y aparatolog\u00eda m\u00e9dica m\u00e1s moderna al servicio de los clietes.\" \/>\n<meta property=\"og:url\" content=\"https:\/\/content.www.institutomaxilofacial.com\/en\/innovation-centre\/latest-technologies\/\" \/>\n<meta property=\"og:site_name\" content=\"Instituto Maxilofacial\" \/>\n<meta property=\"article:modified_time\" content=\"2019-05-09T08:24:26+00:00\" \/>\n<meta name=\"twitter:card\" content=\"summary_large_image\" \/>\n<script type=\"application\/ld+json\" class=\"yoast-schema-graph\">{\"@context\":\"https:\/\/schema.org\",\"@graph\":[{\"@type\":\"WebPage\",\"@id\":\"https:\/\/content.www.institutomaxilofacial.com\/en\/innovation-centre\/latest-technologies\/\",\"url\":\"https:\/\/content.www.institutomaxilofacial.com\/en\/innovation-centre\/latest-technologies\/\",\"name\":\"\u00daltimes tecnologies - Instituto Maxilofacial\",\"isPartOf\":{\"@id\":\"https:\/\/content.www.institutomaxilofacial.com\/ca\/#website\"},\"datePublished\":\"2016-03-08T12:08:14+00:00\",\"dateModified\":\"2019-05-09T08:24:26+00:00\",\"description\":\"Las t\u00e9cnicas y tratamientos m\u00e1s vanguardistas junto con la tecnolog\u00eda y aparatolog\u00eda m\u00e9dica m\u00e1s moderna al servicio de los clietes.\",\"breadcrumb\":{\"@id\":\"https:\/\/content.www.institutomaxilofacial.com\/en\/innovation-centre\/latest-technologies\/#breadcrumb\"},\"inLanguage\":\"ca-ES\",\"potentialAction\":[{\"@type\":\"ReadAction\",\"target\":[\"https:\/\/content.www.institutomaxilofacial.com\/en\/innovation-centre\/latest-technologies\/\"]}]},{\"@type\":\"BreadcrumbList\",\"@id\":\"https:\/\/content.www.institutomaxilofacial.com\/en\/innovation-centre\/latest-technologies\/#breadcrumb\",\"itemListElement\":[{\"@type\":\"ListItem\",\"position\":1,\"name\":\"Portada\",\"item\":\"https:\/\/content.www.institutomaxilofacial.com\/es\/\"},{\"@type\":\"ListItem\",\"position\":2,\"name\":\"Centro de Innovaci\u00f3n\",\"item\":\"https:\/\/content.www.institutomaxilofacial.com\/es\/centro-de-innovacion\/\"},{\"@type\":\"ListItem\",\"position\":3,\"name\":\"Latest Technologies\"}]},{\"@type\":\"WebSite\",\"@id\":\"https:\/\/content.www.institutomaxilofacial.com\/ca\/#website\",\"url\":\"https:\/\/content.www.institutomaxilofacial.com\/ca\/\",\"name\":\"Instituto Maxilofacial\",\"description\":\"Experts en Cirurgia Oral i Maxil\u00b7lofacial. Precisi\u00f3, experi\u00e8ncia i passi\u00f3 per la innovaci\u00f3\",\"potentialAction\":[{\"@type\":\"SearchAction\",\"target\":{\"@type\":\"EntryPoint\",\"urlTemplate\":\"https:\/\/content.www.institutomaxilofacial.com\/ca\/?s={search_term_string}\"},\"query-input\":{\"@type\":\"PropertyValueSpecification\",\"valueRequired\":true,\"valueName\":\"search_term_string\"}}],\"inLanguage\":\"ca-ES\"}]}<\/script>\n<!-- \/ Yoast SEO plugin. -->","yoast_head_json":{"title":"\u00daltimes tecnologies - Instituto Maxilofacial","description":"Las t\u00e9cnicas y tratamientos m\u00e1s vanguardistas junto con la tecnolog\u00eda y aparatolog\u00eda m\u00e9dica m\u00e1s moderna al servicio de los clietes.","robots":{"index":"index","follow":"follow","max-snippet":"max-snippet:-1","max-image-preview":"max-image-preview:large","max-video-preview":"max-video-preview:-1"},"canonical":"https:\/\/content.www.institutomaxilofacial.com\/ca\/wp-json\/wp\/v2\/pages\/125\/","og_locale":"ca_ES","og_type":"article","og_title":"\u00daltimes tecnologies - Instituto Maxilofacial","og_description":"Las t\u00e9cnicas y tratamientos m\u00e1s vanguardistas junto con la tecnolog\u00eda y aparatolog\u00eda m\u00e9dica m\u00e1s moderna al servicio de los clietes.","og_url":"https:\/\/content.www.institutomaxilofacial.com\/en\/innovation-centre\/latest-technologies\/","og_site_name":"Instituto Maxilofacial","article_modified_time":"2019-05-09T08:24:26+00:00","twitter_card":"summary_large_image","schema":{"@context":"https:\/\/schema.org","@graph":[{"@type":"WebPage","@id":"https:\/\/content.www.institutomaxilofacial.com\/en\/innovation-centre\/latest-technologies\/","url":"https:\/\/content.www.institutomaxilofacial.com\/en\/innovation-centre\/latest-technologies\/","name":"\u00daltimes tecnologies - Instituto Maxilofacial","isPartOf":{"@id":"https:\/\/content.www.institutomaxilofacial.com\/ca\/#website"},"datePublished":"2016-03-08T12:08:14+00:00","dateModified":"2019-05-09T08:24:26+00:00","description":"Las t\u00e9cnicas y tratamientos m\u00e1s vanguardistas junto con la tecnolog\u00eda y aparatolog\u00eda m\u00e9dica m\u00e1s moderna al servicio de los clietes.","breadcrumb":{"@id":"https:\/\/content.www.institutomaxilofacial.com\/en\/innovation-centre\/latest-technologies\/#breadcrumb"},"inLanguage":"ca-ES","potentialAction":[{"@type":"ReadAction","target":["https:\/\/content.www.institutomaxilofacial.com\/en\/innovation-centre\/latest-technologies\/"]}]},{"@type":"BreadcrumbList","@id":"https:\/\/content.www.institutomaxilofacial.com\/en\/innovation-centre\/latest-technologies\/#breadcrumb","itemListElement":[{"@type":"ListItem","position":1,"name":"Portada","item":"https:\/\/content.www.institutomaxilofacial.com\/es\/"},{"@type":"ListItem","position":2,"name":"Centro de Innovaci\u00f3n","item":"https:\/\/content.www.institutomaxilofacial.com\/es\/centro-de-innovacion\/"},{"@type":"ListItem","position":3,"name":"Latest Technologies"}]},{"@type":"WebSite","@id":"https:\/\/content.www.institutomaxilofacial.com\/ca\/#website","url":"https:\/\/content.www.institutomaxilofacial.com\/ca\/","name":"Instituto Maxilofacial","description":"Experts en Cirurgia Oral i Maxil\u00b7lofacial. Precisi\u00f3, experi\u00e8ncia i passi\u00f3 per la innovaci\u00f3","potentialAction":[{"@type":"SearchAction","target":{"@type":"EntryPoint","urlTemplate":"https:\/\/content.www.institutomaxilofacial.com\/ca\/?s={search_term_string}"},"query-input":{"@type":"PropertyValueSpecification","valueRequired":true,"valueName":"search_term_string"}}],"inLanguage":"ca-ES"}]}},"meta_box":{"caso-clinico-taxonomy":[],"caso-clinico-casos":[],"categoria-home-header-title":"","categoria-home-header-image":[],"categoria-home-intro-text":"","cta-cita-title":"","cta-cita-text":"","cta-cita-button-text":"","cta-cita-button-link":"","cta-cita-button-link-external":"","cta-cita-image":[],"cta-cita-image-mobile":[],"categoria-page-info-title":"","categoria-page-info-image":[],"categoria-page-header-title":"","categoria-page-header-image":[],"categoria-page-intro-text":"","categoria-page-intro-image":[],"categoria-page-intro-image-mobile":[],"categoria-page-intro-image-position":"","categoria-page-intro-image-position-mobile":"","categoria-page-intro-content":"","categoria-page-intro-highlights":[],"categoria-page-blocks":[],"categoria-page-benefits-active":"","categoria-page-benefits-title":"","categoria-page-benefits-text":"","categoria-page-benefits-image":[],"categoria-page-benefits-image-mobile":[],"categoria-page-button-text":"","categoria-page-button-link":"","categoria-page-button-link-external":"","categoria-page-cta1-title":"","categoria-page-cta1-text":"","categoria-page-cta1-button-text":"","categoria-page-cta1-button-link":"","categoria-page-cta2-title":"","categoria-page-cta2-text":"","categoria-page-cta2-button-text":"","categoria-page-cta2-button-link":"","contacto-name":"","contacto-address":"","contacto-tlf":"","contacto-fax":"","contacto-image":[],"contacto-lat":"","contacto-lng":"","contacto-map-zoom":"","contacto-map-lat":"","contacto-map-lng":"","contacto-form":"","faqs-taxonomy":[],"estetica-home-header-title":"","estetica-home-header-image":[],"estetica-home-intro-title":"","estetica-home-intro-text":"","estetica-home-cirugia-title":"","estetica-home-medicina-title":"","estetica-home-descubre-title":"","estetica-home-descubre-text":"","estetica-home-descubre-image":[],"estetica-home-descubre-background":[],"estetica-home-descubre-background-mobile":[],"estetica-home-cta1-title":"","estetica-home-cta1-text":"","estetica-home-cta1-button-text":"","estetica-home-cta1-button-link":"","estetica-home-cta1-image":[],"estetica-home-cta2-title":"","estetica-home-cta2-text":"","estetica-home-cta2-button-text":"","estetica-home-cta2-button-link":"","estetica-home-cta2-image":[],"estetica-home-posts-title":"","estetica-home-posts-button-text":"","estetica-home-faq-title":"","estetica-home-faqs":[],"estetica-home-faq-button-text":"","estetica-home-faq-button-link":"","stetik-iframe-url":"","interior-show-breadcrumb":"","interior-header-title":"","interior-header-image":[],"interior-blocks":[],"is-stetik-studio":"","stetik-team-header-title":"","stetik-team-header-image":[],"stetik-team-intro-text":"","stetik-team-team-title":"","stetik-team-team-professional":[],"video-consulta-text":"","video-consulta-form":"","voz-experto-taxonomy":[],"landing-apnea-header-title":"","landing-apnea-header-subtitle":"","landing-apnea-header-image":[],"landing-apnea-header-pide-cita":"","landing-apnea-header-typeform":"","landing-apnea-blocks":[],"landing-apnea-intro-title":"","landing-apnea-intro-text":"","landing-apnea-highlight-items":[],"landing-apnea-blocks-2":[],"landing-apnea-testimonials-title":"","landing-apnea-testimonials-text":"","landing-apnea-testimonials-videos":[],"landing-apnea-hero-text":"","landing-apnea-faq-title":"","landing-apnea-faqs":[],"landing-apnea-prefooter-text":"","landing-apnea-prefooter-nota":"","redirect-page":"","shortcodeform-code":"","redirect-page-es":"","redirect-page-en":"","redirect-page-ca":"","login-page-need":"0","login-page":"","eh-cover-image":[],"eh-cover-image-mobile":[],"eh-cover-title":"","eh-cover-subtitle":"","eh-cover-text":"","eh-cover-btn1-text":"","eh-cover-btn1-page-id":"","eh-cover-btn2-text":"","eh-cover-btn2-video-files":[],"eh-specs-main-title":"","eh-specs":[],"eh-icons-reduced-section":"","eh-icons-1":[],"eh-patients-title":"","eh-patients":[],"eh-patients-nopic-title":"","eh-patients-nopic":[],"eh-video-title":"","eh-video":[],"eh-icons-2-reduced-section":"","eh-icons-2":[],"contact-zoom":"","contact-center":[],"contact-data-left-title":"","contact-data-left-content":"","contact-lat":"","contact-long":"","contact-bubble":"","contact-title-form":"","contact-text-form":"","contact-shortcode-form":"","contact-title-widget":"","contact-text-widget":"","contact-shortcode-widget":"","page-header":[{"width":1500,"height":1125,"file":"2016\/03\/Tecnologia-e1464693617348.jpg","sizes":{"thumbnail":{"file":"Tecnologia-e1464693617348-335x200.jpg","width":335,"height":200,"mime-type":"image\/jpeg"},"medium":{"file":"Tecnologia-e1464693617348-530x398.jpg","width":530,"height":398,"mime-type":"image\/jpeg"},"large":{"file":"Tecnologia-e1464693617348-1125x844.jpg","width":1125,"height":844,"mime-type":"image\/jpeg"},"thumbnail_custom":{"file":"Tecnologia-e1464693617348-200x150.jpg","width":200,"height":150,"mime-type":"image\/jpeg"},"box_thumb":{"file":"Tecnologia-e1464693617348-300x200.jpg","width":300,"height":200,"mime-type":"image\/jpeg"},"post_thumb":{"file":"Tecnologia-e1464693617348-600x400.jpg","width":600,"height":400,"mime-type":"image\/jpeg"},"logo_footer":{"file":"Tecnologia-e1464693617348-125x94.jpg","width":125,"height":94,"mime-type":"image\/jpeg"}},"image_meta":{"aperture":"0","credit":"","camera":"","caption":"Blue glowing hardware with particles, computer generated abstract background","created_timestamp":"0","copyright":"","focal_length":"0","iso":"0","shutter_speed":"0","title":"Blue glowing hardware with particles","orientation":"1","keywords":["future","technology","innovated","advance","background","futuristic","quantum","particles","computer","grid","network","hardware","abstract","cpu","gpu","tech","glow","blue","big","data","science","color","smart","linux","connection","digital","3d","power","ray","intelligent","machine","new","artificial","intelligence","depth of field","bokeh"]},"ID":"4667","name":"Tecnologia-e1464693617348.jpg","path":"\/var\/www\/vhosts\/prod\/content.www.institutomaxilofacial.com\/wp-content\/uploads\/2016\/03\/Tecnologia-e1464693617348.jpg","url":"https:\/\/content.www.institutomaxilofacial.com\/wp-content\/uploads\/2016\/03\/Tecnologia-e1464693617348.jpg","title":"Blue glowing hardware with particles"}],"page-header-text":"\u00daltimes Tecnologies","page-header-english":"0","page-header-english-page-id":"","page-content-title":"Centre d'Innovaci\u00f3","home-slides":[],"page-content-text-1":"","page-content-text-2":"","page-content-image-1":[],"page-content-video":"","page-content-text-3":"","page-content-image-2":[],"page-content-text-4":"","page-content-image-3":[],"page-excerpt-title":"","page-excerpt-text":"","page-related-enable":"0","related-content":[],"getcontent":[],"home-text-block":[],"home-blue-text":"","home-blue-image":[],"home-contact-form":[],"team-doctor-name":"","team-doctor-position":"","team-doctor-txt":"","team-doctor-btn":"","team-doctor-page":"","team-doctor-img":[],"team-img-fullwidth":[],"contact-link":"","contact-msg":"","contact-subject":"","contact-lat-2":"","contact-long-2":"","contact-bubble-2":"","contact-data":"","contact-tour-title":"","contact-tour-link":"","contact-tour-image":[],"contact-form":[],"faq-type":false,"item-row":[{"scheme":"imagetext","layout-color":"white","row-padding":"without-padding","item-text":"<p class=\"p1\">L\u2019<b>Institut Maxil\u00b7lofacial<\/b> \u00e9s un dels centres m\u00e9s innovadors a escala internacional en <b>cirurgia oral<\/b> i <b>maxil\u00b7lofacial<\/b>. Els especialistes posen al servei dels pacients les t\u00e8cniques i els tractaments m\u00e9s avantguardistes juntament amb la tecnologia i aparatologia m\u00e8dica m\u00e9s moderna.<\/p>\r\n<p class=\"p1\"><b>[t\u00edtulo]Per qu\u00e8 l\u2019Institut Maxil\u00b7lofacial es defineix com un centre d\u2019innovaci\u00f3?[\/t\u00edtulo]<\/b><\/p>\r\n<p class=\"p1\"><span style=\"line-height: 1.5;\">Des dels \u00faltims deu anys aproximadament s\u2019ha produ\u00eft una revoluci\u00f3 tecnol\u00f2gica en l\u2019\u00e0mbit de la <\/span><b style=\"line-height: 1.5;\">cirurgia oral i maxil\u00b7lofacial<\/b><span style=\"line-height: 1.5;\">. L\u2019<\/span><b style=\"line-height: 1.5;\">Institut Maxil\u00b7lofacial<\/b><span style=\"line-height: 1.5;\"> ha introdu\u00eft des del primer moment, amb la qual cosa s\u2019ha convertit en l\u00edder mundial en aquest \u00e0mbit, tota la tecnologia m\u00e8dica per proporcionar diagn\u00f2stics m\u00e9s precisos i, sobretot, resultats molt m\u00e9s reeixits. Aix\u00ed, el centre disposa de:<\/span>\r\n<b><\/b><\/p>","video-explica-rows":[{"item-slide-video-type":"input_embed"}],"item-images":["8127"],"item-bg-size-contain":["on"],"item-row-icon-image-1":"Icono-1.png","item-row-icon-image-2":"Icono-1.png","item-row-icon-image-3":"Icono-1.png","item-row-icon-image-4":"Icono-1.png","item-cta-page":"5633","item-cta-size":"btn-big"},{"scheme":"textimage","layout-color":"white","row-padding":"without-padding","item-text":"<ul>\r\n \t<li class=\"p1\"><b>Un esc\u00e0ner de feix c\u00f2nic de baixa radiaci\u00f3 o CBCT<\/b>\u00a0(<b><i>Cone Beam Computed Tomography<\/i><\/b>). El CBCT destaca positivament per diverses raons:\r\n<ul>\r\n \t<li class=\"p1\">La dosi de radiaci\u00f3 que rep el pacient \u00e9s molt baixa,\u00a0<b>75<\/b>\u00a0<b>CBCT<\/b>, que equivalen a un\u00a0<b>TAC<\/b>\u00a0convencional.<\/li>\r\n \t<li class=\"p1\">El temps de realitzaci\u00f3 \u00e9s molt curt, aproximadament d\u2019uns dos minuts.<\/li>\r\n \t<li class=\"p1\">\u00c9s un esc\u00e0ner obert i, per aix\u00f2, proporciona una major comoditat, cosa que evita situacions de claustrof\u00f2bia.<\/li>\r\n \t<li class=\"p1\">Les imatges obtingudes a partir del\u00a0<b>TAC<\/b>\u00a0convencional tenen una resoluci\u00f3 molt m\u00e9s gran que les del\u00a0<b>CBCT<\/b>. Tanmateix, per aconseguir aquesta qualitat, la quantitat de radiaci\u00f3 que s\u2019aplica al pacient tamb\u00e9 \u00e9s m\u00e9s gran. La qualitat de les imatges obtingudes amb el\u00a0<b>CBCT<\/b>\u00a0no arriba, per tant, a la resoluci\u00f3 de les obtingudes amb el\u00a0<b>TAC<\/b>, per\u00f2 la seva qualitat \u00e9s prou alta per poder diagnosticar i controlar les patologies del mass\u00eds facial d\u2019una manera molt adequada.<\/li>\r\n \t<li class=\"p1\">La informaci\u00f3 obtinguda es recull en el format\u00a0<b>DICOM<\/b>, que permet el processament avan\u00e7at amb un software espec\u00edfic tant de visualitzaci\u00f3 com de planificaci\u00f3 terap\u00e8utica.<\/li>\r\n<\/ul>\r\n<\/li>\r\n<\/ul>","video-explica-rows":[{"item-slide-video-type":"input_embed"}],"item-images":["8126"],"item-bg-size-contain":["on"],"item-row-icon-image-1":"Icono-1.png","item-row-icon-image-2":"Icono-1.png","item-row-icon-image-3":"Icono-1.png","item-row-icon-image-4":"Icono-1.png","item-cta-page":"5633","item-cta-size":"btn-big"},{"scheme":"imagetext","layout-color":"white","row-padding":"without-padding","item-text":"<ul>\r\n \t<li class=\"p1\"><b>Un esc\u00e0ner \u00f2ptic intraoral<\/b>: aquest esc\u00e0ner permet recollir l\u2019anatomia tridimensional de les dents gr\u00e0cies a l\u2019\u00fas de tres microc\u00e0meres d\u2019alta definici\u00f3. La imatge tridimensional obtinguda es fusiona posteriorment amb l\u2019obtinguda en el <b>CBCT<\/b>, amb la qual cosa es crea un model virtual tridimensional del pacient que permet la planificaci\u00f3 prequir\u00fargica amb la m\u00e0xima precisi\u00f3 i fiabilitat per part del <b>cirurgi\u00e0 maxil\u00b7lofacial<\/b>.<\/li>\r\n<\/ul>","video-explica-rows":[{"item-slide-video-type":"input_embed"}],"item-images":["8125"],"item-bg-size-contain":["on"],"item-row-icon-image-1":"Icono-1.png","item-row-icon-image-2":"Icono-1.png","item-row-icon-image-3":"Icono-1.png","item-row-icon-image-4":"Icono-1.png","item-cta-page":"5633","item-cta-size":"btn-big"},{"scheme":"textimage","row-padding":"without-padding","item-text":"<ul>\r\n \t<li><b>Software 3D especialitzat en cirurgia oral i maxil\u00b7lofacial: <\/b>en aquest programari es processa la informaci\u00f3 obtinguda amb l'<strong>esc\u00e0ner \u00f2ptic intraoral<\/strong> i el<strong> CBCT<\/strong>. Amb aix\u00f2, el <strong>cirurgi\u00e0 maxil\u00b7lofacial<\/strong> anticipa, planifica i simula una cirurgia virtual abans de la cirurgia real en quir\u00f2fan i fins i tot pot compartir pr\u00e8viament els <strong>resultats virtuals<\/strong> amb el pacient per incrementar la seva seguretat i satisfacci\u00f3 sobre els resultats reals.<\/li>\r\n \t<li><b>Impressora 3D m\u00e8dica: <\/b>recentment l'<strong>Institut Maxilofacial<\/strong> ha incorporat una <strong>impressora 3D<\/strong> pr\u00f2pia. A partir de la planificaci\u00f3 virtual, es fabriquen f\u00e8rules i guies que <strong>permeten traslladar el pla quir\u00fargic virtual al quir\u00f2fan<\/strong>: f\u00e8rules que guien la col\u00b7locaci\u00f3 d'implants dentals exactament en les posicions planificades, guies de tall que permeten la resecci\u00f3 precisa d'un tumor o d'una zona anat\u00f2mica an\u00f2mala, f\u00e8rules que corregeixen la posici\u00f3 dels maxil\u00b7lars en cirurgia ortogn\u00e0tica, etc. A m\u00e9s, tamb\u00e9 es poden imprimir <strong>pr\u00f2tesis i implants a mida<\/strong>, personalitzats per a cada pacient, que permeten restituir un component facial perdut (per exemple, una articulaci\u00f3 temporomandibular o una part de l'anatomia facial) o donar-li una forma nova per corregir un problema est\u00e8tic o funcional.<\/li>\r\n<\/ul>","video-explica-rows":[{"item-slide-video-type":"input_embed"}],"item-images":["4668"],"item-bg-size-contain":["on"]},{"scheme":"imagetext","layout-color":"white","row-padding":"without-padding","item-text":"<ul>\r\n \t<li class=\"p1\"><b>Cures postoperat\u00f2ries especialitzades:<\/b>\u00a0l\u2019Institut Maxil\u00b7lofacial ofereix als seus pacients operats atencions personalitzades amb la finalitat d\u2019optimitzar-ne la recuperaci\u00f3, incloent-hi fisioter\u00e0pia,\u00a0<b>limfoter\u00e0pia<\/b>\u00a0i\u00a0<a href=\"https:\/\/content.www.institutomaxilofacial.com\/ca\/cirurgia-ortognatica\/cirurgia-minimament-invasiva\/\"><b>m\u00e0scares d\u2019hiloter\u00e0pia<\/b><\/a>.<\/li>\r\n \t<li class=\"p1\"><b>Energia piezoel\u00e8ctrica:<\/b>\u00a0l\u2019<b>Institut Maxil\u00b7lofacial<\/b>\u00a0ha estat el primer centre a Espanya a aplicar l\u2019<b>energia piezoel\u00e8ctrica<\/b>\u00a0en\u00a0<b>cirurgia ortogn\u00e0tica<\/b>. La\u00a0<b>serra piezoel\u00e8ctrica\u00a0<\/b>permet la realitzaci\u00f3 d\u2019osteotomies (talls a l\u2019os) amb un m\u00ednim trauma quir\u00fargic i un respecte exquisit dels teixits tous. Aquest instrumental \u00e9s particularment \u00fatil en la\u00a0<b>cirurgia ortogn\u00e0tica\u00a0<\/b>de segmentaci\u00f3 del maxil\u00b7lar, i en l\u2019expansi\u00f3 de maxil\u00b7lar assistida per cirurgia (<a href=\"https:\/\/content.www.institutomaxilofacial.com\/ca\/cirurgia-ortognatica\/que-es-la-cirurgia-ortognatica\/\"><b>SARPE<\/b><\/a>). El seu \u00fas en la<b>\u00a0cirurgia ortogn\u00e0tica mandibular<\/b>, i en la\u00a0<b>mentopl\u00e0stia<\/b>, redueix la irritaci\u00f3 provocada sobre els\u00a0<b>nervis de la mand\u00edbula<\/b>. En la\u00a0<b>cirurgia maxil\u00b7lar<\/b>, redueix el risc de lesi\u00f3 d\u2019arrels de les dents.<\/li>\r\n<\/ul>","video-explica-rows":[{"item-slide-video-type":"input_embed"}],"item-images":["8128"],"item-bg-size-contain":["on"],"item-row-icon-image-1":"Icono-1.png","item-row-icon-image-2":"Icono-1.png","item-row-icon-image-3":"Icono-1.png","item-row-icon-image-4":"Icono-1.png","item-cta-page":"5633","item-cta-size":"btn-big"},{"scheme":"textimage","layout-color":"white","row-padding":"small-padding","item-text":"<ul>\r\n \t<li><strong>U<\/strong><b style=\"line-height: 1.5;\">n servei d\u2019odontologia infantil avan\u00e7ada:\u00a0<\/b><span style=\"line-height: 1.5;\">els nens amb<\/span><span style=\"line-height: 1.5;\">\u00a0<\/span><b style=\"line-height: 1.5;\">s\u00edndrome de Down\u00a0<\/b><span style=\"line-height: 1.5;\">presenten un major risc de<\/span><span style=\"line-height: 1.5;\">\u00a0<\/span><b style=\"line-height: 1.5;\">malaltia periodontal<\/b><span style=\"line-height: 1.5;\">, alteracions en l\u2019oclusi\u00f3, retard en l\u2019erupci\u00f3 de les dents, discrep\u00e0ncies esquel\u00e8tiques i pres\u00e8ncia d\u2019una llengua grossa i hipot\u00f2nica que acostuma a comportar respiraci\u00f3 bucal i baveig. Per a aquest tipus de casos, l\u2019<\/span><b style=\"line-height: 1.5;\">Institut Maxil\u00b7lofacial<\/b><span style=\"line-height: 1.5;\">\u00a0<\/span><span style=\"line-height: 1.5;\">ofereix un equip multidisciplinari especialitzat que pugui atendre aquest tipus de pacients correctament. Normalment es recorre a la<\/span><span style=\"line-height: 1.5;\">\u00a0<\/span><b style=\"line-height: 1.5;\">sedaci\u00f3<\/b><span style=\"line-height: 1.5;\">\u00a0<\/span><span style=\"line-height: 1.5;\">o a l\u2019<\/span><b style=\"line-height: 1.5;\">anest\u00e8sia general<\/b><span style=\"line-height: 1.5;\">\u00a0<\/span><span style=\"line-height: 1.5;\">per assegurar la millor atenci\u00f3 i el confort per al pacient.<\/span><\/li>\r\n<\/ul>","video-explica-rows":[{"item-slide-video-type":"input_embed"}],"item-images":["7667"],"item-bg-size-contain":["on"],"item-row-icon-image-1":"Icono-1.png","item-row-icon-image-2":"Icono-1.png","item-row-icon-image-3":"Icono-1.png","item-row-icon-image-4":"Icono-1.png","item-cta-page":"5633","item-cta-size":"btn-big"}],"chatbot-code":"","lateral-reducedheader":"","lateral-content-type":"","lateral-title":"","lateral-intro":"","lateral-form":"","lateral-popup":"","lateral-popup-pages":[],"lateral-cta-text":"","lateral-cta-page":"","item-type":"","item-tax":false,"iframe-tuotempo":"","iframe-subs-es":"","iframe-subs-en":"","iframe-subs-ca":"","blog-default-image":[],"activity-events-date":"","activity-page-past":"","noticias-default-image":[]},"_links":{"self":[{"href":"https:\/\/content.www.institutomaxilofacial.com\/ca\/wp-json\/wp\/v2\/pages\/125","targetHints":{"allow":["GET"]}}],"collection":[{"href":"https:\/\/content.www.institutomaxilofacial.com\/ca\/wp-json\/wp\/v2\/pages"}],"about":[{"href":"https:\/\/content.www.institutomaxilofacial.com\/ca\/wp-json\/wp\/v2\/types\/page"}],"author":[{"embeddable":true,"href":"https:\/\/content.www.institutomaxilofacial.com\/ca\/wp-json\/wp\/v2\/users\/1"}],"replies":[{"embeddable":true,"href":"https:\/\/content.www.institutomaxilofacial.com\/ca\/wp-json\/wp\/v2\/comments?post=125"}],"version-history":[{"count":6,"href":"https:\/\/content.www.institutomaxilofacial.com\/ca\/wp-json\/wp\/v2\/pages\/125\/revisions"}],"predecessor-version":[{"id":6158,"href":"https:\/\/content.www.institutomaxilofacial.com\/ca\/wp-json\/wp\/v2\/pages\/125\/revisions\/6158"}],"up":[{"embeddable":true,"href":"https:\/\/content.www.institutomaxilofacial.com\/ca\/wp-json\/wp\/v2\/pages\/21"}],"wp:attachment":[{"href":"https:\/\/content.www.institutomaxilofacial.com\/ca\/wp-json\/wp\/v2\/media?parent=125"}],"curies":[{"name":"wp","href":"https:\/\/api.w.org\/{rel}","templated":true}]}}