{"id":12787,"date":"2022-09-13T13:02:29","date_gmt":"2022-09-13T11:02:29","guid":{"rendered":"https:\/\/content.www.institutomaxilofacial.com\/es\/?page_id=12787"},"modified":"2022-09-13T13:50:11","modified_gmt":"2022-09-13T11:50:11","slug":"unidad-de-odontologia-avanzada-del-instituto-maxilofacial","status":"publish","type":"page","link":"https:\/\/content.www.institutomaxilofacial.com\/ca\/unitat-dodontologia-avancada-de-linstitut-maxilofacial\/","title":{"rendered":"Unitat d&#8217;Odontologia Avan\u00e7ada de l&#8217;Institut Maxilofacial"},"content":{"rendered":"<p>Presentem la <strong>Unitat d&#8217;Odontologia Avan\u00e7ada de l&#8217;Institut Maxilofacial<\/strong><\/p>\n<blockquote><p>L&#8217;UdOA est\u00e0 format per un equip d&#8217;Odont\u00f2legs experts \u00e0mpliament formats en l&#8217;\u00fas de les \u00faltimes tecnologies i t\u00e8cniques. A m\u00e9s de la seva pr\u00e0ctica m\u00e8dica di\u00e0ria, tots els membres del nostre equip m\u00e8dic s\u00f3n professors universitaris, aconseguint aix\u00ed l&#8217;equilibri perfecte entre experi\u00e8ncia i innovaci\u00f3.<\/p><\/blockquote>\n<p>El nostre equip<\/p>\n<p><strong>Dra Vanessa Ruiz &#8211; Period\u00f2ncia<\/strong><br \/>\n\u2022Grau en Odontologia.<br \/>\n\u2022M\u00e0ster en Periodontologia.<br \/>\n\u2022M\u00e0ster en Implantologia Oral.<br \/>\n\u2022Doctor Cum Laude (PhD) per la Universitat Internacional de Catalunya (UIC).<br \/>\n\u2022Professor Adjunt del M\u00e0ster en Periodontologia de la Universitat Internacional de Catalunya (UIC).<\/p>\n<p><strong>Dra. Ana Garcia-Nieto &#8211; Odontologia General i Endod\u00f2ncia<\/strong><br \/>\n\u2022Col\u00b7legiat pel Col\u00b7legi Oficial d&#8217;Odont\u00f2legs i Estomat\u00f2legs de Catalunya (COEC): 6951<br \/>\n\u2022Llicenciat en Odontologia per la Universitat Internacional de Catalunya (UIC)<br \/>\n\u2022Postgrau en Endod\u00f2ncia per la Universitat Internacional de Catalunya (UIC)<br \/>\n\u2022Postgrau en Periodontologia per la Universitat Internacional de Catalunya (UIC)<br \/>\n\u2022Postgrau en Implantologia Oral per la Universitat Internacional de Catalunya (UIC)<\/p>\n<p><strong>Dr. \u00c1lvaro Reuter Restaurador &#8211; Odontologia i Pr\u00f2tesis<\/strong><br \/>\n\u2022Grau en Odontologia.<br \/>\n\u2022M\u00e0ster en Pr\u00f2tesis i Est\u00e8tica Bucal.<br \/>\n\u2022Curs d&#8217;Implantologia Avan\u00e7ada i Cirurgia Oral.<\/p>\n<p><strong>Dr. Alvaro Giner &#8211; Odontologia Restauradora i Pr\u00f2tesis<\/strong><br \/>\n\u2022Llicenciat en Odontologia per la Universitat de Barcelona.<br \/>\n\u2022Professor associat del m\u00e0ster en Disfunci\u00f3 Craniomandibular i Dolor Orofacial (UIC)<br \/>\n\u2022Curs de pr\u00f2tesis implantol\u00f2giques avan\u00e7ades, oclusi\u00f3 funcional, restauraci\u00f3 complexa, interf\u00edcie restaurativa\/periodontal i biomec\u00e0nica, i planificaci\u00f3 avan\u00e7ada del tractament. (Kois Center. Seattle, EUA)<br \/>\n\u2022M\u00e0ster en Composite Anterior . (Fahl Center, Curitiba, Brasil)<\/p>\n<p>A l&#8217;<strong>Unitat d&#8217;Odontologia Avan\u00e7ada de l&#8217;Institut Maxilofacial<\/strong> practiquem l&#8217;Odontologia del Segle XXI, aquella que es basa en les noves tecnologies per optimitzar els processos i obtenir resultats m\u00e9s precisos, i on la joventut i l&#8217;experi\u00e8ncia no s&#8217;exclouen m\u00fatuament, donat que les noves generacions dominen les noves tecnologies en etapes molt anteriors, produint aut\u00e8ntics experts en planificaci\u00f3 digital 3D, que al seu torn condueix a resultats m\u00e9s r\u00e0pids, millors i precisos. <strong>L&#8217;unitat d&#8217;Odontologia Avan\u00e7ada de l&#8217;Institut Maxilofacial<\/strong> \u00e9s, en resum, l&#8217;odontologia d&#8217;\u00faltima generaci\u00f3.<\/p>","protected":false},"excerpt":{"rendered":"<p>Presentem la Unitat d&#8217;Odontologia Avan\u00e7ada de l&#8217;Institut Maxilofacial<br \/>\nL&#8217;UdOA est\u00e0 format per un equip d&#8217;Odont\u00f2legs experts \u00e0mpliament formats en l&#8217;\u00fas de les \u00faltimes tecnologies i t\u00e8cniques. A m\u00e9s de la seva pr\u00e0ctica m\u00e8dica di\u00e0ria, tots els membres del nostre equip m\u00e8dic s\u00f3n professors universitaris, aconseguint aix\u00ed &#8230;<\/p>\n","protected":false},"author":17,"featured_media":0,"parent":0,"menu_order":0,"comment_status":"closed","ping_status":"closed","template":"template-modular.php","meta":{"footnotes":""},"class_list":["post-12787","page","type-page","status-publish","hentry"],"yoast_head":"<!-- This site is optimized with the Yoast SEO plugin v27.2 - https:\/\/yoast.com\/product\/yoast-seo-wordpress\/ -->\n<title>Unitat d&#039;Odontologia Avan\u00e7ada de l&#039;Institut Maxilofacial - Instituto Maxilofacial<\/title>\n<meta name=\"robots\" content=\"index, follow, max-snippet:-1, max-image-preview:large, max-video-preview:-1\" \/>\n<link rel=\"canonical\" href=\"https:\/\/content.www.institutomaxilofacial.com\/ca\/wp-json\/wp\/v2\/pages\/12787\/\" \/>\n<meta property=\"og:locale\" content=\"ca_ES\" \/>\n<meta property=\"og:type\" content=\"article\" \/>\n<meta property=\"og:title\" content=\"Unitat d&#039;Odontologia Avan\u00e7ada de l&#039;Institut Maxilofacial - Instituto Maxilofacial\" \/>\n<meta property=\"og:description\" content=\"Presentem la Unitat d&#8217;Odontologia Avan\u00e7ada de l&#8217;Institut Maxilofacial L&#8217;UdOA est\u00e0 format per un equip d&#8217;Odont\u00f2legs experts \u00e0mpliament formats en l&#8217;\u00fas de les \u00faltimes tecnologies i t\u00e8cniques. A m\u00e9s de la seva pr\u00e0ctica m\u00e8dica di\u00e0ria, tots els membres del nostre equip m\u00e8dic s\u00f3n professors universitaris, aconseguint aix\u00ed ...\" \/>\n<meta property=\"og:url\" content=\"https:\/\/content.www.institutomaxilofacial.com\/es\/unidad-de-odontologia-avanzada-del-instituto-maxilofacial\/\" \/>\n<meta property=\"og:site_name\" content=\"Instituto Maxilofacial\" \/>\n<meta property=\"article:modified_time\" content=\"2022-09-13T11:50:11+00:00\" \/>\n<meta property=\"og:image\" content=\"https:\/\/content.www.institutomaxilofacial.com\/wp-content\/uploads\/2022\/09\/Dra.-Vanessa-Ruiz-Magaz.jpg\" \/>\n<meta name=\"twitter:card\" content=\"summary_large_image\" \/>\n<script type=\"application\/ld+json\" class=\"yoast-schema-graph\">{\"@context\":\"https:\/\/schema.org\",\"@graph\":[{\"@type\":\"WebPage\",\"@id\":\"https:\/\/content.www.institutomaxilofacial.com\/es\/unidad-de-odontologia-avanzada-del-instituto-maxilofacial\/\",\"url\":\"https:\/\/content.www.institutomaxilofacial.com\/es\/unidad-de-odontologia-avanzada-del-instituto-maxilofacial\/\",\"name\":\"Unitat d'Odontologia Avan\u00e7ada de l'Institut Maxilofacial - Instituto Maxilofacial\",\"isPartOf\":{\"@id\":\"https:\/\/content.www.institutomaxilofacial.com\/ca\/#website\"},\"primaryImageOfPage\":{\"@id\":\"https:\/\/content.www.institutomaxilofacial.com\/es\/unidad-de-odontologia-avanzada-del-instituto-maxilofacial\/#primaryimage\"},\"image\":{\"@id\":\"https:\/\/content.www.institutomaxilofacial.com\/es\/unidad-de-odontologia-avanzada-del-instituto-maxilofacial\/#primaryimage\"},\"thumbnailUrl\":\"https:\/\/content.www.institutomaxilofacial.com\/wp-content\/uploads\/2022\/09\/Dra.-Vanessa-Ruiz-Magaz.jpg\",\"datePublished\":\"2022-09-13T11:02:29+00:00\",\"dateModified\":\"2022-09-13T11:50:11+00:00\",\"breadcrumb\":{\"@id\":\"https:\/\/content.www.institutomaxilofacial.com\/es\/unidad-de-odontologia-avanzada-del-instituto-maxilofacial\/#breadcrumb\"},\"inLanguage\":\"ca-ES\",\"potentialAction\":[{\"@type\":\"ReadAction\",\"target\":[\"https:\/\/content.www.institutomaxilofacial.com\/es\/unidad-de-odontologia-avanzada-del-instituto-maxilofacial\/\"]}]},{\"@type\":\"ImageObject\",\"inLanguage\":\"ca-ES\",\"@id\":\"https:\/\/content.www.institutomaxilofacial.com\/es\/unidad-de-odontologia-avanzada-del-instituto-maxilofacial\/#primaryimage\",\"url\":\"https:\/\/content.www.institutomaxilofacial.com\/wp-content\/uploads\/2022\/09\/Dra.-Vanessa-Ruiz-Magaz.jpg\",\"contentUrl\":\"https:\/\/content.www.institutomaxilofacial.com\/wp-content\/uploads\/2022\/09\/Dra.-Vanessa-Ruiz-Magaz.jpg\"},{\"@type\":\"BreadcrumbList\",\"@id\":\"https:\/\/content.www.institutomaxilofacial.com\/es\/unidad-de-odontologia-avanzada-del-instituto-maxilofacial\/#breadcrumb\",\"itemListElement\":[{\"@type\":\"ListItem\",\"position\":1,\"name\":\"Portada\",\"item\":\"https:\/\/content.www.institutomaxilofacial.com\/es\/\"},{\"@type\":\"ListItem\",\"position\":2,\"name\":\"Unidad de Odontolog\u00eda Avanzada del Instituto Maxilofacial\"}]},{\"@type\":\"WebSite\",\"@id\":\"https:\/\/content.www.institutomaxilofacial.com\/ca\/#website\",\"url\":\"https:\/\/content.www.institutomaxilofacial.com\/ca\/\",\"name\":\"Instituto Maxilofacial\",\"description\":\"Experts en Cirurgia Oral i Maxil\u00b7lofacial. Precisi\u00f3, experi\u00e8ncia i passi\u00f3 per la innovaci\u00f3\",\"potentialAction\":[{\"@type\":\"SearchAction\",\"target\":{\"@type\":\"EntryPoint\",\"urlTemplate\":\"https:\/\/content.www.institutomaxilofacial.com\/ca\/?s={search_term_string}\"},\"query-input\":{\"@type\":\"PropertyValueSpecification\",\"valueRequired\":true,\"valueName\":\"search_term_string\"}}],\"inLanguage\":\"ca-ES\"}]}<\/script>\n<!-- \/ Yoast SEO plugin. -->","yoast_head_json":{"title":"Unitat d'Odontologia Avan\u00e7ada de l'Institut Maxilofacial - Instituto Maxilofacial","robots":{"index":"index","follow":"follow","max-snippet":"max-snippet:-1","max-image-preview":"max-image-preview:large","max-video-preview":"max-video-preview:-1"},"canonical":"https:\/\/content.www.institutomaxilofacial.com\/ca\/wp-json\/wp\/v2\/pages\/12787\/","og_locale":"ca_ES","og_type":"article","og_title":"Unitat d'Odontologia Avan\u00e7ada de l'Institut Maxilofacial - Instituto Maxilofacial","og_description":"Presentem la Unitat d&#8217;Odontologia Avan\u00e7ada de l&#8217;Institut Maxilofacial L&#8217;UdOA est\u00e0 format per un equip d&#8217;Odont\u00f2legs experts \u00e0mpliament formats en l&#8217;\u00fas de les \u00faltimes tecnologies i t\u00e8cniques. A m\u00e9s de la seva pr\u00e0ctica m\u00e8dica di\u00e0ria, tots els membres del nostre equip m\u00e8dic s\u00f3n professors universitaris, aconseguint aix\u00ed ...","og_url":"https:\/\/content.www.institutomaxilofacial.com\/es\/unidad-de-odontologia-avanzada-del-instituto-maxilofacial\/","og_site_name":"Instituto Maxilofacial","article_modified_time":"2022-09-13T11:50:11+00:00","og_image":[{"url":"https:\/\/content.www.institutomaxilofacial.com\/wp-content\/uploads\/2022\/09\/Dra.-Vanessa-Ruiz-Magaz.jpg","type":"","width":"","height":""}],"twitter_card":"summary_large_image","schema":{"@context":"https:\/\/schema.org","@graph":[{"@type":"WebPage","@id":"https:\/\/content.www.institutomaxilofacial.com\/es\/unidad-de-odontologia-avanzada-del-instituto-maxilofacial\/","url":"https:\/\/content.www.institutomaxilofacial.com\/es\/unidad-de-odontologia-avanzada-del-instituto-maxilofacial\/","name":"Unitat d'Odontologia Avan\u00e7ada de l'Institut Maxilofacial - Instituto Maxilofacial","isPartOf":{"@id":"https:\/\/content.www.institutomaxilofacial.com\/ca\/#website"},"primaryImageOfPage":{"@id":"https:\/\/content.www.institutomaxilofacial.com\/es\/unidad-de-odontologia-avanzada-del-instituto-maxilofacial\/#primaryimage"},"image":{"@id":"https:\/\/content.www.institutomaxilofacial.com\/es\/unidad-de-odontologia-avanzada-del-instituto-maxilofacial\/#primaryimage"},"thumbnailUrl":"https:\/\/content.www.institutomaxilofacial.com\/wp-content\/uploads\/2022\/09\/Dra.-Vanessa-Ruiz-Magaz.jpg","datePublished":"2022-09-13T11:02:29+00:00","dateModified":"2022-09-13T11:50:11+00:00","breadcrumb":{"@id":"https:\/\/content.www.institutomaxilofacial.com\/es\/unidad-de-odontologia-avanzada-del-instituto-maxilofacial\/#breadcrumb"},"inLanguage":"ca-ES","potentialAction":[{"@type":"ReadAction","target":["https:\/\/content.www.institutomaxilofacial.com\/es\/unidad-de-odontologia-avanzada-del-instituto-maxilofacial\/"]}]},{"@type":"ImageObject","inLanguage":"ca-ES","@id":"https:\/\/content.www.institutomaxilofacial.com\/es\/unidad-de-odontologia-avanzada-del-instituto-maxilofacial\/#primaryimage","url":"https:\/\/content.www.institutomaxilofacial.com\/wp-content\/uploads\/2022\/09\/Dra.-Vanessa-Ruiz-Magaz.jpg","contentUrl":"https:\/\/content.www.institutomaxilofacial.com\/wp-content\/uploads\/2022\/09\/Dra.-Vanessa-Ruiz-Magaz.jpg"},{"@type":"BreadcrumbList","@id":"https:\/\/content.www.institutomaxilofacial.com\/es\/unidad-de-odontologia-avanzada-del-instituto-maxilofacial\/#breadcrumb","itemListElement":[{"@type":"ListItem","position":1,"name":"Portada","item":"https:\/\/content.www.institutomaxilofacial.com\/es\/"},{"@type":"ListItem","position":2,"name":"Unidad de Odontolog\u00eda Avanzada del Instituto Maxilofacial"}]},{"@type":"WebSite","@id":"https:\/\/content.www.institutomaxilofacial.com\/ca\/#website","url":"https:\/\/content.www.institutomaxilofacial.com\/ca\/","name":"Instituto Maxilofacial","description":"Experts en Cirurgia Oral i Maxil\u00b7lofacial. Precisi\u00f3, experi\u00e8ncia i passi\u00f3 per la innovaci\u00f3","potentialAction":[{"@type":"SearchAction","target":{"@type":"EntryPoint","urlTemplate":"https:\/\/content.www.institutomaxilofacial.com\/ca\/?s={search_term_string}"},"query-input":{"@type":"PropertyValueSpecification","valueRequired":true,"valueName":"search_term_string"}}],"inLanguage":"ca-ES"}]}},"meta_box":{"caso-clinico-taxonomy":[],"caso-clinico-casos":[],"categoria-home-header-title":"","categoria-home-header-image":[],"categoria-home-intro-text":"","cta-cita-title":"","cta-cita-text":"","cta-cita-button-text":"","cta-cita-button-link":"","cta-cita-button-link-external":"","cta-cita-image":[],"cta-cita-image-mobile":[],"categoria-page-info-title":"","categoria-page-info-image":[],"categoria-page-header-title":"","categoria-page-header-image":[],"categoria-page-intro-text":"","categoria-page-intro-image":[],"categoria-page-intro-image-mobile":[],"categoria-page-intro-image-position":"","categoria-page-intro-image-position-mobile":"","categoria-page-intro-content":"","categoria-page-intro-highlights":[],"categoria-page-blocks":[],"categoria-page-benefits-active":"","categoria-page-benefits-title":"","categoria-page-benefits-text":"","categoria-page-benefits-image":[],"categoria-page-benefits-image-mobile":[],"categoria-page-button-text":"","categoria-page-button-link":"","categoria-page-button-link-external":"","categoria-page-cta1-title":"","categoria-page-cta1-text":"","categoria-page-cta1-button-text":"","categoria-page-cta1-button-link":"","categoria-page-cta2-title":"","categoria-page-cta2-text":"","categoria-page-cta2-button-text":"","categoria-page-cta2-button-link":"","contacto-name":"","contacto-address":"","contacto-tlf":"","contacto-fax":"","contacto-image":[],"contacto-lat":"","contacto-lng":"","contacto-map-zoom":"","contacto-map-lat":"","contacto-map-lng":"","contacto-form":"","faqs-taxonomy":[],"estetica-home-header-title":"","estetica-home-header-image":[],"estetica-home-intro-title":"","estetica-home-intro-text":"","estetica-home-cirugia-title":"","estetica-home-medicina-title":"","estetica-home-descubre-title":"","estetica-home-descubre-text":"","estetica-home-descubre-image":[],"estetica-home-descubre-background":[],"estetica-home-descubre-background-mobile":[],"estetica-home-cta1-title":"","estetica-home-cta1-text":"","estetica-home-cta1-button-text":"","estetica-home-cta1-button-link":"","estetica-home-cta1-image":[],"estetica-home-cta2-title":"","estetica-home-cta2-text":"","estetica-home-cta2-button-text":"","estetica-home-cta2-button-link":"","estetica-home-cta2-image":[],"estetica-home-posts-title":"","estetica-home-posts-button-text":"","estetica-home-faq-title":"","estetica-home-faqs":[],"estetica-home-faq-button-text":"","estetica-home-faq-button-link":"","stetik-iframe-url":"","interior-show-breadcrumb":"","interior-header-title":"","interior-header-image":[],"interior-blocks":[],"is-stetik-studio":"","stetik-team-header-title":"","stetik-team-header-image":[],"stetik-team-intro-text":"","stetik-team-team-title":"","stetik-team-team-professional":[],"video-consulta-text":"","video-consulta-form":"","voz-experto-taxonomy":[],"landing-apnea-header-title":"","landing-apnea-header-subtitle":"","landing-apnea-header-image":[],"landing-apnea-header-pide-cita":"","landing-apnea-header-typeform":"","landing-apnea-blocks":[],"landing-apnea-intro-title":"","landing-apnea-intro-text":"","landing-apnea-highlight-items":[],"landing-apnea-blocks-2":[],"landing-apnea-testimonials-title":"","landing-apnea-testimonials-text":"","landing-apnea-testimonials-videos":[],"landing-apnea-hero-text":"","landing-apnea-faq-title":"","landing-apnea-faqs":[],"landing-apnea-prefooter-text":"","landing-apnea-prefooter-nota":"","redirect-page":"","shortcodeform-code":"","redirect-page-es":"","redirect-page-en":"","redirect-page-ca":"","login-page-need":"0","login-page":"","eh-cover-image":[],"eh-cover-image-mobile":[],"eh-cover-title":"","eh-cover-subtitle":"","eh-cover-text":"","eh-cover-btn1-text":"","eh-cover-btn1-page-id":"","eh-cover-btn2-text":"","eh-cover-btn2-video-files":[],"eh-specs-main-title":"","eh-specs":[],"eh-icons-reduced-section":"","eh-icons-1":[],"eh-patients-title":"","eh-patients":[],"eh-patients-nopic-title":"","eh-patients-nopic":[],"eh-video-title":"","eh-video":[],"eh-icons-2-reduced-section":"","eh-icons-2":[],"contact-zoom":"","contact-center":[],"contact-data-left-title":"","contact-data-left-content":"","contact-lat":"","contact-long":"","contact-bubble":"","contact-title-form":"","contact-text-form":"","contact-shortcode-form":"","contact-title-widget":"","contact-text-widget":"","contact-shortcode-widget":"","page-header":[{"width":2560,"height":885,"file":"2022\/09\/035-instituto_Maxilofacial-fotografo-nacho_urbon-scaled.jpg","filesize":128944,"sizes":{"medium":{"file":"035-instituto_Maxilofacial-fotografo-nacho_urbon-530x183.jpg","width":"530","height":"183","mime-type":"image\/jpeg","filesize":"30413"},"large":{"file":"035-instituto_Maxilofacial-fotografo-nacho_urbon-1125x389.jpg","width":"1125","height":"389","mime-type":"image\/jpeg","filesize":"58148"},"thumbnail":{"file":"035-instituto_Maxilofacial-fotografo-nacho_urbon-335x200.jpg","width":"335","height":"200","mime-type":"image\/jpeg","filesize":"26845"},"1536x1536":{"file":"035-instituto_Maxilofacial-fotografo-nacho_urbon-1536x531.jpg","width":"1536","height":"531","mime-type":"image\/jpeg","filesize":"82731"},"2048x2048":{"file":"035-instituto_Maxilofacial-fotografo-nacho_urbon-2048x708.jpg","width":"2048","height":"708","mime-type":"image\/jpeg","filesize":"116596"},"thumbnail_custom":{"file":"035-instituto_Maxilofacial-fotografo-nacho_urbon-200x69.jpg","width":"200","height":"69","mime-type":"image\/jpeg","filesize":"19248"},"box_thumb":{"file":"035-instituto_Maxilofacial-fotografo-nacho_urbon-300x200.jpg","width":"300","height":"200","mime-type":"image\/jpeg","filesize":"25960"},"post_thumb":{"file":"035-instituto_Maxilofacial-fotografo-nacho_urbon-600x400.jpg","width":"600","height":"400","mime-type":"image\/jpeg","filesize":"43221"},"logo_footer":{"file":"035-instituto_Maxilofacial-fotografo-nacho_urbon-125x43.jpg","width":"125","height":"43","mime-type":"image\/jpeg","filesize":"17503"},"blue_image":{"file":"035-instituto_Maxilofacial-fotografo-nacho_urbon-1500x2000.jpg","width":"1500","height":"2000","mime-type":"image\/jpeg","filesize":"186064"},"slider":{"file":"035-instituto_Maxilofacial-fotografo-nacho_urbon-1000x350.jpg","width":"1000","height":"350","mime-type":"image\/jpeg","filesize":"52013"}},"image_meta":{"aperture":"5","credit":"NACHO_URBON nachourbon","camera":"NIKON D850","caption":"fotografo nachourbon, fotografia profesional corporativa nacho_urbon","created_timestamp":"1527071259","copyright":"","focal_length":"35","iso":"320","shutter_speed":"0.005","title":"Nacho_urbon fotografo","orientation":"1","keywords":["Actrices","Andrea_Duro","Clara","LOreal corporativa","accenture la semana marciana","backstage","beauty","belleza","belleza Maybelline","corporativa","corporativo","directivo","espa\u00f1a","foto","fotografia","fotografo","madrid","mejor","miriam","nacho+urbon","nacho_urbon","nachourbon","profesional","retrato"]},"original_image":"035-instituto_Maxilofacial-fotografo-nacho_urbon.jpg","ID":"12788","name":"035-instituto_Maxilofacial-fotografo-nacho_urbon-scaled.jpg","path":"\/var\/www\/vhosts\/prod\/content.www.institutomaxilofacial.com\/wp-content\/uploads\/2022\/09\/035-instituto_Maxilofacial-fotografo-nacho_urbon-scaled.jpg","url":"https:\/\/content.www.institutomaxilofacial.com\/wp-content\/uploads\/2022\/09\/035-instituto_Maxilofacial-fotografo-nacho_urbon-scaled.jpg","title":"Nacho_urbon fotografo"}],"page-header-text":"","page-header-english":"0","page-header-english-page-id":"","page-content-title":"","home-slides":[],"page-content-text-1":"","page-content-text-2":"","page-content-image-1":[],"page-content-video":"","page-content-text-3":"","page-content-image-2":[],"page-content-text-4":"","page-content-image-3":[],"page-excerpt-title":"","page-excerpt-text":"","page-related-enable":"1","related-content":[{"type-related":"page","page-related":"157"},{"type-related":"page","page-related":"155"},{"type-related":"page","page-related":"180"}],"getcontent":[],"home-text-block":[],"home-blue-text":"","home-blue-image":[],"home-contact-form":[],"team-doctor-name":"","team-doctor-position":"","team-doctor-txt":"","team-doctor-btn":"","team-doctor-page":"","team-doctor-img":[],"team-img-fullwidth":[],"contact-link":"","contact-msg":"","contact-subject":"","contact-lat-2":"","contact-long-2":"","contact-bubble-2":"","contact-data":"","contact-tour-title":"","contact-tour-link":"","contact-tour-image":[],"contact-form":[],"faq-type":false,"item-row":[{"scheme":"onlytext","row-padding":"normal-padding","item-text":"Presentem ADU, l'<strong>Unitat d'Odontologia Avan\u00e7ada de l'Institut Maxilofacial<\/strong>\r\n<blockquote><strong>L'ADU est\u00e0 format per un equip d'Odont\u00f2legs experts \u00e0mpliament formats en l'\u00fas de les \u00faltimes tecnologies i t\u00e8cniques. A m\u00e9s de la seva pr\u00e0ctica m\u00e8dica di\u00e0ria, tots els membres del nostre equip m\u00e8dic s\u00f3n professors universitaris, aconseguint aix\u00ed l'equilibri perfecte entre experi\u00e8ncia i innovaci\u00f3.<\/strong><\/blockquote>\r\nEl nostre equip:","video-explica-rows":[{"item-slide-video-type":"input_embed"}]},{"scheme":"imagetext","row-padding":"without-padding","item-text":"<blockquote><strong>Dra Vanessa Ruiz - Period\u00f2ncia<\/strong><\/blockquote>\r\n\r\n\u2022Grau en Odontologia.\r\n\u2022M\u00e0ster en Periodontologia.\r\n\u2022M\u00e0ster en Implantologia Oral.\r\n\u2022Doctor Cum Laude (PhD) per la Universitat Internacional de Catalunya (UIC).\r\n\u2022Professor Adjunt del M\u00e0ster en Periodontologia de la Universitat Internacional de Catalunya (UIC).","video-explica-rows":[{"item-slide-video-type":"input_embed"}],"item-images":["12790"],"item-bg-size-contain":["on"],"item-image-text-widths":"l40-r60"},{"scheme":"textimage","row-padding":"without-padding","item-text":"<blockquote><strong>Dra. Ana Garcia-Nieto - Odontologia General i Endod\u00f2ncia<\/strong><\/blockquote>\r\n\r\n\u2022Col\u00b7legiat pel Col\u00b7legi Oficial d'Odont\u00f2legs i Estomat\u00f2legs de Catalunya (COEC): 6951\r\n\u2022Llicenciat en Odontologia per la Universitat Internacional de Catalunya (UIC)\r\n\u2022Postgrau en Endod\u00f2ncia per la Universitat Internacional de Catalunya (UIC)\r\n\u2022Postgrau en Periodontologia per la Universitat Internacional de Catalunya (UIC)\r\n\u2022Postgrau en Implantologia Oral per la Universitat Internacional de Catalunya (UIC)","video-explica-rows":[{"item-slide-video-type":"input_embed"}],"item-images":["12791"],"item-bg-size-contain":["on"],"item-image-text-widths":"l60-r40"},{"scheme":"imagetext","row-padding":"without-padding","item-text":"<blockquote><strong>Dr. \u00c1lvaro Reuter Restaurador - Odontologia i Pr\u00f2tesis<\/strong><\/blockquote>\r\n\r\n\u2022Grau en Odontologia.\r\n\u2022M\u00e0ster en Pr\u00f2tesis i Est\u00e8tica Bucal.\r\n\u2022Curs d'Implantologia Avan\u00e7ada i Cirurgia Oral.","video-explica-rows":[{"item-slide-video-type":"input_embed"}],"item-images":["12794"],"item-bg-size-contain":["on"],"item-image-text-widths":"l40-r60"},{"scheme":"textimage","row-padding":"small-padding","item-text":"<blockquote><strong>Dr. Alvaro Giner - Odontologia Restauradora i Pr\u00f2tesis<\/strong><\/blockquote>\r\n\r\n\u2022Llicenciat en Odontologia per la Universitat de Barcelona.\r\n\u2022Professor associat del m\u00e0ster en Disfunci\u00f3 Craniomandibular i Dolor Orofacial (UIC)\r\n\u2022Curs de pr\u00f2tesis implantol\u00f2giques avan\u00e7ades, oclusi\u00f3 funcional, restauraci\u00f3 complexa, interf\u00edcie restaurativa\/periodontal i biomec\u00e0nica, i planificaci\u00f3 avan\u00e7ada del tractament. (Kois Center. Seattle, EUA)\r\n\u2022M\u00e0ster en Composite Anterior . (Fahl Center, Curitiba, Brasil)","video-explica-rows":[{"item-slide-video-type":"input_embed"}],"item-images":["12796"],"item-bg-size-contain":["on"],"item-image-text-widths":"l60-r40"},{"scheme":"blueimagetext","row-padding":"normal-padding","item-text":"A l'<strong>Unitat d'Odontologia Avan\u00e7ada de l'Institut Maxilofacial<\/strong> practiquem l'Odontologia del Segle XXI, aquella que es basa en les noves tecnologies per optimitzar els processos i obtenir resultats m\u00e9s precisos, i on la joventut i l'experi\u00e8ncia no s'exclouen m\u00fatuament, donat que les noves generacions dominen les noves tecnologies en etapes molt anteriors, produint aut\u00e8ntics experts en planificaci\u00f3 digital 3D, que al seu torn condueix a resultats m\u00e9s r\u00e0pids, millors i precisos. L'<strong>unitat d'Odontologia Avan\u00e7ada de l'Institut Maxilofacial<\/strong>\u00a0\u00e9s, en resum, l'odontologia d'\u00faltima generaci\u00f3.","video-explica-rows":[{"item-slide-video-type":"input_embed"}]}],"chatbot-code":"","lateral-reducedheader":"","lateral-content-type":"","lateral-title":"","lateral-intro":"","lateral-form":"","lateral-popup":"","lateral-popup-pages":[],"lateral-cta-text":"","lateral-cta-page":"","item-type":"","item-tax":false,"iframe-tuotempo":"","iframe-subs-es":"","iframe-subs-en":"","iframe-subs-ca":"","blog-default-image":[],"activity-events-date":"","activity-page-past":"","noticias-default-image":[]},"_links":{"self":[{"href":"https:\/\/content.www.institutomaxilofacial.com\/ca\/wp-json\/wp\/v2\/pages\/12787","targetHints":{"allow":["GET"]}}],"collection":[{"href":"https:\/\/content.www.institutomaxilofacial.com\/ca\/wp-json\/wp\/v2\/pages"}],"about":[{"href":"https:\/\/content.www.institutomaxilofacial.com\/ca\/wp-json\/wp\/v2\/types\/page"}],"author":[{"embeddable":true,"href":"https:\/\/content.www.institutomaxilofacial.com\/ca\/wp-json\/wp\/v2\/users\/17"}],"replies":[{"embeddable":true,"href":"https:\/\/content.www.institutomaxilofacial.com\/ca\/wp-json\/wp\/v2\/comments?post=12787"}],"version-history":[{"count":10,"href":"https:\/\/content.www.institutomaxilofacial.com\/ca\/wp-json\/wp\/v2\/pages\/12787\/revisions"}],"predecessor-version":[{"id":12802,"href":"https:\/\/content.www.institutomaxilofacial.com\/ca\/wp-json\/wp\/v2\/pages\/12787\/revisions\/12802"}],"wp:attachment":[{"href":"https:\/\/content.www.institutomaxilofacial.com\/ca\/wp-json\/wp\/v2\/media?parent=12787"}],"curies":[{"name":"wp","href":"https:\/\/api.w.org\/{rel}","templated":true}]}}