{"id":141,"date":"2016-03-08T12:11:00","date_gmt":"2016-03-08T12:11:00","guid":{"rendered":"https:\/\/content.www.institutomaxilofacial.com\/?page_id=141"},"modified":"2019-05-02T12:39:40","modified_gmt":"2019-05-02T12:39:40","slug":"what-is-facial-cosmetic-surgery","status":"publish","type":"page","link":"https:\/\/content.www.institutomaxilofacial.com\/ca\/cirurgia-estetica-facial\/que-es-la-cirurgia-estetica-facial\/","title":{"rendered":"Qu\u00e8 \u00e9s la Cirurgia Est\u00e8tica Facial?"},"content":{"rendered":"","protected":false},"excerpt":{"rendered":"","protected":false},"author":1,"featured_media":998,"parent":29,"menu_order":10,"comment_status":"closed","ping_status":"closed","template":"template-modular.php","meta":{"footnotes":""},"class_list":["post-141","page","type-page","status-publish","has-post-thumbnail","hentry"],"yoast_head":"<!-- This site is optimized with the Yoast SEO plugin v27.2 - https:\/\/yoast.com\/product\/yoast-seo-wordpress\/ -->\n<title>Cirug\u00eda Est\u00e9tica Facial - Instituto Maxilofacial<\/title>\n<meta name=\"description\" content=\"Procedimientos que se realizan tanto para prevenir y alargar los efectos del envejecimiento facial, como para realzar la armon\u00eda y simetr\u00eda facial.\" \/>\n<meta name=\"robots\" content=\"index, follow, max-snippet:-1, max-image-preview:large, max-video-preview:-1\" \/>\n<link rel=\"canonical\" href=\"https:\/\/content.www.institutomaxilofacial.com\/ca\/wp-json\/wp\/v2\/pages\/141\/\" \/>\n<meta property=\"og:locale\" content=\"ca_ES\" \/>\n<meta property=\"og:type\" content=\"article\" \/>\n<meta property=\"og:title\" content=\"Cirug\u00eda Est\u00e9tica Facial - Instituto Maxilofacial\" \/>\n<meta property=\"og:description\" content=\"Procedimientos que se realizan tanto para prevenir y alargar los efectos del envejecimiento facial, como para realzar la armon\u00eda y simetr\u00eda facial.\" \/>\n<meta property=\"og:url\" content=\"https:\/\/content.www.institutomaxilofacial.com\/es\/cirugia-estetica-facial\/que-es-la-cirugia-estetica-facial\/\" \/>\n<meta property=\"og:site_name\" content=\"Instituto Maxilofacial\" \/>\n<meta property=\"article:modified_time\" content=\"2019-05-02T12:39:40+00:00\" \/>\n<meta property=\"og:image\" content=\"https:\/\/content.www.institutomaxilofacial.com\/wp-content\/uploads\/2016\/03\/shutterstock_124995839-e1464693937539.jpg\" \/>\n\t<meta property=\"og:image:width\" content=\"1000\" \/>\n\t<meta property=\"og:image:height\" content=\"850\" \/>\n\t<meta property=\"og:image:type\" content=\"image\/jpeg\" \/>\n<meta name=\"twitter:card\" content=\"summary_large_image\" \/>\n<script type=\"application\/ld+json\" class=\"yoast-schema-graph\">{\"@context\":\"https:\/\/schema.org\",\"@graph\":[{\"@type\":\"WebPage\",\"@id\":\"https:\/\/content.www.institutomaxilofacial.com\/es\/cirugia-estetica-facial\/que-es-la-cirugia-estetica-facial\/\",\"url\":\"https:\/\/content.www.institutomaxilofacial.com\/es\/cirugia-estetica-facial\/que-es-la-cirugia-estetica-facial\/\",\"name\":\"Cirug\u00eda Est\u00e9tica Facial - Instituto Maxilofacial\",\"isPartOf\":{\"@id\":\"https:\/\/content.www.institutomaxilofacial.com\/ca\/#website\"},\"primaryImageOfPage\":{\"@id\":\"https:\/\/content.www.institutomaxilofacial.com\/es\/cirugia-estetica-facial\/que-es-la-cirugia-estetica-facial\/#primaryimage\"},\"image\":{\"@id\":\"https:\/\/content.www.institutomaxilofacial.com\/es\/cirugia-estetica-facial\/que-es-la-cirugia-estetica-facial\/#primaryimage\"},\"thumbnailUrl\":\"https:\/\/content.www.institutomaxilofacial.com\/wp-content\/uploads\/2016\/03\/shutterstock_124995839-e1464693937539.jpg\",\"datePublished\":\"2016-03-08T12:11:00+00:00\",\"dateModified\":\"2019-05-02T12:39:40+00:00\",\"description\":\"Procedimientos que se realizan tanto para prevenir y alargar los efectos del envejecimiento facial, como para realzar la armon\u00eda y simetr\u00eda facial.\",\"breadcrumb\":{\"@id\":\"https:\/\/content.www.institutomaxilofacial.com\/es\/cirugia-estetica-facial\/que-es-la-cirugia-estetica-facial\/#breadcrumb\"},\"inLanguage\":\"ca-ES\",\"potentialAction\":[{\"@type\":\"ReadAction\",\"target\":[\"https:\/\/content.www.institutomaxilofacial.com\/es\/cirugia-estetica-facial\/que-es-la-cirugia-estetica-facial\/\"]}]},{\"@type\":\"ImageObject\",\"inLanguage\":\"ca-ES\",\"@id\":\"https:\/\/content.www.institutomaxilofacial.com\/es\/cirugia-estetica-facial\/que-es-la-cirugia-estetica-facial\/#primaryimage\",\"url\":\"https:\/\/content.www.institutomaxilofacial.com\/wp-content\/uploads\/2016\/03\/shutterstock_124995839-e1464693937539.jpg\",\"contentUrl\":\"https:\/\/content.www.institutomaxilofacial.com\/wp-content\/uploads\/2016\/03\/shutterstock_124995839-e1464693937539.jpg\",\"width\":1000,\"height\":850,\"caption\":\"Cirug\u00eda facial\"},{\"@type\":\"BreadcrumbList\",\"@id\":\"https:\/\/content.www.institutomaxilofacial.com\/es\/cirugia-estetica-facial\/que-es-la-cirugia-estetica-facial\/#breadcrumb\",\"itemListElement\":[{\"@type\":\"ListItem\",\"position\":1,\"name\":\"Portada\",\"item\":\"https:\/\/content.www.institutomaxilofacial.com\/es\/\"},{\"@type\":\"ListItem\",\"position\":2,\"name\":\"Cirug\u00eda est\u00e9tica facial\",\"item\":\"https:\/\/content.www.institutomaxilofacial.com\/es\/cirugia-estetica-facial\/\"},{\"@type\":\"ListItem\",\"position\":3,\"name\":\"\u00bfQu\u00e9 es la Cirug\u00eda Est\u00e9tica Facial?\"}]},{\"@type\":\"WebSite\",\"@id\":\"https:\/\/content.www.institutomaxilofacial.com\/ca\/#website\",\"url\":\"https:\/\/content.www.institutomaxilofacial.com\/ca\/\",\"name\":\"Instituto Maxilofacial\",\"description\":\"Experts en Cirurgia Oral i Maxil\u00b7lofacial. Precisi\u00f3, experi\u00e8ncia i passi\u00f3 per la innovaci\u00f3\",\"potentialAction\":[{\"@type\":\"SearchAction\",\"target\":{\"@type\":\"EntryPoint\",\"urlTemplate\":\"https:\/\/content.www.institutomaxilofacial.com\/ca\/?s={search_term_string}\"},\"query-input\":{\"@type\":\"PropertyValueSpecification\",\"valueRequired\":true,\"valueName\":\"search_term_string\"}}],\"inLanguage\":\"ca-ES\"}]}<\/script>\n<!-- \/ Yoast SEO plugin. -->","yoast_head_json":{"title":"Cirug\u00eda Est\u00e9tica Facial - Instituto Maxilofacial","description":"Procedimientos que se realizan tanto para prevenir y alargar los efectos del envejecimiento facial, como para realzar la armon\u00eda y simetr\u00eda facial.","robots":{"index":"index","follow":"follow","max-snippet":"max-snippet:-1","max-image-preview":"max-image-preview:large","max-video-preview":"max-video-preview:-1"},"canonical":"https:\/\/content.www.institutomaxilofacial.com\/ca\/wp-json\/wp\/v2\/pages\/141\/","og_locale":"ca_ES","og_type":"article","og_title":"Cirug\u00eda Est\u00e9tica Facial - Instituto Maxilofacial","og_description":"Procedimientos que se realizan tanto para prevenir y alargar los efectos del envejecimiento facial, como para realzar la armon\u00eda y simetr\u00eda facial.","og_url":"https:\/\/content.www.institutomaxilofacial.com\/es\/cirugia-estetica-facial\/que-es-la-cirugia-estetica-facial\/","og_site_name":"Instituto Maxilofacial","article_modified_time":"2019-05-02T12:39:40+00:00","og_image":[{"width":1000,"height":850,"url":"https:\/\/content.www.institutomaxilofacial.com\/wp-content\/uploads\/2016\/03\/shutterstock_124995839-e1464693937539.jpg","type":"image\/jpeg"}],"twitter_card":"summary_large_image","schema":{"@context":"https:\/\/schema.org","@graph":[{"@type":"WebPage","@id":"https:\/\/content.www.institutomaxilofacial.com\/es\/cirugia-estetica-facial\/que-es-la-cirugia-estetica-facial\/","url":"https:\/\/content.www.institutomaxilofacial.com\/es\/cirugia-estetica-facial\/que-es-la-cirugia-estetica-facial\/","name":"Cirug\u00eda Est\u00e9tica Facial - Instituto Maxilofacial","isPartOf":{"@id":"https:\/\/content.www.institutomaxilofacial.com\/ca\/#website"},"primaryImageOfPage":{"@id":"https:\/\/content.www.institutomaxilofacial.com\/es\/cirugia-estetica-facial\/que-es-la-cirugia-estetica-facial\/#primaryimage"},"image":{"@id":"https:\/\/content.www.institutomaxilofacial.com\/es\/cirugia-estetica-facial\/que-es-la-cirugia-estetica-facial\/#primaryimage"},"thumbnailUrl":"https:\/\/content.www.institutomaxilofacial.com\/wp-content\/uploads\/2016\/03\/shutterstock_124995839-e1464693937539.jpg","datePublished":"2016-03-08T12:11:00+00:00","dateModified":"2019-05-02T12:39:40+00:00","description":"Procedimientos que se realizan tanto para prevenir y alargar los efectos del envejecimiento facial, como para realzar la armon\u00eda y simetr\u00eda facial.","breadcrumb":{"@id":"https:\/\/content.www.institutomaxilofacial.com\/es\/cirugia-estetica-facial\/que-es-la-cirugia-estetica-facial\/#breadcrumb"},"inLanguage":"ca-ES","potentialAction":[{"@type":"ReadAction","target":["https:\/\/content.www.institutomaxilofacial.com\/es\/cirugia-estetica-facial\/que-es-la-cirugia-estetica-facial\/"]}]},{"@type":"ImageObject","inLanguage":"ca-ES","@id":"https:\/\/content.www.institutomaxilofacial.com\/es\/cirugia-estetica-facial\/que-es-la-cirugia-estetica-facial\/#primaryimage","url":"https:\/\/content.www.institutomaxilofacial.com\/wp-content\/uploads\/2016\/03\/shutterstock_124995839-e1464693937539.jpg","contentUrl":"https:\/\/content.www.institutomaxilofacial.com\/wp-content\/uploads\/2016\/03\/shutterstock_124995839-e1464693937539.jpg","width":1000,"height":850,"caption":"Cirug\u00eda facial"},{"@type":"BreadcrumbList","@id":"https:\/\/content.www.institutomaxilofacial.com\/es\/cirugia-estetica-facial\/que-es-la-cirugia-estetica-facial\/#breadcrumb","itemListElement":[{"@type":"ListItem","position":1,"name":"Portada","item":"https:\/\/content.www.institutomaxilofacial.com\/es\/"},{"@type":"ListItem","position":2,"name":"Cirug\u00eda est\u00e9tica facial","item":"https:\/\/content.www.institutomaxilofacial.com\/es\/cirugia-estetica-facial\/"},{"@type":"ListItem","position":3,"name":"\u00bfQu\u00e9 es la Cirug\u00eda Est\u00e9tica Facial?"}]},{"@type":"WebSite","@id":"https:\/\/content.www.institutomaxilofacial.com\/ca\/#website","url":"https:\/\/content.www.institutomaxilofacial.com\/ca\/","name":"Instituto Maxilofacial","description":"Experts en Cirurgia Oral i Maxil\u00b7lofacial. Precisi\u00f3, experi\u00e8ncia i passi\u00f3 per la innovaci\u00f3","potentialAction":[{"@type":"SearchAction","target":{"@type":"EntryPoint","urlTemplate":"https:\/\/content.www.institutomaxilofacial.com\/ca\/?s={search_term_string}"},"query-input":{"@type":"PropertyValueSpecification","valueRequired":true,"valueName":"search_term_string"}}],"inLanguage":"ca-ES"}]}},"meta_box":{"caso-clinico-taxonomy":[],"caso-clinico-casos":[],"categoria-home-header-title":"","categoria-home-header-image":[],"categoria-home-intro-text":"","cta-cita-title":"","cta-cita-text":"","cta-cita-button-text":"","cta-cita-button-link":"","cta-cita-button-link-external":"","cta-cita-image":[],"cta-cita-image-mobile":[],"categoria-page-info-title":"","categoria-page-info-image":[],"categoria-page-header-title":"","categoria-page-header-image":[],"categoria-page-intro-text":"","categoria-page-intro-image":[],"categoria-page-intro-image-mobile":[],"categoria-page-intro-image-position":"","categoria-page-intro-image-position-mobile":"","categoria-page-intro-content":"","categoria-page-intro-highlights":[],"categoria-page-blocks":[],"categoria-page-benefits-active":"","categoria-page-benefits-title":"","categoria-page-benefits-text":"","categoria-page-benefits-image":[],"categoria-page-benefits-image-mobile":[],"categoria-page-button-text":"","categoria-page-button-link":"","categoria-page-button-link-external":"","categoria-page-cta1-title":"","categoria-page-cta1-text":"","categoria-page-cta1-button-text":"","categoria-page-cta1-button-link":"","categoria-page-cta2-title":"","categoria-page-cta2-text":"","categoria-page-cta2-button-text":"","categoria-page-cta2-button-link":"","contacto-name":"","contacto-address":"","contacto-tlf":"","contacto-fax":"","contacto-image":[],"contacto-lat":"","contacto-lng":"","contacto-map-zoom":"","contacto-map-lat":"","contacto-map-lng":"","contacto-form":"","faqs-taxonomy":[],"estetica-home-header-title":"","estetica-home-header-image":[],"estetica-home-intro-title":"","estetica-home-intro-text":"","estetica-home-cirugia-title":"","estetica-home-medicina-title":"","estetica-home-descubre-title":"","estetica-home-descubre-text":"","estetica-home-descubre-image":[],"estetica-home-descubre-background":[],"estetica-home-descubre-background-mobile":[],"estetica-home-cta1-title":"","estetica-home-cta1-text":"","estetica-home-cta1-button-text":"","estetica-home-cta1-button-link":"","estetica-home-cta1-image":[],"estetica-home-cta2-title":"","estetica-home-cta2-text":"","estetica-home-cta2-button-text":"","estetica-home-cta2-button-link":"","estetica-home-cta2-image":[],"estetica-home-posts-title":"","estetica-home-posts-button-text":"","estetica-home-faq-title":"","estetica-home-faqs":[],"estetica-home-faq-button-text":"","estetica-home-faq-button-link":"","stetik-iframe-url":"","interior-show-breadcrumb":"","interior-header-title":"","interior-header-image":[],"interior-blocks":[],"is-stetik-studio":"","stetik-team-header-title":"","stetik-team-header-image":[],"stetik-team-intro-text":"","stetik-team-team-title":"","stetik-team-team-professional":[],"video-consulta-text":"","video-consulta-form":"","voz-experto-taxonomy":[],"landing-apnea-header-title":"","landing-apnea-header-subtitle":"","landing-apnea-header-image":[],"landing-apnea-header-pide-cita":"","landing-apnea-header-typeform":"","landing-apnea-blocks":[],"landing-apnea-intro-title":"","landing-apnea-intro-text":"","landing-apnea-highlight-items":[],"landing-apnea-blocks-2":[],"landing-apnea-testimonials-title":"","landing-apnea-testimonials-text":"","landing-apnea-testimonials-videos":[],"landing-apnea-hero-text":"","landing-apnea-faq-title":"","landing-apnea-faqs":[],"landing-apnea-prefooter-text":"","landing-apnea-prefooter-nota":"","redirect-page":"","shortcodeform-code":"","redirect-page-es":"","redirect-page-en":"","redirect-page-ca":"","login-page-need":"0","login-page":"","eh-cover-image":[],"eh-cover-image-mobile":[],"eh-cover-title":"","eh-cover-subtitle":"","eh-cover-text":"","eh-cover-btn1-text":"","eh-cover-btn1-page-id":"","eh-cover-btn2-text":"","eh-cover-btn2-video-files":[],"eh-specs-main-title":"","eh-specs":[],"eh-icons-reduced-section":"","eh-icons-1":[],"eh-patients-title":"","eh-patients":[],"eh-patients-nopic-title":"","eh-patients-nopic":[],"eh-video-title":"","eh-video":[],"eh-icons-2-reduced-section":"","eh-icons-2":[],"contact-zoom":"","contact-center":[],"contact-data-left-title":"","contact-data-left-content":"","contact-lat":"","contact-long":"","contact-bubble":"","contact-title-form":"","contact-text-form":"","contact-shortcode-form":"","contact-title-widget":"","contact-text-widget":"","contact-shortcode-widget":"","page-header":[],"page-header-text":"Cirurgia Est\u00e8tica Facial","page-header-english":"0","page-header-english-page-id":"","page-content-title":"Qu\u00e8 \u00e9s la Cirurgia Est\u00e8tica Facial?","home-slides":[],"page-content-text-1":"","page-content-text-2":"","page-content-image-1":[],"page-content-video":"","page-content-text-3":"","page-content-image-2":[],"page-content-text-4":"","page-content-image-3":[],"page-excerpt-title":"","page-excerpt-text":"","page-related-enable":"1","related-content":[{"type-related":"page","page-related":"153"},{"type-related":"page","page-related":"186"},{"type-related":"page","page-related":"188"}],"getcontent":[],"home-text-block":[],"home-blue-text":"","home-blue-image":[],"home-contact-form":[],"team-doctor-name":"","team-doctor-position":"","team-doctor-txt":"","team-doctor-btn":"","team-doctor-page":"","team-doctor-img":[],"team-img-fullwidth":[],"contact-link":"","contact-msg":"","contact-subject":"","contact-lat-2":"","contact-long-2":"","contact-bubble-2":"","contact-data":"","contact-tour-title":"","contact-tour-link":"","contact-tour-image":[],"contact-form":[],"faq-type":false,"item-row":[{"scheme":"onlytext","row-padding":"without-padding","item-text":"La\u00a0<b>belleza<\/b>\u00a0<b>facial<\/b>\u00a0viene determinada por distintos factores como las preferencias personales, los rasgos raciales y las tendencias culturales, entre otros. Por esta raz\u00f3n, los especialistas del\u00a0<b>Instituto Maxilofacial<\/b>, han investigado y desarrollado durante muchos a\u00f1os distintas t\u00e9cnicas para lograr una\u00a0<b>simetr\u00eda<\/b>\u00a0y<b>\u00a0armon\u00eda facial\u00a0<\/b>de acuerdo con los c\u00e1nones de belleza universales."},{"scheme":"imagetext","layout-color":"white","row-padding":"small-padding","item-text":"<p class=\"p1\">La <b>bellesa facial<\/b> ve determinada per diferents factors com les prefer\u00e8ncies personals, els trets racials i les tend\u00e8ncies culturals, entre d\u2019altres. Per aquesta ra\u00f3, els especialistes de l\u2019<b>Institut Maxil\u00b7lofacial<\/b> han investigat i desenvolupat durant molts anys diferents t\u00e8cniques per aconseguir una <b>simetria<\/b> i <b>harmonia facial<\/b> d\u2019acord amb els c\u00e0nons de bellesa universals.<\/p>\r\n<p class=\"p1\">Els procediments d\u2019<b>est\u00e8tica facial<\/b> es realitzen tant per combatre els primers s\u00edmptomes del pas dels anys, com tamb\u00e9 per modificar algun <b>tret facial<\/b> que no harmonitzi amb la resta de la cara.<\/p>\r\n<p class=\"p1\">Aix\u00ed, els procediments principals que realitzem per prevenir i allargar els efectes de l\u2019<b>envelliment facial<\/b> s\u00f3n:<\/p>\r\n\r\n<ul class=\"ul1\">\r\n \t<li class=\"li1\"><a href=\"https:\/\/content.www.institutomaxilofacial.com\/ca\/tratamiento\/cirurgia-estetica-facial-blefaroplastia\/\">Blefaropl\u00e0stia<\/a><\/li>\r\n \t<li class=\"li1\"><a href=\"https:\/\/content.www.institutomaxilofacial.com\/ca\/tratamiento\/cirurgia-estetica-facial-quiloplastia\/\">Quilopl\u00e0stia<\/a><\/li>\r\n \t<li class=\"li1\"><a href=\"https:\/\/content.www.institutomaxilofacial.com\/ca\/tratamiento\/cirurgia-estetica-facial-lifting-facial\/\">L\u00edfting facial<\/a><\/li>\r\n \t<li class=\"li1\"><a href=\"https:\/\/content.www.institutomaxilofacial.com\/ca\/tratamiento\/cirurgia-estetica-facial-augment-de-pomuls\/\">Augment de p\u00f2muls<\/a><\/li>\r\n \t<li class=\"li1\"><a href=\"https:\/\/content.www.institutomaxilofacial.com\/ca\/tratamiento\/cirurgia-estetica-facial-tractament-amb-botox\/\">Toxina botul\u00ednica o Botox<\/a><\/li>\r\n<\/ul>","video-explica-rows":[{"item-slide-video-type":"input_embed"}],"item-images":["998"],"item-image-alt":"En Qu\u00e8 Consisteix La Cirurgia Est\u00e8tica Facial?","item-bg-size-contain":["on"],"item-row-icon-image-1":"Icono-1.png","item-row-icon-image-2":"Icono-1.png","item-row-icon-image-3":"Icono-1.png","item-row-icon-image-4":"Icono-1.png","item-cta-page":"5633","item-cta-size":"btn-big"},{"scheme":"textimage","layout-color":"white","row-padding":"normal-padding","item-text":"<p class=\"p1\">I, d\u2019altra banda, alguns tractaments centrats especialment a real\u00e7ar l\u2019<b>harmonia<\/b> i <b>simetria facial:<\/b><\/p>\r\n\r\n<ul class=\"ul1\">\r\n \t<li class=\"li1\"><a href=\"https:\/\/content.www.institutomaxilofacial.com\/ca\/tratamiento\/cirurgia-estetica-facial-rinoplastia\/\">Rinopl\u00e0stia<\/a><\/li>\r\n \t<li class=\"li1\"><a href=\"https:\/\/content.www.institutomaxilofacial.com\/ca\/tratamiento\/cirurgia-estetica-facial-mentoplastia\/\"><span class=\"s1\">Mentopl\u00e0stia<\/span><\/a><\/li>\r\n \t<li class=\"li1\"><a href=\"https:\/\/content.www.institutomaxilofacial.com\/ca\/tratamiento\/cirurgia-estetica-facial-cantopexia\/\">Cantopl\u00e0stia<\/a><\/li>\r\n \t<li class=\"li1\"><a href=\"https:\/\/content.www.institutomaxilofacial.com\/ca\/tratamiento\/cirurgia-estetica-facial-otoplastia\/\">Otopl\u00e0stia<\/a><\/li>\r\n<\/ul>\r\n<p class=\"p2\">Tot aquest tipus de tractaments s\u00f3n m\u00ednimament invasius, \u00e9s a dir, no deixen rastre de cicatrius i, a m\u00e9s, els postoperatoris s\u00f3n r\u00e0pids, c\u00f2modes i poc dolorosos.<\/p>","video-explica-rows":[{"item-slide-video-type":"input_embed","item-slide-file-mp4":["5756"]}],"item-images":["9467"],"item-image-alt":"En Qu\u00e8 Consisteix La Cirurgia Est\u00e8tica Facial?","item-bg-size-contain":["on"],"item-row-icon-image-1":"Icono-1.png","item-row-icon-image-2":"Icono-1.png","item-row-icon-image-3":"Icono-1.png","item-row-icon-image-4":"Icono-1.png","item-cta-page":"5633","item-cta-size":"btn-big"},{"scheme":"video_explica","layout-color":"dark-blue","row-padding":"small-padding","item-title":"V\u00eddeos explicatius","video-explica-rows":[{"item-slide-video-type":"input_file","item-slide-file-mp4":["5755"]},{"item-slide-video-type":"input_embed","item-slide-embed":"<iframe src=\"https:\/\/player.vimeo.com\/video\/333732655\" width=\"640\" height=\"480\" frameborder=\"0\" allow=\"autoplay; fullscreen\" allowfullscreen><\/iframe>"}],"item-row-icon-image-1":"Icono-1.png","item-row-icon-image-2":"Icono-1.png","item-row-icon-image-3":"Icono-1.png","item-row-icon-image-4":"Icono-1.png","item-cta-page":"5633","item-cta-size":"btn-big"}],"chatbot-code":"","lateral-reducedheader":"","lateral-content-type":"","lateral-title":"","lateral-intro":"","lateral-form":"","lateral-popup":"","lateral-popup-pages":[],"lateral-cta-text":"","lateral-cta-page":"","item-type":"","item-tax":false,"iframe-tuotempo":"","iframe-subs-es":"","iframe-subs-en":"","iframe-subs-ca":"","blog-default-image":[],"activity-events-date":"","activity-page-past":"","noticias-default-image":[]},"_links":{"self":[{"href":"https:\/\/content.www.institutomaxilofacial.com\/ca\/wp-json\/wp\/v2\/pages\/141","targetHints":{"allow":["GET"]}}],"collection":[{"href":"https:\/\/content.www.institutomaxilofacial.com\/ca\/wp-json\/wp\/v2\/pages"}],"about":[{"href":"https:\/\/content.www.institutomaxilofacial.com\/ca\/wp-json\/wp\/v2\/types\/page"}],"author":[{"embeddable":true,"href":"https:\/\/content.www.institutomaxilofacial.com\/ca\/wp-json\/wp\/v2\/users\/1"}],"replies":[{"embeddable":true,"href":"https:\/\/content.www.institutomaxilofacial.com\/ca\/wp-json\/wp\/v2\/comments?post=141"}],"version-history":[{"count":15,"href":"https:\/\/content.www.institutomaxilofacial.com\/ca\/wp-json\/wp\/v2\/pages\/141\/revisions"}],"predecessor-version":[{"id":7924,"href":"https:\/\/content.www.institutomaxilofacial.com\/ca\/wp-json\/wp\/v2\/pages\/141\/revisions\/7924"}],"up":[{"embeddable":true,"href":"https:\/\/content.www.institutomaxilofacial.com\/ca\/wp-json\/wp\/v2\/pages\/29"}],"wp:featuredmedia":[{"embeddable":true,"href":"https:\/\/content.www.institutomaxilofacial.com\/ca\/wp-json\/wp\/v2\/media\/998"}],"wp:attachment":[{"href":"https:\/\/content.www.institutomaxilofacial.com\/ca\/wp-json\/wp\/v2\/media?parent=141"}],"curies":[{"name":"wp","href":"https:\/\/api.w.org\/{rel}","templated":true}]}}