{"id":143,"date":"2016-03-08T12:11:50","date_gmt":"2016-03-08T12:11:50","guid":{"rendered":"https:\/\/content.www.institutomaxilofacial.com\/?page_id=143"},"modified":"2019-02-11T08:22:21","modified_gmt":"2019-02-11T08:22:21","slug":"what-is-oral-and-maxillofacial-surgery","status":"publish","type":"page","link":"https:\/\/content.www.institutomaxilofacial.com\/ca\/cirurgia-oral-i-maxillofacial\/que-es-la-cirurgia-oral-i-maxilofacial\/","title":{"rendered":"Qu\u00e8 \u00e9s la Cirurgia Oral i Maxil\u00b7lofacial?"},"content":{"rendered":"","protected":false},"excerpt":{"rendered":"","protected":false},"author":1,"featured_media":1002,"parent":35,"menu_order":10,"comment_status":"closed","ping_status":"closed","template":"template-modular.php","meta":{"footnotes":""},"class_list":["post-143","page","type-page","status-publish","has-post-thumbnail","hentry"],"yoast_head":"<!-- This site is optimized with the Yoast SEO plugin v27.2 - https:\/\/yoast.com\/product\/yoast-seo-wordpress\/ -->\n<title>Cirurgia Oral i Maxil\u00b7lofacial - Instituto Maxilofacial<\/title>\n<meta name=\"description\" content=\"La cirurgia oral i maxil\u00b7lofacial es dedica a l\u2019estudi, prevenci\u00f3, diagn\u00f2stic, tractament i rehabilitaci\u00f3 de les malalties de tota l\u2019estructura facial\" \/>\n<meta name=\"robots\" content=\"index, follow, max-snippet:-1, max-image-preview:large, max-video-preview:-1\" \/>\n<link rel=\"canonical\" href=\"https:\/\/content.www.institutomaxilofacial.com\/ca\/wp-json\/wp\/v2\/pages\/143\/\" \/>\n<meta property=\"og:locale\" content=\"ca_ES\" \/>\n<meta property=\"og:type\" content=\"article\" \/>\n<meta property=\"og:title\" content=\"[:es]Cirug\u00eda Oral y Maxilofacial - Instituto Maxilofacial[:ca]Cirurgia Oral i Maxil\u00b7lofacial - Instituto Maxilofacial[:en]Oral and Maxillofacial Surgery - Instituto Maxilofacial[:]\" \/>\n<meta property=\"og:description\" content=\"{:es}Estudio, prevenci\u00f3n, diagn\u00f3stico, tratamiento y rehabilitaci\u00f3n de las enfermedades cong\u00e9nitas o adquiridas de toda la estructura facial.{:ca}La cirurgia oral i maxil\u00b7lofacial es dedica a l\u2019estudi, prevenci\u00f3, diagn\u00f2stic, tractament i rehabilitaci\u00f3 de les malalties de tota l\u2019estructura facial{:en}Speciality dedicated to the study, prevention, diagnosis, treatment and rehabilitation of congenital or acquired diseases of the entire facial structure.{:}\" \/>\n<meta property=\"og:url\" content=\"https:\/\/content.www.institutomaxilofacial.com\/es\/cirugia-oral-y-maxilofacial\/que-es-la-cirugia-oral-y-maxilofacial\/\" \/>\n<meta property=\"og:site_name\" content=\"Instituto Maxilofacial\" \/>\n<meta property=\"article:modified_time\" content=\"2019-02-11T08:22:21+00:00\" \/>\n<meta property=\"og:image\" content=\"https:\/\/content.www.institutomaxilofacial.com\/wp-content\/uploads\/2016\/03\/shutterstock_149858276-e1464693900707.jpg\" \/>\n\t<meta property=\"og:image:width\" content=\"1500\" \/>\n\t<meta property=\"og:image:height\" content=\"1000\" \/>\n\t<meta property=\"og:image:type\" content=\"image\/jpeg\" \/>\n<meta name=\"twitter:card\" content=\"summary_large_image\" \/>\n<script type=\"application\/ld+json\" class=\"yoast-schema-graph\">{\"@context\":\"https:\/\/schema.org\",\"@graph\":[{\"@type\":\"WebPage\",\"@id\":\"https:\/\/content.www.institutomaxilofacial.com\/es\/cirugia-oral-y-maxilofacial\/que-es-la-cirugia-oral-y-maxilofacial\/\",\"url\":\"https:\/\/content.www.institutomaxilofacial.com\/es\/cirugia-oral-y-maxilofacial\/que-es-la-cirugia-oral-y-maxilofacial\/\",\"name\":\"[:es]Cirug\u00eda Oral y Maxilofacial - Instituto Maxilofacial[:ca]Cirurgia Oral i Maxil\u00b7lofacial - Instituto Maxilofacial[:en]Oral and Maxillofacial Surgery - Instituto Maxilofacial[:]\",\"isPartOf\":{\"@id\":\"https:\/\/content.www.institutomaxilofacial.com\/ca\/#website\"},\"primaryImageOfPage\":{\"@id\":\"https:\/\/content.www.institutomaxilofacial.com\/es\/cirugia-oral-y-maxilofacial\/que-es-la-cirugia-oral-y-maxilofacial\/#primaryimage\"},\"image\":{\"@id\":\"https:\/\/content.www.institutomaxilofacial.com\/es\/cirugia-oral-y-maxilofacial\/que-es-la-cirugia-oral-y-maxilofacial\/#primaryimage\"},\"thumbnailUrl\":\"https:\/\/content.www.institutomaxilofacial.com\/wp-content\/uploads\/2016\/03\/shutterstock_149858276-e1464693900707.jpg\",\"datePublished\":\"2016-03-08T12:11:50+00:00\",\"dateModified\":\"2019-02-11T08:22:21+00:00\",\"description\":\"{:es}Estudio, prevenci\u00f3n, diagn\u00f3stico, tratamiento y rehabilitaci\u00f3n de las enfermedades cong\u00e9nitas o adquiridas de toda la estructura facial.{:ca}La cirurgia oral i maxil\u00b7lofacial es dedica a l\u2019estudi, prevenci\u00f3, diagn\u00f2stic, tractament i rehabilitaci\u00f3 de les malalties de tota l\u2019estructura facial{:en}Speciality dedicated to the study, prevention, diagnosis, treatment and rehabilitation of congenital or acquired diseases of the entire facial structure.{:}\",\"breadcrumb\":{\"@id\":\"https:\/\/content.www.institutomaxilofacial.com\/es\/cirugia-oral-y-maxilofacial\/que-es-la-cirugia-oral-y-maxilofacial\/#breadcrumb\"},\"inLanguage\":\"ca-ES\",\"potentialAction\":[{\"@type\":\"ReadAction\",\"target\":[\"https:\/\/content.www.institutomaxilofacial.com\/es\/cirugia-oral-y-maxilofacial\/que-es-la-cirugia-oral-y-maxilofacial\/\"]}]},{\"@type\":\"ImageObject\",\"inLanguage\":\"ca-ES\",\"@id\":\"https:\/\/content.www.institutomaxilofacial.com\/es\/cirugia-oral-y-maxilofacial\/que-es-la-cirugia-oral-y-maxilofacial\/#primaryimage\",\"url\":\"https:\/\/content.www.institutomaxilofacial.com\/wp-content\/uploads\/2016\/03\/shutterstock_149858276-e1464693900707.jpg\",\"contentUrl\":\"https:\/\/content.www.institutomaxilofacial.com\/wp-content\/uploads\/2016\/03\/shutterstock_149858276-e1464693900707.jpg\",\"width\":1500,\"height\":1000,\"caption\":\"Est\u00e9tica facial\"},{\"@type\":\"BreadcrumbList\",\"@id\":\"https:\/\/content.www.institutomaxilofacial.com\/es\/cirugia-oral-y-maxilofacial\/que-es-la-cirugia-oral-y-maxilofacial\/#breadcrumb\",\"itemListElement\":[{\"@type\":\"ListItem\",\"position\":1,\"name\":\"Portada\",\"item\":\"https:\/\/content.www.institutomaxilofacial.com\/es\/\"},{\"@type\":\"ListItem\",\"position\":2,\"name\":\"Cirug\u00eda oral y maxilofacial\",\"item\":\"https:\/\/content.www.institutomaxilofacial.com\/es\/cirugia-oral-y-maxilofacial\/\"},{\"@type\":\"ListItem\",\"position\":3,\"name\":\"\u00bfQu\u00e9 es la Cirug\u00eda Oral y Maxilofacial?\"}]},{\"@type\":\"WebSite\",\"@id\":\"https:\/\/content.www.institutomaxilofacial.com\/ca\/#website\",\"url\":\"https:\/\/content.www.institutomaxilofacial.com\/ca\/\",\"name\":\"Instituto Maxilofacial\",\"description\":\"Experts en Cirurgia Oral i Maxil\u00b7lofacial. Precisi\u00f3, experi\u00e8ncia i passi\u00f3 per la innovaci\u00f3\",\"potentialAction\":[{\"@type\":\"SearchAction\",\"target\":{\"@type\":\"EntryPoint\",\"urlTemplate\":\"https:\/\/content.www.institutomaxilofacial.com\/ca\/?s={search_term_string}\"},\"query-input\":{\"@type\":\"PropertyValueSpecification\",\"valueRequired\":true,\"valueName\":\"search_term_string\"}}],\"inLanguage\":\"ca-ES\"}]}<\/script>\n<!-- \/ Yoast SEO plugin. -->","yoast_head_json":{"title":"Cirurgia Oral i Maxil\u00b7lofacial - Instituto Maxilofacial","description":"La cirurgia oral i maxil\u00b7lofacial es dedica a l\u2019estudi, prevenci\u00f3, diagn\u00f2stic, tractament i rehabilitaci\u00f3 de les malalties de tota l\u2019estructura facial","robots":{"index":"index","follow":"follow","max-snippet":"max-snippet:-1","max-image-preview":"max-image-preview:large","max-video-preview":"max-video-preview:-1"},"canonical":"https:\/\/content.www.institutomaxilofacial.com\/ca\/wp-json\/wp\/v2\/pages\/143\/","og_locale":"ca_ES","og_type":"article","og_title":"[:es]Cirug\u00eda Oral y Maxilofacial - Instituto Maxilofacial[:ca]Cirurgia Oral i Maxil\u00b7lofacial - Instituto Maxilofacial[:en]Oral and Maxillofacial Surgery - Instituto Maxilofacial[:]","og_description":"{:es}Estudio, prevenci\u00f3n, diagn\u00f3stico, tratamiento y rehabilitaci\u00f3n de las enfermedades cong\u00e9nitas o adquiridas de toda la estructura facial.{:ca}La cirurgia oral i maxil\u00b7lofacial es dedica a l\u2019estudi, prevenci\u00f3, diagn\u00f2stic, tractament i rehabilitaci\u00f3 de les malalties de tota l\u2019estructura facial{:en}Speciality dedicated to the study, prevention, diagnosis, treatment and rehabilitation of congenital or acquired diseases of the entire facial structure.{:}","og_url":"https:\/\/content.www.institutomaxilofacial.com\/es\/cirugia-oral-y-maxilofacial\/que-es-la-cirugia-oral-y-maxilofacial\/","og_site_name":"Instituto Maxilofacial","article_modified_time":"2019-02-11T08:22:21+00:00","og_image":[{"width":1500,"height":1000,"url":"https:\/\/content.www.institutomaxilofacial.com\/wp-content\/uploads\/2016\/03\/shutterstock_149858276-e1464693900707.jpg","type":"image\/jpeg"}],"twitter_card":"summary_large_image","schema":{"@context":"https:\/\/schema.org","@graph":[{"@type":"WebPage","@id":"https:\/\/content.www.institutomaxilofacial.com\/es\/cirugia-oral-y-maxilofacial\/que-es-la-cirugia-oral-y-maxilofacial\/","url":"https:\/\/content.www.institutomaxilofacial.com\/es\/cirugia-oral-y-maxilofacial\/que-es-la-cirugia-oral-y-maxilofacial\/","name":"[:es]Cirug\u00eda Oral y Maxilofacial - Instituto Maxilofacial[:ca]Cirurgia Oral i Maxil\u00b7lofacial - Instituto Maxilofacial[:en]Oral and Maxillofacial Surgery - Instituto Maxilofacial[:]","isPartOf":{"@id":"https:\/\/content.www.institutomaxilofacial.com\/ca\/#website"},"primaryImageOfPage":{"@id":"https:\/\/content.www.institutomaxilofacial.com\/es\/cirugia-oral-y-maxilofacial\/que-es-la-cirugia-oral-y-maxilofacial\/#primaryimage"},"image":{"@id":"https:\/\/content.www.institutomaxilofacial.com\/es\/cirugia-oral-y-maxilofacial\/que-es-la-cirugia-oral-y-maxilofacial\/#primaryimage"},"thumbnailUrl":"https:\/\/content.www.institutomaxilofacial.com\/wp-content\/uploads\/2016\/03\/shutterstock_149858276-e1464693900707.jpg","datePublished":"2016-03-08T12:11:50+00:00","dateModified":"2019-02-11T08:22:21+00:00","description":"{:es}Estudio, prevenci\u00f3n, diagn\u00f3stico, tratamiento y rehabilitaci\u00f3n de las enfermedades cong\u00e9nitas o adquiridas de toda la estructura facial.{:ca}La cirurgia oral i maxil\u00b7lofacial es dedica a l\u2019estudi, prevenci\u00f3, diagn\u00f2stic, tractament i rehabilitaci\u00f3 de les malalties de tota l\u2019estructura facial{:en}Speciality dedicated to the study, prevention, diagnosis, treatment and rehabilitation of congenital or acquired diseases of the entire facial structure.{:}","breadcrumb":{"@id":"https:\/\/content.www.institutomaxilofacial.com\/es\/cirugia-oral-y-maxilofacial\/que-es-la-cirugia-oral-y-maxilofacial\/#breadcrumb"},"inLanguage":"ca-ES","potentialAction":[{"@type":"ReadAction","target":["https:\/\/content.www.institutomaxilofacial.com\/es\/cirugia-oral-y-maxilofacial\/que-es-la-cirugia-oral-y-maxilofacial\/"]}]},{"@type":"ImageObject","inLanguage":"ca-ES","@id":"https:\/\/content.www.institutomaxilofacial.com\/es\/cirugia-oral-y-maxilofacial\/que-es-la-cirugia-oral-y-maxilofacial\/#primaryimage","url":"https:\/\/content.www.institutomaxilofacial.com\/wp-content\/uploads\/2016\/03\/shutterstock_149858276-e1464693900707.jpg","contentUrl":"https:\/\/content.www.institutomaxilofacial.com\/wp-content\/uploads\/2016\/03\/shutterstock_149858276-e1464693900707.jpg","width":1500,"height":1000,"caption":"Est\u00e9tica facial"},{"@type":"BreadcrumbList","@id":"https:\/\/content.www.institutomaxilofacial.com\/es\/cirugia-oral-y-maxilofacial\/que-es-la-cirugia-oral-y-maxilofacial\/#breadcrumb","itemListElement":[{"@type":"ListItem","position":1,"name":"Portada","item":"https:\/\/content.www.institutomaxilofacial.com\/es\/"},{"@type":"ListItem","position":2,"name":"Cirug\u00eda oral y maxilofacial","item":"https:\/\/content.www.institutomaxilofacial.com\/es\/cirugia-oral-y-maxilofacial\/"},{"@type":"ListItem","position":3,"name":"\u00bfQu\u00e9 es la Cirug\u00eda Oral y Maxilofacial?"}]},{"@type":"WebSite","@id":"https:\/\/content.www.institutomaxilofacial.com\/ca\/#website","url":"https:\/\/content.www.institutomaxilofacial.com\/ca\/","name":"Instituto Maxilofacial","description":"Experts en Cirurgia Oral i Maxil\u00b7lofacial. Precisi\u00f3, experi\u00e8ncia i passi\u00f3 per la innovaci\u00f3","potentialAction":[{"@type":"SearchAction","target":{"@type":"EntryPoint","urlTemplate":"https:\/\/content.www.institutomaxilofacial.com\/ca\/?s={search_term_string}"},"query-input":{"@type":"PropertyValueSpecification","valueRequired":true,"valueName":"search_term_string"}}],"inLanguage":"ca-ES"}]}},"meta_box":{"caso-clinico-taxonomy":[],"caso-clinico-casos":[],"categoria-home-header-title":"","categoria-home-header-image":[],"categoria-home-intro-text":"","cta-cita-title":"","cta-cita-text":"","cta-cita-button-text":"","cta-cita-button-link":"","cta-cita-button-link-external":"","cta-cita-image":[],"cta-cita-image-mobile":[],"categoria-page-info-title":"","categoria-page-info-image":[],"categoria-page-header-title":"","categoria-page-header-image":[],"categoria-page-intro-text":"","categoria-page-intro-image":[],"categoria-page-intro-image-mobile":[],"categoria-page-intro-image-position":"","categoria-page-intro-image-position-mobile":"","categoria-page-intro-content":"","categoria-page-intro-highlights":[],"categoria-page-blocks":[],"categoria-page-benefits-active":"","categoria-page-benefits-title":"","categoria-page-benefits-text":"","categoria-page-benefits-image":[],"categoria-page-benefits-image-mobile":[],"categoria-page-button-text":"","categoria-page-button-link":"","categoria-page-button-link-external":"","categoria-page-cta1-title":"","categoria-page-cta1-text":"","categoria-page-cta1-button-text":"","categoria-page-cta1-button-link":"","categoria-page-cta2-title":"","categoria-page-cta2-text":"","categoria-page-cta2-button-text":"","categoria-page-cta2-button-link":"","contacto-name":"","contacto-address":"","contacto-tlf":"","contacto-fax":"","contacto-image":[],"contacto-lat":"","contacto-lng":"","contacto-map-zoom":"","contacto-map-lat":"","contacto-map-lng":"","contacto-form":"","faqs-taxonomy":[],"estetica-home-header-title":"","estetica-home-header-image":[],"estetica-home-intro-title":"","estetica-home-intro-text":"","estetica-home-cirugia-title":"","estetica-home-medicina-title":"","estetica-home-descubre-title":"","estetica-home-descubre-text":"","estetica-home-descubre-image":[],"estetica-home-descubre-background":[],"estetica-home-descubre-background-mobile":[],"estetica-home-cta1-title":"","estetica-home-cta1-text":"","estetica-home-cta1-button-text":"","estetica-home-cta1-button-link":"","estetica-home-cta1-image":[],"estetica-home-cta2-title":"","estetica-home-cta2-text":"","estetica-home-cta2-button-text":"","estetica-home-cta2-button-link":"","estetica-home-cta2-image":[],"estetica-home-posts-title":"","estetica-home-posts-button-text":"","estetica-home-faq-title":"","estetica-home-faqs":[],"estetica-home-faq-button-text":"","estetica-home-faq-button-link":"","stetik-iframe-url":"","interior-show-breadcrumb":"","interior-header-title":"","interior-header-image":[],"interior-blocks":[],"is-stetik-studio":"","stetik-team-header-title":"","stetik-team-header-image":[],"stetik-team-intro-text":"","stetik-team-team-title":"","stetik-team-team-professional":[],"video-consulta-text":"","video-consulta-form":"","voz-experto-taxonomy":[],"landing-apnea-header-title":"","landing-apnea-header-subtitle":"","landing-apnea-header-image":[],"landing-apnea-header-pide-cita":"","landing-apnea-header-typeform":"","landing-apnea-blocks":[],"landing-apnea-intro-title":"","landing-apnea-intro-text":"","landing-apnea-highlight-items":[],"landing-apnea-blocks-2":[],"landing-apnea-testimonials-title":"","landing-apnea-testimonials-text":"","landing-apnea-testimonials-videos":[],"landing-apnea-hero-text":"","landing-apnea-faq-title":"","landing-apnea-faqs":[],"landing-apnea-prefooter-text":"","landing-apnea-prefooter-nota":"","redirect-page":"","shortcodeform-code":"","redirect-page-es":"","redirect-page-en":"","redirect-page-ca":"","login-page-need":"0","login-page":"","eh-cover-image":[],"eh-cover-image-mobile":[],"eh-cover-title":"","eh-cover-subtitle":"","eh-cover-text":"","eh-cover-btn1-text":"","eh-cover-btn1-page-id":"","eh-cover-btn2-text":"","eh-cover-btn2-video-files":[],"eh-specs-main-title":"","eh-specs":[],"eh-icons-reduced-section":"","eh-icons-1":[],"eh-patients-title":"","eh-patients":[],"eh-patients-nopic-title":"","eh-patients-nopic":[],"eh-video-title":"","eh-video":[],"eh-icons-2-reduced-section":"","eh-icons-2":[],"contact-zoom":"","contact-center":[],"contact-data-left-title":"","contact-data-left-content":"","contact-lat":"","contact-long":"","contact-bubble":"","contact-title-form":"","contact-text-form":"","contact-shortcode-form":"","contact-title-widget":"","contact-text-widget":"","contact-shortcode-widget":"","page-header":[],"page-header-text":"Cirurgia Oral i Maxil\u00b7lofacial","page-header-english":"0","page-header-english-page-id":"","page-content-title":"Qu\u00e8 \u00e9s la Cirurgia Oral i Maxil\u00b7lofacial?","home-slides":[],"page-content-text-1":"","page-content-text-2":"","page-content-image-1":[],"page-content-video":"","page-content-text-3":"","page-content-image-2":[],"page-content-text-4":"","page-content-image-3":[],"page-excerpt-title":"","page-excerpt-text":"","page-related-enable":"1","related-content":[],"getcontent":[],"home-text-block":[],"home-blue-text":"","home-blue-image":[],"home-contact-form":[],"team-doctor-name":"","team-doctor-position":"","team-doctor-txt":"","team-doctor-btn":"","team-doctor-page":"","team-doctor-img":[],"team-img-fullwidth":[],"contact-link":"","contact-msg":"","contact-subject":"","contact-lat-2":"","contact-long-2":"","contact-bubble-2":"","contact-data":"","contact-tour-title":"","contact-tour-link":"","contact-tour-image":[],"contact-form":[],"faq-type":false,"item-row":[{"scheme":"imagetext","layout-color":"white","row-padding":"small-padding","item-text":"<p class=\"p1\">La <b>cirurgia oral i maxil\u00b7lofacial<\/b> \u00e9s una especialitat que es dedica a l\u2019estudi, la prevenci\u00f3, el diagn\u00f2stic, el tractament i la rehabilitaci\u00f3 de les malalties cong\u00e8nites o adquirides de tota l\u2019estructura facial.<\/p>\r\n<p class=\"p1\">Els <b>especialistes <\/b>en<b> cirurgia maxil\u00b7lofacial<\/b> de l\u2019<b>Institut Maxil\u00b7lofacial <\/b>tracten totes les tipologies de malalties possibles, des de la <a href=\"https:\/\/content.www.institutomaxilofacial.com\/ca\/tratamiento\/implants-dentals-cirurgia-reconstructiva-i-regeneracio-ossia\/\">falta d\u2019os<\/a> del <b>maxil\u00b7lar<\/b> o la <b>mand\u00edbula <\/b>fins als problemes en les <b>gl\u00e0ndules salivals<\/b> o en la <b>mucosa oral<\/b>, patologies de l\u2019<b>articulaci\u00f3 temporomandibular<\/b>, <b>traumatismes facials <\/b>o <b>tumors de cap<\/b> i <b>coll<\/b>.<\/p>","video-explica-rows":[{"item-slide-video-type":"input_embed","item-slide-file-mp4":["5764"]}],"item-images":["1002"],"item-image-alt":"Qu\u00e8 \u00e9s la cirurgia oral i maxil\u00b7lofacial?","item-bg-size-contain":["on"],"item-row-icon-image-1":"Icono-1.png","item-row-icon-image-2":"Icono-1.png","item-row-icon-image-3":"Icono-1.png","item-row-icon-image-4":"Icono-1.png","item-cta-page":"5633","item-cta-size":"btn-big"},{"scheme":"textimage","layout-color":"white","row-padding":"small-padding","item-text":"La especialidad abarca una gran variedad de procedimientos. El<strong>\u00a0cirujano maxilofacial<\/strong>\u00a0realiza desde complejas intervenciones de cirug\u00eda pl\u00e1stica reconstructiva craneofacial, cirug\u00eda del esqueleto de la cara, procedimientos de cirug\u00eda est\u00e9tica de la cara y el cuello hasta extracciones de\u00a0<a href=\"https:\/\/content.www.institutomaxilofacial.com\/es\/tratamiento\/cirugia-oral-y-maxilofacial-cirugia-de-cordales-o-muelas-del-juicio\/\"><strong>muelas del juicio<\/strong><\/a>, apicectomias o colocaci\u00f3n de\u00a0<a href=\"https:\/\/content.www.institutomaxilofacial.com\/es\/implantes-dentales\/que-son-los-implantes-dentales\/\"><strong>implantes dentales<\/strong><\/a>.\r\n\r\nLos\u00a0<strong>especialistas en cirug\u00eda maxilofacial del Instituto Maxilofacial<\/strong>\u00a0tratan todas las tipolog\u00edas de enfermedades posibles:\r\n<ul>\r\n \t<li><a href=\"https:\/\/content.www.institutomaxilofacial.com\/es\/tratamiento\/implantes-dentales-cirugia-reconstructiva-y-regeneracion-osea\/\">Falta de hueso<\/a>\u00a0del\u00a0<strong>maxilar o la mand\u00edbula<\/strong><\/li>\r\n \t<li><a href=\"https:\/\/content.www.institutomaxilofacial.com\/es\/tratamiento\/cirugia-oral-y-maxilofacial-tumor-de-glandulas-salivales\/\">Problemas en las\u00a0<strong>gl\u00e1ndulas salivares<\/strong><\/a><\/li>\r\n \t<li><a href=\"https:\/\/content.www.institutomaxilofacial.com\/es\/tratamiento\/estetica-dental-los-tratamientos-periodontales\/\">Problemas en la mucosa oral<\/a><\/li>\r\n \t<li><a href=\"https:\/\/content.www.institutomaxilofacial.com\/es\/tratamiento\/cirugia-oral-y-maxilofacial-articulacion-temporomandibular\/\">Patolog\u00edas de la\u00a0<strong>articulaci\u00f3n temporomandibular<\/strong><\/a><\/li>\r\n \t<li><a href=\"https:\/\/content.www.institutomaxilofacial.com\/es\/tratamiento\/cirugia-oral-y-maxilofacial-traumatismos-faciales\/\"><strong>Traumatismos faciales<\/strong><\/a><\/li>\r\n \t<li><a href=\"https:\/\/content.www.institutomaxilofacial.com\/es\/tratamiento\/cirugia-oral-y-maxilofacial-tumores-de-cabeza-y-cuello\/\"><strong>Tumores de cabeza y cuello<\/strong><\/a><\/li>\r\n<\/ul>\r\nAdem\u00e1s contamos con una Unidad especializada en\u00a0<a href=\"https:\/\/content.www.institutomaxilofacial.com\/es\/tratamiento\/cirugia-oral-y-maxilofacial-pediatrica\/\">Cirug\u00eda Oral y Maxilofacial Pedi\u00e1trica\u00a0\u00a0<\/a>y una\u00a0<a href=\"https:\/\/content.www.institutomaxilofacial.com\/es\/tratamiento\/unidad-de-fisioterapia-maxilofacial\/\">Unidad de Fisioterapia Maxilofacial<\/a>\u00a0para una mejor rehabilitaci\u00f3n post quir\u00fargica, o para aquellos casos derivados por un otorrinolaring\u00f3logo.","video-explica-rows":[{"item-slide-video-type":"input_embed"}],"item-images":["423"],"item-bg-size-contain":["on"]},{"scheme":"video_explica","layout-color":"dark-blue","row-padding":"small-padding","item-title":"V\u00eddeos explicatius","video-explica-rows":[{"item-slide-video-type":"input_file","item-slide-file-mp4":["5763"]}],"item-row-icon-image-1":"Icono-1.png","item-row-icon-image-2":"Icono-1.png","item-row-icon-image-3":"Icono-1.png","item-row-icon-image-4":"Icono-1.png","item-cta-page":"5633","item-cta-size":"btn-big"}],"chatbot-code":"","lateral-reducedheader":"","lateral-content-type":"","lateral-title":"","lateral-intro":"","lateral-form":"","lateral-popup":"","lateral-popup-pages":[],"lateral-cta-text":"","lateral-cta-page":"","item-type":"","item-tax":false,"iframe-tuotempo":"","iframe-subs-es":"","iframe-subs-en":"","iframe-subs-ca":"","blog-default-image":[],"activity-events-date":"","activity-page-past":"","noticias-default-image":[]},"_links":{"self":[{"href":"https:\/\/content.www.institutomaxilofacial.com\/ca\/wp-json\/wp\/v2\/pages\/143","targetHints":{"allow":["GET"]}}],"collection":[{"href":"https:\/\/content.www.institutomaxilofacial.com\/ca\/wp-json\/wp\/v2\/pages"}],"about":[{"href":"https:\/\/content.www.institutomaxilofacial.com\/ca\/wp-json\/wp\/v2\/types\/page"}],"author":[{"embeddable":true,"href":"https:\/\/content.www.institutomaxilofacial.com\/ca\/wp-json\/wp\/v2\/users\/1"}],"replies":[{"embeddable":true,"href":"https:\/\/content.www.institutomaxilofacial.com\/ca\/wp-json\/wp\/v2\/comments?post=143"}],"version-history":[{"count":9,"href":"https:\/\/content.www.institutomaxilofacial.com\/ca\/wp-json\/wp\/v2\/pages\/143\/revisions"}],"predecessor-version":[{"id":7929,"href":"https:\/\/content.www.institutomaxilofacial.com\/ca\/wp-json\/wp\/v2\/pages\/143\/revisions\/7929"}],"up":[{"embeddable":true,"href":"https:\/\/content.www.institutomaxilofacial.com\/ca\/wp-json\/wp\/v2\/pages\/35"}],"wp:featuredmedia":[{"embeddable":true,"href":"https:\/\/content.www.institutomaxilofacial.com\/ca\/wp-json\/wp\/v2\/media\/1002"}],"wp:attachment":[{"href":"https:\/\/content.www.institutomaxilofacial.com\/ca\/wp-json\/wp\/v2\/media?parent=143"}],"curies":[{"name":"wp","href":"https:\/\/api.w.org\/{rel}","templated":true}]}}