{"id":14600,"date":"2024-04-08T10:48:19","date_gmt":"2024-04-08T08:48:19","guid":{"rendered":"https:\/\/content.www.institutomaxilofacial.com\/es\/?page_id=14600"},"modified":"2025-09-16T13:33:11","modified_gmt":"2025-09-16T11:33:11","slug":"unidad-de-apoyo-psicologico","status":"publish","type":"page","link":"https:\/\/content.www.institutomaxilofacial.com\/ca\/unitat-de-suport-psicologic\/","title":{"rendered":"Unitat de Suport Psicol\u00f2gic"},"content":{"rendered":"<p><span style=\"color: #003366;\">Inspirats en les observacions que hem fet en <strong>els nostres m\u00e9s de 30 anys d&#8217;experi\u00e8ncia<\/strong>, a l&#8217;<strong>Institut Maxil\u00b7lofacial<\/strong> hem creat la <strong>Unitat de Suport Psicol\u00f2gic per al pacient de Cirurgia Ortogn\u00e0tica<\/strong>, un servei d&#8217;acompanyament psicol\u00f2gic per als nostres pacients i les seves fam\u00edlies durant aquesta etapa crucial dels seus vides.<\/span><\/p>\n<p><span style=\"color: #003366;\"><img loading=\"lazy\" decoding=\"async\" class=\"wp-image-14619 alignleft\" src=\"https:\/\/content.www.institutomaxilofacial.com\/wp-content\/uploads\/2024\/04\/bECKY2-530x675.jpg\" alt=\"\" width=\"285\" height=\"363\" srcset=\"https:\/\/content.www.institutomaxilofacial.com\/wp-content\/uploads\/2024\/04\/bECKY2-530x675.jpg 530w, https:\/\/content.www.institutomaxilofacial.com\/wp-content\/uploads\/2024\/04\/bECKY2-1125x1432.jpg 1125w, https:\/\/content.www.institutomaxilofacial.com\/wp-content\/uploads\/2024\/04\/bECKY2-1207x1536.jpg 1207w, https:\/\/content.www.institutomaxilofacial.com\/wp-content\/uploads\/2024\/04\/bECKY2-157x200.jpg 157w, https:\/\/content.www.institutomaxilofacial.com\/wp-content\/uploads\/2024\/04\/bECKY2-98x125.jpg 98w, https:\/\/content.www.institutomaxilofacial.com\/wp-content\/uploads\/2024\/04\/bECKY2.jpg 1386w\" sizes=\"auto, (max-width: 285px) 100vw, 285px\" \/>Liderada per Rebeca Garc\u00eda, Llicenciada en Psicologia, aquesta nova Unitat se centrar\u00e0 en:<\/span><\/p>\n<ul>\n<li><span style=\"color: #003366;\"><strong>Ajudar els nostres pacients a afrontar i gestionar els seus sentiments i emocions<\/strong>, especialment en l&#8217;etapa postquir\u00fargica, quan es troben especialment vulnerables.<\/span><\/li>\n<li><span style=\"color: #003366;\"><strong>Proveir els familiars o acompanyants del pacient d&#8217;eines per ser de la m\u00e0xima ajuda possible<\/strong>, treballant les seves capacitats d&#8217;empatia i paci\u00e8ncia, i psicoeducant-los en habilitats d&#8217;acompanyament sa.<\/span><\/li>\n<\/ul>\n<blockquote><p><span style=\"color: #003366;\"><strong>Aix\u00f2 s&#8217;aconsegueix mitjan\u00e7ant diverses eines que implementem durant el recorregut del pacient, entre les quals s&#8217;inclouen sessions individuals d&#8217;acompanyament psicoemocional.<\/strong><\/span><\/p>\n<p><span style=\"color: #003366;\"><img loading=\"lazy\" decoding=\"async\" class=\"size-medium wp-image-14603\" src=\"https:\/\/content.www.institutomaxilofacial.com\/wp-content\/uploads\/2024\/04\/iStock-1338451012-530x353.jpg\" alt=\"\" width=\"530\" height=\"353\" srcset=\"https:\/\/content.www.institutomaxilofacial.com\/wp-content\/uploads\/2024\/04\/iStock-1338451012-530x353.jpg 530w, https:\/\/content.www.institutomaxilofacial.com\/wp-content\/uploads\/2024\/04\/iStock-1338451012-1125x750.jpg 1125w, https:\/\/content.www.institutomaxilofacial.com\/wp-content\/uploads\/2024\/04\/iStock-1338451012-1536x1024.jpg 1536w, https:\/\/content.www.institutomaxilofacial.com\/wp-content\/uploads\/2024\/04\/iStock-1338451012-2048x1365.jpg 2048w, https:\/\/content.www.institutomaxilofacial.com\/wp-content\/uploads\/2024\/04\/iStock-1338451012-200x133.jpg 200w, https:\/\/content.www.institutomaxilofacial.com\/wp-content\/uploads\/2024\/04\/iStock-1338451012-300x200.jpg 300w, https:\/\/content.www.institutomaxilofacial.com\/wp-content\/uploads\/2024\/04\/iStock-1338451012-600x400.jpg 600w, https:\/\/content.www.institutomaxilofacial.com\/wp-content\/uploads\/2024\/04\/iStock-1338451012-125x83.jpg 125w\" sizes=\"auto, (max-width: 530px) 100vw, 530px\" \/><\/span><\/p><\/blockquote>\n<p>&nbsp;<\/p>\n<p><span style=\"color: #003366;\">El nostre objectiu amb aquesta nova <strong>Unitat de Suport Psicol\u00f2gic<\/strong> \u00e9s donar als nostres pacients un acompanyament hol\u00edstic, adaptat a cada etapa del seu recorregut amb nosaltres, per maximitzar la seva satisfacci\u00f3 i benestar f\u00edsic i mental. Pregunteu a les nostres Coordinadores per a m\u00e9s informaci\u00f3 sobre aquest nou servei.<\/span><\/p>","protected":false},"excerpt":{"rendered":"<p>Inspirats en les observacions que hem fet en els nostres m\u00e9s de 30 anys d&#8217;experi\u00e8ncia, a l&#8217;Institut Maxil\u00b7lofacial hem creat la Unitat de Suport Psicol\u00f2gic per al pacient de Cirurgia Ortogn\u00e0tica, un servei d&#8217;acompanyament psicol\u00f2gic per als nostres pacients i les seves fam\u00edlies durant aquesta &#8230;<\/p>\n","protected":false},"author":17,"featured_media":0,"parent":0,"menu_order":0,"comment_status":"closed","ping_status":"closed","template":"","meta":{"footnotes":""},"class_list":["post-14600","page","type-page","status-publish","hentry"],"yoast_head":"<!-- This site is optimized with the Yoast SEO plugin v27.2 - https:\/\/yoast.com\/product\/yoast-seo-wordpress\/ -->\n<title>Unitat de Suport Psicol\u00f2gic - Instituto Maxilofacial<\/title>\n<meta name=\"robots\" content=\"index, follow, max-snippet:-1, max-image-preview:large, max-video-preview:-1\" \/>\n<link rel=\"canonical\" href=\"https:\/\/content.www.institutomaxilofacial.com\/ca\/wp-json\/wp\/v2\/pages\/14600\/\" \/>\n<meta property=\"og:locale\" content=\"ca_ES\" \/>\n<meta property=\"og:type\" content=\"article\" \/>\n<meta property=\"og:title\" content=\"Unitat de Suport Psicol\u00f2gic - Instituto Maxilofacial\" \/>\n<meta property=\"og:description\" content=\"Inspirats en les observacions que hem fet en els nostres m\u00e9s de 30 anys d&#8217;experi\u00e8ncia, a l&#8217;Institut Maxil\u00b7lofacial hem creat la Unitat de Suport Psicol\u00f2gic per al pacient de Cirurgia Ortogn\u00e0tica, un servei d&#8217;acompanyament psicol\u00f2gic per als nostres pacients i les seves fam\u00edlies durant aquesta ...\" \/>\n<meta property=\"og:url\" content=\"https:\/\/content.www.institutomaxilofacial.com\/es\/unidad-de-apoyo-psicologico\/\" \/>\n<meta property=\"og:site_name\" content=\"Instituto Maxilofacial\" \/>\n<meta property=\"article:modified_time\" content=\"2025-09-16T11:33:11+00:00\" \/>\n<meta property=\"og:image\" content=\"https:\/\/content.www.institutomaxilofacial.com\/wp-content\/uploads\/2024\/04\/bECKY2.jpg\" \/>\n\t<meta property=\"og:image:width\" content=\"1386\" \/>\n\t<meta property=\"og:image:height\" content=\"1764\" \/>\n\t<meta property=\"og:image:type\" content=\"image\/jpeg\" \/>\n<meta name=\"twitter:card\" content=\"summary_large_image\" \/>\n<meta name=\"twitter:label1\" content=\"Est. reading time\" \/>\n\t<meta name=\"twitter:data1\" content=\"1 minute\" \/>\n<script type=\"application\/ld+json\" class=\"yoast-schema-graph\">{\"@context\":\"https:\/\/schema.org\",\"@graph\":[{\"@type\":\"WebPage\",\"@id\":\"https:\/\/content.www.institutomaxilofacial.com\/es\/unidad-de-apoyo-psicologico\/\",\"url\":\"https:\/\/content.www.institutomaxilofacial.com\/es\/unidad-de-apoyo-psicologico\/\",\"name\":\"Unitat de Suport Psicol\u00f2gic - Instituto Maxilofacial\",\"isPartOf\":{\"@id\":\"https:\/\/content.www.institutomaxilofacial.com\/ca\/#website\"},\"primaryImageOfPage\":{\"@id\":\"https:\/\/content.www.institutomaxilofacial.com\/es\/unidad-de-apoyo-psicologico\/#primaryimage\"},\"image\":{\"@id\":\"https:\/\/content.www.institutomaxilofacial.com\/es\/unidad-de-apoyo-psicologico\/#primaryimage\"},\"thumbnailUrl\":\"https:\/\/content.www.institutomaxilofacial.com\/wp-content\/uploads\/2024\/04\/bECKY2-530x675.jpg\",\"datePublished\":\"2024-04-08T08:48:19+00:00\",\"dateModified\":\"2025-09-16T11:33:11+00:00\",\"breadcrumb\":{\"@id\":\"https:\/\/content.www.institutomaxilofacial.com\/es\/unidad-de-apoyo-psicologico\/#breadcrumb\"},\"inLanguage\":\"ca-ES\",\"potentialAction\":[{\"@type\":\"ReadAction\",\"target\":[\"https:\/\/content.www.institutomaxilofacial.com\/es\/unidad-de-apoyo-psicologico\/\"]}]},{\"@type\":\"ImageObject\",\"inLanguage\":\"ca-ES\",\"@id\":\"https:\/\/content.www.institutomaxilofacial.com\/es\/unidad-de-apoyo-psicologico\/#primaryimage\",\"url\":\"https:\/\/content.www.institutomaxilofacial.com\/wp-content\/uploads\/2024\/04\/bECKY2-530x675.jpg\",\"contentUrl\":\"https:\/\/content.www.institutomaxilofacial.com\/wp-content\/uploads\/2024\/04\/bECKY2-530x675.jpg\"},{\"@type\":\"BreadcrumbList\",\"@id\":\"https:\/\/content.www.institutomaxilofacial.com\/es\/unidad-de-apoyo-psicologico\/#breadcrumb\",\"itemListElement\":[{\"@type\":\"ListItem\",\"position\":1,\"name\":\"Portada\",\"item\":\"https:\/\/content.www.institutomaxilofacial.com\/es\/\"},{\"@type\":\"ListItem\",\"position\":2,\"name\":\"Unidad de Acompa\u00f1amiento Psicol\u00f3gico\"}]},{\"@type\":\"WebSite\",\"@id\":\"https:\/\/content.www.institutomaxilofacial.com\/ca\/#website\",\"url\":\"https:\/\/content.www.institutomaxilofacial.com\/ca\/\",\"name\":\"Instituto Maxilofacial\",\"description\":\"Experts en Cirurgia Oral i Maxil\u00b7lofacial. Precisi\u00f3, experi\u00e8ncia i passi\u00f3 per la innovaci\u00f3\",\"potentialAction\":[{\"@type\":\"SearchAction\",\"target\":{\"@type\":\"EntryPoint\",\"urlTemplate\":\"https:\/\/content.www.institutomaxilofacial.com\/ca\/?s={search_term_string}\"},\"query-input\":{\"@type\":\"PropertyValueSpecification\",\"valueRequired\":true,\"valueName\":\"search_term_string\"}}],\"inLanguage\":\"ca-ES\"}]}<\/script>\n<!-- \/ Yoast SEO plugin. -->","yoast_head_json":{"title":"Unitat de Suport Psicol\u00f2gic - Instituto Maxilofacial","robots":{"index":"index","follow":"follow","max-snippet":"max-snippet:-1","max-image-preview":"max-image-preview:large","max-video-preview":"max-video-preview:-1"},"canonical":"https:\/\/content.www.institutomaxilofacial.com\/ca\/wp-json\/wp\/v2\/pages\/14600\/","og_locale":"ca_ES","og_type":"article","og_title":"Unitat de Suport Psicol\u00f2gic - Instituto Maxilofacial","og_description":"Inspirats en les observacions que hem fet en els nostres m\u00e9s de 30 anys d&#8217;experi\u00e8ncia, a l&#8217;Institut Maxil\u00b7lofacial hem creat la Unitat de Suport Psicol\u00f2gic per al pacient de Cirurgia Ortogn\u00e0tica, un servei d&#8217;acompanyament psicol\u00f2gic per als nostres pacients i les seves fam\u00edlies durant aquesta ...","og_url":"https:\/\/content.www.institutomaxilofacial.com\/es\/unidad-de-apoyo-psicologico\/","og_site_name":"Instituto Maxilofacial","article_modified_time":"2025-09-16T11:33:11+00:00","og_image":[{"width":1386,"height":1764,"url":"https:\/\/content.www.institutomaxilofacial.com\/wp-content\/uploads\/2024\/04\/bECKY2.jpg","type":"image\/jpeg"}],"twitter_card":"summary_large_image","twitter_misc":{"Est. reading time":"1 minute"},"schema":{"@context":"https:\/\/schema.org","@graph":[{"@type":"WebPage","@id":"https:\/\/content.www.institutomaxilofacial.com\/es\/unidad-de-apoyo-psicologico\/","url":"https:\/\/content.www.institutomaxilofacial.com\/es\/unidad-de-apoyo-psicologico\/","name":"Unitat de Suport Psicol\u00f2gic - Instituto Maxilofacial","isPartOf":{"@id":"https:\/\/content.www.institutomaxilofacial.com\/ca\/#website"},"primaryImageOfPage":{"@id":"https:\/\/content.www.institutomaxilofacial.com\/es\/unidad-de-apoyo-psicologico\/#primaryimage"},"image":{"@id":"https:\/\/content.www.institutomaxilofacial.com\/es\/unidad-de-apoyo-psicologico\/#primaryimage"},"thumbnailUrl":"https:\/\/content.www.institutomaxilofacial.com\/wp-content\/uploads\/2024\/04\/bECKY2-530x675.jpg","datePublished":"2024-04-08T08:48:19+00:00","dateModified":"2025-09-16T11:33:11+00:00","breadcrumb":{"@id":"https:\/\/content.www.institutomaxilofacial.com\/es\/unidad-de-apoyo-psicologico\/#breadcrumb"},"inLanguage":"ca-ES","potentialAction":[{"@type":"ReadAction","target":["https:\/\/content.www.institutomaxilofacial.com\/es\/unidad-de-apoyo-psicologico\/"]}]},{"@type":"ImageObject","inLanguage":"ca-ES","@id":"https:\/\/content.www.institutomaxilofacial.com\/es\/unidad-de-apoyo-psicologico\/#primaryimage","url":"https:\/\/content.www.institutomaxilofacial.com\/wp-content\/uploads\/2024\/04\/bECKY2-530x675.jpg","contentUrl":"https:\/\/content.www.institutomaxilofacial.com\/wp-content\/uploads\/2024\/04\/bECKY2-530x675.jpg"},{"@type":"BreadcrumbList","@id":"https:\/\/content.www.institutomaxilofacial.com\/es\/unidad-de-apoyo-psicologico\/#breadcrumb","itemListElement":[{"@type":"ListItem","position":1,"name":"Portada","item":"https:\/\/content.www.institutomaxilofacial.com\/es\/"},{"@type":"ListItem","position":2,"name":"Unidad de Acompa\u00f1amiento Psicol\u00f3gico"}]},{"@type":"WebSite","@id":"https:\/\/content.www.institutomaxilofacial.com\/ca\/#website","url":"https:\/\/content.www.institutomaxilofacial.com\/ca\/","name":"Instituto Maxilofacial","description":"Experts en Cirurgia Oral i Maxil\u00b7lofacial. Precisi\u00f3, experi\u00e8ncia i passi\u00f3 per la innovaci\u00f3","potentialAction":[{"@type":"SearchAction","target":{"@type":"EntryPoint","urlTemplate":"https:\/\/content.www.institutomaxilofacial.com\/ca\/?s={search_term_string}"},"query-input":{"@type":"PropertyValueSpecification","valueRequired":true,"valueName":"search_term_string"}}],"inLanguage":"ca-ES"}]}},"meta_box":{"caso-clinico-taxonomy":[],"caso-clinico-casos":[],"categoria-home-header-title":"","categoria-home-header-image":[],"categoria-home-intro-text":"","cta-cita-title":"","cta-cita-text":"","cta-cita-button-text":"","cta-cita-button-link":"","cta-cita-button-link-external":"","cta-cita-image":[],"cta-cita-image-mobile":[],"categoria-page-info-title":"","categoria-page-info-image":[],"categoria-page-header-title":"","categoria-page-header-image":[],"categoria-page-intro-text":"","categoria-page-intro-image":[],"categoria-page-intro-image-mobile":[],"categoria-page-intro-image-position":"","categoria-page-intro-image-position-mobile":"","categoria-page-intro-content":"","categoria-page-intro-highlights":[],"categoria-page-blocks":[],"categoria-page-benefits-active":"","categoria-page-benefits-title":"","categoria-page-benefits-text":"","categoria-page-benefits-image":[],"categoria-page-benefits-image-mobile":[],"categoria-page-button-text":"","categoria-page-button-link":"","categoria-page-button-link-external":"","categoria-page-cta1-title":"","categoria-page-cta1-text":"","categoria-page-cta1-button-text":"","categoria-page-cta1-button-link":"","categoria-page-cta2-title":"","categoria-page-cta2-text":"","categoria-page-cta2-button-text":"","categoria-page-cta2-button-link":"","contacto-name":"","contacto-address":"","contacto-tlf":"","contacto-fax":"","contacto-image":[],"contacto-lat":"","contacto-lng":"","contacto-map-zoom":"","contacto-map-lat":"","contacto-map-lng":"","contacto-form":"","faqs-taxonomy":[],"estetica-home-header-title":"","estetica-home-header-image":[],"estetica-home-intro-title":"","estetica-home-intro-text":"","estetica-home-cirugia-title":"","estetica-home-medicina-title":"","estetica-home-descubre-title":"","estetica-home-descubre-text":"","estetica-home-descubre-image":[],"estetica-home-descubre-background":[],"estetica-home-descubre-background-mobile":[],"estetica-home-cta1-title":"","estetica-home-cta1-text":"","estetica-home-cta1-button-text":"","estetica-home-cta1-button-link":"","estetica-home-cta1-image":[],"estetica-home-cta2-title":"","estetica-home-cta2-text":"","estetica-home-cta2-button-text":"","estetica-home-cta2-button-link":"","estetica-home-cta2-image":[],"estetica-home-posts-title":"","estetica-home-posts-button-text":"","estetica-home-faq-title":"","estetica-home-faqs":[],"estetica-home-faq-button-text":"","estetica-home-faq-button-link":"","stetik-iframe-url":"","interior-show-breadcrumb":"","interior-header-title":"","interior-header-image":[],"interior-blocks":[],"is-stetik-studio":"no","stetik-team-header-title":"","stetik-team-header-image":[],"stetik-team-intro-text":"","stetik-team-team-title":"","stetik-team-team-professional":[],"video-consulta-text":"","video-consulta-form":"","voz-experto-taxonomy":[],"landing-apnea-header-title":"","landing-apnea-header-subtitle":"","landing-apnea-header-image":[],"landing-apnea-header-pide-cita":"","landing-apnea-header-typeform":"","landing-apnea-blocks":[],"landing-apnea-intro-title":"","landing-apnea-intro-text":"","landing-apnea-highlight-items":[],"landing-apnea-blocks-2":[],"landing-apnea-testimonials-title":"","landing-apnea-testimonials-text":"","landing-apnea-testimonials-videos":[],"landing-apnea-hero-text":"","landing-apnea-faq-title":"","landing-apnea-faqs":[],"landing-apnea-prefooter-text":"","landing-apnea-prefooter-nota":"","redirect-page":"","shortcodeform-code":"","redirect-page-es":"","redirect-page-en":"","redirect-page-ca":"","login-page-need":"0","login-page":"","eh-cover-image":[],"eh-cover-image-mobile":[],"eh-cover-title":"","eh-cover-subtitle":"","eh-cover-text":"","eh-cover-btn1-text":"","eh-cover-btn1-page-id":"","eh-cover-btn2-text":"","eh-cover-btn2-video-files":[],"eh-specs-main-title":"","eh-specs":[],"eh-icons-reduced-section":"","eh-icons-1":[],"eh-patients-title":"","eh-patients":[],"eh-patients-nopic-title":"","eh-patients-nopic":[],"eh-video-title":"","eh-video":[],"eh-icons-2-reduced-section":"","eh-icons-2":[],"contact-zoom":"","contact-center":[],"contact-data-left-title":"","contact-data-left-content":"","contact-lat":"","contact-long":"","contact-bubble":"","contact-title-form":"","contact-text-form":"","contact-shortcode-form":"","contact-title-widget":"","contact-text-widget":"","contact-shortcode-widget":"","page-header":[{"width":9794,"height":2940,"file":"2024\/04\/iStock-1487551249-copia-2.png","filesize":1311921,"sizes":{"medium":{"file":"iStock-1487551249-copia-2-530x159.png","width":"530","height":"159","mime-type":"image\/png","filesize":"35499"},"large":{"file":"iStock-1487551249-copia-2-1125x338.png","width":"1125","height":"338","mime-type":"image\/png","filesize":"111869"},"thumbnail":{"file":"iStock-1487551249-copia-2-335x200.png","width":"335","height":"200","mime-type":"image\/png","filesize":"47613"},"1536x1536":{"file":"iStock-1487551249-copia-2-1536x461.png","width":"1536","height":"461","mime-type":"image\/png","filesize":"181483"},"2048x2048":{"file":"iStock-1487551249-copia-2-2048x615.png","width":"2048","height":"615","mime-type":"image\/png","filesize":"282297"},"thumbnail_custom":{"file":"iStock-1487551249-copia-2-200x60.png","width":"200","height":"60","mime-type":"image\/png","filesize":"7832"},"box_thumb":{"file":"iStock-1487551249-copia-2-300x200.png","width":"300","height":"200","mime-type":"image\/png","filesize":"46137"},"post_thumb":{"file":"iStock-1487551249-copia-2-600x400.png","width":"600","height":"400","mime-type":"image\/png","filesize":"132206"},"logo_footer":{"file":"iStock-1487551249-copia-2-125x38.png","width":"125","height":"38","mime-type":"image\/png","filesize":"3878"},"blue_image":{"file":"iStock-1487551249-copia-2-1500x2000.png","width":"1500","height":"2000","mime-type":"image\/png","filesize":"973003"},"slider":{"file":"iStock-1487551249-copia-2-1000x350.png","width":"1000","height":"350","mime-type":"image\/png","filesize":"116943"}},"image_meta":{"aperture":"0","credit":"","camera":"","caption":"","created_timestamp":"0","copyright":"","focal_length":"0","iso":"0","shutter_speed":"0","title":"","orientation":"0"},"ID":"14607","name":"iStock-1487551249-copia-2.png","path":"\/var\/www\/vhosts\/prod\/content.www.institutomaxilofacial.com\/wp-content\/uploads\/2024\/04\/iStock-1487551249-copia-2.png","url":"https:\/\/content.www.institutomaxilofacial.com\/wp-content\/uploads\/2024\/04\/iStock-1487551249-copia-2.png","title":"iStock-1487551249 copia 2"}],"page-header-text":"","page-header-english":"0","page-header-english-page-id":"","page-content-title":"","home-slides":[],"page-content-text-1":"","page-content-text-2":"","page-content-image-1":[],"page-content-video":"","page-content-text-3":"","page-content-image-2":[],"page-content-text-4":"","page-content-image-3":[],"page-excerpt-title":"","page-excerpt-text":"","page-related-enable":"0","related-content":[],"getcontent":[],"home-text-block":[],"home-blue-text":"","home-blue-image":[],"home-contact-form":[],"team-doctor-name":"","team-doctor-position":"","team-doctor-txt":"","team-doctor-btn":"","team-doctor-page":"","team-doctor-img":[],"team-img-fullwidth":[],"contact-link":"","contact-msg":"","contact-subject":"","contact-lat-2":"","contact-long-2":"","contact-bubble-2":"","contact-data":"","contact-tour-title":"","contact-tour-link":"","contact-tour-image":[],"contact-form":[],"faq-type":false,"item-row":[],"chatbot-code":"","lateral-reducedheader":"","lateral-content-type":"","lateral-title":"","lateral-intro":"","lateral-form":"","lateral-popup":"","lateral-popup-pages":[],"lateral-cta-text":"","lateral-cta-page":"","item-type":"","item-tax":false,"iframe-tuotempo":"","iframe-subs-es":"","iframe-subs-en":"","iframe-subs-ca":"","blog-default-image":[],"activity-events-date":"","activity-page-past":"","noticias-default-image":[]},"_links":{"self":[{"href":"https:\/\/content.www.institutomaxilofacial.com\/ca\/wp-json\/wp\/v2\/pages\/14600","targetHints":{"allow":["GET"]}}],"collection":[{"href":"https:\/\/content.www.institutomaxilofacial.com\/ca\/wp-json\/wp\/v2\/pages"}],"about":[{"href":"https:\/\/content.www.institutomaxilofacial.com\/ca\/wp-json\/wp\/v2\/types\/page"}],"author":[{"embeddable":true,"href":"https:\/\/content.www.institutomaxilofacial.com\/ca\/wp-json\/wp\/v2\/users\/17"}],"replies":[{"embeddable":true,"href":"https:\/\/content.www.institutomaxilofacial.com\/ca\/wp-json\/wp\/v2\/comments?post=14600"}],"version-history":[{"count":20,"href":"https:\/\/content.www.institutomaxilofacial.com\/ca\/wp-json\/wp\/v2\/pages\/14600\/revisions"}],"predecessor-version":[{"id":15570,"href":"https:\/\/content.www.institutomaxilofacial.com\/ca\/wp-json\/wp\/v2\/pages\/14600\/revisions\/15570"}],"wp:attachment":[{"href":"https:\/\/content.www.institutomaxilofacial.com\/ca\/wp-json\/wp\/v2\/media?parent=14600"}],"curies":[{"name":"wp","href":"https:\/\/api.w.org\/{rel}","templated":true}]}}