{"id":164,"date":"2016-03-08T12:16:56","date_gmt":"2016-03-08T12:16:56","guid":{"rendered":"https:\/\/content.www.institutomaxilofacial.com\/?page_id=164"},"modified":"2021-09-14T11:30:26","modified_gmt":"2021-09-14T09:30:26","slug":"minimally-invasive-surgery","status":"publish","type":"page","link":"https:\/\/content.www.institutomaxilofacial.com\/ca\/cirurgia-ortognatica\/cirurgia-minimament-invasiva\/","title":{"rendered":"Cirurgia m\u00ednimament invasiva a la Cirurgia Ortogn\u00e0tica"},"content":{"rendered":"","protected":false},"excerpt":{"rendered":"","protected":false},"author":1,"featured_media":9897,"parent":25,"menu_order":40,"comment_status":"closed","ping_status":"closed","template":"template-modular.php","meta":{"footnotes":""},"class_list":["post-164","page","type-page","status-publish","has-post-thumbnail","hentry"],"yoast_head":"<!-- This site is optimized with the Yoast SEO plugin v27.2 - https:\/\/yoast.com\/product\/yoast-seo-wordpress\/ -->\n<title>Cirug\u00eda m\u00ednimamente invasiva \u00bb Cirug\u00eda Ortogn\u00e1tica - Instituto Maxilofacial<\/title>\n<meta name=\"description\" content=\"T\u00e9cnicas y procedimientos quir\u00fargicos y postoperatorios que permiten reducir el dolor, la inflamaci\u00f3n, la p\u00e9rdida de sangre y las complicaciones.\" \/>\n<meta name=\"robots\" content=\"index, follow, max-snippet:-1, max-image-preview:large, max-video-preview:-1\" \/>\n<link rel=\"canonical\" href=\"https:\/\/content.www.institutomaxilofacial.com\/ca\/wp-json\/wp\/v2\/pages\/164\/\" \/>\n<meta property=\"og:locale\" content=\"ca_ES\" \/>\n<meta property=\"og:type\" content=\"article\" \/>\n<meta property=\"og:title\" content=\"Cirug\u00eda m\u00ednimamente invasiva \u00bb Cirug\u00eda Ortogn\u00e1tica - Instituto Maxilofacial\" \/>\n<meta property=\"og:description\" content=\"T\u00e9cnicas y procedimientos quir\u00fargicos y postoperatorios que permiten reducir el dolor, la inflamaci\u00f3n, la p\u00e9rdida de sangre y las complicaciones.\" \/>\n<meta property=\"og:url\" content=\"https:\/\/content.www.institutomaxilofacial.com\/es\/cirugia-ortognatica\/cirugia-minimamente-invasiva\/\" \/>\n<meta property=\"og:site_name\" content=\"Instituto Maxilofacial\" \/>\n<meta property=\"article:modified_time\" content=\"2021-09-14T09:30:26+00:00\" \/>\n<meta property=\"og:image\" content=\"https:\/\/content.www.institutomaxilofacial.com\/wp-content\/uploads\/2019\/06\/iStock-995966848.jpg\" \/>\n\t<meta property=\"og:image:width\" content=\"5818\" \/>\n\t<meta property=\"og:image:height\" content=\"3617\" \/>\n\t<meta property=\"og:image:type\" content=\"image\/jpeg\" \/>\n<meta name=\"twitter:card\" content=\"summary_large_image\" \/>\n<script type=\"application\/ld+json\" class=\"yoast-schema-graph\">{\"@context\":\"https:\/\/schema.org\",\"@graph\":[{\"@type\":\"WebPage\",\"@id\":\"https:\/\/content.www.institutomaxilofacial.com\/es\/cirugia-ortognatica\/cirugia-minimamente-invasiva\/\",\"url\":\"https:\/\/content.www.institutomaxilofacial.com\/es\/cirugia-ortognatica\/cirugia-minimamente-invasiva\/\",\"name\":\"Cirug\u00eda m\u00ednimamente invasiva \u00bb Cirug\u00eda Ortogn\u00e1tica - Instituto Maxilofacial\",\"isPartOf\":{\"@id\":\"https:\/\/content.www.institutomaxilofacial.com\/ca\/#website\"},\"primaryImageOfPage\":{\"@id\":\"https:\/\/content.www.institutomaxilofacial.com\/es\/cirugia-ortognatica\/cirugia-minimamente-invasiva\/#primaryimage\"},\"image\":{\"@id\":\"https:\/\/content.www.institutomaxilofacial.com\/es\/cirugia-ortognatica\/cirugia-minimamente-invasiva\/#primaryimage\"},\"thumbnailUrl\":\"https:\/\/content.www.institutomaxilofacial.com\/wp-content\/uploads\/2019\/06\/iStock-995966848.jpg\",\"datePublished\":\"2016-03-08T12:16:56+00:00\",\"dateModified\":\"2021-09-14T09:30:26+00:00\",\"description\":\"T\u00e9cnicas y procedimientos quir\u00fargicos y postoperatorios que permiten reducir el dolor, la inflamaci\u00f3n, la p\u00e9rdida de sangre y las complicaciones.\",\"breadcrumb\":{\"@id\":\"https:\/\/content.www.institutomaxilofacial.com\/es\/cirugia-ortognatica\/cirugia-minimamente-invasiva\/#breadcrumb\"},\"inLanguage\":\"ca-ES\",\"potentialAction\":[{\"@type\":\"ReadAction\",\"target\":[\"https:\/\/content.www.institutomaxilofacial.com\/es\/cirugia-ortognatica\/cirugia-minimamente-invasiva\/\"]}]},{\"@type\":\"ImageObject\",\"inLanguage\":\"ca-ES\",\"@id\":\"https:\/\/content.www.institutomaxilofacial.com\/es\/cirugia-ortognatica\/cirugia-minimamente-invasiva\/#primaryimage\",\"url\":\"https:\/\/content.www.institutomaxilofacial.com\/wp-content\/uploads\/2019\/06\/iStock-995966848.jpg\",\"contentUrl\":\"https:\/\/content.www.institutomaxilofacial.com\/wp-content\/uploads\/2019\/06\/iStock-995966848.jpg\",\"width\":5818,\"height\":3617,\"caption\":\"Shot of a tray of surgical equipment in an operating theatre\"},{\"@type\":\"BreadcrumbList\",\"@id\":\"https:\/\/content.www.institutomaxilofacial.com\/es\/cirugia-ortognatica\/cirugia-minimamente-invasiva\/#breadcrumb\",\"itemListElement\":[{\"@type\":\"ListItem\",\"position\":1,\"name\":\"Portada\",\"item\":\"https:\/\/content.www.institutomaxilofacial.com\/es\/\"},{\"@type\":\"ListItem\",\"position\":2,\"name\":\"Cirug\u00eda Ortogn\u00e1tica\",\"item\":\"https:\/\/content.www.institutomaxilofacial.com\/es\/cirugia-ortognatica\/\"},{\"@type\":\"ListItem\",\"position\":3,\"name\":\"Cirug\u00eda m\u00ednimamente invasiva en Cirug\u00eda Ortogn\u00e1tica\"}]},{\"@type\":\"WebSite\",\"@id\":\"https:\/\/content.www.institutomaxilofacial.com\/ca\/#website\",\"url\":\"https:\/\/content.www.institutomaxilofacial.com\/ca\/\",\"name\":\"Instituto Maxilofacial\",\"description\":\"Experts en Cirurgia Oral i Maxil\u00b7lofacial. Precisi\u00f3, experi\u00e8ncia i passi\u00f3 per la innovaci\u00f3\",\"potentialAction\":[{\"@type\":\"SearchAction\",\"target\":{\"@type\":\"EntryPoint\",\"urlTemplate\":\"https:\/\/content.www.institutomaxilofacial.com\/ca\/?s={search_term_string}\"},\"query-input\":{\"@type\":\"PropertyValueSpecification\",\"valueRequired\":true,\"valueName\":\"search_term_string\"}}],\"inLanguage\":\"ca-ES\"}]}<\/script>\n<!-- \/ Yoast SEO plugin. -->","yoast_head_json":{"title":"Cirug\u00eda m\u00ednimamente invasiva \u00bb Cirug\u00eda Ortogn\u00e1tica - Instituto Maxilofacial","description":"T\u00e9cnicas y procedimientos quir\u00fargicos y postoperatorios que permiten reducir el dolor, la inflamaci\u00f3n, la p\u00e9rdida de sangre y las complicaciones.","robots":{"index":"index","follow":"follow","max-snippet":"max-snippet:-1","max-image-preview":"max-image-preview:large","max-video-preview":"max-video-preview:-1"},"canonical":"https:\/\/content.www.institutomaxilofacial.com\/ca\/wp-json\/wp\/v2\/pages\/164\/","og_locale":"ca_ES","og_type":"article","og_title":"Cirug\u00eda m\u00ednimamente invasiva \u00bb Cirug\u00eda Ortogn\u00e1tica - Instituto Maxilofacial","og_description":"T\u00e9cnicas y procedimientos quir\u00fargicos y postoperatorios que permiten reducir el dolor, la inflamaci\u00f3n, la p\u00e9rdida de sangre y las complicaciones.","og_url":"https:\/\/content.www.institutomaxilofacial.com\/es\/cirugia-ortognatica\/cirugia-minimamente-invasiva\/","og_site_name":"Instituto Maxilofacial","article_modified_time":"2021-09-14T09:30:26+00:00","og_image":[{"width":5818,"height":3617,"url":"https:\/\/content.www.institutomaxilofacial.com\/wp-content\/uploads\/2019\/06\/iStock-995966848.jpg","type":"image\/jpeg"}],"twitter_card":"summary_large_image","schema":{"@context":"https:\/\/schema.org","@graph":[{"@type":"WebPage","@id":"https:\/\/content.www.institutomaxilofacial.com\/es\/cirugia-ortognatica\/cirugia-minimamente-invasiva\/","url":"https:\/\/content.www.institutomaxilofacial.com\/es\/cirugia-ortognatica\/cirugia-minimamente-invasiva\/","name":"Cirug\u00eda m\u00ednimamente invasiva \u00bb Cirug\u00eda Ortogn\u00e1tica - Instituto Maxilofacial","isPartOf":{"@id":"https:\/\/content.www.institutomaxilofacial.com\/ca\/#website"},"primaryImageOfPage":{"@id":"https:\/\/content.www.institutomaxilofacial.com\/es\/cirugia-ortognatica\/cirugia-minimamente-invasiva\/#primaryimage"},"image":{"@id":"https:\/\/content.www.institutomaxilofacial.com\/es\/cirugia-ortognatica\/cirugia-minimamente-invasiva\/#primaryimage"},"thumbnailUrl":"https:\/\/content.www.institutomaxilofacial.com\/wp-content\/uploads\/2019\/06\/iStock-995966848.jpg","datePublished":"2016-03-08T12:16:56+00:00","dateModified":"2021-09-14T09:30:26+00:00","description":"T\u00e9cnicas y procedimientos quir\u00fargicos y postoperatorios que permiten reducir el dolor, la inflamaci\u00f3n, la p\u00e9rdida de sangre y las complicaciones.","breadcrumb":{"@id":"https:\/\/content.www.institutomaxilofacial.com\/es\/cirugia-ortognatica\/cirugia-minimamente-invasiva\/#breadcrumb"},"inLanguage":"ca-ES","potentialAction":[{"@type":"ReadAction","target":["https:\/\/content.www.institutomaxilofacial.com\/es\/cirugia-ortognatica\/cirugia-minimamente-invasiva\/"]}]},{"@type":"ImageObject","inLanguage":"ca-ES","@id":"https:\/\/content.www.institutomaxilofacial.com\/es\/cirugia-ortognatica\/cirugia-minimamente-invasiva\/#primaryimage","url":"https:\/\/content.www.institutomaxilofacial.com\/wp-content\/uploads\/2019\/06\/iStock-995966848.jpg","contentUrl":"https:\/\/content.www.institutomaxilofacial.com\/wp-content\/uploads\/2019\/06\/iStock-995966848.jpg","width":5818,"height":3617,"caption":"Shot of a tray of surgical equipment in an operating theatre"},{"@type":"BreadcrumbList","@id":"https:\/\/content.www.institutomaxilofacial.com\/es\/cirugia-ortognatica\/cirugia-minimamente-invasiva\/#breadcrumb","itemListElement":[{"@type":"ListItem","position":1,"name":"Portada","item":"https:\/\/content.www.institutomaxilofacial.com\/es\/"},{"@type":"ListItem","position":2,"name":"Cirug\u00eda Ortogn\u00e1tica","item":"https:\/\/content.www.institutomaxilofacial.com\/es\/cirugia-ortognatica\/"},{"@type":"ListItem","position":3,"name":"Cirug\u00eda m\u00ednimamente invasiva en Cirug\u00eda Ortogn\u00e1tica"}]},{"@type":"WebSite","@id":"https:\/\/content.www.institutomaxilofacial.com\/ca\/#website","url":"https:\/\/content.www.institutomaxilofacial.com\/ca\/","name":"Instituto Maxilofacial","description":"Experts en Cirurgia Oral i Maxil\u00b7lofacial. Precisi\u00f3, experi\u00e8ncia i passi\u00f3 per la innovaci\u00f3","potentialAction":[{"@type":"SearchAction","target":{"@type":"EntryPoint","urlTemplate":"https:\/\/content.www.institutomaxilofacial.com\/ca\/?s={search_term_string}"},"query-input":{"@type":"PropertyValueSpecification","valueRequired":true,"valueName":"search_term_string"}}],"inLanguage":"ca-ES"}]}},"meta_box":{"caso-clinico-taxonomy":[],"caso-clinico-casos":[],"categoria-home-header-title":"","categoria-home-header-image":[],"categoria-home-intro-text":"","cta-cita-title":"","cta-cita-text":"","cta-cita-button-text":"","cta-cita-button-link":"","cta-cita-button-link-external":"","cta-cita-image":[],"cta-cita-image-mobile":[],"categoria-page-info-title":"","categoria-page-info-image":[],"categoria-page-header-title":"","categoria-page-header-image":[],"categoria-page-intro-text":"","categoria-page-intro-image":[],"categoria-page-intro-image-mobile":[],"categoria-page-intro-image-position":"","categoria-page-intro-image-position-mobile":"","categoria-page-intro-content":"","categoria-page-intro-highlights":[],"categoria-page-blocks":[],"categoria-page-benefits-active":"","categoria-page-benefits-title":"","categoria-page-benefits-text":"","categoria-page-benefits-image":[],"categoria-page-benefits-image-mobile":[],"categoria-page-button-text":"","categoria-page-button-link":"","categoria-page-button-link-external":"","categoria-page-cta1-title":"","categoria-page-cta1-text":"","categoria-page-cta1-button-text":"","categoria-page-cta1-button-link":"","categoria-page-cta2-title":"","categoria-page-cta2-text":"","categoria-page-cta2-button-text":"","categoria-page-cta2-button-link":"","contacto-name":"","contacto-address":"","contacto-tlf":"","contacto-fax":"","contacto-image":[],"contacto-lat":"","contacto-lng":"","contacto-map-zoom":"","contacto-map-lat":"","contacto-map-lng":"","contacto-form":"","faqs-taxonomy":[],"estetica-home-header-title":"","estetica-home-header-image":[],"estetica-home-intro-title":"","estetica-home-intro-text":"","estetica-home-cirugia-title":"","estetica-home-medicina-title":"","estetica-home-descubre-title":"","estetica-home-descubre-text":"","estetica-home-descubre-image":[],"estetica-home-descubre-background":[],"estetica-home-descubre-background-mobile":[],"estetica-home-cta1-title":"","estetica-home-cta1-text":"","estetica-home-cta1-button-text":"","estetica-home-cta1-button-link":"","estetica-home-cta1-image":[],"estetica-home-cta2-title":"","estetica-home-cta2-text":"","estetica-home-cta2-button-text":"","estetica-home-cta2-button-link":"","estetica-home-cta2-image":[],"estetica-home-posts-title":"","estetica-home-posts-button-text":"","estetica-home-faq-title":"","estetica-home-faqs":[],"estetica-home-faq-button-text":"","estetica-home-faq-button-link":"","stetik-iframe-url":"","interior-show-breadcrumb":"","interior-header-title":"","interior-header-image":[],"interior-blocks":[],"is-stetik-studio":"","stetik-team-header-title":"","stetik-team-header-image":[],"stetik-team-intro-text":"","stetik-team-team-title":"","stetik-team-team-professional":[],"video-consulta-text":"","video-consulta-form":"","voz-experto-taxonomy":[],"landing-apnea-header-title":"","landing-apnea-header-subtitle":"","landing-apnea-header-image":[],"landing-apnea-header-pide-cita":"","landing-apnea-header-typeform":"","landing-apnea-blocks":[],"landing-apnea-intro-title":"","landing-apnea-intro-text":"","landing-apnea-highlight-items":[],"landing-apnea-blocks-2":[],"landing-apnea-testimonials-title":"","landing-apnea-testimonials-text":"","landing-apnea-testimonials-videos":[],"landing-apnea-hero-text":"","landing-apnea-faq-title":"","landing-apnea-faqs":[],"landing-apnea-prefooter-text":"","landing-apnea-prefooter-nota":"","redirect-page":"","shortcodeform-code":"","redirect-page-es":"","redirect-page-en":"","redirect-page-ca":"","login-page-need":"0","login-page":"","eh-cover-image":[],"eh-cover-image-mobile":[],"eh-cover-title":"","eh-cover-subtitle":"","eh-cover-text":"","eh-cover-btn1-text":"","eh-cover-btn1-page-id":"","eh-cover-btn2-text":"","eh-cover-btn2-video-files":[],"eh-specs-main-title":"","eh-specs":[],"eh-icons-reduced-section":"","eh-icons-1":[],"eh-patients-title":"","eh-patients":[],"eh-patients-nopic-title":"","eh-patients-nopic":[],"eh-video-title":"","eh-video":[],"eh-icons-2-reduced-section":"","eh-icons-2":[],"contact-zoom":"","contact-center":[],"contact-data-left-title":"","contact-data-left-content":"","contact-lat":"","contact-long":"","contact-bubble":"","contact-title-form":"","contact-text-form":"","contact-shortcode-form":"","contact-title-widget":"","contact-text-widget":"","contact-shortcode-widget":"","page-header":[],"page-header-text":"Cirurgia M\u00ednimament Invasiva en Cirurgia Ortogn\u00e0tica","page-header-english":"0","page-header-english-page-id":"","page-content-title":"Qu\u00e8 \u00e9s la Cirurgia M\u00ednimament Invasiva?","home-slides":[],"page-content-text-1":"","page-content-text-2":"","page-content-image-1":[],"page-content-video":"","page-content-text-3":"","page-content-image-2":[],"page-content-text-4":"","page-content-image-3":[],"page-excerpt-title":"","page-excerpt-text":"","page-related-enable":"1","related-content":[{"type-related":"page","page-related":"137"},{"type-related":"page","page-related":"149"},{"type-related":"page","page-related":"176"}],"getcontent":[],"home-text-block":[],"home-blue-text":"","home-blue-image":[],"home-contact-form":[],"team-doctor-name":"","team-doctor-position":"","team-doctor-txt":"","team-doctor-btn":"","team-doctor-page":"","team-doctor-img":[],"team-img-fullwidth":[],"contact-link":"","contact-msg":"","contact-subject":"","contact-lat-2":"","contact-long-2":"","contact-bubble-2":"","contact-data":"","contact-tour-title":"","contact-tour-link":"","contact-tour-image":[],"contact-form":[],"faq-type":false,"item-row":[{"scheme":"onlytext","layout-color":"white","row-padding":"without-padding","item-text":"<p class=\"Cuerpo\" style=\"border: none; text-align: left;\" align=\"right\"><span style=\"font-family: Arial;\">[t\u00edtulo]<\/span>Qu\u00e8 \u00e9s la cirurgia m\u00ednimament invasiva?[\/t\u00edtulo]<\/p>\r\nLa <b>cirurgia m\u00ednimament invasiva<\/b> \u00e9s el conjunt de t\u00e8cniques i procediments relatius a la cirurgia, l\u2019anest\u00e8sia i les cures postoperat\u00f2ries que permeten reduir el dolor, la inflamaci\u00f3, la p\u00e8rdua de sang i les complicacions en el pacient durant i despr\u00e9s de la cirurgia.\r\n<p class=\"p1\">L\u2019<b>Institut Maxil\u00b7lofacial<\/b> \u00e9s pioner en t\u00e8cniques de <b>cirurgia ortogn\u00e0tica m\u00ednimament invasives<\/b>, elaborades especialment amb l\u2019objectiu d\u2019escur\u00e7ar els temps de cirurgia, guanyar m\u00e9s precisi\u00f3 i reduir el trauma postquir\u00fargic. Vegeu les t\u00e8cniques dissenyades i publicades pel <b>Dr. Federico Hern\u00e1ndez Alfaro<\/b> en nombroses revistes nacionals i internacionals especialitzades en <b>cirurgia maxil\u00b7lofacial.<\/b><\/p>\r\n<p class=\"p1\"><b>[t\u00edtulo]Els cinc principis de la cirurgia m\u00ednimament invasiva a l\u2019Institut Maxil\u00b7lofacial[\/t\u00edtulo]<\/b><\/p>","video-explica-rows":[{"item-slide-video-type":"input_embed"}],"item-row-icon-image-1":"Icono-1.png","item-row-icon-image-2":"Icono-1.png","item-row-icon-image-3":"Icono-1.png","item-row-icon-image-4":"Icono-1.png","item-cta-page":"5633","item-cta-size":"btn-big"},{"scheme":"textimage","layout-color":"white","row-padding":"without-padding","item-text":"<ul>\r\n \t<li class=\"p1\"><b>Planificaci\u00f3 3D, innovaci\u00f3 i precisi\u00f3: <\/b>les guies quir\u00fargiques que s\u2019obtenen de la <b>planificaci\u00f3 virtual<\/b> de la cirurgia permeten reduir notablement el temps de la intervenci\u00f3 al quir\u00f2fan. L\u2019<b>Institut Maxil\u00b7lofacial<\/b> va ser el primer centre a Espanya a incorporar la <b>planificaci\u00f3 3D<\/b> en <b>cirurgia ortogn\u00e0tica<\/b> i, amb m\u00e9s de mil casos intervinguts mitjan\u00e7ant aquesta tecnologia, \u00e9s el que t\u00e9 m\u00e9s experi\u00e8ncia a escala europea.<\/li>\r\n \t<li class=\"p1\"><b>Hipotensi\u00f3 controlada i monitoratge de la profunditat anest\u00e8sica:<\/b> el control meticul\u00f3s de la tensi\u00f3 arterial per part de l\u2019equip d\u2019anest\u00e8sia de l\u2019<b>Institut Maxil\u00b7lofacial<\/b> redueix les p\u00e8rdues de sang durant la <b>cirurgia ortogn\u00e0tica<\/b>.\u00a0A m\u00e9s, els anestesi\u00f2legs de l\u2019<b>Institut Maxil\u00b7lofacial<\/b> fan servir per a tots els pacients de <b>cirurgia ortogn\u00e0tica<\/b> el <b>BIS<\/b>, un dispositiu que permet monitorar durant la intervenci\u00f3 les ones que es relacionen amb la profunditat anest\u00e8sica, amb la qual cosa s\u2019aconsegueix una adaptaci\u00f3 excel\u00b7lent entre el temps quir\u00fargic i el d\u2019anest\u00e8sia. Gr\u00e0cies a aquestes t\u00e8cniques aplicades durant la <b>cirurgia ortogn\u00e0tica<\/b>, mai no ha estat necessari fer una transfusi\u00f3.<\/li>\r\n \t<li class=\"p1\"><b>Incisions quir\u00fargiques redu\u00efdes:<\/b> el <b>Dr. Federico Hern\u00e1ndez Alfaro<\/b> ha dissenyat un protocol d\u2019incisions redu\u00efdes que permeten realitzar les cirurgies amb una alteraci\u00f3 m\u00ednima dels teixits, cosa que evita, tamb\u00e9, el sagnat i el dolor postoperatori.<\/li>\r\n<\/ul>\r\n<p class=\"Cuerpo\" style=\"border: none; text-align: left;\" align=\"right\"><\/p>","video-explica-rows":[{"item-slide-video-type":"input_embed"}],"item-images":["5703"],"item-image-alt":"els cinc principis de la cirurgia m\u00ednimament invasiva a l'institut maxil\u00b7lofacial","item-bg-size-contain":["on"],"item-row-icon-image-1":"Icono-1.png","item-row-icon-image-2":"Icono-1.png","item-row-icon-image-3":"Icono-1.png","item-row-icon-image-4":"Icono-1.png","item-cta-page":"5633","item-cta-size":"btn-big"},{"scheme":"onlytext","layout-color":"white","row-padding":"small-padding","item-text":"[lista][i]Una de les seves t\u00e8cniques de m\u00e9s impacte en el m\u00f3n de la\u00a0<b>cirurgia maxil\u00b7lofacial\u00a0<\/b>\u00e9s la <a href=\"https:\/\/content.www.institutomaxilofacial.com\/wp-content\/uploads\/2016\/05\/Twist_technique_in_press.pdf\"><strong>\u201cT<\/strong><b>wist Technique<\/b><strong>\u201d<\/strong><\/a>, publicada al\u00a0<b><i>Journal of Oral &amp; Maxillofacial Surgery<\/i><\/b>,\u00a0que permet intervenir el\u00a0<b>maxil\u00b7lar\u00a0<\/b>amb una m\u00ednima incisi\u00f3, 2 cm aproximadament, i en un temps mitj\u00e0 de 45 minuts. Aquesta t\u00e8cnica s\u2019aplica a procediments com la\u00a0<b>SARPE\u00a0<\/b>\u2013<i>Surgically Assisted Rapid Palatal Expansion<\/i>\u2013 o la <b>cirurgia ortogn\u00e0tica<\/b>.[\/i]\r\n\r\n<b>[i]Cirurgia curta: <\/b>la <b>cirurgia ortogn\u00e0tica<\/b>\u00a0<strong>bimaxilar<\/strong> a l\u2019<b>Institut Maxil\u00b7lofacial <\/b>es duu a terme en una mitjana de 90 minuts. Per altra banda, la <strong>cirurgia ortogn\u00e0tica monomaxilar <\/strong>es realitza en uns 40 minuts aproximadament.\u00a0La reducci\u00f3 del temps quir\u00fargic en aquest tipus de procediments nom\u00e9s s\u2019aconsegueix amb experi\u00e8ncia i una formaci\u00f3 excel\u00b7lent per part de l\u2019equip m\u00e8dic. L\u2019<b>Institut Maxil\u00b7lofacial<\/b> fa una mitjana de cinc cirurgies ortogn\u00e0tiques a la setmana des del 1994.[\/i]\r\n\r\n<b>[i]Cures postoperat\u00f2ries:\u00a0<\/b>l\u2019<b>Institut Maxil\u00b7lofacial<\/b> ha introdu\u00eft a Espanya l\u2019\u00fas de <b>m\u00e0scares d\u2019hiloter\u00e0pia<\/b> per reduir la inflamaci\u00f3 i els hematomes postoperatoris del pacient d\u2019<b>ortogn\u00e0tica<\/b>. A m\u00e9s, l\u2019equip del centre est\u00e0 format per terapeutes que realitzen a tots els pacients operats <b>massatges limf\u00e0tics<\/b>, per ajudar en el seu proc\u00e9s de recuperaci\u00f3.[\/i][\/lista]","video-explica-rows":[{"item-slide-video-type":"input_embed"}],"item-row-icon-image-1":"Icono-1.png","item-row-icon-image-2":"Icono-1.png","item-row-icon-image-3":"Icono-1.png","item-row-icon-image-4":"Icono-1.png","item-cta-page":"5633","item-cta-size":"btn-big"}],"chatbot-code":"","lateral-reducedheader":"","lateral-content-type":"","lateral-title":"","lateral-intro":"","lateral-form":"","lateral-popup":"","lateral-popup-pages":[],"lateral-cta-text":"","lateral-cta-page":"","item-type":"","item-tax":false,"iframe-tuotempo":"","iframe-subs-es":"","iframe-subs-en":"","iframe-subs-ca":"","blog-default-image":[],"activity-events-date":"","activity-page-past":"","noticias-default-image":[]},"_links":{"self":[{"href":"https:\/\/content.www.institutomaxilofacial.com\/ca\/wp-json\/wp\/v2\/pages\/164","targetHints":{"allow":["GET"]}}],"collection":[{"href":"https:\/\/content.www.institutomaxilofacial.com\/ca\/wp-json\/wp\/v2\/pages"}],"about":[{"href":"https:\/\/content.www.institutomaxilofacial.com\/ca\/wp-json\/wp\/v2\/types\/page"}],"author":[{"embeddable":true,"href":"https:\/\/content.www.institutomaxilofacial.com\/ca\/wp-json\/wp\/v2\/users\/1"}],"replies":[{"embeddable":true,"href":"https:\/\/content.www.institutomaxilofacial.com\/ca\/wp-json\/wp\/v2\/comments?post=164"}],"version-history":[{"count":7,"href":"https:\/\/content.www.institutomaxilofacial.com\/ca\/wp-json\/wp\/v2\/pages\/164\/revisions"}],"predecessor-version":[{"id":7910,"href":"https:\/\/content.www.institutomaxilofacial.com\/ca\/wp-json\/wp\/v2\/pages\/164\/revisions\/7910"}],"up":[{"embeddable":true,"href":"https:\/\/content.www.institutomaxilofacial.com\/ca\/wp-json\/wp\/v2\/pages\/25"}],"wp:featuredmedia":[{"embeddable":true,"href":"https:\/\/content.www.institutomaxilofacial.com\/ca\/wp-json\/wp\/v2\/media\/9897"}],"wp:attachment":[{"href":"https:\/\/content.www.institutomaxilofacial.com\/ca\/wp-json\/wp\/v2\/media?parent=164"}],"curies":[{"name":"wp","href":"https:\/\/api.w.org\/{rel}","templated":true}]}}