{"id":180,"date":"2016-03-08T12:19:46","date_gmt":"2016-03-08T12:19:46","guid":{"rendered":"https:\/\/content.www.institutomaxilofacial.com\/?page_id=180"},"modified":"2022-09-13T13:20:45","modified_gmt":"2022-09-13T11:20:45","slug":"3d-planning-in-dental-implants","status":"publish","type":"page","link":"https:\/\/content.www.institutomaxilofacial.com\/ca\/implants-dentals\/planificacio-3d-en-implants-dentals\/","title":{"rendered":"Planificaci\u00f3 3D d&#8217;Implants Dentals"},"content":{"rendered":"","protected":false},"excerpt":{"rendered":"","protected":false},"author":1,"featured_media":11842,"parent":33,"menu_order":30,"comment_status":"closed","ping_status":"closed","template":"template-modular.php","meta":{"footnotes":""},"class_list":["post-180","page","type-page","status-publish","has-post-thumbnail","hentry"],"yoast_head":"<!-- This site is optimized with the Yoast SEO plugin v27.2 - https:\/\/yoast.com\/product\/yoast-seo-wordpress\/ -->\n<title>Planificaci\u00f3 3D en Implants Dentals - Instituto Maxilofacial<\/title>\n<meta name=\"description\" content=\"Totes les cirurgies amb implants dentals que es realitzen es planifiquen en 3D mitjan\u00e7ant els \u00faltims aven\u00e7os tecnol\u00f2gics per assegurar resultats \u00f2ptims\" \/>\n<meta name=\"robots\" content=\"index, follow, max-snippet:-1, max-image-preview:large, max-video-preview:-1\" \/>\n<link rel=\"canonical\" href=\"https:\/\/content.www.institutomaxilofacial.com\/ca\/wp-json\/wp\/v2\/pages\/180\/\" \/>\n<meta property=\"og:locale\" content=\"ca_ES\" \/>\n<meta property=\"og:type\" content=\"article\" \/>\n<meta property=\"og:title\" content=\"[:es]Planificaci\u00f3n 3D en Implantes Dentales - Instituto Maxilofacial [:ca]Planificaci\u00f3 3D en Implants Dentals - Instituto Maxilofacial [:en]Clinical Cases - Dental Implants - Instituto Maxilofacial [:]\" \/>\n<meta property=\"og:description\" content=\"{:es}Todas las cirug\u00edas con Implantes Dentales que se realizan se planifican en 3D mediante los \u00faltimos avances tecnol\u00f3gicos.{:ca}Totes les cirurgies amb implants dentals que es realitzen es planifiquen en 3D mitjan\u00e7ant els \u00faltims aven\u00e7os tecnol\u00f2gics per assegurar resultats \u00f2ptims{:en}Learn more about the clinical cases and experiences from patients that have undergone any kind of dental implants procedure at the Institute.{:}\" \/>\n<meta property=\"og:url\" content=\"https:\/\/content.www.institutomaxilofacial.com\/es\/implantes-dentales\/planificacion-3d-en-implantes-dentales\/\" \/>\n<meta property=\"og:site_name\" content=\"Instituto Maxilofacial\" \/>\n<meta property=\"article:modified_time\" content=\"2022-09-13T11:20:45+00:00\" \/>\n<meta property=\"og:image\" content=\"https:\/\/content.www.institutomaxilofacial.com\/wp-content\/uploads\/2015\/11\/RX-hueso-y-tejido-blando-inverted.png\" \/>\n\t<meta property=\"og:image:width\" content=\"1951\" \/>\n\t<meta property=\"og:image:height\" content=\"1071\" \/>\n\t<meta property=\"og:image:type\" content=\"image\/png\" \/>\n<meta name=\"twitter:card\" content=\"summary_large_image\" \/>\n<script type=\"application\/ld+json\" class=\"yoast-schema-graph\">{\"@context\":\"https:\/\/schema.org\",\"@graph\":[{\"@type\":\"WebPage\",\"@id\":\"https:\/\/content.www.institutomaxilofacial.com\/es\/implantes-dentales\/planificacion-3d-en-implantes-dentales\/\",\"url\":\"https:\/\/content.www.institutomaxilofacial.com\/es\/implantes-dentales\/planificacion-3d-en-implantes-dentales\/\",\"name\":\"[:es]Planificaci\u00f3n 3D en Implantes Dentales - Instituto Maxilofacial [:ca]Planificaci\u00f3 3D en Implants Dentals - Instituto Maxilofacial [:en]Clinical Cases - Dental Implants - Instituto Maxilofacial [:]\",\"isPartOf\":{\"@id\":\"https:\/\/content.www.institutomaxilofacial.com\/ca\/#website\"},\"primaryImageOfPage\":{\"@id\":\"https:\/\/content.www.institutomaxilofacial.com\/es\/implantes-dentales\/planificacion-3d-en-implantes-dentales\/#primaryimage\"},\"image\":{\"@id\":\"https:\/\/content.www.institutomaxilofacial.com\/es\/implantes-dentales\/planificacion-3d-en-implantes-dentales\/#primaryimage\"},\"thumbnailUrl\":\"https:\/\/content.www.institutomaxilofacial.com\/wp-content\/uploads\/2015\/11\/RX-hueso-y-tejido-blando-inverted.png\",\"datePublished\":\"2016-03-08T12:19:46+00:00\",\"dateModified\":\"2022-09-13T11:20:45+00:00\",\"description\":\"{:es}Todas las cirug\u00edas con Implantes Dentales que se realizan se planifican en 3D mediante los \u00faltimos avances tecnol\u00f3gicos.{:ca}Totes les cirurgies amb implants dentals que es realitzen es planifiquen en 3D mitjan\u00e7ant els \u00faltims aven\u00e7os tecnol\u00f2gics per assegurar resultats \u00f2ptims{:en}Learn more about the clinical cases and experiences from patients that have undergone any kind of dental implants procedure at the Institute.{:}\",\"breadcrumb\":{\"@id\":\"https:\/\/content.www.institutomaxilofacial.com\/es\/implantes-dentales\/planificacion-3d-en-implantes-dentales\/#breadcrumb\"},\"inLanguage\":\"ca-ES\",\"potentialAction\":[{\"@type\":\"ReadAction\",\"target\":[\"https:\/\/content.www.institutomaxilofacial.com\/es\/implantes-dentales\/planificacion-3d-en-implantes-dentales\/\"]}]},{\"@type\":\"ImageObject\",\"inLanguage\":\"ca-ES\",\"@id\":\"https:\/\/content.www.institutomaxilofacial.com\/es\/implantes-dentales\/planificacion-3d-en-implantes-dentales\/#primaryimage\",\"url\":\"https:\/\/content.www.institutomaxilofacial.com\/wp-content\/uploads\/2015\/11\/RX-hueso-y-tejido-blando-inverted.png\",\"contentUrl\":\"https:\/\/content.www.institutomaxilofacial.com\/wp-content\/uploads\/2015\/11\/RX-hueso-y-tejido-blando-inverted.png\",\"width\":1951,\"height\":1071},{\"@type\":\"BreadcrumbList\",\"@id\":\"https:\/\/content.www.institutomaxilofacial.com\/es\/implantes-dentales\/planificacion-3d-en-implantes-dentales\/#breadcrumb\",\"itemListElement\":[{\"@type\":\"ListItem\",\"position\":1,\"name\":\"Portada\",\"item\":\"https:\/\/content.www.institutomaxilofacial.com\/es\/\"},{\"@type\":\"ListItem\",\"position\":2,\"name\":\"Implantes dentales\",\"item\":\"https:\/\/content.www.institutomaxilofacial.com\/es\/implantes-dentales\/\"},{\"@type\":\"ListItem\",\"position\":3,\"name\":\"Planificaci\u00f3n 3D de Implantes Dentales\"}]},{\"@type\":\"WebSite\",\"@id\":\"https:\/\/content.www.institutomaxilofacial.com\/ca\/#website\",\"url\":\"https:\/\/content.www.institutomaxilofacial.com\/ca\/\",\"name\":\"Instituto Maxilofacial\",\"description\":\"Experts en Cirurgia Oral i Maxil\u00b7lofacial. Precisi\u00f3, experi\u00e8ncia i passi\u00f3 per la innovaci\u00f3\",\"potentialAction\":[{\"@type\":\"SearchAction\",\"target\":{\"@type\":\"EntryPoint\",\"urlTemplate\":\"https:\/\/content.www.institutomaxilofacial.com\/ca\/?s={search_term_string}\"},\"query-input\":{\"@type\":\"PropertyValueSpecification\",\"valueRequired\":true,\"valueName\":\"search_term_string\"}}],\"inLanguage\":\"ca-ES\"}]}<\/script>\n<!-- \/ Yoast SEO plugin. -->","yoast_head_json":{"title":"Planificaci\u00f3 3D en Implants Dentals - Instituto Maxilofacial","description":"Totes les cirurgies amb implants dentals que es realitzen es planifiquen en 3D mitjan\u00e7ant els \u00faltims aven\u00e7os tecnol\u00f2gics per assegurar resultats \u00f2ptims","robots":{"index":"index","follow":"follow","max-snippet":"max-snippet:-1","max-image-preview":"max-image-preview:large","max-video-preview":"max-video-preview:-1"},"canonical":"https:\/\/content.www.institutomaxilofacial.com\/ca\/wp-json\/wp\/v2\/pages\/180\/","og_locale":"ca_ES","og_type":"article","og_title":"[:es]Planificaci\u00f3n 3D en Implantes Dentales - Instituto Maxilofacial [:ca]Planificaci\u00f3 3D en Implants Dentals - Instituto Maxilofacial [:en]Clinical Cases - Dental Implants - Instituto Maxilofacial [:]","og_description":"{:es}Todas las cirug\u00edas con Implantes Dentales que se realizan se planifican en 3D mediante los \u00faltimos avances tecnol\u00f3gicos.{:ca}Totes les cirurgies amb implants dentals que es realitzen es planifiquen en 3D mitjan\u00e7ant els \u00faltims aven\u00e7os tecnol\u00f2gics per assegurar resultats \u00f2ptims{:en}Learn more about the clinical cases and experiences from patients that have undergone any kind of dental implants procedure at the Institute.{:}","og_url":"https:\/\/content.www.institutomaxilofacial.com\/es\/implantes-dentales\/planificacion-3d-en-implantes-dentales\/","og_site_name":"Instituto Maxilofacial","article_modified_time":"2022-09-13T11:20:45+00:00","og_image":[{"width":1951,"height":1071,"url":"https:\/\/content.www.institutomaxilofacial.com\/wp-content\/uploads\/2015\/11\/RX-hueso-y-tejido-blando-inverted.png","type":"image\/png"}],"twitter_card":"summary_large_image","schema":{"@context":"https:\/\/schema.org","@graph":[{"@type":"WebPage","@id":"https:\/\/content.www.institutomaxilofacial.com\/es\/implantes-dentales\/planificacion-3d-en-implantes-dentales\/","url":"https:\/\/content.www.institutomaxilofacial.com\/es\/implantes-dentales\/planificacion-3d-en-implantes-dentales\/","name":"[:es]Planificaci\u00f3n 3D en Implantes Dentales - Instituto Maxilofacial [:ca]Planificaci\u00f3 3D en Implants Dentals - Instituto Maxilofacial [:en]Clinical Cases - Dental Implants - Instituto Maxilofacial [:]","isPartOf":{"@id":"https:\/\/content.www.institutomaxilofacial.com\/ca\/#website"},"primaryImageOfPage":{"@id":"https:\/\/content.www.institutomaxilofacial.com\/es\/implantes-dentales\/planificacion-3d-en-implantes-dentales\/#primaryimage"},"image":{"@id":"https:\/\/content.www.institutomaxilofacial.com\/es\/implantes-dentales\/planificacion-3d-en-implantes-dentales\/#primaryimage"},"thumbnailUrl":"https:\/\/content.www.institutomaxilofacial.com\/wp-content\/uploads\/2015\/11\/RX-hueso-y-tejido-blando-inverted.png","datePublished":"2016-03-08T12:19:46+00:00","dateModified":"2022-09-13T11:20:45+00:00","description":"{:es}Todas las cirug\u00edas con Implantes Dentales que se realizan se planifican en 3D mediante los \u00faltimos avances tecnol\u00f3gicos.{:ca}Totes les cirurgies amb implants dentals que es realitzen es planifiquen en 3D mitjan\u00e7ant els \u00faltims aven\u00e7os tecnol\u00f2gics per assegurar resultats \u00f2ptims{:en}Learn more about the clinical cases and experiences from patients that have undergone any kind of dental implants procedure at the Institute.{:}","breadcrumb":{"@id":"https:\/\/content.www.institutomaxilofacial.com\/es\/implantes-dentales\/planificacion-3d-en-implantes-dentales\/#breadcrumb"},"inLanguage":"ca-ES","potentialAction":[{"@type":"ReadAction","target":["https:\/\/content.www.institutomaxilofacial.com\/es\/implantes-dentales\/planificacion-3d-en-implantes-dentales\/"]}]},{"@type":"ImageObject","inLanguage":"ca-ES","@id":"https:\/\/content.www.institutomaxilofacial.com\/es\/implantes-dentales\/planificacion-3d-en-implantes-dentales\/#primaryimage","url":"https:\/\/content.www.institutomaxilofacial.com\/wp-content\/uploads\/2015\/11\/RX-hueso-y-tejido-blando-inverted.png","contentUrl":"https:\/\/content.www.institutomaxilofacial.com\/wp-content\/uploads\/2015\/11\/RX-hueso-y-tejido-blando-inverted.png","width":1951,"height":1071},{"@type":"BreadcrumbList","@id":"https:\/\/content.www.institutomaxilofacial.com\/es\/implantes-dentales\/planificacion-3d-en-implantes-dentales\/#breadcrumb","itemListElement":[{"@type":"ListItem","position":1,"name":"Portada","item":"https:\/\/content.www.institutomaxilofacial.com\/es\/"},{"@type":"ListItem","position":2,"name":"Implantes dentales","item":"https:\/\/content.www.institutomaxilofacial.com\/es\/implantes-dentales\/"},{"@type":"ListItem","position":3,"name":"Planificaci\u00f3n 3D de Implantes Dentales"}]},{"@type":"WebSite","@id":"https:\/\/content.www.institutomaxilofacial.com\/ca\/#website","url":"https:\/\/content.www.institutomaxilofacial.com\/ca\/","name":"Instituto Maxilofacial","description":"Experts en Cirurgia Oral i Maxil\u00b7lofacial. Precisi\u00f3, experi\u00e8ncia i passi\u00f3 per la innovaci\u00f3","potentialAction":[{"@type":"SearchAction","target":{"@type":"EntryPoint","urlTemplate":"https:\/\/content.www.institutomaxilofacial.com\/ca\/?s={search_term_string}"},"query-input":{"@type":"PropertyValueSpecification","valueRequired":true,"valueName":"search_term_string"}}],"inLanguage":"ca-ES"}]}},"meta_box":{"caso-clinico-taxonomy":[],"caso-clinico-casos":[],"categoria-home-header-title":"","categoria-home-header-image":[],"categoria-home-intro-text":"","cta-cita-title":"","cta-cita-text":"","cta-cita-button-text":"","cta-cita-button-link":"","cta-cita-button-link-external":"","cta-cita-image":[],"cta-cita-image-mobile":[],"categoria-page-info-title":"","categoria-page-info-image":[],"categoria-page-header-title":"","categoria-page-header-image":[],"categoria-page-intro-text":"","categoria-page-intro-image":[],"categoria-page-intro-image-mobile":[],"categoria-page-intro-image-position":"","categoria-page-intro-image-position-mobile":"","categoria-page-intro-content":"","categoria-page-intro-highlights":[],"categoria-page-blocks":[],"categoria-page-benefits-active":"","categoria-page-benefits-title":"","categoria-page-benefits-text":"","categoria-page-benefits-image":[],"categoria-page-benefits-image-mobile":[],"categoria-page-button-text":"","categoria-page-button-link":"","categoria-page-button-link-external":"","categoria-page-cta1-title":"","categoria-page-cta1-text":"","categoria-page-cta1-button-text":"","categoria-page-cta1-button-link":"","categoria-page-cta2-title":"","categoria-page-cta2-text":"","categoria-page-cta2-button-text":"","categoria-page-cta2-button-link":"","contacto-name":"","contacto-address":"","contacto-tlf":"","contacto-fax":"","contacto-image":[],"contacto-lat":"","contacto-lng":"","contacto-map-zoom":"","contacto-map-lat":"","contacto-map-lng":"","contacto-form":"","faqs-taxonomy":[],"estetica-home-header-title":"","estetica-home-header-image":[],"estetica-home-intro-title":"","estetica-home-intro-text":"","estetica-home-cirugia-title":"","estetica-home-medicina-title":"","estetica-home-descubre-title":"","estetica-home-descubre-text":"","estetica-home-descubre-image":[],"estetica-home-descubre-background":[],"estetica-home-descubre-background-mobile":[],"estetica-home-cta1-title":"","estetica-home-cta1-text":"","estetica-home-cta1-button-text":"","estetica-home-cta1-button-link":"","estetica-home-cta1-image":[],"estetica-home-cta2-title":"","estetica-home-cta2-text":"","estetica-home-cta2-button-text":"","estetica-home-cta2-button-link":"","estetica-home-cta2-image":[],"estetica-home-posts-title":"","estetica-home-posts-button-text":"","estetica-home-faq-title":"","estetica-home-faqs":[],"estetica-home-faq-button-text":"","estetica-home-faq-button-link":"","stetik-iframe-url":"","interior-show-breadcrumb":"","interior-header-title":"","interior-header-image":[],"interior-blocks":[],"is-stetik-studio":"","stetik-team-header-title":"","stetik-team-header-image":[],"stetik-team-intro-text":"","stetik-team-team-title":"","stetik-team-team-professional":[],"video-consulta-text":"","video-consulta-form":"","voz-experto-taxonomy":[],"landing-apnea-header-title":"","landing-apnea-header-subtitle":"","landing-apnea-header-image":[],"landing-apnea-header-pide-cita":"","landing-apnea-header-typeform":"","landing-apnea-blocks":[],"landing-apnea-intro-title":"","landing-apnea-intro-text":"","landing-apnea-highlight-items":[],"landing-apnea-blocks-2":[],"landing-apnea-testimonials-title":"","landing-apnea-testimonials-text":"","landing-apnea-testimonials-videos":[],"landing-apnea-hero-text":"","landing-apnea-faq-title":"","landing-apnea-faqs":[],"landing-apnea-prefooter-text":"","landing-apnea-prefooter-nota":"","redirect-page":"","shortcodeform-code":"","redirect-page-es":"","redirect-page-en":"","redirect-page-ca":"","login-page-need":"0","login-page":"","eh-cover-image":[],"eh-cover-image-mobile":[],"eh-cover-title":"","eh-cover-subtitle":"","eh-cover-text":"","eh-cover-btn1-text":"","eh-cover-btn1-page-id":"","eh-cover-btn2-text":"","eh-cover-btn2-video-files":[],"eh-specs-main-title":"","eh-specs":[],"eh-icons-reduced-section":"","eh-icons-1":[],"eh-patients-title":"","eh-patients":[],"eh-patients-nopic-title":"","eh-patients-nopic":[],"eh-video-title":"","eh-video":[],"eh-icons-2-reduced-section":"","eh-icons-2":[],"contact-zoom":"","contact-center":[],"contact-data-left-title":"","contact-data-left-content":"","contact-lat":"","contact-long":"","contact-bubble":"","contact-title-form":"","contact-text-form":"","contact-shortcode-form":"","contact-title-widget":"","contact-text-widget":"","contact-shortcode-widget":"","page-header":[],"page-header-text":"Planificaci\u00f3 3D en Implants Dentals","page-header-english":"0","page-header-english-page-id":"","page-content-title":"Per qu\u00e9 Planificaci\u00f3 3D en Implants Dentals?","home-slides":[],"page-content-text-1":"","page-content-text-2":"","page-content-image-1":[],"page-content-video":"","page-content-text-3":"","page-content-image-2":[],"page-content-text-4":"","page-content-image-3":[],"page-excerpt-title":"","page-excerpt-text":"","page-related-enable":"1","related-content":[{"type-related":"page","page-related":"145"},{"type-related":"page","page-related":"157"},{"type-related":"page","page-related":"184"}],"getcontent":[],"home-text-block":[],"home-blue-text":"","home-blue-image":[],"home-contact-form":[],"team-doctor-name":"","team-doctor-position":"","team-doctor-txt":"","team-doctor-btn":"","team-doctor-page":"","team-doctor-img":[],"team-img-fullwidth":[],"contact-link":"","contact-msg":"","contact-subject":"","contact-lat-2":"","contact-long-2":"","contact-bubble-2":"","contact-data":"","contact-tour-title":"","contact-tour-link":"","contact-tour-image":[],"contact-form":[],"faq-type":false,"item-row":[{"scheme":"onlytext","layout-color":"white","row-padding":"small-padding","item-text":"L\u2019<b>Institut Maxil\u00b7lofacial<\/b>\u00a0se situa a l\u2019avantguarda de la revoluci\u00f3 tridimensional en medicina. Totes les cirurgies amb\u00a0<b>implants dentals<\/b>\u00a0que es realitzen es planifiquen en 3D mitjan\u00e7ant els \u00faltims aven\u00e7os tecnol\u00f2gics. Aix\u00ed, els especialistes poden anticipar al mil\u00b7l\u00edmetre la posici\u00f3 exacta on s\u2019han de col\u00b7locar els\u00a0<b>implants dentals<\/b>, amb la qual cosa s\u2019eviten possibles imprevistos al quir\u00f2fan i s\u2019asseguren uns resultats \u00f2ptims.","video-explica-rows":[{"item-slide-video-type":"input_embed"}]},{"scheme":"imagetext","layout-color":"white","row-padding":"biggest-padding","item-text":"<p class=\"p1\">Des del 2010, l\u2019Institut Maxil\u00b7lofacial disposa, d\u2019una banda, d\u2019un <b><a href=\"https:\/\/content.www.institutomaxilofacial.com\/ca\/centre-dinnovacio\/ultimes-tecnologies\/\">Esc\u00e0ner intraora<\/a>l\u00a0<\/b>que permet prendre una impressi\u00f3 de les dents i els <b>implants dentals <\/b>en 3D<b> <\/b>per a la confecci\u00f3 de la gran majoria de restauracions amb <b>pr\u00f2tesis dentals<\/b> i, de l\u2019altra, d\u2019un <a href=\"https:\/\/content.www.institutomaxilofacial.com\/ca\/centre-dinnovacio\/ultimes-tecnologies\/\"><b>CBCT<\/b><\/a>\u00a0o <b><i>Cone Beam Computed Tomography<\/i><\/b>, que, amb molt baixa radiaci\u00f3, serveix per obtenir l\u2019anatomia en tres dimensions del crani o de la part del crani necess\u00e0ria del pacient.<\/p>\r\n<p class=\"p1\">Tot aix\u00f2 proporciona un resultat cl\u00ednic \u00f2ptim i una major comoditat per al pacient. Aquests estudis es combinen amb els programes inform\u00e0tics m\u00e9s sofisticats amb els quals es decideix la posici\u00f3 \u00f2ptima dels <b>implants dentals<\/b> en funci\u00f3 de la qualitat i de la quantitat d\u2019os en cada zona de la <b>mand\u00edbula<\/b> o el <b>maxil\u00b7lar<\/b>.<\/p>\r\n\r\n<div style=\"text-align: left;\">\r\n<div style=\"mso-element: comment;\">\r\n<div id=\"_com_2\" class=\"msocomtxt\"><!-- [if !supportAnnotations]--><\/div>\r\n<!--[endif]-->\r\n\r\n<\/div>\r\n<\/div>","video-explica-rows":[{"item-slide-video-type":"input_embed"}],"item-images":["9496"],"item-bg-size-contain":["on"],"item-row-icon-image-1":"Icono-1.png","item-row-icon-image-2":"Icono-1.png","item-row-icon-image-3":"Icono-1.png","item-row-icon-image-4":"Icono-1.png","item-cta-page":"5633","item-cta-size":"btn-big"},{"scheme":"onlytext","row-padding":"without-padding","item-text":"<h4>CIRURGIA GUIADA en IMPLANTOLOGIA<\/h4>\r\nEl proc\u00e9s de <strong>cirurgia guiada<\/strong> comen\u00e7a amb la combinaci\u00f3 d'imatges d'un esc\u00e0ner intraoral i cranial, amb les quals <strong>es crea un model tridimensional exacte<\/strong> que permet mapejar la boca al mil\u00b7l\u00edmetre, emetent una m\u00ednima radiaci\u00f3. Un cop obtingut el model 3D, el cirurgi\u00e0 pot simular l'operaci\u00f3 a l'ordinador, i <strong>col\u00b7locar els implants en la posici\u00f3 \u00f2ptima per aconseguir una est\u00e8tica i funci\u00f3 perfectes.<\/strong>","video-explica-rows":[{"item-slide-video-type":"input_embed"}]},{"scheme":"textimage","row-padding":"normal-padding","item-text":"Un cop preses aquestes mesures, <strong>es crea una f\u00e8rula quir\u00fargica a manera de plantilla<\/strong>, que reprodueix amb total exactitud la posici\u00f3 dels implants. Aquestes plantilles <strong>serveixen de guia per perforar la geniva sense haver de obrir-la<\/strong>, en tenir una s\u00e8rie d'orificis situats en la posici\u00f3 precisa on cal col\u00b7locar els implants i permetent nom\u00e9s perforar fins a la profunditat preestablerta. <strong>Aix\u00f2 permet realitzar una cirurgia m\u00ednimament invasiva<\/strong>, sense aixecar la geniva o donar punts en la majoria dels casos.\r\n\r\nUn altre avantatge de la <strong>cirurgia guiada<\/strong> \u00e9s que <strong>permet evitar zones delicades<\/strong> com el nervi dentari o el si maxil\u00b7lar, a m\u00e9s de <strong>reduir el temps de quir\u00f2fan<\/strong>. Una intervenci\u00f3 que solia prendre entre 2 a 3 hores, pot dur-se a terme en un lapse de 30-45 minuts.\r\n\r\nDe cara al pacient,<strong> una cirurgia menys invasiva i m\u00e9s curta es tradueix en un postoperatori m\u00e9s c\u00f2mode<\/strong>, en no haver talls ni punts, a m\u00e9s que <strong>els implants es col\u00b7loquen amb la m\u00e0xima exactitud, amb resultats funcionals i est\u00e8tics immillorables.<\/strong>","item-video":"<iframe src=\"https:\/\/player.vimeo.com\/video\/334423127\" width=\"640\" height=\"480\" frameborder=\"0\" allow=\"autoplay; fullscreen\" allowfullscreen><\/iframe>","video-explica-rows":[{"item-slide-video-type":"input_embed"}],"item-bg-size-contain":["on"]},{"scheme":"onlytext","layout-color":"light-blue","row-padding":"small-padding","item-text":"<p class=\"p1\" style=\"text-align: center;\"><strong>Aix\u00ed, la planificaci\u00f3 3D en implantologia permet:<\/strong><\/p>\r\n<p style=\"text-align: center;\">Un diagn\u00f2stic prec\u00eds.<\/p>\r\n<p style=\"text-align: center;\">Planificaci\u00f3 quir\u00fargica virtual del tractament.<\/p>\r\n<p style=\"text-align: center;\">Evitar imprevistos al quir\u00f2fan.<\/p>\r\n<p style=\"text-align: center;\">Reducci\u00f3 del temps quir\u00fargic.<\/p>\r\n<p style=\"text-align: center;\">Un postoperatori m\u00e9s c\u00f2mode i menys dolor\u00f3s.<\/p>\r\n<p style=\"text-align: center;\">Resultats \u00f2ptims.<\/p>","video-explica-rows":[{"item-slide-video-type":"input_embed"}],"item-image-alt":"Planificaci\u00f3 3D","item-bg-size-contain":["on"],"item-row-icon-image-1":"Icono-1.png","item-row-icon-image-2":"Icono-1.png","item-row-icon-image-3":"Icono-1.png","item-row-icon-image-4":"Icono-1.png","item-cta-page":"5633","item-cta-size":"btn-big"},{"scheme":"cta","row-padding":"normal-padding","video-explica-rows":[{"item-slide-video-type":"input_embed"}],"item-cta-text":"demana cita amb un especialista en implantologia"}],"chatbot-code":"","lateral-reducedheader":"","lateral-content-type":"","lateral-title":"","lateral-intro":"","lateral-form":"","lateral-popup":"","lateral-popup-pages":[],"lateral-cta-text":"","lateral-cta-page":"","item-type":"","item-tax":false,"iframe-tuotempo":"","iframe-subs-es":"","iframe-subs-en":"","iframe-subs-ca":"","blog-default-image":[],"activity-events-date":"","activity-page-past":"","noticias-default-image":[]},"_links":{"self":[{"href":"https:\/\/content.www.institutomaxilofacial.com\/ca\/wp-json\/wp\/v2\/pages\/180","targetHints":{"allow":["GET"]}}],"collection":[{"href":"https:\/\/content.www.institutomaxilofacial.com\/ca\/wp-json\/wp\/v2\/pages"}],"about":[{"href":"https:\/\/content.www.institutomaxilofacial.com\/ca\/wp-json\/wp\/v2\/types\/page"}],"author":[{"embeddable":true,"href":"https:\/\/content.www.institutomaxilofacial.com\/ca\/wp-json\/wp\/v2\/users\/1"}],"replies":[{"embeddable":true,"href":"https:\/\/content.www.institutomaxilofacial.com\/ca\/wp-json\/wp\/v2\/comments?post=180"}],"version-history":[{"count":7,"href":"https:\/\/content.www.institutomaxilofacial.com\/ca\/wp-json\/wp\/v2\/pages\/180\/revisions"}],"predecessor-version":[{"id":7921,"href":"https:\/\/content.www.institutomaxilofacial.com\/ca\/wp-json\/wp\/v2\/pages\/180\/revisions\/7921"}],"up":[{"embeddable":true,"href":"https:\/\/content.www.institutomaxilofacial.com\/ca\/wp-json\/wp\/v2\/pages\/33"}],"wp:featuredmedia":[{"embeddable":true,"href":"https:\/\/content.www.institutomaxilofacial.com\/ca\/wp-json\/wp\/v2\/media\/11842"}],"wp:attachment":[{"href":"https:\/\/content.www.institutomaxilofacial.com\/ca\/wp-json\/wp\/v2\/media?parent=180"}],"curies":[{"name":"wp","href":"https:\/\/api.w.org\/{rel}","templated":true}]}}