{"id":192,"date":"2016-03-08T12:21:47","date_gmt":"2016-03-08T12:21:47","guid":{"rendered":"https:\/\/content.www.institutomaxilofacial.com\/?page_id=192"},"modified":"2018-05-29T13:28:02","modified_gmt":"2018-05-29T13:28:02","slug":"faqs-dental-aesthetics","status":"publish","type":"page","link":"https:\/\/content.www.institutomaxilofacial.com\/ca\/estetica-dental\/faqs-estetica-dental\/","title":{"rendered":"FAQs d&#8217;Est\u00e8tica Dental"},"content":{"rendered":"<p>Preguntes freq\u00fcents sobre tractaments d&#8217;<strong>est\u00e8tica dental<\/strong>:<\/p>","protected":false},"excerpt":{"rendered":"<p>Preguntes freq\u00fcents sobre tractaments d&#8217;est\u00e8tica dental:<\/p>\n","protected":false},"author":1,"featured_media":7797,"parent":31,"menu_order":40,"comment_status":"closed","ping_status":"closed","template":"template-faq.php","meta":{"footnotes":""},"class_list":["post-192","page","type-page","status-publish","has-post-thumbnail","hentry"],"yoast_head":"<!-- This site is optimized with the Yoast SEO plugin v27.2 - https:\/\/yoast.com\/product\/yoast-seo-wordpress\/ -->\n<title>Preguntas Frecuentes sobre Est\u00e9tica Dental - Instituto Maxilofacial<\/title>\n<meta name=\"description\" content=\"El Instituto Maxilofacial resuelve las dudas m\u00e1s frecuentes sobre los tratamientos de Est\u00e9tica Dental.\" \/>\n<meta name=\"robots\" content=\"index, follow, max-snippet:-1, max-image-preview:large, max-video-preview:-1\" \/>\n<link rel=\"canonical\" href=\"https:\/\/content.www.institutomaxilofacial.com\/ca\/wp-json\/wp\/v2\/pages\/192\/\" \/>\n<meta property=\"og:locale\" content=\"ca_ES\" \/>\n<meta property=\"og:type\" content=\"article\" \/>\n<meta property=\"og:title\" content=\"Preguntas Frecuentes sobre Est\u00e9tica Dental - Instituto Maxilofacial\" \/>\n<meta property=\"og:description\" content=\"El Instituto Maxilofacial resuelve las dudas m\u00e1s frecuentes sobre los tratamientos de Est\u00e9tica Dental.\" \/>\n<meta property=\"og:url\" content=\"https:\/\/content.www.institutomaxilofacial.com\/es\/estetica-dental\/faqs-estetica-dental\/\" \/>\n<meta property=\"og:site_name\" content=\"Instituto Maxilofacial\" \/>\n<meta property=\"article:modified_time\" content=\"2018-05-29T13:28:02+00:00\" \/>\n<meta property=\"og:image\" content=\"https:\/\/content.www.institutomaxilofacial.com\/wp-content\/uploads\/2018\/05\/11.jpg\" \/>\n\t<meta property=\"og:image:width\" content=\"5760\" \/>\n\t<meta property=\"og:image:height\" content=\"3840\" \/>\n\t<meta property=\"og:image:type\" content=\"image\/jpeg\" \/>\n<meta name=\"twitter:card\" content=\"summary_large_image\" \/>\n<script type=\"application\/ld+json\" class=\"yoast-schema-graph\">{\"@context\":\"https:\/\/schema.org\",\"@graph\":[{\"@type\":\"WebPage\",\"@id\":\"https:\/\/content.www.institutomaxilofacial.com\/es\/estetica-dental\/faqs-estetica-dental\/\",\"url\":\"https:\/\/content.www.institutomaxilofacial.com\/es\/estetica-dental\/faqs-estetica-dental\/\",\"name\":\"Preguntas Frecuentes sobre Est\u00e9tica Dental - Instituto Maxilofacial\",\"isPartOf\":{\"@id\":\"https:\/\/content.www.institutomaxilofacial.com\/ca\/#website\"},\"primaryImageOfPage\":{\"@id\":\"https:\/\/content.www.institutomaxilofacial.com\/es\/estetica-dental\/faqs-estetica-dental\/#primaryimage\"},\"image\":{\"@id\":\"https:\/\/content.www.institutomaxilofacial.com\/es\/estetica-dental\/faqs-estetica-dental\/#primaryimage\"},\"thumbnailUrl\":\"https:\/\/content.www.institutomaxilofacial.com\/wp-content\/uploads\/2018\/05\/11.jpg\",\"datePublished\":\"2016-03-08T12:21:47+00:00\",\"dateModified\":\"2018-05-29T13:28:02+00:00\",\"description\":\"El Instituto Maxilofacial resuelve las dudas m\u00e1s frecuentes sobre los tratamientos de Est\u00e9tica Dental.\",\"breadcrumb\":{\"@id\":\"https:\/\/content.www.institutomaxilofacial.com\/es\/estetica-dental\/faqs-estetica-dental\/#breadcrumb\"},\"inLanguage\":\"ca-ES\",\"potentialAction\":[{\"@type\":\"ReadAction\",\"target\":[\"https:\/\/content.www.institutomaxilofacial.com\/es\/estetica-dental\/faqs-estetica-dental\/\"]}]},{\"@type\":\"ImageObject\",\"inLanguage\":\"ca-ES\",\"@id\":\"https:\/\/content.www.institutomaxilofacial.com\/es\/estetica-dental\/faqs-estetica-dental\/#primaryimage\",\"url\":\"https:\/\/content.www.institutomaxilofacial.com\/wp-content\/uploads\/2018\/05\/11.jpg\",\"contentUrl\":\"https:\/\/content.www.institutomaxilofacial.com\/wp-content\/uploads\/2018\/05\/11.jpg\",\"width\":5760,\"height\":3840,\"caption\":\"Beautiful woman isolated over a white background thinking on something\"},{\"@type\":\"BreadcrumbList\",\"@id\":\"https:\/\/content.www.institutomaxilofacial.com\/es\/estetica-dental\/faqs-estetica-dental\/#breadcrumb\",\"itemListElement\":[{\"@type\":\"ListItem\",\"position\":1,\"name\":\"Portada\",\"item\":\"https:\/\/content.www.institutomaxilofacial.com\/es\/\"},{\"@type\":\"ListItem\",\"position\":2,\"name\":\"Est\u00e9tica dental\",\"item\":\"https:\/\/content.www.institutomaxilofacial.com\/es\/estetica-dental\/\"},{\"@type\":\"ListItem\",\"position\":3,\"name\":\"FAQs de Est\u00e9tica Dental\"}]},{\"@type\":\"WebSite\",\"@id\":\"https:\/\/content.www.institutomaxilofacial.com\/ca\/#website\",\"url\":\"https:\/\/content.www.institutomaxilofacial.com\/ca\/\",\"name\":\"Instituto Maxilofacial\",\"description\":\"Experts en Cirurgia Oral i Maxil\u00b7lofacial. Precisi\u00f3, experi\u00e8ncia i passi\u00f3 per la innovaci\u00f3\",\"potentialAction\":[{\"@type\":\"SearchAction\",\"target\":{\"@type\":\"EntryPoint\",\"urlTemplate\":\"https:\/\/content.www.institutomaxilofacial.com\/ca\/?s={search_term_string}\"},\"query-input\":{\"@type\":\"PropertyValueSpecification\",\"valueRequired\":true,\"valueName\":\"search_term_string\"}}],\"inLanguage\":\"ca-ES\"}]}<\/script>\n<!-- \/ Yoast SEO plugin. -->","yoast_head_json":{"title":"Preguntas Frecuentes sobre Est\u00e9tica Dental - Instituto Maxilofacial","description":"El Instituto Maxilofacial resuelve las dudas m\u00e1s frecuentes sobre los tratamientos de Est\u00e9tica Dental.","robots":{"index":"index","follow":"follow","max-snippet":"max-snippet:-1","max-image-preview":"max-image-preview:large","max-video-preview":"max-video-preview:-1"},"canonical":"https:\/\/content.www.institutomaxilofacial.com\/ca\/wp-json\/wp\/v2\/pages\/192\/","og_locale":"ca_ES","og_type":"article","og_title":"Preguntas Frecuentes sobre Est\u00e9tica Dental - Instituto Maxilofacial","og_description":"El Instituto Maxilofacial resuelve las dudas m\u00e1s frecuentes sobre los tratamientos de Est\u00e9tica Dental.","og_url":"https:\/\/content.www.institutomaxilofacial.com\/es\/estetica-dental\/faqs-estetica-dental\/","og_site_name":"Instituto Maxilofacial","article_modified_time":"2018-05-29T13:28:02+00:00","og_image":[{"width":5760,"height":3840,"url":"https:\/\/content.www.institutomaxilofacial.com\/wp-content\/uploads\/2018\/05\/11.jpg","type":"image\/jpeg"}],"twitter_card":"summary_large_image","schema":{"@context":"https:\/\/schema.org","@graph":[{"@type":"WebPage","@id":"https:\/\/content.www.institutomaxilofacial.com\/es\/estetica-dental\/faqs-estetica-dental\/","url":"https:\/\/content.www.institutomaxilofacial.com\/es\/estetica-dental\/faqs-estetica-dental\/","name":"Preguntas Frecuentes sobre Est\u00e9tica Dental - Instituto Maxilofacial","isPartOf":{"@id":"https:\/\/content.www.institutomaxilofacial.com\/ca\/#website"},"primaryImageOfPage":{"@id":"https:\/\/content.www.institutomaxilofacial.com\/es\/estetica-dental\/faqs-estetica-dental\/#primaryimage"},"image":{"@id":"https:\/\/content.www.institutomaxilofacial.com\/es\/estetica-dental\/faqs-estetica-dental\/#primaryimage"},"thumbnailUrl":"https:\/\/content.www.institutomaxilofacial.com\/wp-content\/uploads\/2018\/05\/11.jpg","datePublished":"2016-03-08T12:21:47+00:00","dateModified":"2018-05-29T13:28:02+00:00","description":"El Instituto Maxilofacial resuelve las dudas m\u00e1s frecuentes sobre los tratamientos de Est\u00e9tica Dental.","breadcrumb":{"@id":"https:\/\/content.www.institutomaxilofacial.com\/es\/estetica-dental\/faqs-estetica-dental\/#breadcrumb"},"inLanguage":"ca-ES","potentialAction":[{"@type":"ReadAction","target":["https:\/\/content.www.institutomaxilofacial.com\/es\/estetica-dental\/faqs-estetica-dental\/"]}]},{"@type":"ImageObject","inLanguage":"ca-ES","@id":"https:\/\/content.www.institutomaxilofacial.com\/es\/estetica-dental\/faqs-estetica-dental\/#primaryimage","url":"https:\/\/content.www.institutomaxilofacial.com\/wp-content\/uploads\/2018\/05\/11.jpg","contentUrl":"https:\/\/content.www.institutomaxilofacial.com\/wp-content\/uploads\/2018\/05\/11.jpg","width":5760,"height":3840,"caption":"Beautiful woman isolated over a white background thinking on something"},{"@type":"BreadcrumbList","@id":"https:\/\/content.www.institutomaxilofacial.com\/es\/estetica-dental\/faqs-estetica-dental\/#breadcrumb","itemListElement":[{"@type":"ListItem","position":1,"name":"Portada","item":"https:\/\/content.www.institutomaxilofacial.com\/es\/"},{"@type":"ListItem","position":2,"name":"Est\u00e9tica dental","item":"https:\/\/content.www.institutomaxilofacial.com\/es\/estetica-dental\/"},{"@type":"ListItem","position":3,"name":"FAQs de Est\u00e9tica Dental"}]},{"@type":"WebSite","@id":"https:\/\/content.www.institutomaxilofacial.com\/ca\/#website","url":"https:\/\/content.www.institutomaxilofacial.com\/ca\/","name":"Instituto Maxilofacial","description":"Experts en Cirurgia Oral i Maxil\u00b7lofacial. Precisi\u00f3, experi\u00e8ncia i passi\u00f3 per la innovaci\u00f3","potentialAction":[{"@type":"SearchAction","target":{"@type":"EntryPoint","urlTemplate":"https:\/\/content.www.institutomaxilofacial.com\/ca\/?s={search_term_string}"},"query-input":{"@type":"PropertyValueSpecification","valueRequired":true,"valueName":"search_term_string"}}],"inLanguage":"ca-ES"}]}},"meta_box":{"caso-clinico-taxonomy":[],"caso-clinico-casos":[],"categoria-home-header-title":"","categoria-home-header-image":[],"categoria-home-intro-text":"","cta-cita-title":"","cta-cita-text":"","cta-cita-button-text":"","cta-cita-button-link":"","cta-cita-button-link-external":"","cta-cita-image":[],"cta-cita-image-mobile":[],"categoria-page-info-title":"","categoria-page-info-image":[],"categoria-page-header-title":"","categoria-page-header-image":[],"categoria-page-intro-text":"","categoria-page-intro-image":[],"categoria-page-intro-image-mobile":[],"categoria-page-intro-image-position":"","categoria-page-intro-image-position-mobile":"","categoria-page-intro-content":"","categoria-page-intro-highlights":[],"categoria-page-blocks":[],"categoria-page-benefits-active":"","categoria-page-benefits-title":"","categoria-page-benefits-text":"","categoria-page-benefits-image":[],"categoria-page-benefits-image-mobile":[],"categoria-page-button-text":"","categoria-page-button-link":"","categoria-page-button-link-external":"","categoria-page-cta1-title":"","categoria-page-cta1-text":"","categoria-page-cta1-button-text":"","categoria-page-cta1-button-link":"","categoria-page-cta2-title":"","categoria-page-cta2-text":"","categoria-page-cta2-button-text":"","categoria-page-cta2-button-link":"","contacto-name":"","contacto-address":"","contacto-tlf":"","contacto-fax":"","contacto-image":[],"contacto-lat":"","contacto-lng":"","contacto-map-zoom":"","contacto-map-lat":"","contacto-map-lng":"","contacto-form":"","faqs-taxonomy":[],"estetica-home-header-title":"","estetica-home-header-image":[],"estetica-home-intro-title":"","estetica-home-intro-text":"","estetica-home-cirugia-title":"","estetica-home-medicina-title":"","estetica-home-descubre-title":"","estetica-home-descubre-text":"","estetica-home-descubre-image":[],"estetica-home-descubre-background":[],"estetica-home-descubre-background-mobile":[],"estetica-home-cta1-title":"","estetica-home-cta1-text":"","estetica-home-cta1-button-text":"","estetica-home-cta1-button-link":"","estetica-home-cta1-image":[],"estetica-home-cta2-title":"","estetica-home-cta2-text":"","estetica-home-cta2-button-text":"","estetica-home-cta2-button-link":"","estetica-home-cta2-image":[],"estetica-home-posts-title":"","estetica-home-posts-button-text":"","estetica-home-faq-title":"","estetica-home-faqs":[],"estetica-home-faq-button-text":"","estetica-home-faq-button-link":"","stetik-iframe-url":"","interior-show-breadcrumb":"","interior-header-title":"","interior-header-image":[],"interior-blocks":[],"is-stetik-studio":"","stetik-team-header-title":"","stetik-team-header-image":[],"stetik-team-intro-text":"","stetik-team-team-title":"","stetik-team-team-professional":[],"video-consulta-text":"","video-consulta-form":"","voz-experto-taxonomy":[],"landing-apnea-header-title":"","landing-apnea-header-subtitle":"","landing-apnea-header-image":[],"landing-apnea-header-pide-cita":"","landing-apnea-header-typeform":"","landing-apnea-blocks":[],"landing-apnea-intro-title":"","landing-apnea-intro-text":"","landing-apnea-highlight-items":[],"landing-apnea-blocks-2":[],"landing-apnea-testimonials-title":"","landing-apnea-testimonials-text":"","landing-apnea-testimonials-videos":[],"landing-apnea-hero-text":"","landing-apnea-faq-title":"","landing-apnea-faqs":[],"landing-apnea-prefooter-text":"","landing-apnea-prefooter-nota":"","redirect-page":"","shortcodeform-code":"","redirect-page-es":"","redirect-page-en":"","redirect-page-ca":"","login-page-need":"","login-page":"","eh-cover-image":[],"eh-cover-image-mobile":[],"eh-cover-title":"","eh-cover-subtitle":"","eh-cover-text":"","eh-cover-btn1-text":"","eh-cover-btn1-page-id":"","eh-cover-btn2-text":"","eh-cover-btn2-video-files":[],"eh-specs-main-title":"","eh-specs":[],"eh-icons-reduced-section":"","eh-icons-1":[],"eh-patients-title":"","eh-patients":[],"eh-patients-nopic-title":"","eh-patients-nopic":[],"eh-video-title":"","eh-video":[],"eh-icons-2-reduced-section":"","eh-icons-2":[],"contact-zoom":"","contact-center":[],"contact-data-left-title":"","contact-data-left-content":"","contact-lat":"","contact-long":"","contact-bubble":"","contact-title-form":"","contact-text-form":"","contact-shortcode-form":"","contact-title-widget":"","contact-text-widget":"","contact-shortcode-widget":"","page-header":[],"page-header-text":"FAQs","page-header-english":"","page-header-english-page-id":"","page-content-title":"FAQs","home-slides":[],"page-content-text-1":"","page-content-text-2":"","page-content-image-1":[],"page-content-video":"","page-content-text-3":"","page-content-image-2":[],"page-content-text-4":"","page-content-image-3":[],"page-excerpt-title":"","page-excerpt-text":"","page-related-enable":"1","related-content":[{"type-related":"page","page-related":"147"},{"type-related":"page","page-related":"155"},{"type-related":"page","page-related":"190"}],"getcontent":[],"home-text-block":[],"home-blue-text":"","home-blue-image":[],"home-contact-form":[],"team-doctor-name":"","team-doctor-position":"","team-doctor-txt":"","team-doctor-btn":"","team-doctor-page":"","team-doctor-img":[],"team-img-fullwidth":[],"contact-link":"","contact-msg":"","contact-subject":"","contact-lat-2":"","contact-long-2":"","contact-bubble-2":"","contact-data":"","contact-tour-title":"","contact-tour-link":"","contact-tour-image":[],"contact-form":[],"faq-type":{"term_id":21,"name":"est\u00e9tica dental","slug":"estetica-dental","term_group":0,"term_taxonomy_id":21,"taxonomy":"seccion","description":"","parent":0,"count":12,"filter":"raw","term_order":"0","i18n_config":{"name":{"ts":{"es":"Est\u00e9tica dental","ca":"est\u00e9tica dental","en":"est\u00e9tica dental"}}}},"item-row":[],"chatbot-code":"","lateral-reducedheader":"","lateral-content-type":"","lateral-title":"","lateral-intro":"","lateral-form":"","lateral-popup":"","lateral-popup-pages":[],"lateral-cta-text":"","lateral-cta-page":"","item-type":"","item-tax":false,"iframe-tuotempo":"","iframe-subs-es":"","iframe-subs-en":"","iframe-subs-ca":"","blog-default-image":[],"activity-events-date":"","activity-page-past":"","noticias-default-image":[]},"_links":{"self":[{"href":"https:\/\/content.www.institutomaxilofacial.com\/ca\/wp-json\/wp\/v2\/pages\/192","targetHints":{"allow":["GET"]}}],"collection":[{"href":"https:\/\/content.www.institutomaxilofacial.com\/ca\/wp-json\/wp\/v2\/pages"}],"about":[{"href":"https:\/\/content.www.institutomaxilofacial.com\/ca\/wp-json\/wp\/v2\/types\/page"}],"author":[{"embeddable":true,"href":"https:\/\/content.www.institutomaxilofacial.com\/ca\/wp-json\/wp\/v2\/users\/1"}],"replies":[{"embeddable":true,"href":"https:\/\/content.www.institutomaxilofacial.com\/ca\/wp-json\/wp\/v2\/comments?post=192"}],"version-history":[{"count":9,"href":"https:\/\/content.www.institutomaxilofacial.com\/ca\/wp-json\/wp\/v2\/pages\/192\/revisions"}],"predecessor-version":[{"id":7934,"href":"https:\/\/content.www.institutomaxilofacial.com\/ca\/wp-json\/wp\/v2\/pages\/192\/revisions\/7934"}],"up":[{"embeddable":true,"href":"https:\/\/content.www.institutomaxilofacial.com\/ca\/wp-json\/wp\/v2\/pages\/31"}],"wp:featuredmedia":[{"embeddable":true,"href":"https:\/\/content.www.institutomaxilofacial.com\/ca\/wp-json\/wp\/v2\/media\/7797"}],"wp:attachment":[{"href":"https:\/\/content.www.institutomaxilofacial.com\/ca\/wp-json\/wp\/v2\/media?parent=192"}],"curies":[{"name":"wp","href":"https:\/\/api.w.org\/{rel}","templated":true}]}}