{"id":9825,"date":"2019-06-14T09:43:57","date_gmt":"2019-06-14T09:43:57","guid":{"rendered":"https:\/\/content.www.institutomaxilofacial.com\/es\/?page_id=9825"},"modified":"2025-05-20T13:53:17","modified_gmt":"2025-05-20T11:53:17","slug":"implantes-dentales-en-barcelona","status":"publish","type":"page","link":"https:\/\/content.www.institutomaxilofacial.com\/ca\/unidad-de-implantologia-avanzada-del-instituto-maxilofacial-barcelona\/","title":{"rendered":"Implantes dentales en Barcelona"},"content":{"rendered":"","protected":false},"excerpt":{"rendered":"","protected":false},"author":17,"featured_media":0,"parent":0,"menu_order":0,"comment_status":"closed","ping_status":"closed","template":"template-modularlateral.php","meta":{"footnotes":""},"class_list":["post-9825","page","type-page","status-publish","hentry"],"yoast_head":"<!-- This site is optimized with the Yoast SEO plugin v27.2 - https:\/\/yoast.com\/product\/yoast-seo-wordpress\/ -->\n<title>Implantes dentales en Barcelona - Instituto Maxilofacial<\/title>\n<meta name=\"description\" content=\"Descubra las opciones de implantes dentales que ofrecemos: implantes convencionales e implantes subperi\u00f3sticos.\" \/>\n<meta name=\"robots\" content=\"index, follow, max-snippet:-1, max-image-preview:large, max-video-preview:-1\" \/>\n<link rel=\"canonical\" href=\"https:\/\/content.www.institutomaxilofacial.com\/ca\/wp-json\/wp\/v2\/pages\/9825\/\" \/>\n<meta property=\"og:locale\" content=\"ca_ES\" \/>\n<meta property=\"og:type\" content=\"article\" \/>\n<meta property=\"og:title\" content=\"Implantes dentales en Barcelona - Instituto Maxilofacial\" \/>\n<meta property=\"og:description\" content=\"{:es}Descubra las opciones de implantes dentales que ofrecemos: implantes convencionales e implantes subperi\u00f3sticos.{:}\" \/>\n<meta property=\"og:url\" content=\"https:\/\/content.www.institutomaxilofacial.com\/es\/implantes-dentales-precio\/\" \/>\n<meta property=\"og:site_name\" content=\"Instituto Maxilofacial\" \/>\n<meta property=\"article:modified_time\" content=\"2025-05-20T11:53:17+00:00\" \/>\n<meta name=\"twitter:card\" content=\"summary_large_image\" \/>\n<script type=\"application\/ld+json\" class=\"yoast-schema-graph\">{\"@context\":\"https:\/\/schema.org\",\"@graph\":[{\"@type\":\"WebPage\",\"@id\":\"https:\/\/content.www.institutomaxilofacial.com\/es\/implantes-dentales-precio\/\",\"url\":\"https:\/\/content.www.institutomaxilofacial.com\/es\/implantes-dentales-precio\/\",\"name\":\"Implantes dentales en Barcelona - Instituto Maxilofacial\",\"isPartOf\":{\"@id\":\"https:\/\/content.www.institutomaxilofacial.com\/ca\/#website\"},\"datePublished\":\"2019-06-14T09:43:57+00:00\",\"dateModified\":\"2025-05-20T11:53:17+00:00\",\"description\":\"{:es}Descubra las opciones de implantes dentales que ofrecemos: implantes convencionales e implantes subperi\u00f3sticos.{:}\",\"breadcrumb\":{\"@id\":\"https:\/\/content.www.institutomaxilofacial.com\/es\/implantes-dentales-precio\/#breadcrumb\"},\"inLanguage\":\"ca-ES\",\"potentialAction\":[{\"@type\":\"ReadAction\",\"target\":[\"https:\/\/content.www.institutomaxilofacial.com\/es\/implantes-dentales-precio\/\"]}]},{\"@type\":\"BreadcrumbList\",\"@id\":\"https:\/\/content.www.institutomaxilofacial.com\/es\/implantes-dentales-precio\/#breadcrumb\",\"itemListElement\":[{\"@type\":\"ListItem\",\"position\":1,\"name\":\"Portada\",\"item\":\"https:\/\/content.www.institutomaxilofacial.com\/es\/\"},{\"@type\":\"ListItem\",\"position\":2,\"name\":\"Implantes dentales en Barcelona\"}]},{\"@type\":\"WebSite\",\"@id\":\"https:\/\/content.www.institutomaxilofacial.com\/ca\/#website\",\"url\":\"https:\/\/content.www.institutomaxilofacial.com\/ca\/\",\"name\":\"Instituto Maxilofacial\",\"description\":\"Experts en Cirurgia Oral i Maxil\u00b7lofacial. Precisi\u00f3, experi\u00e8ncia i passi\u00f3 per la innovaci\u00f3\",\"potentialAction\":[{\"@type\":\"SearchAction\",\"target\":{\"@type\":\"EntryPoint\",\"urlTemplate\":\"https:\/\/content.www.institutomaxilofacial.com\/ca\/?s={search_term_string}\"},\"query-input\":{\"@type\":\"PropertyValueSpecification\",\"valueRequired\":true,\"valueName\":\"search_term_string\"}}],\"inLanguage\":\"ca-ES\"}]}<\/script>\n<!-- \/ Yoast SEO plugin. -->","yoast_head_json":{"title":"Implantes dentales en Barcelona - Instituto Maxilofacial","description":"Descubra las opciones de implantes dentales que ofrecemos: implantes convencionales e implantes subperi\u00f3sticos.","robots":{"index":"index","follow":"follow","max-snippet":"max-snippet:-1","max-image-preview":"max-image-preview:large","max-video-preview":"max-video-preview:-1"},"canonical":"https:\/\/content.www.institutomaxilofacial.com\/ca\/wp-json\/wp\/v2\/pages\/9825\/","og_locale":"ca_ES","og_type":"article","og_title":"Implantes dentales en Barcelona - Instituto Maxilofacial","og_description":"{:es}Descubra las opciones de implantes dentales que ofrecemos: implantes convencionales e implantes subperi\u00f3sticos.{:}","og_url":"https:\/\/content.www.institutomaxilofacial.com\/es\/implantes-dentales-precio\/","og_site_name":"Instituto Maxilofacial","article_modified_time":"2025-05-20T11:53:17+00:00","twitter_card":"summary_large_image","schema":{"@context":"https:\/\/schema.org","@graph":[{"@type":"WebPage","@id":"https:\/\/content.www.institutomaxilofacial.com\/es\/implantes-dentales-precio\/","url":"https:\/\/content.www.institutomaxilofacial.com\/es\/implantes-dentales-precio\/","name":"Implantes dentales en Barcelona - Instituto Maxilofacial","isPartOf":{"@id":"https:\/\/content.www.institutomaxilofacial.com\/ca\/#website"},"datePublished":"2019-06-14T09:43:57+00:00","dateModified":"2025-05-20T11:53:17+00:00","description":"{:es}Descubra las opciones de implantes dentales que ofrecemos: implantes convencionales e implantes subperi\u00f3sticos.{:}","breadcrumb":{"@id":"https:\/\/content.www.institutomaxilofacial.com\/es\/implantes-dentales-precio\/#breadcrumb"},"inLanguage":"ca-ES","potentialAction":[{"@type":"ReadAction","target":["https:\/\/content.www.institutomaxilofacial.com\/es\/implantes-dentales-precio\/"]}]},{"@type":"BreadcrumbList","@id":"https:\/\/content.www.institutomaxilofacial.com\/es\/implantes-dentales-precio\/#breadcrumb","itemListElement":[{"@type":"ListItem","position":1,"name":"Portada","item":"https:\/\/content.www.institutomaxilofacial.com\/es\/"},{"@type":"ListItem","position":2,"name":"Implantes dentales en Barcelona"}]},{"@type":"WebSite","@id":"https:\/\/content.www.institutomaxilofacial.com\/ca\/#website","url":"https:\/\/content.www.institutomaxilofacial.com\/ca\/","name":"Instituto Maxilofacial","description":"Experts en Cirurgia Oral i Maxil\u00b7lofacial. Precisi\u00f3, experi\u00e8ncia i passi\u00f3 per la innovaci\u00f3","potentialAction":[{"@type":"SearchAction","target":{"@type":"EntryPoint","urlTemplate":"https:\/\/content.www.institutomaxilofacial.com\/ca\/?s={search_term_string}"},"query-input":{"@type":"PropertyValueSpecification","valueRequired":true,"valueName":"search_term_string"}}],"inLanguage":"ca-ES"}]}},"meta_box":{"caso-clinico-taxonomy":[],"caso-clinico-casos":[],"categoria-home-header-title":"","categoria-home-header-image":[],"categoria-home-intro-text":"","cta-cita-title":"","cta-cita-text":"","cta-cita-button-text":"","cta-cita-button-link":"","cta-cita-button-link-external":"","cta-cita-image":[],"cta-cita-image-mobile":[],"categoria-page-info-title":"","categoria-page-info-image":[],"categoria-page-header-title":"","categoria-page-header-image":[],"categoria-page-intro-text":"","categoria-page-intro-image":[],"categoria-page-intro-image-mobile":[],"categoria-page-intro-image-position":"","categoria-page-intro-image-position-mobile":"","categoria-page-intro-content":"","categoria-page-intro-highlights":[],"categoria-page-blocks":[],"categoria-page-benefits-active":"","categoria-page-benefits-title":"","categoria-page-benefits-text":"","categoria-page-benefits-image":[],"categoria-page-benefits-image-mobile":[],"categoria-page-button-text":"","categoria-page-button-link":"","categoria-page-button-link-external":"","categoria-page-cta1-title":"","categoria-page-cta1-text":"","categoria-page-cta1-button-text":"","categoria-page-cta1-button-link":"","categoria-page-cta2-title":"","categoria-page-cta2-text":"","categoria-page-cta2-button-text":"","categoria-page-cta2-button-link":"","contacto-name":"","contacto-address":"","contacto-tlf":"","contacto-fax":"","contacto-image":[],"contacto-lat":"","contacto-lng":"","contacto-map-zoom":"","contacto-map-lat":"","contacto-map-lng":"","contacto-form":"","faqs-taxonomy":[],"estetica-home-header-title":"","estetica-home-header-image":[],"estetica-home-intro-title":"","estetica-home-intro-text":"","estetica-home-cirugia-title":"","estetica-home-medicina-title":"","estetica-home-descubre-title":"","estetica-home-descubre-text":"","estetica-home-descubre-image":[],"estetica-home-descubre-background":[],"estetica-home-descubre-background-mobile":[],"estetica-home-cta1-title":"","estetica-home-cta1-text":"","estetica-home-cta1-button-text":"","estetica-home-cta1-button-link":"","estetica-home-cta1-image":[],"estetica-home-cta2-title":"","estetica-home-cta2-text":"","estetica-home-cta2-button-text":"","estetica-home-cta2-button-link":"","estetica-home-cta2-image":[],"estetica-home-posts-title":"","estetica-home-posts-button-text":"","estetica-home-faq-title":"","estetica-home-faqs":[],"estetica-home-faq-button-text":"","estetica-home-faq-button-link":"","stetik-iframe-url":"","interior-show-breadcrumb":"","interior-header-title":"","interior-header-image":[],"interior-blocks":[],"is-stetik-studio":"no","stetik-team-header-title":"","stetik-team-header-image":[],"stetik-team-intro-text":"","stetik-team-team-title":"","stetik-team-team-professional":[],"video-consulta-text":"","video-consulta-form":"","voz-experto-taxonomy":[],"landing-apnea-header-title":"","landing-apnea-header-subtitle":"","landing-apnea-header-image":[],"landing-apnea-header-pide-cita":"","landing-apnea-header-typeform":"","landing-apnea-blocks":[],"landing-apnea-intro-title":"","landing-apnea-intro-text":"","landing-apnea-highlight-items":[],"landing-apnea-blocks-2":[],"landing-apnea-testimonials-title":"","landing-apnea-testimonials-text":"","landing-apnea-testimonials-videos":[],"landing-apnea-hero-text":"","landing-apnea-faq-title":"","landing-apnea-faqs":[],"landing-apnea-prefooter-text":"","landing-apnea-prefooter-nota":"","redirect-page":"","shortcodeform-code":"","redirect-page-es":"","redirect-page-en":"","redirect-page-ca":"","login-page-need":"0","login-page":"","eh-cover-image":[],"eh-cover-image-mobile":[],"eh-cover-title":"","eh-cover-subtitle":"","eh-cover-text":"","eh-cover-btn1-text":"","eh-cover-btn1-page-id":"","eh-cover-btn2-text":"","eh-cover-btn2-video-files":[],"eh-specs-main-title":"","eh-specs":[],"eh-icons-reduced-section":"","eh-icons-1":[],"eh-patients-title":"","eh-patients":[],"eh-patients-nopic-title":"","eh-patients-nopic":[],"eh-video-title":"","eh-video":[],"eh-icons-2-reduced-section":"","eh-icons-2":[],"contact-zoom":"","contact-center":[],"contact-data-left-title":"","contact-data-left-content":"","contact-lat":"","contact-long":"","contact-bubble":"","contact-title-form":"","contact-text-form":"","contact-shortcode-form":"","contact-title-widget":"","contact-text-widget":"","contact-shortcode-widget":"","page-header":[{"width":"1401","height":"749","file":"2009\/05\/iStock-612240162.jpg","sizes":{"thumbnail":{"file":"iStock-612240162-335x200.jpg","width":"335","height":"200","mime-type":"image\/jpeg"},"medium":{"file":"iStock-612240162-530x283.jpg","width":"530","height":"283","mime-type":"image\/jpeg"},"large":{"file":"iStock-612240162-1125x601.jpg","width":"1125","height":"601","mime-type":"image\/jpeg"},"thumbnail_custom":{"file":"iStock-612240162-200x107.jpg","width":"200","height":"107","mime-type":"image\/jpeg"},"box_thumb":{"file":"iStock-612240162-300x200.jpg","width":"300","height":"200","mime-type":"image\/jpeg"},"post_thumb":{"file":"iStock-612240162-600x400.jpg","width":"600","height":"400","mime-type":"image\/jpeg"},"logo_footer":{"file":"iStock-612240162-125x67.jpg","width":"125","height":"67","mime-type":"image\/jpeg"},"slider":{"file":"iStock-612240162-1000x350.jpg","width":"1000","height":"350","mime-type":"image\/jpeg"}},"image_meta":{"aperture":"10","credit":"Getty Images\/iStockphoto","camera":"Canon EOS 6D","caption":"Panoramic dental x-ray image","created_timestamp":"1471170273","copyright":"Sutthaburawonk","focal_length":"63","iso":"100","shutter_speed":"0.033333333333333","title":"Panoramic dental x-ray image","orientation":"1","keywords":["Human Jaw Bone,Anatomy,Medical Scan,Dental Health,Alternative Th"]},"ID":"9370","name":"iStock-612240162.jpg","path":"\/var\/www\/vhosts\/prod\/content.www.institutomaxilofacial.com\/wp-content\/uploads\/2009\/05\/iStock-612240162.jpg","url":"https:\/\/content.www.institutomaxilofacial.com\/wp-content\/uploads\/2009\/05\/iStock-612240162.jpg","title":"Panoramic dental x-ray image"}],"page-header-text":"","page-header-english":"0","page-header-english-page-id":"","page-content-title":"","home-slides":[],"page-content-text-1":"","page-content-text-2":"","page-content-image-1":[],"page-content-video":"","page-content-text-3":"","page-content-image-2":[],"page-content-text-4":"","page-content-image-3":[],"page-excerpt-title":"","page-excerpt-text":"","page-related-enable":"0","related-content":[],"getcontent":[],"home-text-block":[],"home-blue-text":"","home-blue-image":[],"home-contact-form":[],"team-doctor-name":"","team-doctor-position":"","team-doctor-txt":"","team-doctor-btn":"","team-doctor-page":"","team-doctor-img":[],"team-img-fullwidth":[],"contact-link":"","contact-msg":"","contact-subject":"","contact-lat-2":"","contact-long-2":"","contact-bubble-2":"","contact-data":"","contact-tour-title":"","contact-tour-link":"","contact-tour-image":[],"contact-form":[],"faq-type":false,"item-row":[{"scheme":"onlyimage","row-padding":"normal-padding","item-video":"<div style=\"position: relative; left: 50%; right: 50%; margin-left: -50vw; margin-right: -50vw; width: 100vw;\">\r\n  <iframe \r\n    src=\"https:\/\/player.vimeo.com\/video\/1085739479?autoplay=1&muted=1&background=0\"\r\n    style=\"width: 100%; aspect-ratio: 16 \/ 9; border: none; display: block;\"\r\n    frameborder=\"0\"\r\n    allow=\"autoplay; fullscreen; picture-in-picture\"\r\n    allowfullscreen\r\n    title=\"Implantes dentales en Instituto Maxilofacial\">\r\n  <\/iframe>\r\n<\/div>","video-explica-rows":[{"item-slide-video-type":"input_embed"}]},{"scheme":"onlytext","row-padding":"normal-padding","item-text":"<h4 style=\"text-align: center;\"><em><strong>\u00bfPor qu\u00e9 ponerse implantes dentales en la Unidad de Implantolog\u00eda Avanzada del Instituto Maxilofacial?<\/strong><\/em><\/h4>\r\n<ul>\r\n \t<li><span style=\"text-align: center; color: #1f99db;\"><strong> Un equipo m\u00e9dico altamente experimentado<\/strong><\/span> que forma parte de Instituto Maxilofacial, un centro de renombre mundial en cirug\u00eda Oral y Maxilofacial ubicado en el prestigioso Centro M\u00e9dico Teknon de Barcelona<\/li>\r\n \t<li><span style=\"text-align: center; color: #1f99db;\"><strong>Especialistas en casos complejos<\/strong><\/span> y pacientes que presentan falta de hueso (l\u00edderes en la colocaci\u00f3n de <a href=\"https:\/\/www.institutomaxilofacial.com\/es\/tratamiento\/implantes-subperiosticos\/\" target=\"_blank\" rel=\"noopener\"><span style=\"text-align: center; color: #1f99db;\"><strong>implantes subperi\u00f3sticos<\/strong><\/span><\/a>)<\/li>\r\n \t<li><span style=\"text-align: center; color: #1f99db;\"><strong>Planificaci\u00f3n 3D <\/strong><\/span>(visualizaci\u00f3n de los resultados antes de iniciar el tratamiento)<\/li>\r\n \t<li><span style=\"text-align: center; color: #1f99db;\"><strong>Cirug\u00eda guiada<\/strong><\/span> (fabricaci\u00f3n de una f\u00e9rula espec\u00edfica para cada paciente= mayor exactitud en la colocaci\u00f3n y reducci\u00f3n del tiempo quir\u00fargico)<\/li>\r\n \t<li><span style=\"text-align: center; color: #1f99db;\"><strong>Per\u00edodo postoperatorio m\u00e1s corto y c\u00f3modo<\/strong><\/span> gracias a la Cirug\u00eda M\u00ednimamente Invasiva<\/li>\r\n \t<li><span style=\"text-align: center; color: #1f99db;\"><strong>Aproximaci\u00f3n hol\u00edstica <\/strong><\/span>para el dise\u00f1o de cada sonrisa<\/li>\r\n \t<li><span style=\"text-align: center; color: #1f99db;\"><strong>Resultados naturales <\/strong>y<strong> durabilidad indefinida<\/strong><\/span><\/li>\r\n<\/ul>\r\n<span style=\"text-align: center; color: #1f99db;\"><strong>Pide cita hoy con nuestros especialistas para obtener un diagn\u00f3stico y presupuesto personalizados&gt;&gt;&gt;<\/strong><\/span>","item-video":"https:\/\/player.vimeo.com\/video\/1085739479?autoplay=1&muted=1&background=0","video-explica-rows":[{"item-slide-video-type":"input_embed"}],"item-blue-image":["9828"],"item-bg-size-contain":["on"]},{"scheme":"blueimagetext","row-padding":"small-padding","item-title":"Pide cita con nuestros especialistas para los distintos tratamientos de Implantolog\u00eda Avanzada:","item-text":"<p style=\"text-align: center;\">ALL ON 4 Y ALL ON 6<\/p>\r\n<p style=\"text-align: center;\">RECONSTRUCCI\u00d3N Y REGENERACI\u00d3N \u00d3SEA<\/p>\r\n<p style=\"text-align: center;\">IMPLANTES CIGOM\u00c1TICOS Y PTERIGOIDEOS<\/p>\r\n<p style=\"text-align: center;\">DIENTES EN UN D\u00cdA<\/p>","video-explica-rows":[{"item-slide-video-type":"input_embed"}],"item-blue-image":["9835"]},{"scheme":"goto","layout-color":"light-blue","row-padding":"without-padding","video-explica-rows":[{"item-slide-video-type":"input_embed"}],"item-blue-image":["9370"],"item-images":["8251"],"item-cta-text":"Nosotros le llamamos >>>"},{"scheme":"onlytext","row-padding":"normal-padding","item-text":"<h4>Bienvenido a la Unidad de\u00a0Implantolog\u00eda\u00a0Avanzada del Instituto Maxilofacial<\/h4>\r\nLos implantes dentales son un tratamiento duradero que debe realizarse con los mejores para garantizar la utilidad de la inversi\u00f3n hecha. Ponerse implantes en Instituto Maxilofacial le da la seguridad de estar en las manos expertas de especialistas que han desarrollado nuevos protocolos y t\u00e9cnicas quir\u00fargicos adoptados por m\u00e9dicos de todo el mundo.","video-explica-rows":[{"item-slide-video-type":"input_embed"}],"item-blue-image":["9828"],"item-images":["8251"],"item-bg-size-contain":["on"]},{"scheme":"imagetext","row-padding":"normal-padding","item-text":"<h4>La falta de hueso ya no es un obst\u00e1culo<\/h4>\r\nLa <strong>Unidad de Implantolog\u00eda Avanzada del Instituto Maxilofacial<\/strong> est\u00e1 especializada en casos complejos donde la p\u00e9rdida \u00f3sea representa un reto para la restauraci\u00f3n de la sonrisa del paciente, presentando opciones como:\r\n\r\n<strong>Implantes cigom\u00e1ticos y pterigoideos<\/strong>\r\n\r\n<strong>Cirug\u00eda reconstructiva<\/strong>\r\n\r\n<strong>Regeneraci\u00f3n \u00f3sea<\/strong>","video-explica-rows":[{"item-slide-video-type":"input_embed"}],"item-blue-image":["9828"],"item-images":["14599"],"item-bg-size-contain":["on"]},{"scheme":"goto","layout-color":"dark-blue","row-padding":"normal-padding","video-explica-rows":[{"item-slide-video-type":"input_embed"}],"item-cta-size":"btn-normal"},{"scheme":"textimage","layout-color":"white","row-padding":"normal-padding","item-text":"Nuestros tratamientos se realizan mediante <strong>planificaci\u00f3n 3D<\/strong> y <strong>cirug\u00eda guiada<\/strong> en la colocaci\u00f3n de implantes, para una mayor exactitud y mejor est\u00e9tica en todos nuestros tratamientos.","video-explica-rows":[{"item-slide-video-type":"input_embed"}],"item-blue-image":["9828"],"item-images":["9831"],"item-bg-size-contain":["on"]},{"scheme":"onlytext","row-padding":"normal-padding","item-text":"Una vez tomadas estas medidas,\u00a0<strong>se crea e imprime una f\u00e9rula quir\u00fargica a modo de plantilla<\/strong>, que reproduce con total exactitud la posici\u00f3n de los implantes. Esto\u00a0<strong>permite realizar una cirug\u00eda m\u00ednimamente invasiva<\/strong>, sin levantar la enc\u00eda o dar puntos en la mayor\u00eda de los casos, evitando posibles imprevistos en quir\u00f3fano y asegurando unos resultados \u00f3ptimos.","video-explica-rows":[{"item-slide-video-type":"input_embed"}],"item-blue-image":["9370"],"item-images":["8251"]},{"scheme":"video_explica","layout-color":"white","row-padding":"normal-padding","item-title":"V\u00eddeos explicativos","video-explica-rows":[{"item-slide-video-type":"input_embed","item-slide-embed":"<iframe src=\"https:\/\/player.vimeo.com\/video\/1019866322\"width=\"640\" height=\"360\" frameborder=\"0\" allow=\"autoplay; fullscreen\" allowfullscreen><\/iframe>"},{"item-slide-video-type":"input_embed","item-slide-embed":"<iframe src=\"https:\/\/player.vimeo.com\/video\/258074968\" width=\"640\" height=\"360\" frameborder=\"0\" allow=\"autoplay; fullscreen\" allowfullscreen><\/iframe>"},{"item-slide-video-type":"input_embed","item-slide-embed":"<iframe title=\"vimeo-player\" src=\"https:\/\/player.vimeo.com\/video\/155499074\" width=\"640\" height=\"360\" frameborder=\"0\" allowfullscreen><\/iframe>"},{"item-slide-video-type":"input_embed","item-slide-embed":"<iframe src=\"https:\/\/player.vimeo.com\/video\/334423127\" width=\"640\" height=\"360\" frameborder=\"0\" allow=\"autoplay; fullscreen\" allowfullscreen><\/iframe>\r\n<p><a href=\"https:\/\/vimeo.com\/334423127\">Cirug&iacute;a guiada<\/a> from <a href=\"https:\/\/vimeo.com\/maxilofacialbcn\">Instituto Maxilofacial<\/a> on <a href=\"https:\/\/vimeo.com\">Vimeo<\/a>.<\/p>"},{"item-slide-video-type":"input_embed","item-slide-embed":"<iframe src=\"https:\/\/player.vimeo.com\/video\/334423127\" width=\"640\" height=\"360\" frameborder=\"0\" allow=\"autoplay; fullscreen\" allowfullscreen><\/iframe>\r\n<p><a href=\"https:\/\/vimeo.com\/334423127\">Cirug&iacute;a guiada<\/a> from <a href=\"https:\/\/vimeo.com\/maxilofacialbcn\">Instituto Maxilofacial<\/a> on <a href=\"https:\/\/vimeo.com\">Vimeo<\/a>.<\/p>"}],"item-blue-image":["9829"],"item-images":["8251"]},{"scheme":"onlytext","row-padding":"normal-padding","item-text":"Si tiene alguna duda, necesita realizar una consulta, reservar hora para su pr\u00f3xima cita o su primera visita, puede ponerse en contacto con nosotros mediante el tel\u00e9fono <strong>+34 933933185<\/strong> , el formulario de contacto &gt;&gt; o envi\u00e1ndonos un mensaje de correo electr\u00f3nico a atencionpaciente@institutomaxilofacial.com","video-explica-rows":[{"item-slide-video-type":"input_embed"}],"item-blue-image":["9835"]},{"scheme":"faqs","layout-anchor":"preguntas-frecuentes-implantes","row-padding":"normal-padding","item-title":"Preguntas frecuentes","video-explica-rows":[{"item-slide-video-type":"input_embed"}],"faqs":[{"faq-q":"\u00bfPor qu\u00e9 el implante dental es la mejor soluci\u00f3n ante la p\u00e9rdida de uno o m\u00e1s dientes?","faq-a":"Cuando se pierden uno o m\u00e1s dientes, el hueso donde se alojaban empieza un proceso de desaparici\u00f3n gradual. La colocaci\u00f3n temprana del implante dental interrumpe el proceso de reabsorci\u00f3n del hueso."},{"faq-q":"\u00bfLas intervenciones con implantes dentales son dolorosas?","faq-a":"No, la mayor\u00eda de procedimientos con implantes se realizan bajo anestesia local, con un postoperatorio m\u00ednimo. En las m\u00e1s complejas, como la colocaci\u00f3n de implantes zigom\u00e1ticos, los anestesistas del Instituto Maxilofacial, aplican t\u00e9cnicas de sedaci\u00f3n ambulatoria sin ingreso hospitalario."},{"faq-q":"\u00bfCu\u00e1ntos implantes se necesitan?","faq-a":"Normalmente, cada diente perdido debe ser sustituido por un implante dental. Sin embargo, en algunas de las zonas de la boca donde los dientes reciben menos carga o presi\u00f3n, es posible reducir el n\u00famero de implantes dentales y aplicar otras t\u00e9cnicas como el All on 4 o All on 6."},{"faq-q":"\u00bfCu\u00e1ndo se aconsejar\u00eda la colocaci\u00f3n de implantes zigom\u00e1ticos?","faq-a":"En casos de atrofia \u00f3sea severa en los que la cantidad de hueso maxilar permanente impide la colocaci\u00f3n de implantes dentales convencionales. Existen dos posibilidades: realizar un autotrasplante de hueso de otro lugar del cuerpo o colocar implantes zigom\u00e1ticos. Esta \u00faltima opci\u00f3n es mucho menos invasiva y permite una rehabilitaci\u00f3n prot\u00e9sica con mayor rapidez."},{"faq-q":"\u00bfC\u00f3mo puede el cirujano maxilofacial ayudar a minimizar el riesgo de fracaso de los implantes dentales?","faq-a":"La realizaci\u00f3n de una correcta regeneraci\u00f3n \u00f3sea que permita al implante estar totalmente rodeado de hueso sano asegura la estabilidad biol\u00f3gica del implante. A esto debe contribuir el paciente manteniendo una correcta higiene bucal, no fumando y acudiendo regularmente a las visitas de mantenimiento de implantes."},{"faq-q":"Es cierto lo que dicen, \u00bf\u201dDientes en una sesi\u00f3n\u201d?","faq-a":"S\u00ed. Este m\u00e9todo consiste en colocar, el mismo d\u00eda de la intervenci\u00f3n, el implante dental y su corona simult\u00e1neamente. De esta manera, se reducen considerablemente los tiempos de tratamiento. La calidad del hueso del paciente y del implante dental y la experiencia del cirujano maxilofacial son claves para el \u00e9xito de esta nueva t\u00e9cnica."}]}],"chatbot-code":"<div style=\"all: unset;\" data-tf-popover=\"dAW7Qr6s\" data-tf-button-color=\"#0445AF\" data-tf-button-text=\"Launch me\" data-tf-iframe-props=\"title=Landing mentoplastia\" data-tf-medium=\"snippet\"><\/div>\r\n<script src=\"https:\/\/embed.typeform.com\/next\/embed.js\"><\/script>","lateral-reducedheader":"1","lateral-content-type":"form","lateral-title":"Nosotros nos ponemos en contacto contigo","lateral-intro":"Rellena este formulario para visitarse con nuestros especialistas. Al final de su primera visita obtendr\u00e1 un diagn\u00f3stico y presupuesto personalizados.","lateral-form":"9793","lateral-popup":"1","lateral-popup-pages":[9188,7770,2029],"lateral-cta-text":"","lateral-cta-page":"","item-type":"","item-tax":false,"iframe-tuotempo":"","iframe-subs-es":"","iframe-subs-en":"","iframe-subs-ca":"","blog-default-image":[],"activity-events-date":"","activity-page-past":"","noticias-default-image":[]},"_links":{"self":[{"href":"https:\/\/content.www.institutomaxilofacial.com\/ca\/wp-json\/wp\/v2\/pages\/9825","targetHints":{"allow":["GET"]}}],"collection":[{"href":"https:\/\/content.www.institutomaxilofacial.com\/ca\/wp-json\/wp\/v2\/pages"}],"about":[{"href":"https:\/\/content.www.institutomaxilofacial.com\/ca\/wp-json\/wp\/v2\/types\/page"}],"author":[{"embeddable":true,"href":"https:\/\/content.www.institutomaxilofacial.com\/ca\/wp-json\/wp\/v2\/users\/17"}],"replies":[{"embeddable":true,"href":"https:\/\/content.www.institutomaxilofacial.com\/ca\/wp-json\/wp\/v2\/comments?post=9825"}],"version-history":[{"count":7,"href":"https:\/\/content.www.institutomaxilofacial.com\/ca\/wp-json\/wp\/v2\/pages\/9825\/revisions"}],"predecessor-version":[{"id":11795,"href":"https:\/\/content.www.institutomaxilofacial.com\/ca\/wp-json\/wp\/v2\/pages\/9825\/revisions\/11795"}],"wp:attachment":[{"href":"https:\/\/content.www.institutomaxilofacial.com\/ca\/wp-json\/wp\/v2\/media?parent=9825"}],"curies":[{"name":"wp","href":"https:\/\/api.w.org\/{rel}","templated":true}]}}