{"id":151,"date":"2016-03-08T12:13:25","date_gmt":"2016-03-08T12:13:25","guid":{"rendered":"https:\/\/content.www.institutomaxilofacial.com\/?page_id=151"},"modified":"2019-01-25T08:43:48","modified_gmt":"2019-01-25T08:43:48","slug":"procedures-sleep-apnoea","status":"publish","type":"page","link":"https:\/\/content.www.institutomaxilofacial.com\/en\/sleep-apnea\/procedures-sleep-apnoea\/","title":{"rendered":"Sleep Apnea Procedures"},"content":{"rendered":"<p><span data-sheets-value=\"{&quot;1&quot;:2,&quot;2&quot;:&quot;Learn about the alternatives for treating sleep apnoea and improve your quality of life.&quot;}\" data-sheets-userformat=\"{&quot;2&quot;:897,&quot;3&quot;:{&quot;1&quot;:0},&quot;10&quot;:1,&quot;11&quot;:4,&quot;12&quot;:0}\">Learn about the alternatives for treating sleep apnea and improve your quality of life.<\/span><\/p>","protected":false},"excerpt":{"rendered":"<p>Learn about the alternatives for treating sleep apnea and improve your quality of life.<\/p>\n","protected":false},"author":1,"featured_media":8134,"parent":27,"menu_order":20,"comment_status":"closed","ping_status":"closed","template":"template-items.php","meta":{"footnotes":""},"class_list":["post-151","page","type-page","status-publish","has-post-thumbnail","hentry","padre-apnea-del-sueno"],"yoast_head":"<!-- This site is optimized with the Yoast SEO plugin v27.2 - https:\/\/yoast.com\/product\/yoast-seo-wordpress\/ -->\n<title>Tratamientos Apnea del Sue\u00f1o - Instituto Maxilofacial<\/title>\n<meta name=\"description\" content=\"Descubre los tratamientos m\u00e1s destacados en el \u00e1mbito de la Apnea del Sue\u00f1o como la cirug\u00eda ortogn\u00e1tica o las f\u00e9rulas de avance mandibular.\" \/>\n<meta name=\"robots\" content=\"index, follow, max-snippet:-1, max-image-preview:large, max-video-preview:-1\" \/>\n<link rel=\"canonical\" href=\"https:\/\/content.www.institutomaxilofacial.com\/en\/wp-json\/wp\/v2\/pages\/151\/\" \/>\n<meta property=\"og:locale\" content=\"en_US\" \/>\n<meta property=\"og:type\" content=\"article\" \/>\n<meta property=\"og:title\" content=\"Tratamientos Apnea del Sue\u00f1o - Instituto Maxilofacial\" \/>\n<meta property=\"og:description\" content=\"Descubre los tratamientos m\u00e1s destacados en el \u00e1mbito de la Apnea del Sue\u00f1o como la cirug\u00eda ortogn\u00e1tica o las f\u00e9rulas de avance mandibular.\" \/>\n<meta property=\"og:url\" content=\"https:\/\/content.www.institutomaxilofacial.com\/ca\/apnea-del-son\/procediments-apnea-del-son\/\" \/>\n<meta property=\"og:site_name\" content=\"Instituto Maxilofacial\" \/>\n<meta property=\"article:modified_time\" content=\"2019-01-25T08:43:48+00:00\" \/>\n<meta property=\"og:image\" content=\"https:\/\/content.www.institutomaxilofacial.com\/wp-content\/uploads\/2018\/08\/Captura-de-pantalla-2018-03-13-a-las-16.png\" \/>\n\t<meta property=\"og:image:width\" content=\"1910\" \/>\n\t<meta property=\"og:image:height\" content=\"1407\" \/>\n\t<meta property=\"og:image:type\" content=\"image\/png\" \/>\n<meta name=\"twitter:card\" content=\"summary_large_image\" \/>\n<script type=\"application\/ld+json\" class=\"yoast-schema-graph\">{\"@context\":\"https:\/\/schema.org\",\"@graph\":[{\"@type\":\"WebPage\",\"@id\":\"https:\/\/content.www.institutomaxilofacial.com\/ca\/apnea-del-son\/procediments-apnea-del-son\/\",\"url\":\"https:\/\/content.www.institutomaxilofacial.com\/ca\/apnea-del-son\/procediments-apnea-del-son\/\",\"name\":\"Tratamientos Apnea del Sue\u00f1o - Instituto Maxilofacial\",\"isPartOf\":{\"@id\":\"https:\/\/content.www.institutomaxilofacial.com\/ca\/#website\"},\"primaryImageOfPage\":{\"@id\":\"https:\/\/content.www.institutomaxilofacial.com\/ca\/apnea-del-son\/procediments-apnea-del-son\/#primaryimage\"},\"image\":{\"@id\":\"https:\/\/content.www.institutomaxilofacial.com\/ca\/apnea-del-son\/procediments-apnea-del-son\/#primaryimage\"},\"thumbnailUrl\":\"https:\/\/content.www.institutomaxilofacial.com\/wp-content\/uploads\/2018\/08\/Captura-de-pantalla-2018-03-13-a-las-16.png\",\"datePublished\":\"2016-03-08T12:13:25+00:00\",\"dateModified\":\"2019-01-25T08:43:48+00:00\",\"description\":\"Descubre los tratamientos m\u00e1s destacados en el \u00e1mbito de la Apnea del Sue\u00f1o como la cirug\u00eda ortogn\u00e1tica o las f\u00e9rulas de avance mandibular.\",\"breadcrumb\":{\"@id\":\"https:\/\/content.www.institutomaxilofacial.com\/ca\/apnea-del-son\/procediments-apnea-del-son\/#breadcrumb\"},\"inLanguage\":\"en-US\",\"potentialAction\":[{\"@type\":\"ReadAction\",\"target\":[\"https:\/\/content.www.institutomaxilofacial.com\/ca\/apnea-del-son\/procediments-apnea-del-son\/\"]}]},{\"@type\":\"ImageObject\",\"inLanguage\":\"en-US\",\"@id\":\"https:\/\/content.www.institutomaxilofacial.com\/ca\/apnea-del-son\/procediments-apnea-del-son\/#primaryimage\",\"url\":\"https:\/\/content.www.institutomaxilofacial.com\/wp-content\/uploads\/2018\/08\/Captura-de-pantalla-2018-03-13-a-las-16.png\",\"contentUrl\":\"https:\/\/content.www.institutomaxilofacial.com\/wp-content\/uploads\/2018\/08\/Captura-de-pantalla-2018-03-13-a-las-16.png\",\"width\":1910,\"height\":1407},{\"@type\":\"BreadcrumbList\",\"@id\":\"https:\/\/content.www.institutomaxilofacial.com\/ca\/apnea-del-son\/procediments-apnea-del-son\/#breadcrumb\",\"itemListElement\":[{\"@type\":\"ListItem\",\"position\":1,\"name\":\"Portada\",\"item\":\"https:\/\/content.www.institutomaxilofacial.com\/es\/\"},{\"@type\":\"ListItem\",\"position\":2,\"name\":\"Apnea del sue\u00f1o\",\"item\":\"https:\/\/content.www.institutomaxilofacial.com\/es\/apnea-del-sueno\/\"},{\"@type\":\"ListItem\",\"position\":3,\"name\":\"Tratamientos de Apnea del Sue\u00f1o\"}]},{\"@type\":\"WebSite\",\"@id\":\"https:\/\/content.www.institutomaxilofacial.com\/ca\/#website\",\"url\":\"https:\/\/content.www.institutomaxilofacial.com\/ca\/\",\"name\":\"Instituto Maxilofacial\",\"description\":\"Experts in Orthognathic and Orthofacial Surgery. Precision, experience and passion for innovation\",\"potentialAction\":[{\"@type\":\"SearchAction\",\"target\":{\"@type\":\"EntryPoint\",\"urlTemplate\":\"https:\/\/content.www.institutomaxilofacial.com\/ca\/?s={search_term_string}\"},\"query-input\":{\"@type\":\"PropertyValueSpecification\",\"valueRequired\":true,\"valueName\":\"search_term_string\"}}],\"inLanguage\":\"en-US\"}]}<\/script>\n<!-- \/ Yoast SEO plugin. -->","yoast_head_json":{"title":"Tratamientos Apnea del Sue\u00f1o - Instituto Maxilofacial","description":"Descubre los tratamientos m\u00e1s destacados en el \u00e1mbito de la Apnea del Sue\u00f1o como la cirug\u00eda ortogn\u00e1tica o las f\u00e9rulas de avance mandibular.","robots":{"index":"index","follow":"follow","max-snippet":"max-snippet:-1","max-image-preview":"max-image-preview:large","max-video-preview":"max-video-preview:-1"},"canonical":"https:\/\/content.www.institutomaxilofacial.com\/en\/wp-json\/wp\/v2\/pages\/151\/","og_locale":"en_US","og_type":"article","og_title":"Tratamientos Apnea del Sue\u00f1o - Instituto Maxilofacial","og_description":"Descubre los tratamientos m\u00e1s destacados en el \u00e1mbito de la Apnea del Sue\u00f1o como la cirug\u00eda ortogn\u00e1tica o las f\u00e9rulas de avance mandibular.","og_url":"https:\/\/content.www.institutomaxilofacial.com\/ca\/apnea-del-son\/procediments-apnea-del-son\/","og_site_name":"Instituto Maxilofacial","article_modified_time":"2019-01-25T08:43:48+00:00","og_image":[{"width":1910,"height":1407,"url":"https:\/\/content.www.institutomaxilofacial.com\/wp-content\/uploads\/2018\/08\/Captura-de-pantalla-2018-03-13-a-las-16.png","type":"image\/png"}],"twitter_card":"summary_large_image","schema":{"@context":"https:\/\/schema.org","@graph":[{"@type":"WebPage","@id":"https:\/\/content.www.institutomaxilofacial.com\/ca\/apnea-del-son\/procediments-apnea-del-son\/","url":"https:\/\/content.www.institutomaxilofacial.com\/ca\/apnea-del-son\/procediments-apnea-del-son\/","name":"Tratamientos Apnea del Sue\u00f1o - Instituto Maxilofacial","isPartOf":{"@id":"https:\/\/content.www.institutomaxilofacial.com\/ca\/#website"},"primaryImageOfPage":{"@id":"https:\/\/content.www.institutomaxilofacial.com\/ca\/apnea-del-son\/procediments-apnea-del-son\/#primaryimage"},"image":{"@id":"https:\/\/content.www.institutomaxilofacial.com\/ca\/apnea-del-son\/procediments-apnea-del-son\/#primaryimage"},"thumbnailUrl":"https:\/\/content.www.institutomaxilofacial.com\/wp-content\/uploads\/2018\/08\/Captura-de-pantalla-2018-03-13-a-las-16.png","datePublished":"2016-03-08T12:13:25+00:00","dateModified":"2019-01-25T08:43:48+00:00","description":"Descubre los tratamientos m\u00e1s destacados en el \u00e1mbito de la Apnea del Sue\u00f1o como la cirug\u00eda ortogn\u00e1tica o las f\u00e9rulas de avance mandibular.","breadcrumb":{"@id":"https:\/\/content.www.institutomaxilofacial.com\/ca\/apnea-del-son\/procediments-apnea-del-son\/#breadcrumb"},"inLanguage":"en-US","potentialAction":[{"@type":"ReadAction","target":["https:\/\/content.www.institutomaxilofacial.com\/ca\/apnea-del-son\/procediments-apnea-del-son\/"]}]},{"@type":"ImageObject","inLanguage":"en-US","@id":"https:\/\/content.www.institutomaxilofacial.com\/ca\/apnea-del-son\/procediments-apnea-del-son\/#primaryimage","url":"https:\/\/content.www.institutomaxilofacial.com\/wp-content\/uploads\/2018\/08\/Captura-de-pantalla-2018-03-13-a-las-16.png","contentUrl":"https:\/\/content.www.institutomaxilofacial.com\/wp-content\/uploads\/2018\/08\/Captura-de-pantalla-2018-03-13-a-las-16.png","width":1910,"height":1407},{"@type":"BreadcrumbList","@id":"https:\/\/content.www.institutomaxilofacial.com\/ca\/apnea-del-son\/procediments-apnea-del-son\/#breadcrumb","itemListElement":[{"@type":"ListItem","position":1,"name":"Portada","item":"https:\/\/content.www.institutomaxilofacial.com\/es\/"},{"@type":"ListItem","position":2,"name":"Apnea del sue\u00f1o","item":"https:\/\/content.www.institutomaxilofacial.com\/es\/apnea-del-sueno\/"},{"@type":"ListItem","position":3,"name":"Tratamientos de Apnea del Sue\u00f1o"}]},{"@type":"WebSite","@id":"https:\/\/content.www.institutomaxilofacial.com\/ca\/#website","url":"https:\/\/content.www.institutomaxilofacial.com\/ca\/","name":"Instituto Maxilofacial","description":"Experts in Orthognathic and Orthofacial Surgery. Precision, experience and passion for innovation","potentialAction":[{"@type":"SearchAction","target":{"@type":"EntryPoint","urlTemplate":"https:\/\/content.www.institutomaxilofacial.com\/ca\/?s={search_term_string}"},"query-input":{"@type":"PropertyValueSpecification","valueRequired":true,"valueName":"search_term_string"}}],"inLanguage":"en-US"}]}},"meta_box":{"caso-clinico-taxonomy":[],"caso-clinico-casos":[],"categoria-home-header-title":"","categoria-home-header-image":[],"categoria-home-intro-text":"","cta-cita-title":"","cta-cita-text":"","cta-cita-button-text":"","cta-cita-button-link":"","cta-cita-button-link-external":"","cta-cita-image":[],"cta-cita-image-mobile":[],"categoria-page-info-title":"","categoria-page-info-image":[],"categoria-page-header-title":"","categoria-page-header-image":[],"categoria-page-intro-text":"","categoria-page-intro-image":[],"categoria-page-intro-image-mobile":[],"categoria-page-intro-image-position":"","categoria-page-intro-image-position-mobile":"","categoria-page-intro-content":"","categoria-page-intro-highlights":[],"categoria-page-blocks":[],"categoria-page-benefits-active":"","categoria-page-benefits-title":"","categoria-page-benefits-text":"","categoria-page-benefits-image":[],"categoria-page-benefits-image-mobile":[],"categoria-page-button-text":"","categoria-page-button-link":"","categoria-page-button-link-external":"","categoria-page-cta1-title":"","categoria-page-cta1-text":"","categoria-page-cta1-button-text":"","categoria-page-cta1-button-link":"","categoria-page-cta2-title":"","categoria-page-cta2-text":"","categoria-page-cta2-button-text":"","categoria-page-cta2-button-link":"","contacto-name":"","contacto-address":"","contacto-tlf":"","contacto-fax":"","contacto-image":[],"contacto-lat":"","contacto-lng":"","contacto-map-zoom":"","contacto-map-lat":"","contacto-map-lng":"","contacto-form":"","faqs-taxonomy":[],"estetica-home-header-title":"","estetica-home-header-image":[],"estetica-home-intro-title":"","estetica-home-intro-text":"","estetica-home-cirugia-title":"","estetica-home-medicina-title":"","estetica-home-descubre-title":"","estetica-home-descubre-text":"","estetica-home-descubre-image":[],"estetica-home-descubre-background":[],"estetica-home-descubre-background-mobile":[],"estetica-home-cta1-title":"","estetica-home-cta1-text":"","estetica-home-cta1-button-text":"","estetica-home-cta1-button-link":"","estetica-home-cta1-image":[],"estetica-home-cta2-title":"","estetica-home-cta2-text":"","estetica-home-cta2-button-text":"","estetica-home-cta2-button-link":"","estetica-home-cta2-image":[],"estetica-home-posts-title":"","estetica-home-posts-button-text":"","estetica-home-faq-title":"","estetica-home-faqs":[],"estetica-home-faq-button-text":"","estetica-home-faq-button-link":"","stetik-iframe-url":"","interior-show-breadcrumb":"","interior-header-title":"","interior-header-image":[],"interior-blocks":[],"is-stetik-studio":"","stetik-team-header-title":"","stetik-team-header-image":[],"stetik-team-intro-text":"","stetik-team-team-title":"","stetik-team-team-professional":[],"video-consulta-text":"","video-consulta-form":"","voz-experto-taxonomy":[],"landing-apnea-header-title":"","landing-apnea-header-subtitle":"","landing-apnea-header-image":[],"landing-apnea-header-pide-cita":"","landing-apnea-header-typeform":"","landing-apnea-blocks":[],"landing-apnea-intro-title":"","landing-apnea-intro-text":"","landing-apnea-highlight-items":[],"landing-apnea-blocks-2":[],"landing-apnea-testimonials-title":"","landing-apnea-testimonials-text":"","landing-apnea-testimonials-videos":[],"landing-apnea-hero-text":"","landing-apnea-faq-title":"","landing-apnea-faqs":[],"landing-apnea-prefooter-text":"","landing-apnea-prefooter-nota":"","redirect-page":"","shortcodeform-code":"","redirect-page-es":"","redirect-page-en":"","redirect-page-ca":"","login-page-need":"0","login-page":"","eh-cover-image":[],"eh-cover-image-mobile":[],"eh-cover-title":"","eh-cover-subtitle":"","eh-cover-text":"","eh-cover-btn1-text":"","eh-cover-btn1-page-id":"","eh-cover-btn2-text":"","eh-cover-btn2-video-files":[],"eh-specs-main-title":"","eh-specs":[],"eh-icons-reduced-section":"","eh-icons-1":[],"eh-patients-title":"","eh-patients":[],"eh-patients-nopic-title":"","eh-patients-nopic":[],"eh-video-title":"","eh-video":[],"eh-icons-2-reduced-section":"","eh-icons-2":[],"contact-zoom":"","contact-center":[],"contact-data-left-title":"","contact-data-left-content":"","contact-lat":"","contact-long":"","contact-bubble":"","contact-title-form":"","contact-text-form":"","contact-shortcode-form":"","contact-title-widget":"","contact-text-widget":"","contact-shortcode-widget":"","page-header":[],"page-header-text":"Sleep Apnoea Procedures","page-header-english":"0","page-header-english-page-id":"","page-content-title":"Procedures","home-slides":[],"page-content-text-1":"","page-content-text-2":"","page-content-image-1":[],"page-content-video":"","page-content-text-3":"","page-content-image-2":[],"page-content-text-4":"","page-content-image-3":[],"page-excerpt-title":"","page-excerpt-text":"","page-related-enable":"1","related-content":[{"type-related":"page","page-related":"139"},{"type-related":"page","page-related":"178"},{"type-related":"page","page-related":"172"}],"getcontent":[],"home-text-block":[],"home-blue-text":"","home-blue-image":[],"home-contact-form":[],"team-doctor-name":"","team-doctor-position":"","team-doctor-txt":"","team-doctor-btn":"","team-doctor-page":"","team-doctor-img":[],"team-img-fullwidth":[],"contact-link":"","contact-msg":"","contact-subject":"","contact-lat-2":"","contact-long-2":"","contact-bubble-2":"","contact-data":"","contact-tour-title":"","contact-tour-link":"","contact-tour-image":[],"contact-form":[],"faq-type":false,"item-row":[],"chatbot-code":"","lateral-reducedheader":"","lateral-content-type":"","lateral-title":"","lateral-intro":"","lateral-form":"","lateral-popup":"","lateral-popup-pages":[],"lateral-cta-text":"","lateral-cta-page":"","item-type":"tratamiento","item-tax":{"term_id":24,"name":"Sleep apnea","slug":"apnea-del-sueno","term_group":0,"term_taxonomy_id":24,"taxonomy":"padre","description":"","parent":0,"count":18,"filter":"raw","term_order":"0","i18n_config":{"name":{"ts":{"es":"Apnea del sue\u00f1o","en":"Sleep apnea"}}}},"iframe-tuotempo":"","iframe-subs-es":"","iframe-subs-en":"","iframe-subs-ca":"","blog-default-image":[],"activity-events-date":"","activity-page-past":"","noticias-default-image":[]},"_links":{"self":[{"href":"https:\/\/content.www.institutomaxilofacial.com\/en\/wp-json\/wp\/v2\/pages\/151","targetHints":{"allow":["GET"]}}],"collection":[{"href":"https:\/\/content.www.institutomaxilofacial.com\/en\/wp-json\/wp\/v2\/pages"}],"about":[{"href":"https:\/\/content.www.institutomaxilofacial.com\/en\/wp-json\/wp\/v2\/types\/page"}],"author":[{"embeddable":true,"href":"https:\/\/content.www.institutomaxilofacial.com\/en\/wp-json\/wp\/v2\/users\/1"}],"replies":[{"embeddable":true,"href":"https:\/\/content.www.institutomaxilofacial.com\/en\/wp-json\/wp\/v2\/comments?post=151"}],"version-history":[{"count":9,"href":"https:\/\/content.www.institutomaxilofacial.com\/en\/wp-json\/wp\/v2\/pages\/151\/revisions"}],"predecessor-version":[{"id":8991,"href":"https:\/\/content.www.institutomaxilofacial.com\/en\/wp-json\/wp\/v2\/pages\/151\/revisions\/8991"}],"up":[{"embeddable":true,"href":"https:\/\/content.www.institutomaxilofacial.com\/en\/wp-json\/wp\/v2\/pages\/27"}],"wp:featuredmedia":[{"embeddable":true,"href":"https:\/\/content.www.institutomaxilofacial.com\/en\/wp-json\/wp\/v2\/media\/8134"}],"wp:attachment":[{"href":"https:\/\/content.www.institutomaxilofacial.com\/en\/wp-json\/wp\/v2\/media?parent=151"}],"curies":[{"name":"wp","href":"https:\/\/api.w.org\/{rel}","templated":true}]}}