{"id":162,"date":"2016-03-08T12:16:42","date_gmt":"2016-03-08T12:16:42","guid":{"rendered":"https:\/\/content.www.institutomaxilofacial.com\/?page_id=162"},"modified":"2019-05-03T12:22:09","modified_gmt":"2019-05-03T12:22:09","slug":"surgery-first","status":"publish","type":"page","link":"https:\/\/content.www.institutomaxilofacial.com\/en\/orthognathic-surgery\/surgery-first\/","title":{"rendered":"Surgery First in Orthognathic Surgey"},"content":{"rendered":"","protected":false},"excerpt":{"rendered":"","protected":false},"author":1,"featured_media":0,"parent":25,"menu_order":30,"comment_status":"closed","ping_status":"closed","template":"template-modular.php","meta":{"footnotes":""},"class_list":["post-162","page","type-page","status-publish","hentry"],"yoast_head":"<!-- This site is optimized with the Yoast SEO plugin v27.2 - https:\/\/yoast.com\/product\/yoast-seo-wordpress\/ -->\n<title>Surgery First \u00bb Cirug\u00eda Ortogn\u00e1tica - Instituto Maxilofacial<\/title>\n<meta name=\"description\" content=\"Surgery First es una metodolog\u00eda que procede directamente con la cirug\u00eda ortogn\u00e1tica seguida de un tratamiento de ortodoncia postquir\u00fargico.\" \/>\n<meta name=\"robots\" content=\"index, follow, max-snippet:-1, max-image-preview:large, max-video-preview:-1\" \/>\n<link rel=\"canonical\" href=\"https:\/\/content.www.institutomaxilofacial.com\/en\/wp-json\/wp\/v2\/pages\/162\/\" \/>\n<meta property=\"og:locale\" content=\"en_US\" \/>\n<meta property=\"og:type\" content=\"article\" \/>\n<meta property=\"og:title\" content=\"Surgery First \u00bb Cirug\u00eda Ortogn\u00e1tica - Instituto Maxilofacial\" \/>\n<meta property=\"og:description\" content=\"Surgery First es una metodolog\u00eda que procede directamente con la cirug\u00eda ortogn\u00e1tica seguida de un tratamiento de ortodoncia postquir\u00fargico.\" \/>\n<meta property=\"og:url\" content=\"https:\/\/content.www.institutomaxilofacial.com\/es\/cirugia-ortognatica\/surgery-first\/\" \/>\n<meta property=\"og:site_name\" content=\"Instituto Maxilofacial\" \/>\n<meta property=\"article:modified_time\" content=\"2019-05-03T12:22:09+00:00\" \/>\n<meta name=\"twitter:card\" content=\"summary_large_image\" \/>\n<script type=\"application\/ld+json\" class=\"yoast-schema-graph\">{\"@context\":\"https:\/\/schema.org\",\"@graph\":[{\"@type\":\"WebPage\",\"@id\":\"https:\/\/content.www.institutomaxilofacial.com\/es\/cirugia-ortognatica\/surgery-first\/\",\"url\":\"https:\/\/content.www.institutomaxilofacial.com\/es\/cirugia-ortognatica\/surgery-first\/\",\"name\":\"Surgery First \u00bb Cirug\u00eda Ortogn\u00e1tica - Instituto Maxilofacial\",\"isPartOf\":{\"@id\":\"https:\/\/content.www.institutomaxilofacial.com\/ca\/#website\"},\"datePublished\":\"2016-03-08T12:16:42+00:00\",\"dateModified\":\"2019-05-03T12:22:09+00:00\",\"description\":\"Surgery First es una metodolog\u00eda que procede directamente con la cirug\u00eda ortogn\u00e1tica seguida de un tratamiento de ortodoncia postquir\u00fargico.\",\"breadcrumb\":{\"@id\":\"https:\/\/content.www.institutomaxilofacial.com\/es\/cirugia-ortognatica\/surgery-first\/#breadcrumb\"},\"inLanguage\":\"en-US\",\"potentialAction\":[{\"@type\":\"ReadAction\",\"target\":[\"https:\/\/content.www.institutomaxilofacial.com\/es\/cirugia-ortognatica\/surgery-first\/\"]}]},{\"@type\":\"BreadcrumbList\",\"@id\":\"https:\/\/content.www.institutomaxilofacial.com\/es\/cirugia-ortognatica\/surgery-first\/#breadcrumb\",\"itemListElement\":[{\"@type\":\"ListItem\",\"position\":1,\"name\":\"Portada\",\"item\":\"https:\/\/content.www.institutomaxilofacial.com\/es\/\"},{\"@type\":\"ListItem\",\"position\":2,\"name\":\"Cirug\u00eda Ortogn\u00e1tica\",\"item\":\"https:\/\/content.www.institutomaxilofacial.com\/es\/cirugia-ortognatica\/\"},{\"@type\":\"ListItem\",\"position\":3,\"name\":\"Surgery First en Cirug\u00eda Ortogn\u00e1tica\"}]},{\"@type\":\"WebSite\",\"@id\":\"https:\/\/content.www.institutomaxilofacial.com\/ca\/#website\",\"url\":\"https:\/\/content.www.institutomaxilofacial.com\/ca\/\",\"name\":\"Instituto Maxilofacial\",\"description\":\"Experts in Orthognathic and Orthofacial Surgery. Precision, experience and passion for innovation\",\"potentialAction\":[{\"@type\":\"SearchAction\",\"target\":{\"@type\":\"EntryPoint\",\"urlTemplate\":\"https:\/\/content.www.institutomaxilofacial.com\/ca\/?s={search_term_string}\"},\"query-input\":{\"@type\":\"PropertyValueSpecification\",\"valueRequired\":true,\"valueName\":\"search_term_string\"}}],\"inLanguage\":\"en-US\"}]}<\/script>\n<!-- \/ Yoast SEO plugin. -->","yoast_head_json":{"title":"Surgery First \u00bb Cirug\u00eda Ortogn\u00e1tica - Instituto Maxilofacial","description":"Surgery First es una metodolog\u00eda que procede directamente con la cirug\u00eda ortogn\u00e1tica seguida de un tratamiento de ortodoncia postquir\u00fargico.","robots":{"index":"index","follow":"follow","max-snippet":"max-snippet:-1","max-image-preview":"max-image-preview:large","max-video-preview":"max-video-preview:-1"},"canonical":"https:\/\/content.www.institutomaxilofacial.com\/en\/wp-json\/wp\/v2\/pages\/162\/","og_locale":"en_US","og_type":"article","og_title":"Surgery First \u00bb Cirug\u00eda Ortogn\u00e1tica - Instituto Maxilofacial","og_description":"Surgery First es una metodolog\u00eda que procede directamente con la cirug\u00eda ortogn\u00e1tica seguida de un tratamiento de ortodoncia postquir\u00fargico.","og_url":"https:\/\/content.www.institutomaxilofacial.com\/es\/cirugia-ortognatica\/surgery-first\/","og_site_name":"Instituto Maxilofacial","article_modified_time":"2019-05-03T12:22:09+00:00","twitter_card":"summary_large_image","schema":{"@context":"https:\/\/schema.org","@graph":[{"@type":"WebPage","@id":"https:\/\/content.www.institutomaxilofacial.com\/es\/cirugia-ortognatica\/surgery-first\/","url":"https:\/\/content.www.institutomaxilofacial.com\/es\/cirugia-ortognatica\/surgery-first\/","name":"Surgery First \u00bb Cirug\u00eda Ortogn\u00e1tica - Instituto Maxilofacial","isPartOf":{"@id":"https:\/\/content.www.institutomaxilofacial.com\/ca\/#website"},"datePublished":"2016-03-08T12:16:42+00:00","dateModified":"2019-05-03T12:22:09+00:00","description":"Surgery First es una metodolog\u00eda que procede directamente con la cirug\u00eda ortogn\u00e1tica seguida de un tratamiento de ortodoncia postquir\u00fargico.","breadcrumb":{"@id":"https:\/\/content.www.institutomaxilofacial.com\/es\/cirugia-ortognatica\/surgery-first\/#breadcrumb"},"inLanguage":"en-US","potentialAction":[{"@type":"ReadAction","target":["https:\/\/content.www.institutomaxilofacial.com\/es\/cirugia-ortognatica\/surgery-first\/"]}]},{"@type":"BreadcrumbList","@id":"https:\/\/content.www.institutomaxilofacial.com\/es\/cirugia-ortognatica\/surgery-first\/#breadcrumb","itemListElement":[{"@type":"ListItem","position":1,"name":"Portada","item":"https:\/\/content.www.institutomaxilofacial.com\/es\/"},{"@type":"ListItem","position":2,"name":"Cirug\u00eda Ortogn\u00e1tica","item":"https:\/\/content.www.institutomaxilofacial.com\/es\/cirugia-ortognatica\/"},{"@type":"ListItem","position":3,"name":"Surgery First en Cirug\u00eda Ortogn\u00e1tica"}]},{"@type":"WebSite","@id":"https:\/\/content.www.institutomaxilofacial.com\/ca\/#website","url":"https:\/\/content.www.institutomaxilofacial.com\/ca\/","name":"Instituto Maxilofacial","description":"Experts in Orthognathic and Orthofacial Surgery. Precision, experience and passion for innovation","potentialAction":[{"@type":"SearchAction","target":{"@type":"EntryPoint","urlTemplate":"https:\/\/content.www.institutomaxilofacial.com\/ca\/?s={search_term_string}"},"query-input":{"@type":"PropertyValueSpecification","valueRequired":true,"valueName":"search_term_string"}}],"inLanguage":"en-US"}]}},"meta_box":{"caso-clinico-taxonomy":[],"caso-clinico-casos":[],"categoria-home-header-title":"","categoria-home-header-image":[],"categoria-home-intro-text":"","cta-cita-title":"","cta-cita-text":"","cta-cita-button-text":"","cta-cita-button-link":"","cta-cita-button-link-external":"","cta-cita-image":[],"cta-cita-image-mobile":[],"categoria-page-info-title":"","categoria-page-info-image":[],"categoria-page-header-title":"","categoria-page-header-image":[],"categoria-page-intro-text":"","categoria-page-intro-image":[],"categoria-page-intro-image-mobile":[],"categoria-page-intro-image-position":"","categoria-page-intro-image-position-mobile":"","categoria-page-intro-content":"","categoria-page-intro-highlights":[],"categoria-page-blocks":[],"categoria-page-benefits-active":"","categoria-page-benefits-title":"","categoria-page-benefits-text":"","categoria-page-benefits-image":[],"categoria-page-benefits-image-mobile":[],"categoria-page-button-text":"","categoria-page-button-link":"","categoria-page-button-link-external":"","categoria-page-cta1-title":"","categoria-page-cta1-text":"","categoria-page-cta1-button-text":"","categoria-page-cta1-button-link":"","categoria-page-cta2-title":"","categoria-page-cta2-text":"","categoria-page-cta2-button-text":"","categoria-page-cta2-button-link":"","contacto-name":"","contacto-address":"","contacto-tlf":"","contacto-fax":"","contacto-image":[],"contacto-lat":"","contacto-lng":"","contacto-map-zoom":"","contacto-map-lat":"","contacto-map-lng":"","contacto-form":"","faqs-taxonomy":[],"estetica-home-header-title":"","estetica-home-header-image":[],"estetica-home-intro-title":"","estetica-home-intro-text":"","estetica-home-cirugia-title":"","estetica-home-medicina-title":"","estetica-home-descubre-title":"","estetica-home-descubre-text":"","estetica-home-descubre-image":[],"estetica-home-descubre-background":[],"estetica-home-descubre-background-mobile":[],"estetica-home-cta1-title":"","estetica-home-cta1-text":"","estetica-home-cta1-button-text":"","estetica-home-cta1-button-link":"","estetica-home-cta1-image":[],"estetica-home-cta2-title":"","estetica-home-cta2-text":"","estetica-home-cta2-button-text":"","estetica-home-cta2-button-link":"","estetica-home-cta2-image":[],"estetica-home-posts-title":"","estetica-home-posts-button-text":"","estetica-home-faq-title":"","estetica-home-faqs":[],"estetica-home-faq-button-text":"","estetica-home-faq-button-link":"","stetik-iframe-url":"","interior-show-breadcrumb":"","interior-header-title":"","interior-header-image":[],"interior-blocks":[],"is-stetik-studio":"","stetik-team-header-title":"","stetik-team-header-image":[],"stetik-team-intro-text":"","stetik-team-team-title":"","stetik-team-team-professional":[],"video-consulta-text":"","video-consulta-form":"","voz-experto-taxonomy":[],"landing-apnea-header-title":"","landing-apnea-header-subtitle":"","landing-apnea-header-image":[],"landing-apnea-header-pide-cita":"","landing-apnea-header-typeform":"","landing-apnea-blocks":[],"landing-apnea-intro-title":"","landing-apnea-intro-text":"","landing-apnea-highlight-items":[],"landing-apnea-blocks-2":[],"landing-apnea-testimonials-title":"","landing-apnea-testimonials-text":"","landing-apnea-testimonials-videos":[],"landing-apnea-hero-text":"","landing-apnea-faq-title":"","landing-apnea-faqs":[],"landing-apnea-prefooter-text":"","landing-apnea-prefooter-nota":"","redirect-page":"","shortcodeform-code":"","redirect-page-es":"","redirect-page-en":"","redirect-page-ca":"","login-page-need":"0","login-page":"","eh-cover-image":[],"eh-cover-image-mobile":[],"eh-cover-title":"","eh-cover-subtitle":"","eh-cover-text":"","eh-cover-btn1-text":"","eh-cover-btn1-page-id":"","eh-cover-btn2-text":"","eh-cover-btn2-video-files":[],"eh-specs-main-title":"","eh-specs":[],"eh-icons-reduced-section":"","eh-icons-1":[],"eh-patients-title":"","eh-patients":[],"eh-patients-nopic-title":"","eh-patients-nopic":[],"eh-video-title":"","eh-video":[],"eh-icons-2-reduced-section":"","eh-icons-2":[],"contact-zoom":"","contact-center":[],"contact-data-left-title":"","contact-data-left-content":"","contact-lat":"","contact-long":"","contact-bubble":"","contact-title-form":"","contact-text-form":"","contact-shortcode-form":"","contact-title-widget":"","contact-text-widget":"","contact-shortcode-widget":"","page-header":[],"page-header-text":"Surgery First in Orthognatic Surgery","page-header-english":"0","page-header-english-page-id":"","page-content-title":"What does Surgery First consist in?","home-slides":[],"page-content-text-1":"","page-content-text-2":"","page-content-image-1":[],"page-content-video":"","page-content-text-3":"","page-content-image-2":[],"page-content-text-4":"","page-content-image-3":[],"page-excerpt-title":"Surgery First","page-excerpt-text":"","page-related-enable":"1","related-content":[{"type-related":"page","page-related":"137"},{"type-related":"page","page-related":"149"},{"type-related":"page","page-related":"176"}],"getcontent":[],"home-text-block":[],"home-blue-text":"","home-blue-image":[],"home-contact-form":[],"team-doctor-name":"","team-doctor-position":"","team-doctor-txt":"","team-doctor-btn":"","team-doctor-page":"","team-doctor-img":[],"team-img-fullwidth":[],"contact-link":"","contact-msg":"","contact-subject":"","contact-lat-2":"","contact-long-2":"","contact-bubble-2":"","contact-data":"","contact-tour-title":"","contact-tour-link":"","contact-tour-image":[],"contact-form":[],"faq-type":false,"item-row":[{"scheme":"onlytext","layout-color":"white","row-padding":"without-padding","item-text":"<p class=\"p1\"><b><i>Surgery First <\/i><\/b>is a surgical methodology which has revolutionised the field of<b><i> <\/i>orthognathic surgery <\/b>in recent years. It is considered an alternative to the conventional procedure of <b>orthodontics <\/b>- <b>orthognathic surgery <\/b>- <b>orthodontics <\/b>because it proceeds directly with <b>orthognathic surgery<\/b>, which is then followed by post-surgery <b>orthodontic<\/b> treatment.<\/p>\r\n<p class=\"p1\"><\/p>","video-explica-rows":[{"item-slide-video-type":"input_embed"}],"item-row-icon-image-1":"Icono-1.png","item-row-icon-image-2":"Icono-1.png","item-row-icon-image-3":"Icono-1.png","item-row-icon-image-4":"Icono-1.png","item-cta-page":"5633","item-cta-size":"btn-big"},{"scheme":"textimage","layout-color":"white","row-padding":"small-padding","item-text":"<span style=\"line-height: 1.5;\">Thus,\u00a0<\/span><b style=\"line-height: 1.5;\"><i>Surgery First<\/i><\/b><span style=\"line-height: 1.5;\">\u00a0is presented as a methodological and technical revolution for four main reasons:<\/span>\r\n\r\n<!--EndFragment-->\r\n<ul>\r\n \t<li>The patient does not require <b>orthodontic treatment<\/b> before having <b>orthognathic surgery<\/b>: the <b>orthodontic treatment<\/b> required by the conventional procedure deters some patients<b> <\/b>from having surgery. Now, thanks to this protocol, all patients with well-aligned teeth and who only require correction of the disharmony between their <b>maxilla <\/b>and <b>mandible<\/b>, can omit pre-surgery <b>orthodontics<\/b>.<\/li>\r\n \t<li class=\"li1\">Treatment time is shorter: no <b>orthodontic treatment<\/b> is required prior to <b>orthognathic surgery<\/b> and therefore the patient\u2019s total treatment time is considerably reduced, by approximately one year or 18 months.<\/li>\r\n \t<li class=\"li1\">The patient can choose the time that suits them best to start <b>orthognathic surgery<\/b>: the conventional methodology depends inevitably on <b>orthodontic treatment<\/b> prior to surgery, lasting for approximately one year. The candidate for<b> <i>Surgery First<\/i><\/b>, not needing to have pre-surgery orthodontic treatment, can choose the time that suits them best to have their <b>orthognathic surger<\/b>y.<\/li>\r\n \t<li class=\"li1\">The patient can appreciate the results of the operation immediately after <b>orthognathic surgery<\/b>: with <b><i>Surgery First<\/i><\/b>, the patient can enjoy their new appearance within a few days of surgery, when the inflammation disappears. Furthermore, post-surgery <b>orthodontic treatment<\/b> is much shorter than with the conventional method.<\/li>\r\n<\/ul>","video-explica-rows":[{"item-slide-video-type":"input_embed"}],"item-images":["4781"],"item-image-alt":"surgery first","item-bg-size-contain":["on"],"item-row-icon-image-1":"Icono-1.png","item-row-icon-image-2":"Icono-1.png","item-row-icon-image-3":"Icono-1.png","item-row-icon-image-4":"Icono-1.png","item-cta-page":"5633","item-cta-size":"btn-big"},{"scheme":"imagetext","layout-color":"white","row-padding":"small-padding","item-text":"<p class=\"p1\">This methodology is carried out whenever possible, as it has many benefits for the patient; it allows the harmony and balance of the patient\u2019s facial features to be achieved in an extraordinarily short time.<\/p>\r\n<p class=\"p1\">For this reason, it is very important that the specialists, both the <b>orthodontists<\/b> and the <b>maxillofacial surgeons<\/b>, always assess whether the patient is a suitable candidate for the <b><i>Surgery First<\/i><\/b> procedure.<\/p>\r\n<p class=\"p1\">One of the most recent articles published by Dr. Federico Hern\u00e1ndez Alfaro, <a href=\"https:\/\/content.www.institutomaxilofacial.com\/wp-content\/uploads\/2016\/05\/On-a-definition-of-the-appropriate.pdf\"><b><i>On a<\/i><\/b> <b><i>definition of the appropriate timing for surgical intervention in orthognathic surgery<\/i><\/b><\/a>, defines six protocols for action, or \u201ctime categories\u201d, depending on when the surgical intervention is carried out: <b><i>Surgery First, Surgery Early, Surgery Last, Surgery Late, Surgery Only,<\/i><\/b> <b><i>Surgery Never.<\/i><\/b><\/p>\r\n<p class=\"p1\"><span style=\"line-height: 1.5;\">The maxillofacial surgeons at the <\/span><b style=\"line-height: 1.5;\">Maxillofacial Institute<\/b><span style=\"line-height: 1.5;\">, pioneers in <\/span><b style=\"line-height: 1.5;\">orthognathic surgery<\/b><span style=\"line-height: 1.5;\">, have been applying the <\/span><b style=\"line-height: 1.5;\"><i>Surgery First<\/i><\/b><span style=\"line-height: 1.5;\"> methodology for many years now and have had hugely successful results.\u00a0<\/span>Some more articles recently published by Prof. Hern\u00e1ndez Alfaro and his team on this innovative protocol are:\u00a0<em><a href=\"https:\/\/content.www.institutomaxilofacial.com\/wp-content\/uploads\/2016\/05\/Surgery-first.pdf\"><strong>Surgery first in orthognathic surgery: A systematic review of the\u00a0literatura<\/strong><\/a><strong><span style=\"color: #0000ee;\">\u00a0<\/span><\/strong><\/em><span>and<\/span><span style=\"color: #0000ee;\">\u00a0<a href=\"https:\/\/content.www.institutomaxilofacial.com\/wp-content\/uploads\/2016\/05\/Surgery-What-have-we.pdf\"><em><strong>Surgery First in Orthognathic Surgery: What Have We Learned? A Comprehensive Workflow Based on 45 Consecutive Cases.<\/strong><\/em><\/a><\/span><\/p>","video-explica-rows":[{"item-slide-video-type":"input_embed"}],"item-images":["9489"],"item-bg-size-contain":["on"],"item-row-icon-image-1":"Icono-1.png","item-row-icon-image-2":"Icono-1.png","item-row-icon-image-3":"Icono-1.png","item-row-icon-image-4":"Icono-1.png","item-cta-page":"5633","item-cta-size":"btn-big"},{"scheme":"onlytext","row-padding":"small-padding","item-text":"Otros art\u00edculos publicados recientemente por el Dr. Federico Hern\u00e1ndez Alfaro y su equipo sobre este protocolo innovador son:\u00a0<em><a href=\"https:\/\/content.www.institutomaxilofacial.com\/wp-content\/uploads\/2016\/05\/Surgery-first.pdf\"><strong>Surgery first in orthognathic surgery: A systematic review of the\u00a0literatura<\/strong><\/a><strong><span style=\"color: #0000ee;\">\u00a0<\/span><\/strong><\/em><span style=\"color: #0000ee;\"><span style=\"color: #333333;\">y<\/span>\u00a0<a href=\"https:\/\/content.www.institutomaxilofacial.com\/wp-content\/uploads\/2016\/05\/Surgery-What-have-we.pdf\"><em><strong>Surgery First in Orthognathic Surgery: What Have We Learned? A Comprehensive Workflow Based on 45 Consecutive Cases.<\/strong><\/em><\/a><\/span>","video-explica-rows":[{"item-slide-video-type":"input_embed"}]},{"scheme":"video_explica","layout-color":"dark-blue","row-padding":"small-padding","item-title":"V\u00eddeos explicativos","video-explica-rows":[{"item-slide-video-type":"input_embed","item-slide-embed":"<iframe src=\"https:\/\/player.vimeo.com\/video\/295966104\" width=\"640\" height=\"360\" frameborder=\"0\" allow=\"autoplay; fullscreen\" allowfullscreen><\/iframe>"}]},{"scheme":"onlytext","row-padding":"small-padding","item-text":"Haz clic aqu\u00ed para ver una infograf\u00eda de Protocolos de Cirug\u00eda ortogn\u00e1tica","video-explica-rows":[{"item-slide-video-type":"input_embed"}],"item-cta-text":"Ver todos los Protocolos de Cirug\u00eda Ortogn\u00e1tica","disable-en":"1"}],"chatbot-code":"","lateral-reducedheader":"","lateral-content-type":"","lateral-title":"","lateral-intro":"","lateral-form":"","lateral-popup":"","lateral-popup-pages":[],"lateral-cta-text":"","lateral-cta-page":"","item-type":"","item-tax":false,"iframe-tuotempo":"","iframe-subs-es":"","iframe-subs-en":"","iframe-subs-ca":"","blog-default-image":[],"activity-events-date":"","activity-page-past":"","noticias-default-image":[]},"_links":{"self":[{"href":"https:\/\/content.www.institutomaxilofacial.com\/en\/wp-json\/wp\/v2\/pages\/162","targetHints":{"allow":["GET"]}}],"collection":[{"href":"https:\/\/content.www.institutomaxilofacial.com\/en\/wp-json\/wp\/v2\/pages"}],"about":[{"href":"https:\/\/content.www.institutomaxilofacial.com\/en\/wp-json\/wp\/v2\/types\/page"}],"author":[{"embeddable":true,"href":"https:\/\/content.www.institutomaxilofacial.com\/en\/wp-json\/wp\/v2\/users\/1"}],"replies":[{"embeddable":true,"href":"https:\/\/content.www.institutomaxilofacial.com\/en\/wp-json\/wp\/v2\/comments?post=162"}],"version-history":[{"count":9,"href":"https:\/\/content.www.institutomaxilofacial.com\/en\/wp-json\/wp\/v2\/pages\/162\/revisions"}],"predecessor-version":[{"id":7909,"href":"https:\/\/content.www.institutomaxilofacial.com\/en\/wp-json\/wp\/v2\/pages\/162\/revisions\/7909"}],"up":[{"embeddable":true,"href":"https:\/\/content.www.institutomaxilofacial.com\/en\/wp-json\/wp\/v2\/pages\/25"}],"wp:attachment":[{"href":"https:\/\/content.www.institutomaxilofacial.com\/en\/wp-json\/wp\/v2\/media?parent=162"}],"curies":[{"name":"wp","href":"https:\/\/api.w.org\/{rel}","templated":true}]}}