{"id":164,"date":"2016-03-08T12:16:56","date_gmt":"2016-03-08T12:16:56","guid":{"rendered":"https:\/\/content.www.institutomaxilofacial.com\/?page_id=164"},"modified":"2021-09-14T11:30:26","modified_gmt":"2021-09-14T09:30:26","slug":"minimally-invasive-surgery","status":"publish","type":"page","link":"https:\/\/content.www.institutomaxilofacial.com\/en\/orthognathic-surgery\/minimally-invasive-surgery\/","title":{"rendered":"Minimally invasive surgery in Orthognathic Surgey"},"content":{"rendered":"","protected":false},"excerpt":{"rendered":"","protected":false},"author":1,"featured_media":9897,"parent":25,"menu_order":40,"comment_status":"closed","ping_status":"closed","template":"template-modular.php","meta":{"footnotes":""},"class_list":["post-164","page","type-page","status-publish","has-post-thumbnail","hentry"],"yoast_head":"<!-- This site is optimized with the Yoast SEO plugin v27.2 - https:\/\/yoast.com\/product\/yoast-seo-wordpress\/ -->\n<title>Cirug\u00eda m\u00ednimamente invasiva \u00bb Cirug\u00eda Ortogn\u00e1tica - Instituto Maxilofacial<\/title>\n<meta name=\"description\" content=\"T\u00e9cnicas y procedimientos quir\u00fargicos y postoperatorios que permiten reducir el dolor, la inflamaci\u00f3n, la p\u00e9rdida de sangre y las complicaciones.\" \/>\n<meta name=\"robots\" content=\"index, follow, max-snippet:-1, max-image-preview:large, max-video-preview:-1\" \/>\n<link rel=\"canonical\" href=\"https:\/\/content.www.institutomaxilofacial.com\/en\/wp-json\/wp\/v2\/pages\/164\/\" \/>\n<meta property=\"og:locale\" content=\"en_US\" \/>\n<meta property=\"og:type\" content=\"article\" \/>\n<meta property=\"og:title\" content=\"Cirug\u00eda m\u00ednimamente invasiva \u00bb Cirug\u00eda Ortogn\u00e1tica - Instituto Maxilofacial\" \/>\n<meta property=\"og:description\" content=\"T\u00e9cnicas y procedimientos quir\u00fargicos y postoperatorios que permiten reducir el dolor, la inflamaci\u00f3n, la p\u00e9rdida de sangre y las complicaciones.\" \/>\n<meta property=\"og:url\" content=\"https:\/\/content.www.institutomaxilofacial.com\/es\/cirugia-ortognatica\/cirugia-minimamente-invasiva\/\" \/>\n<meta property=\"og:site_name\" content=\"Instituto Maxilofacial\" \/>\n<meta property=\"article:modified_time\" content=\"2021-09-14T09:30:26+00:00\" \/>\n<meta property=\"og:image\" content=\"https:\/\/content.www.institutomaxilofacial.com\/wp-content\/uploads\/2019\/06\/iStock-995966848.jpg\" \/>\n\t<meta property=\"og:image:width\" content=\"5818\" \/>\n\t<meta property=\"og:image:height\" content=\"3617\" \/>\n\t<meta property=\"og:image:type\" content=\"image\/jpeg\" \/>\n<meta name=\"twitter:card\" content=\"summary_large_image\" \/>\n<script type=\"application\/ld+json\" class=\"yoast-schema-graph\">{\"@context\":\"https:\/\/schema.org\",\"@graph\":[{\"@type\":\"WebPage\",\"@id\":\"https:\/\/content.www.institutomaxilofacial.com\/es\/cirugia-ortognatica\/cirugia-minimamente-invasiva\/\",\"url\":\"https:\/\/content.www.institutomaxilofacial.com\/es\/cirugia-ortognatica\/cirugia-minimamente-invasiva\/\",\"name\":\"Cirug\u00eda m\u00ednimamente invasiva \u00bb Cirug\u00eda Ortogn\u00e1tica - Instituto Maxilofacial\",\"isPartOf\":{\"@id\":\"https:\/\/content.www.institutomaxilofacial.com\/ca\/#website\"},\"primaryImageOfPage\":{\"@id\":\"https:\/\/content.www.institutomaxilofacial.com\/es\/cirugia-ortognatica\/cirugia-minimamente-invasiva\/#primaryimage\"},\"image\":{\"@id\":\"https:\/\/content.www.institutomaxilofacial.com\/es\/cirugia-ortognatica\/cirugia-minimamente-invasiva\/#primaryimage\"},\"thumbnailUrl\":\"https:\/\/content.www.institutomaxilofacial.com\/wp-content\/uploads\/2019\/06\/iStock-995966848.jpg\",\"datePublished\":\"2016-03-08T12:16:56+00:00\",\"dateModified\":\"2021-09-14T09:30:26+00:00\",\"description\":\"T\u00e9cnicas y procedimientos quir\u00fargicos y postoperatorios que permiten reducir el dolor, la inflamaci\u00f3n, la p\u00e9rdida de sangre y las complicaciones.\",\"breadcrumb\":{\"@id\":\"https:\/\/content.www.institutomaxilofacial.com\/es\/cirugia-ortognatica\/cirugia-minimamente-invasiva\/#breadcrumb\"},\"inLanguage\":\"en-US\",\"potentialAction\":[{\"@type\":\"ReadAction\",\"target\":[\"https:\/\/content.www.institutomaxilofacial.com\/es\/cirugia-ortognatica\/cirugia-minimamente-invasiva\/\"]}]},{\"@type\":\"ImageObject\",\"inLanguage\":\"en-US\",\"@id\":\"https:\/\/content.www.institutomaxilofacial.com\/es\/cirugia-ortognatica\/cirugia-minimamente-invasiva\/#primaryimage\",\"url\":\"https:\/\/content.www.institutomaxilofacial.com\/wp-content\/uploads\/2019\/06\/iStock-995966848.jpg\",\"contentUrl\":\"https:\/\/content.www.institutomaxilofacial.com\/wp-content\/uploads\/2019\/06\/iStock-995966848.jpg\",\"width\":5818,\"height\":3617,\"caption\":\"Shot of a tray of surgical equipment in an operating theatre\"},{\"@type\":\"BreadcrumbList\",\"@id\":\"https:\/\/content.www.institutomaxilofacial.com\/es\/cirugia-ortognatica\/cirugia-minimamente-invasiva\/#breadcrumb\",\"itemListElement\":[{\"@type\":\"ListItem\",\"position\":1,\"name\":\"Portada\",\"item\":\"https:\/\/content.www.institutomaxilofacial.com\/es\/\"},{\"@type\":\"ListItem\",\"position\":2,\"name\":\"Cirug\u00eda Ortogn\u00e1tica\",\"item\":\"https:\/\/content.www.institutomaxilofacial.com\/es\/cirugia-ortognatica\/\"},{\"@type\":\"ListItem\",\"position\":3,\"name\":\"Cirug\u00eda m\u00ednimamente invasiva en Cirug\u00eda Ortogn\u00e1tica\"}]},{\"@type\":\"WebSite\",\"@id\":\"https:\/\/content.www.institutomaxilofacial.com\/ca\/#website\",\"url\":\"https:\/\/content.www.institutomaxilofacial.com\/ca\/\",\"name\":\"Instituto Maxilofacial\",\"description\":\"Experts in Orthognathic and Orthofacial Surgery. Precision, experience and passion for innovation\",\"potentialAction\":[{\"@type\":\"SearchAction\",\"target\":{\"@type\":\"EntryPoint\",\"urlTemplate\":\"https:\/\/content.www.institutomaxilofacial.com\/ca\/?s={search_term_string}\"},\"query-input\":{\"@type\":\"PropertyValueSpecification\",\"valueRequired\":true,\"valueName\":\"search_term_string\"}}],\"inLanguage\":\"en-US\"}]}<\/script>\n<!-- \/ Yoast SEO plugin. -->","yoast_head_json":{"title":"Cirug\u00eda m\u00ednimamente invasiva \u00bb Cirug\u00eda Ortogn\u00e1tica - Instituto Maxilofacial","description":"T\u00e9cnicas y procedimientos quir\u00fargicos y postoperatorios que permiten reducir el dolor, la inflamaci\u00f3n, la p\u00e9rdida de sangre y las complicaciones.","robots":{"index":"index","follow":"follow","max-snippet":"max-snippet:-1","max-image-preview":"max-image-preview:large","max-video-preview":"max-video-preview:-1"},"canonical":"https:\/\/content.www.institutomaxilofacial.com\/en\/wp-json\/wp\/v2\/pages\/164\/","og_locale":"en_US","og_type":"article","og_title":"Cirug\u00eda m\u00ednimamente invasiva \u00bb Cirug\u00eda Ortogn\u00e1tica - Instituto Maxilofacial","og_description":"T\u00e9cnicas y procedimientos quir\u00fargicos y postoperatorios que permiten reducir el dolor, la inflamaci\u00f3n, la p\u00e9rdida de sangre y las complicaciones.","og_url":"https:\/\/content.www.institutomaxilofacial.com\/es\/cirugia-ortognatica\/cirugia-minimamente-invasiva\/","og_site_name":"Instituto Maxilofacial","article_modified_time":"2021-09-14T09:30:26+00:00","og_image":[{"width":5818,"height":3617,"url":"https:\/\/content.www.institutomaxilofacial.com\/wp-content\/uploads\/2019\/06\/iStock-995966848.jpg","type":"image\/jpeg"}],"twitter_card":"summary_large_image","schema":{"@context":"https:\/\/schema.org","@graph":[{"@type":"WebPage","@id":"https:\/\/content.www.institutomaxilofacial.com\/es\/cirugia-ortognatica\/cirugia-minimamente-invasiva\/","url":"https:\/\/content.www.institutomaxilofacial.com\/es\/cirugia-ortognatica\/cirugia-minimamente-invasiva\/","name":"Cirug\u00eda m\u00ednimamente invasiva \u00bb Cirug\u00eda Ortogn\u00e1tica - Instituto Maxilofacial","isPartOf":{"@id":"https:\/\/content.www.institutomaxilofacial.com\/ca\/#website"},"primaryImageOfPage":{"@id":"https:\/\/content.www.institutomaxilofacial.com\/es\/cirugia-ortognatica\/cirugia-minimamente-invasiva\/#primaryimage"},"image":{"@id":"https:\/\/content.www.institutomaxilofacial.com\/es\/cirugia-ortognatica\/cirugia-minimamente-invasiva\/#primaryimage"},"thumbnailUrl":"https:\/\/content.www.institutomaxilofacial.com\/wp-content\/uploads\/2019\/06\/iStock-995966848.jpg","datePublished":"2016-03-08T12:16:56+00:00","dateModified":"2021-09-14T09:30:26+00:00","description":"T\u00e9cnicas y procedimientos quir\u00fargicos y postoperatorios que permiten reducir el dolor, la inflamaci\u00f3n, la p\u00e9rdida de sangre y las complicaciones.","breadcrumb":{"@id":"https:\/\/content.www.institutomaxilofacial.com\/es\/cirugia-ortognatica\/cirugia-minimamente-invasiva\/#breadcrumb"},"inLanguage":"en-US","potentialAction":[{"@type":"ReadAction","target":["https:\/\/content.www.institutomaxilofacial.com\/es\/cirugia-ortognatica\/cirugia-minimamente-invasiva\/"]}]},{"@type":"ImageObject","inLanguage":"en-US","@id":"https:\/\/content.www.institutomaxilofacial.com\/es\/cirugia-ortognatica\/cirugia-minimamente-invasiva\/#primaryimage","url":"https:\/\/content.www.institutomaxilofacial.com\/wp-content\/uploads\/2019\/06\/iStock-995966848.jpg","contentUrl":"https:\/\/content.www.institutomaxilofacial.com\/wp-content\/uploads\/2019\/06\/iStock-995966848.jpg","width":5818,"height":3617,"caption":"Shot of a tray of surgical equipment in an operating theatre"},{"@type":"BreadcrumbList","@id":"https:\/\/content.www.institutomaxilofacial.com\/es\/cirugia-ortognatica\/cirugia-minimamente-invasiva\/#breadcrumb","itemListElement":[{"@type":"ListItem","position":1,"name":"Portada","item":"https:\/\/content.www.institutomaxilofacial.com\/es\/"},{"@type":"ListItem","position":2,"name":"Cirug\u00eda Ortogn\u00e1tica","item":"https:\/\/content.www.institutomaxilofacial.com\/es\/cirugia-ortognatica\/"},{"@type":"ListItem","position":3,"name":"Cirug\u00eda m\u00ednimamente invasiva en Cirug\u00eda Ortogn\u00e1tica"}]},{"@type":"WebSite","@id":"https:\/\/content.www.institutomaxilofacial.com\/ca\/#website","url":"https:\/\/content.www.institutomaxilofacial.com\/ca\/","name":"Instituto Maxilofacial","description":"Experts in Orthognathic and Orthofacial Surgery. Precision, experience and passion for innovation","potentialAction":[{"@type":"SearchAction","target":{"@type":"EntryPoint","urlTemplate":"https:\/\/content.www.institutomaxilofacial.com\/ca\/?s={search_term_string}"},"query-input":{"@type":"PropertyValueSpecification","valueRequired":true,"valueName":"search_term_string"}}],"inLanguage":"en-US"}]}},"meta_box":{"caso-clinico-taxonomy":[],"caso-clinico-casos":[],"categoria-home-header-title":"","categoria-home-header-image":[],"categoria-home-intro-text":"","cta-cita-title":"","cta-cita-text":"","cta-cita-button-text":"","cta-cita-button-link":"","cta-cita-button-link-external":"","cta-cita-image":[],"cta-cita-image-mobile":[],"categoria-page-info-title":"","categoria-page-info-image":[],"categoria-page-header-title":"","categoria-page-header-image":[],"categoria-page-intro-text":"","categoria-page-intro-image":[],"categoria-page-intro-image-mobile":[],"categoria-page-intro-image-position":"","categoria-page-intro-image-position-mobile":"","categoria-page-intro-content":"","categoria-page-intro-highlights":[],"categoria-page-blocks":[],"categoria-page-benefits-active":"","categoria-page-benefits-title":"","categoria-page-benefits-text":"","categoria-page-benefits-image":[],"categoria-page-benefits-image-mobile":[],"categoria-page-button-text":"","categoria-page-button-link":"","categoria-page-button-link-external":"","categoria-page-cta1-title":"","categoria-page-cta1-text":"","categoria-page-cta1-button-text":"","categoria-page-cta1-button-link":"","categoria-page-cta2-title":"","categoria-page-cta2-text":"","categoria-page-cta2-button-text":"","categoria-page-cta2-button-link":"","contacto-name":"","contacto-address":"","contacto-tlf":"","contacto-fax":"","contacto-image":[],"contacto-lat":"","contacto-lng":"","contacto-map-zoom":"","contacto-map-lat":"","contacto-map-lng":"","contacto-form":"","faqs-taxonomy":[],"estetica-home-header-title":"","estetica-home-header-image":[],"estetica-home-intro-title":"","estetica-home-intro-text":"","estetica-home-cirugia-title":"","estetica-home-medicina-title":"","estetica-home-descubre-title":"","estetica-home-descubre-text":"","estetica-home-descubre-image":[],"estetica-home-descubre-background":[],"estetica-home-descubre-background-mobile":[],"estetica-home-cta1-title":"","estetica-home-cta1-text":"","estetica-home-cta1-button-text":"","estetica-home-cta1-button-link":"","estetica-home-cta1-image":[],"estetica-home-cta2-title":"","estetica-home-cta2-text":"","estetica-home-cta2-button-text":"","estetica-home-cta2-button-link":"","estetica-home-cta2-image":[],"estetica-home-posts-title":"","estetica-home-posts-button-text":"","estetica-home-faq-title":"","estetica-home-faqs":[],"estetica-home-faq-button-text":"","estetica-home-faq-button-link":"","stetik-iframe-url":"","interior-show-breadcrumb":"","interior-header-title":"","interior-header-image":[],"interior-blocks":[],"is-stetik-studio":"","stetik-team-header-title":"","stetik-team-header-image":[],"stetik-team-intro-text":"","stetik-team-team-title":"","stetik-team-team-professional":[],"video-consulta-text":"","video-consulta-form":"","voz-experto-taxonomy":[],"landing-apnea-header-title":"","landing-apnea-header-subtitle":"","landing-apnea-header-image":[],"landing-apnea-header-pide-cita":"","landing-apnea-header-typeform":"","landing-apnea-blocks":[],"landing-apnea-intro-title":"","landing-apnea-intro-text":"","landing-apnea-highlight-items":[],"landing-apnea-blocks-2":[],"landing-apnea-testimonials-title":"","landing-apnea-testimonials-text":"","landing-apnea-testimonials-videos":[],"landing-apnea-hero-text":"","landing-apnea-faq-title":"","landing-apnea-faqs":[],"landing-apnea-prefooter-text":"","landing-apnea-prefooter-nota":"","redirect-page":"","shortcodeform-code":"","redirect-page-es":"","redirect-page-en":"","redirect-page-ca":"","login-page-need":"0","login-page":"","eh-cover-image":[],"eh-cover-image-mobile":[],"eh-cover-title":"","eh-cover-subtitle":"","eh-cover-text":"","eh-cover-btn1-text":"","eh-cover-btn1-page-id":"","eh-cover-btn2-text":"","eh-cover-btn2-video-files":[],"eh-specs-main-title":"","eh-specs":[],"eh-icons-reduced-section":"","eh-icons-1":[],"eh-patients-title":"","eh-patients":[],"eh-patients-nopic-title":"","eh-patients-nopic":[],"eh-video-title":"","eh-video":[],"eh-icons-2-reduced-section":"","eh-icons-2":[],"contact-zoom":"","contact-center":[],"contact-data-left-title":"","contact-data-left-content":"","contact-lat":"","contact-long":"","contact-bubble":"","contact-title-form":"","contact-text-form":"","contact-shortcode-form":"","contact-title-widget":"","contact-text-widget":"","contact-shortcode-widget":"","page-header":[],"page-header-text":"Minimally Invasive Surgery in Orthognatic Surgery","page-header-english":"0","page-header-english-page-id":"","page-content-title":"What is Minimally Invasive Surgery?","home-slides":[],"page-content-text-1":"","page-content-text-2":"","page-content-image-1":[],"page-content-video":"","page-content-text-3":"","page-content-image-2":[],"page-content-text-4":"","page-content-image-3":[],"page-excerpt-title":"","page-excerpt-text":"","page-related-enable":"1","related-content":[{"type-related":"page","page-related":"137"},{"type-related":"page","page-related":"149"},{"type-related":"page","page-related":"176"}],"getcontent":[],"home-text-block":[],"home-blue-text":"","home-blue-image":[],"home-contact-form":[],"team-doctor-name":"","team-doctor-position":"","team-doctor-txt":"","team-doctor-btn":"","team-doctor-page":"","team-doctor-img":[],"team-img-fullwidth":[],"contact-link":"","contact-msg":"","contact-subject":"","contact-lat-2":"","contact-long-2":"","contact-bubble-2":"","contact-data":"","contact-tour-title":"","contact-tour-link":"","contact-tour-image":[],"contact-form":[],"faq-type":false,"item-row":[{"scheme":"onlytext","layout-color":"white","row-padding":"without-padding","item-text":"<p class=\"p1\"><b>[t\u00edtulo]What is minimally invasive surgery?[\/t\u00edtulo]<\/b><\/p>\r\n<p class=\"p1\"><b>Minimally invasive surgery <\/b>is the set of techniques and procedures related to surgery, anaesthesia and aftercare treatment that help reduce pain, inflammation, blood loss and complications for the patient during and after surgery.<\/p>\r\n<p class=\"p1\"><span style=\"line-height: 1.5;\">The <\/span><b style=\"line-height: 1.5;\">Maxillofacial Institute<\/b><span style=\"line-height: 1.5;\"> is a pioneer in techniques for <\/span><b style=\"line-height: 1.5;\">minimally invasive orthognathic surgery<\/b><span style=\"line-height: 1.5;\">, developed specifically for reducing surgery time,<\/span><b style=\"line-height: 1.5;\"> <\/b><span style=\"line-height: 1.5;\">achieving greater precision and reducing post-surgery trauma. You can see the techniques designed and published by <\/span><b style=\"line-height: 1.5;\">Dr. Federico Hern\u00e1ndez Alfaro<\/b><span style=\"line-height: 1.5;\"> in numerous national and international journals specialised in <\/span><b style=\"line-height: 1.5;\">maxillofacial surgery<\/b><span style=\"line-height: 1.5;\">.<\/span><\/p>\r\n<p class=\"p1\"><b>[t\u00edtulo]The principles of minimally invasive surgery at the Maxillofacial Institute[\/titulo]<\/b><\/p>","video-explica-rows":[{"item-slide-video-type":"input_embed"}],"item-row-icon-image-1":"Icono-1.png","item-row-icon-image-2":"Icono-1.png","item-row-icon-image-3":"Icono-1.png","item-row-icon-image-4":"Icono-1.png","item-cta-page":"5633","item-cta-size":"btn-big"},{"scheme":"textimage","layout-color":"white","row-padding":"without-padding","item-text":"<div class=\"WordSection1\">\r\n<ul>\r\n \t<li class=\"p1\"><b>3D planning, innovation and precision:\u00a0<\/b>the surgical guidelines obtained through the <b>virtual planning <\/b>of the surgery allow the surgeon\u2019s operating time to be reduced significantly. The <b>Maxillofacial Institute<\/b> was one of the first centres in Spain to incorporate <b>3D planning<\/b> into <b>orthognathic surgery<\/b> and, with more than 1000 interventions already carried out using this technology, it is the most highly experienced at European level.<\/li>\r\n \t<li class=\"li1\"><b>Controlled hypotension and monitoring of the depth of anaesthesia:\u00a0<\/b>the meticulous control of blood pressure by the team of anaesthetists at the <b>Maxillofacial Institute<\/b> reduces blood loss during <b>orthognathic surgery<\/b>. Moreover, for all orthognathic surgery patients, the anaesthetists<b> <\/b>at the <b>Maxillofacial Institute<\/b> use a<b> BIS monitor<\/b>, a device that allows the<b> <\/b>waves associated with deep anaesthesia to be monitored during surgery, thereby achieving an excellent adjustment between surgery time and anaesthesia time.\u00a0<span style=\"line-height: 1.5;\">Thanks to the application of these techniques during <\/span><b style=\"line-height: 1.5;\">orthognathic surgery<\/b><span style=\"line-height: 1.5;\">, a blood transfusion has never been required.<\/span><\/li>\r\n \t<li><strong>Reduced surgical incisions<\/strong>: Dr. Federico Hern\u00e1ndez Alfaro has designed a protocol for reduced incisions that allows surgery to be carried out with minimal alteration of tissue, and which also helps avoid bleeding and postoperative pain. Moreover, we have introduced the <a href=\"https:\/\/www.institutomaxilofacial.com\/en\/2017\/11\/26\/the-piezoelectric-scalpel\/\" target=\"_blank\" rel=\"noopener\"><strong>use of the piezoelectric scalpel<\/strong><\/a> for orthognathic surgery, which allows to maximize accuracy in the osteotomies while minimizing the risk of damage to neighbouring soft tissues.<\/li>\r\n<\/ul>\r\n<\/div>","video-explica-rows":[{"item-slide-video-type":"input_embed"}],"item-images":["5703"],"item-image-alt":"The Five Principles Of Minimally Invasive Surgery At The Maxillofacial Institute","item-bg-size-contain":["on"],"item-row-icon-image-1":"Icono-1.png","item-row-icon-image-2":"Icono-1.png","item-row-icon-image-3":"Icono-1.png","item-row-icon-image-4":"Icono-1.png","item-cta-page":"5633","item-cta-size":"btn-big"},{"scheme":"onlytext","layout-color":"white","row-padding":"small-padding","item-text":"<ul>\r\n \t<li>One of his techniques with the greatest impact in the world of <b>maxillofacial<\/b> <b>surgery <\/b>is the <a href=\"https:\/\/content.www.institutomaxilofacial.com\/wp-content\/uploads\/2016\/05\/Twist_technique_in_press.pdf\">\u201c<b>Twist<\/b> <b>Technique<\/b>\u201d<\/a>, published in the<b> <i>Journal of Oral &amp; Maxillofacial Surgery,<\/i> <\/b>which allows the<b> maxilla <\/b>to be acted on through a minimal incision, approximately 2cm, and in an average time of 45<b>\u00a0<\/b>minutes. This technique is applied in procedures such as <b>SARPE <\/b>(Surgically Assisted Rapid Palatal Expansion) and <b>orthognathic surgery<\/b>.<\/li>\r\n \t<li><b>Short surgery time: bimaxillary orthognathic surgery\u00a0<\/b>carried out at the<b> Maxillofacial Institute <\/b>is completed in an average of 90 minutes, while\u00a0<strong>orthognathic monomaxillary surgery<\/strong>\u00a0takes around 40 minutes in average. The reduced surgery time for this type of procedure is only achieved through the excellent training and experience of the medical team. The <b>Maxillofacial Institute<\/b> has been performing an average of five orthognathic surgical operations a week since 1994.<\/li>\r\n \t<li><b>Postoperative care: <\/b>the <b>Maxillofacial Institute <\/b>introduced the use of <b>hilotherapy masks into Spain, <\/b>aimed at reducing postoperative inflammation and haematoma in the <b>orthognathic <\/b>patient. Moreover, the Institute\u2019s team is formed of therapists who provide <b>lymphatic massages <\/b>to patients following surgery, to help speed up the recovery process.<\/li>\r\n<\/ul>","video-explica-rows":[{"item-slide-video-type":"input_embed"}],"item-row-icon-image-1":"Icono-1.png","item-row-icon-image-2":"Icono-1.png","item-row-icon-image-3":"Icono-1.png","item-row-icon-image-4":"Icono-1.png","item-cta-page":"5633","item-cta-size":"btn-big"}],"chatbot-code":"","lateral-reducedheader":"","lateral-content-type":"","lateral-title":"","lateral-intro":"","lateral-form":"","lateral-popup":"","lateral-popup-pages":[],"lateral-cta-text":"","lateral-cta-page":"","item-type":"","item-tax":false,"iframe-tuotempo":"","iframe-subs-es":"","iframe-subs-en":"","iframe-subs-ca":"","blog-default-image":[],"activity-events-date":"","activity-page-past":"","noticias-default-image":[]},"_links":{"self":[{"href":"https:\/\/content.www.institutomaxilofacial.com\/en\/wp-json\/wp\/v2\/pages\/164","targetHints":{"allow":["GET"]}}],"collection":[{"href":"https:\/\/content.www.institutomaxilofacial.com\/en\/wp-json\/wp\/v2\/pages"}],"about":[{"href":"https:\/\/content.www.institutomaxilofacial.com\/en\/wp-json\/wp\/v2\/types\/page"}],"author":[{"embeddable":true,"href":"https:\/\/content.www.institutomaxilofacial.com\/en\/wp-json\/wp\/v2\/users\/1"}],"replies":[{"embeddable":true,"href":"https:\/\/content.www.institutomaxilofacial.com\/en\/wp-json\/wp\/v2\/comments?post=164"}],"version-history":[{"count":7,"href":"https:\/\/content.www.institutomaxilofacial.com\/en\/wp-json\/wp\/v2\/pages\/164\/revisions"}],"predecessor-version":[{"id":7910,"href":"https:\/\/content.www.institutomaxilofacial.com\/en\/wp-json\/wp\/v2\/pages\/164\/revisions\/7910"}],"up":[{"embeddable":true,"href":"https:\/\/content.www.institutomaxilofacial.com\/en\/wp-json\/wp\/v2\/pages\/25"}],"wp:featuredmedia":[{"embeddable":true,"href":"https:\/\/content.www.institutomaxilofacial.com\/en\/wp-json\/wp\/v2\/media\/9897"}],"wp:attachment":[{"href":"https:\/\/content.www.institutomaxilofacial.com\/en\/wp-json\/wp\/v2\/media?parent=164"}],"curies":[{"name":"wp","href":"https:\/\/api.w.org\/{rel}","templated":true}]}}