{"id":168,"date":"2016-03-08T12:17:33","date_gmt":"2016-03-08T12:17:33","guid":{"rendered":"https:\/\/content.www.institutomaxilofacial.com\/?page_id=168"},"modified":"2024-02-08T11:55:52","modified_gmt":"2024-02-08T09:55:52","slug":"3d-planning-in-orthognatic-surgery","status":"publish","type":"page","link":"https:\/\/content.www.institutomaxilofacial.com\/en\/orthognathic-surgery\/3d-planning-in-orthognatic-surgery\/","title":{"rendered":"3D Planning Orthognathic Surgey"},"content":{"rendered":"","protected":false},"excerpt":{"rendered":"","protected":false},"author":1,"featured_media":11515,"parent":25,"menu_order":60,"comment_status":"closed","ping_status":"closed","template":"template-modular.php","meta":{"footnotes":""},"class_list":["post-168","page","type-page","status-publish","has-post-thumbnail","hentry"],"yoast_head":"<!-- This site is optimized with the Yoast SEO plugin v27.2 - https:\/\/yoast.com\/product\/yoast-seo-wordpress\/ -->\n<title>3D Planning in Orthognatic Surgery - Instituto Maxilofacial<\/title>\n<meta name=\"description\" content=\"The Maxillofacial Institute is at the forefront of this revolution, being the first European centre to introduce three-dimensional planning for surgery.\" \/>\n<meta name=\"robots\" content=\"index, follow, max-snippet:-1, max-image-preview:large, max-video-preview:-1\" \/>\n<link rel=\"canonical\" href=\"https:\/\/content.www.institutomaxilofacial.com\/en\/wp-json\/wp\/v2\/pages\/168\/\" \/>\n<meta property=\"og:locale\" content=\"en_US\" \/>\n<meta property=\"og:type\" content=\"article\" \/>\n<meta property=\"og:title\" content=\"[:es]Planificaci\u00f3n 3D en Cirug\u00eda Ortogn\u00e1tica - Instituto Maxilofacial [:ca]Planificaci\u00f3 3D en Cirurgia Ortogn\u00e0tica Instituto Maxilofacial[:en]3D Planning in Orthognatic Surgery - Instituto Maxilofacial [:]\" \/>\n<meta property=\"og:description\" content=\"{:es}El Instituto Maxilofacial es el primer centro europeo en introducir la planificaci\u00f3n tridimensional de las cirug\u00edas.{:ca}L&#039;Institut Maxil\u00b7lofacial \u00e9s el primer centre europeu en introduir la planificaci\u00f3 tridimensional de les cirurgies per realitzar an\u00e0lisis de m\u00e9s precisi\u00f3.{:en}The Maxillofacial Institute is at the forefront of this revolution, being the first European centre to introduce three-dimensional planning for surgery.{:}\" \/>\n<meta property=\"og:url\" content=\"https:\/\/content.www.institutomaxilofacial.com\/es\/cirugia-ortognatica\/planificacion-3d-en-cirugia-ortognatica\/\" \/>\n<meta property=\"og:site_name\" content=\"Instituto Maxilofacial\" \/>\n<meta property=\"article:modified_time\" content=\"2024-02-08T09:55:52+00:00\" \/>\n<meta property=\"og:image\" content=\"https:\/\/content.www.institutomaxilofacial.com\/wp-content\/uploads\/2020\/09\/huesos.jpg\" \/>\n\t<meta property=\"og:image:width\" content=\"1500\" \/>\n\t<meta property=\"og:image:height\" content=\"1502\" \/>\n\t<meta property=\"og:image:type\" content=\"image\/jpeg\" \/>\n<meta name=\"twitter:card\" content=\"summary_large_image\" \/>\n<meta name=\"twitter:label1\" content=\"Est. reading time\" \/>\n\t<meta name=\"twitter:data1\" content=\"1 minute\" \/>\n<script type=\"application\/ld+json\" class=\"yoast-schema-graph\">{\"@context\":\"https:\/\/schema.org\",\"@graph\":[{\"@type\":\"WebPage\",\"@id\":\"https:\/\/content.www.institutomaxilofacial.com\/es\/cirugia-ortognatica\/planificacion-3d-en-cirugia-ortognatica\/\",\"url\":\"https:\/\/content.www.institutomaxilofacial.com\/es\/cirugia-ortognatica\/planificacion-3d-en-cirugia-ortognatica\/\",\"name\":\"[:es]Planificaci\u00f3n 3D en Cirug\u00eda Ortogn\u00e1tica - Instituto Maxilofacial [:ca]Planificaci\u00f3 3D en Cirurgia Ortogn\u00e0tica Instituto Maxilofacial[:en]3D Planning in Orthognatic Surgery - Instituto Maxilofacial [:]\",\"isPartOf\":{\"@id\":\"https:\/\/content.www.institutomaxilofacial.com\/ca\/#website\"},\"primaryImageOfPage\":{\"@id\":\"https:\/\/content.www.institutomaxilofacial.com\/es\/cirugia-ortognatica\/planificacion-3d-en-cirugia-ortognatica\/#primaryimage\"},\"image\":{\"@id\":\"https:\/\/content.www.institutomaxilofacial.com\/es\/cirugia-ortognatica\/planificacion-3d-en-cirugia-ortognatica\/#primaryimage\"},\"thumbnailUrl\":\"https:\/\/content.www.institutomaxilofacial.com\/wp-content\/uploads\/2020\/09\/huesos.jpg\",\"datePublished\":\"2016-03-08T12:17:33+00:00\",\"dateModified\":\"2024-02-08T09:55:52+00:00\",\"description\":\"{:es}El Instituto Maxilofacial es el primer centro europeo en introducir la planificaci\u00f3n tridimensional de las cirug\u00edas.{:ca}L'Institut Maxil\u00b7lofacial \u00e9s el primer centre europeu en introduir la planificaci\u00f3 tridimensional de les cirurgies per realitzar an\u00e0lisis de m\u00e9s precisi\u00f3.{:en}The Maxillofacial Institute is at the forefront of this revolution, being the first European centre to introduce three-dimensional planning for surgery.{:}\",\"breadcrumb\":{\"@id\":\"https:\/\/content.www.institutomaxilofacial.com\/es\/cirugia-ortognatica\/planificacion-3d-en-cirugia-ortognatica\/#breadcrumb\"},\"inLanguage\":\"en-US\",\"potentialAction\":[{\"@type\":\"ReadAction\",\"target\":[\"https:\/\/content.www.institutomaxilofacial.com\/es\/cirugia-ortognatica\/planificacion-3d-en-cirugia-ortognatica\/\"]}]},{\"@type\":\"ImageObject\",\"inLanguage\":\"en-US\",\"@id\":\"https:\/\/content.www.institutomaxilofacial.com\/es\/cirugia-ortognatica\/planificacion-3d-en-cirugia-ortognatica\/#primaryimage\",\"url\":\"https:\/\/content.www.institutomaxilofacial.com\/wp-content\/uploads\/2020\/09\/huesos.jpg\",\"contentUrl\":\"https:\/\/content.www.institutomaxilofacial.com\/wp-content\/uploads\/2020\/09\/huesos.jpg\",\"width\":1500,\"height\":1502},{\"@type\":\"BreadcrumbList\",\"@id\":\"https:\/\/content.www.institutomaxilofacial.com\/es\/cirugia-ortognatica\/planificacion-3d-en-cirugia-ortognatica\/#breadcrumb\",\"itemListElement\":[{\"@type\":\"ListItem\",\"position\":1,\"name\":\"Portada\",\"item\":\"https:\/\/content.www.institutomaxilofacial.com\/es\/\"},{\"@type\":\"ListItem\",\"position\":2,\"name\":\"Cirug\u00eda Ortogn\u00e1tica\",\"item\":\"https:\/\/content.www.institutomaxilofacial.com\/es\/cirugia-ortognatica\/\"},{\"@type\":\"ListItem\",\"position\":3,\"name\":\"Planificaci\u00f3n 3D Cirug\u00eda Ortogn\u00e1tica\"}]},{\"@type\":\"WebSite\",\"@id\":\"https:\/\/content.www.institutomaxilofacial.com\/ca\/#website\",\"url\":\"https:\/\/content.www.institutomaxilofacial.com\/ca\/\",\"name\":\"Instituto Maxilofacial\",\"description\":\"Experts in Orthognathic and Orthofacial Surgery. Precision, experience and passion for innovation\",\"potentialAction\":[{\"@type\":\"SearchAction\",\"target\":{\"@type\":\"EntryPoint\",\"urlTemplate\":\"https:\/\/content.www.institutomaxilofacial.com\/ca\/?s={search_term_string}\"},\"query-input\":{\"@type\":\"PropertyValueSpecification\",\"valueRequired\":true,\"valueName\":\"search_term_string\"}}],\"inLanguage\":\"en-US\"}]}<\/script>\n<!-- \/ Yoast SEO plugin. -->","yoast_head_json":{"title":"3D Planning in Orthognatic Surgery - Instituto Maxilofacial","description":"The Maxillofacial Institute is at the forefront of this revolution, being the first European centre to introduce three-dimensional planning for surgery.","robots":{"index":"index","follow":"follow","max-snippet":"max-snippet:-1","max-image-preview":"max-image-preview:large","max-video-preview":"max-video-preview:-1"},"canonical":"https:\/\/content.www.institutomaxilofacial.com\/en\/wp-json\/wp\/v2\/pages\/168\/","og_locale":"en_US","og_type":"article","og_title":"[:es]Planificaci\u00f3n 3D en Cirug\u00eda Ortogn\u00e1tica - Instituto Maxilofacial [:ca]Planificaci\u00f3 3D en Cirurgia Ortogn\u00e0tica Instituto Maxilofacial[:en]3D Planning in Orthognatic Surgery - Instituto Maxilofacial [:]","og_description":"{:es}El Instituto Maxilofacial es el primer centro europeo en introducir la planificaci\u00f3n tridimensional de las cirug\u00edas.{:ca}L'Institut Maxil\u00b7lofacial \u00e9s el primer centre europeu en introduir la planificaci\u00f3 tridimensional de les cirurgies per realitzar an\u00e0lisis de m\u00e9s precisi\u00f3.{:en}The Maxillofacial Institute is at the forefront of this revolution, being the first European centre to introduce three-dimensional planning for surgery.{:}","og_url":"https:\/\/content.www.institutomaxilofacial.com\/es\/cirugia-ortognatica\/planificacion-3d-en-cirugia-ortognatica\/","og_site_name":"Instituto Maxilofacial","article_modified_time":"2024-02-08T09:55:52+00:00","og_image":[{"width":1500,"height":1502,"url":"https:\/\/content.www.institutomaxilofacial.com\/wp-content\/uploads\/2020\/09\/huesos.jpg","type":"image\/jpeg"}],"twitter_card":"summary_large_image","twitter_misc":{"Est. reading time":"1 minute"},"schema":{"@context":"https:\/\/schema.org","@graph":[{"@type":"WebPage","@id":"https:\/\/content.www.institutomaxilofacial.com\/es\/cirugia-ortognatica\/planificacion-3d-en-cirugia-ortognatica\/","url":"https:\/\/content.www.institutomaxilofacial.com\/es\/cirugia-ortognatica\/planificacion-3d-en-cirugia-ortognatica\/","name":"[:es]Planificaci\u00f3n 3D en Cirug\u00eda Ortogn\u00e1tica - Instituto Maxilofacial [:ca]Planificaci\u00f3 3D en Cirurgia Ortogn\u00e0tica Instituto Maxilofacial[:en]3D Planning in Orthognatic Surgery - Instituto Maxilofacial [:]","isPartOf":{"@id":"https:\/\/content.www.institutomaxilofacial.com\/ca\/#website"},"primaryImageOfPage":{"@id":"https:\/\/content.www.institutomaxilofacial.com\/es\/cirugia-ortognatica\/planificacion-3d-en-cirugia-ortognatica\/#primaryimage"},"image":{"@id":"https:\/\/content.www.institutomaxilofacial.com\/es\/cirugia-ortognatica\/planificacion-3d-en-cirugia-ortognatica\/#primaryimage"},"thumbnailUrl":"https:\/\/content.www.institutomaxilofacial.com\/wp-content\/uploads\/2020\/09\/huesos.jpg","datePublished":"2016-03-08T12:17:33+00:00","dateModified":"2024-02-08T09:55:52+00:00","description":"{:es}El Instituto Maxilofacial es el primer centro europeo en introducir la planificaci\u00f3n tridimensional de las cirug\u00edas.{:ca}L'Institut Maxil\u00b7lofacial \u00e9s el primer centre europeu en introduir la planificaci\u00f3 tridimensional de les cirurgies per realitzar an\u00e0lisis de m\u00e9s precisi\u00f3.{:en}The Maxillofacial Institute is at the forefront of this revolution, being the first European centre to introduce three-dimensional planning for surgery.{:}","breadcrumb":{"@id":"https:\/\/content.www.institutomaxilofacial.com\/es\/cirugia-ortognatica\/planificacion-3d-en-cirugia-ortognatica\/#breadcrumb"},"inLanguage":"en-US","potentialAction":[{"@type":"ReadAction","target":["https:\/\/content.www.institutomaxilofacial.com\/es\/cirugia-ortognatica\/planificacion-3d-en-cirugia-ortognatica\/"]}]},{"@type":"ImageObject","inLanguage":"en-US","@id":"https:\/\/content.www.institutomaxilofacial.com\/es\/cirugia-ortognatica\/planificacion-3d-en-cirugia-ortognatica\/#primaryimage","url":"https:\/\/content.www.institutomaxilofacial.com\/wp-content\/uploads\/2020\/09\/huesos.jpg","contentUrl":"https:\/\/content.www.institutomaxilofacial.com\/wp-content\/uploads\/2020\/09\/huesos.jpg","width":1500,"height":1502},{"@type":"BreadcrumbList","@id":"https:\/\/content.www.institutomaxilofacial.com\/es\/cirugia-ortognatica\/planificacion-3d-en-cirugia-ortognatica\/#breadcrumb","itemListElement":[{"@type":"ListItem","position":1,"name":"Portada","item":"https:\/\/content.www.institutomaxilofacial.com\/es\/"},{"@type":"ListItem","position":2,"name":"Cirug\u00eda Ortogn\u00e1tica","item":"https:\/\/content.www.institutomaxilofacial.com\/es\/cirugia-ortognatica\/"},{"@type":"ListItem","position":3,"name":"Planificaci\u00f3n 3D Cirug\u00eda Ortogn\u00e1tica"}]},{"@type":"WebSite","@id":"https:\/\/content.www.institutomaxilofacial.com\/ca\/#website","url":"https:\/\/content.www.institutomaxilofacial.com\/ca\/","name":"Instituto Maxilofacial","description":"Experts in Orthognathic and Orthofacial Surgery. Precision, experience and passion for innovation","potentialAction":[{"@type":"SearchAction","target":{"@type":"EntryPoint","urlTemplate":"https:\/\/content.www.institutomaxilofacial.com\/ca\/?s={search_term_string}"},"query-input":{"@type":"PropertyValueSpecification","valueRequired":true,"valueName":"search_term_string"}}],"inLanguage":"en-US"}]}},"meta_box":{"caso-clinico-taxonomy":[],"caso-clinico-casos":[],"categoria-home-header-title":"","categoria-home-header-image":[],"categoria-home-intro-text":"","cta-cita-title":"","cta-cita-text":"","cta-cita-button-text":"","cta-cita-button-link":"","cta-cita-button-link-external":"","cta-cita-image":[],"cta-cita-image-mobile":[],"categoria-page-info-title":"","categoria-page-info-image":[],"categoria-page-header-title":"","categoria-page-header-image":[],"categoria-page-intro-text":"","categoria-page-intro-image":[],"categoria-page-intro-image-mobile":[],"categoria-page-intro-image-position":"","categoria-page-intro-image-position-mobile":"","categoria-page-intro-content":"","categoria-page-intro-highlights":[],"categoria-page-blocks":[],"categoria-page-benefits-active":"","categoria-page-benefits-title":"","categoria-page-benefits-text":"","categoria-page-benefits-image":[],"categoria-page-benefits-image-mobile":[],"categoria-page-button-text":"","categoria-page-button-link":"","categoria-page-button-link-external":"","categoria-page-cta1-title":"","categoria-page-cta1-text":"","categoria-page-cta1-button-text":"","categoria-page-cta1-button-link":"","categoria-page-cta2-title":"","categoria-page-cta2-text":"","categoria-page-cta2-button-text":"","categoria-page-cta2-button-link":"","contacto-name":"","contacto-address":"","contacto-tlf":"","contacto-fax":"","contacto-image":[],"contacto-lat":"","contacto-lng":"","contacto-map-zoom":"","contacto-map-lat":"","contacto-map-lng":"","contacto-form":"","faqs-taxonomy":[],"estetica-home-header-title":"","estetica-home-header-image":[],"estetica-home-intro-title":"","estetica-home-intro-text":"","estetica-home-cirugia-title":"","estetica-home-medicina-title":"","estetica-home-descubre-title":"","estetica-home-descubre-text":"","estetica-home-descubre-image":[],"estetica-home-descubre-background":[],"estetica-home-descubre-background-mobile":[],"estetica-home-cta1-title":"","estetica-home-cta1-text":"","estetica-home-cta1-button-text":"","estetica-home-cta1-button-link":"","estetica-home-cta1-image":[],"estetica-home-cta2-title":"","estetica-home-cta2-text":"","estetica-home-cta2-button-text":"","estetica-home-cta2-button-link":"","estetica-home-cta2-image":[],"estetica-home-posts-title":"","estetica-home-posts-button-text":"","estetica-home-faq-title":"","estetica-home-faqs":[],"estetica-home-faq-button-text":"","estetica-home-faq-button-link":"","stetik-iframe-url":"","interior-show-breadcrumb":"","interior-header-title":"","interior-header-image":[],"interior-blocks":[],"is-stetik-studio":"no","stetik-team-header-title":"","stetik-team-header-image":[],"stetik-team-intro-text":"","stetik-team-team-title":"","stetik-team-team-professional":[],"video-consulta-text":"","video-consulta-form":"","voz-experto-taxonomy":[],"landing-apnea-header-title":"","landing-apnea-header-subtitle":"","landing-apnea-header-image":[],"landing-apnea-header-pide-cita":"","landing-apnea-header-typeform":"","landing-apnea-blocks":[],"landing-apnea-intro-title":"","landing-apnea-intro-text":"","landing-apnea-highlight-items":[],"landing-apnea-blocks-2":[],"landing-apnea-testimonials-title":"","landing-apnea-testimonials-text":"","landing-apnea-testimonials-videos":[],"landing-apnea-hero-text":"","landing-apnea-faq-title":"","landing-apnea-faqs":[],"landing-apnea-prefooter-text":"","landing-apnea-prefooter-nota":"","redirect-page":"","shortcodeform-code":"","redirect-page-es":"","redirect-page-en":"","redirect-page-ca":"","login-page-need":"0","login-page":"","eh-cover-image":[],"eh-cover-image-mobile":[],"eh-cover-title":"","eh-cover-subtitle":"","eh-cover-text":"","eh-cover-btn1-text":"","eh-cover-btn1-page-id":"","eh-cover-btn2-text":"","eh-cover-btn2-video-files":[],"eh-specs-main-title":"","eh-specs":[],"eh-icons-reduced-section":"","eh-icons-1":[],"eh-patients-title":"","eh-patients":[],"eh-patients-nopic-title":"","eh-patients-nopic":[],"eh-video-title":"","eh-video":[],"eh-icons-2-reduced-section":"","eh-icons-2":[],"contact-zoom":"","contact-center":[],"contact-data-left-title":"","contact-data-left-content":"","contact-lat":"","contact-long":"","contact-bubble":"","contact-title-form":"","contact-text-form":"","contact-shortcode-form":"","contact-title-widget":"","contact-text-widget":"","contact-shortcode-widget":"","page-header":[],"page-header-text":"3D Planning in Orthognatic Surgery","page-header-english":"0","page-header-english-page-id":"","page-content-title":"Why 3D Planning?","home-slides":[],"page-content-text-1":"","page-content-text-2":"","page-content-image-1":[],"page-content-video":"","page-content-text-3":"","page-content-image-2":[],"page-content-text-4":"","page-content-image-3":[],"page-excerpt-title":"","page-excerpt-text":"","page-related-enable":"1","related-content":[{"type-related":"page","page-related":"137"},{"type-related":"page","page-related":"149"},{"type-related":"page","page-related":"176"}],"getcontent":[],"home-text-block":[],"home-blue-text":"","home-blue-image":[],"home-contact-form":[],"team-doctor-name":"","team-doctor-position":"","team-doctor-txt":"","team-doctor-btn":"","team-doctor-page":"","team-doctor-img":[],"team-img-fullwidth":[],"contact-link":"","contact-msg":"","contact-subject":"","contact-lat-2":"","contact-long-2":"","contact-bubble-2":"","contact-data":"","contact-tour-title":"","contact-tour-link":"","contact-tour-image":[],"contact-form":[],"faq-type":false,"item-row":[{"scheme":"textimage","layout-color":"white","row-padding":"small-padding","item-text":"<p class=\"p1\">Since around the last decade, there has been a change in paradigm in the field of diagnosis and therapy in relation to <b>orthognathic surgery<\/b> owing to technological advances. The <b>Maxillofacial Institute<\/b> is at the forefront of this revolution, being the first European centre to introduce three-dimensional planning for surgery.<\/p>\r\n<p class=\"p1\">The introduction of the <b>intraoral scanner<\/b>, low-radiation <b>CBCT<\/b> (<b>cone-beam computed tomography) <\/b>and latest-generation 3D software means that analysis can be performed with millimetric precision.<\/p>","video-explica-rows":[{"item-slide-video-type":"input_embed"}],"item-images":["10730"],"item-image-alt":"3d planning","item-bg-size-contain":["on"],"item-row-icon-image-1":"Icono-1.png","item-row-icon-image-2":"Icono-1.png","item-row-icon-image-3":"Icono-1.png","item-row-icon-image-4":"Icono-1.png","item-cta-page":"5633","item-cta-size":"btn-big"},{"scheme":"imagetext","layout-color":"white","row-padding":"small-padding","item-text":"<p class=\"p1\">These allow the surgeon to anticipate, plan and simulate a virtual surgical procedure before undertaking real surgery in the operating theatre, and even share the virtual results beforehand with the patient to increase their confidence and satisfaction about the treatment. In this way, any potential errors or unforeseen complications in the operating theatre can be eliminated, in addition to reducing surgery time and postoperative trauma for the patient.<\/p>\r\n<p class=\"p1\"><span style=\"text-align: justify; line-height: 1.5;\">The +250 cases of <\/span><b style=\"text-align: justify; line-height: 1.5;\">orthognathic surgery<\/b><span style=\"text-align: justify; line-height: 1.5;\"> carried out each year at the <\/span><b style=\"text-align: justify; line-height: 1.5;\">Maxillofacial Institute<\/b><span style=\"text-align: justify; line-height: 1.5;\"> are meticulously planned in this 3D virtual environment.\u00a0<\/span>These are the articles published by Prof. Hern\u00e1ndez Alfaro and his team concerning this subject:\u00a0<em><strong><a href=\"https:\/\/content.www.institutomaxilofacial.com\/wp-content\/uploads\/2016\/05\/New_protocol_for_threedimensional_surgical_planning_and_CAD_CAM_splint_generation_in_orthognathic_surgery.pdf\" target=\"_blank\" rel=\"noopener\">New protocol for threedimensional surgical planning and CAD\/CAM splint generation in orthognathic surgery: an in vitro and in vivo study<\/a><\/strong><\/em>,\u00a0<a href=\"https:\/\/content.www.institutomaxilofacial.com\/wp-content\/uploads\/2016\/05\/3D-planning-in-orthognathic-surgery-CAD-CAM-surgical-splints-and-prediction-of-the-soft-and-hard-tissues-results-Our-experience-in-16-cases.-JCMS-2011.pdf\" target=\"_blank\" rel=\"noopener\"><em><strong>3D planning in orthognathic surgery: CAD\/CAM surgical splints and prediction of the soft and hard tissues results \u2013 Our experience in 16 cases<\/strong><\/em><\/a>\u00a0and\u00a0<em><strong><a href=\"https:\/\/content.www.institutomaxilofacial.com\/wp-content\/uploads\/2016\/05\/Planificacion-virtual-y-diseno-de-fe.pdf\" target=\"_blank\" rel=\"noopener\">Planificaci\u00f3n virtual y dise\u00f1o de f\u00e9rulas CAD\/CAM en cirug\u00eda ortogn\u00e1tica: \u00bfuna nueva era?<\/a>.\u00a0<\/strong><\/em><\/p>","video-explica-rows":[{"item-slide-video-type":"input_embed"}],"item-images":["771"],"item-image-alt":"3d planning","item-bg-size-contain":["on"],"item-row-icon-image-1":"Icono-1.png","item-row-icon-image-2":"Icono-1.png","item-row-icon-image-3":"Icono-1.png","item-row-icon-image-4":"Icono-1.png","item-cta-page":"5633","item-cta-size":"btn-big"}],"chatbot-code":"","lateral-reducedheader":"","lateral-content-type":"","lateral-title":"","lateral-intro":"","lateral-form":"","lateral-popup":"","lateral-popup-pages":[],"lateral-cta-text":"","lateral-cta-page":"","item-type":"","item-tax":false,"iframe-tuotempo":"","iframe-subs-es":"","iframe-subs-en":"","iframe-subs-ca":"","blog-default-image":[],"activity-events-date":"","activity-page-past":"","noticias-default-image":[]},"_links":{"self":[{"href":"https:\/\/content.www.institutomaxilofacial.com\/en\/wp-json\/wp\/v2\/pages\/168","targetHints":{"allow":["GET"]}}],"collection":[{"href":"https:\/\/content.www.institutomaxilofacial.com\/en\/wp-json\/wp\/v2\/pages"}],"about":[{"href":"https:\/\/content.www.institutomaxilofacial.com\/en\/wp-json\/wp\/v2\/types\/page"}],"author":[{"embeddable":true,"href":"https:\/\/content.www.institutomaxilofacial.com\/en\/wp-json\/wp\/v2\/users\/1"}],"replies":[{"embeddable":true,"href":"https:\/\/content.www.institutomaxilofacial.com\/en\/wp-json\/wp\/v2\/comments?post=168"}],"version-history":[{"count":7,"href":"https:\/\/content.www.institutomaxilofacial.com\/en\/wp-json\/wp\/v2\/pages\/168\/revisions"}],"predecessor-version":[{"id":7911,"href":"https:\/\/content.www.institutomaxilofacial.com\/en\/wp-json\/wp\/v2\/pages\/168\/revisions\/7911"}],"up":[{"embeddable":true,"href":"https:\/\/content.www.institutomaxilofacial.com\/en\/wp-json\/wp\/v2\/pages\/25"}],"wp:featuredmedia":[{"embeddable":true,"href":"https:\/\/content.www.institutomaxilofacial.com\/en\/wp-json\/wp\/v2\/media\/11515"}],"wp:attachment":[{"href":"https:\/\/content.www.institutomaxilofacial.com\/en\/wp-json\/wp\/v2\/media?parent=168"}],"curies":[{"name":"wp","href":"https:\/\/api.w.org\/{rel}","templated":true}]}}