{"id":180,"date":"2016-03-08T12:19:46","date_gmt":"2016-03-08T12:19:46","guid":{"rendered":"https:\/\/content.www.institutomaxilofacial.com\/?page_id=180"},"modified":"2022-09-13T13:20:45","modified_gmt":"2022-09-13T11:20:45","slug":"3d-planning-in-dental-implants","status":"publish","type":"page","link":"https:\/\/content.www.institutomaxilofacial.com\/en\/dental-implants\/3d-planning-in-dental-implants\/","title":{"rendered":"3D Planning of Dental Implants"},"content":{"rendered":"","protected":false},"excerpt":{"rendered":"","protected":false},"author":1,"featured_media":11842,"parent":33,"menu_order":30,"comment_status":"closed","ping_status":"closed","template":"template-modular.php","meta":{"footnotes":""},"class_list":["post-180","page","type-page","status-publish","has-post-thumbnail","hentry"],"yoast_head":"<!-- This site is optimized with the Yoast SEO plugin v27.2 - https:\/\/yoast.com\/product\/yoast-seo-wordpress\/ -->\n<title>Clinical Cases - Dental Implants - Instituto Maxilofacial<\/title>\n<meta name=\"description\" content=\"Learn more about the clinical cases and experiences from patients that have undergone any kind of dental implants procedure at the Institute.\" \/>\n<meta name=\"robots\" content=\"index, follow, max-snippet:-1, max-image-preview:large, max-video-preview:-1\" \/>\n<link rel=\"canonical\" href=\"https:\/\/content.www.institutomaxilofacial.com\/en\/wp-json\/wp\/v2\/pages\/180\/\" \/>\n<meta property=\"og:locale\" content=\"en_US\" \/>\n<meta property=\"og:type\" content=\"article\" \/>\n<meta property=\"og:title\" content=\"[:es]Planificaci\u00f3n 3D en Implantes Dentales - Instituto Maxilofacial [:ca]Planificaci\u00f3 3D en Implants Dentals - Instituto Maxilofacial [:en]Clinical Cases - Dental Implants - Instituto Maxilofacial [:]\" \/>\n<meta property=\"og:description\" content=\"{:es}Todas las cirug\u00edas con Implantes Dentales que se realizan se planifican en 3D mediante los \u00faltimos avances tecnol\u00f3gicos.{:ca}Totes les cirurgies amb implants dentals que es realitzen es planifiquen en 3D mitjan\u00e7ant els \u00faltims aven\u00e7os tecnol\u00f2gics per assegurar resultats \u00f2ptims{:en}Learn more about the clinical cases and experiences from patients that have undergone any kind of dental implants procedure at the Institute.{:}\" \/>\n<meta property=\"og:url\" content=\"https:\/\/content.www.institutomaxilofacial.com\/es\/implantes-dentales\/planificacion-3d-en-implantes-dentales\/\" \/>\n<meta property=\"og:site_name\" content=\"Instituto Maxilofacial\" \/>\n<meta property=\"article:modified_time\" content=\"2022-09-13T11:20:45+00:00\" \/>\n<meta property=\"og:image\" content=\"https:\/\/content.www.institutomaxilofacial.com\/wp-content\/uploads\/2015\/11\/RX-hueso-y-tejido-blando-inverted.png\" \/>\n\t<meta property=\"og:image:width\" content=\"1951\" \/>\n\t<meta property=\"og:image:height\" content=\"1071\" \/>\n\t<meta property=\"og:image:type\" content=\"image\/png\" \/>\n<meta name=\"twitter:card\" content=\"summary_large_image\" \/>\n<script type=\"application\/ld+json\" class=\"yoast-schema-graph\">{\"@context\":\"https:\/\/schema.org\",\"@graph\":[{\"@type\":\"WebPage\",\"@id\":\"https:\/\/content.www.institutomaxilofacial.com\/es\/implantes-dentales\/planificacion-3d-en-implantes-dentales\/\",\"url\":\"https:\/\/content.www.institutomaxilofacial.com\/es\/implantes-dentales\/planificacion-3d-en-implantes-dentales\/\",\"name\":\"[:es]Planificaci\u00f3n 3D en Implantes Dentales - Instituto Maxilofacial [:ca]Planificaci\u00f3 3D en Implants Dentals - Instituto Maxilofacial [:en]Clinical Cases - Dental Implants - Instituto Maxilofacial [:]\",\"isPartOf\":{\"@id\":\"https:\/\/content.www.institutomaxilofacial.com\/ca\/#website\"},\"primaryImageOfPage\":{\"@id\":\"https:\/\/content.www.institutomaxilofacial.com\/es\/implantes-dentales\/planificacion-3d-en-implantes-dentales\/#primaryimage\"},\"image\":{\"@id\":\"https:\/\/content.www.institutomaxilofacial.com\/es\/implantes-dentales\/planificacion-3d-en-implantes-dentales\/#primaryimage\"},\"thumbnailUrl\":\"https:\/\/content.www.institutomaxilofacial.com\/wp-content\/uploads\/2015\/11\/RX-hueso-y-tejido-blando-inverted.png\",\"datePublished\":\"2016-03-08T12:19:46+00:00\",\"dateModified\":\"2022-09-13T11:20:45+00:00\",\"description\":\"{:es}Todas las cirug\u00edas con Implantes Dentales que se realizan se planifican en 3D mediante los \u00faltimos avances tecnol\u00f3gicos.{:ca}Totes les cirurgies amb implants dentals que es realitzen es planifiquen en 3D mitjan\u00e7ant els \u00faltims aven\u00e7os tecnol\u00f2gics per assegurar resultats \u00f2ptims{:en}Learn more about the clinical cases and experiences from patients that have undergone any kind of dental implants procedure at the Institute.{:}\",\"breadcrumb\":{\"@id\":\"https:\/\/content.www.institutomaxilofacial.com\/es\/implantes-dentales\/planificacion-3d-en-implantes-dentales\/#breadcrumb\"},\"inLanguage\":\"en-US\",\"potentialAction\":[{\"@type\":\"ReadAction\",\"target\":[\"https:\/\/content.www.institutomaxilofacial.com\/es\/implantes-dentales\/planificacion-3d-en-implantes-dentales\/\"]}]},{\"@type\":\"ImageObject\",\"inLanguage\":\"en-US\",\"@id\":\"https:\/\/content.www.institutomaxilofacial.com\/es\/implantes-dentales\/planificacion-3d-en-implantes-dentales\/#primaryimage\",\"url\":\"https:\/\/content.www.institutomaxilofacial.com\/wp-content\/uploads\/2015\/11\/RX-hueso-y-tejido-blando-inverted.png\",\"contentUrl\":\"https:\/\/content.www.institutomaxilofacial.com\/wp-content\/uploads\/2015\/11\/RX-hueso-y-tejido-blando-inverted.png\",\"width\":1951,\"height\":1071},{\"@type\":\"BreadcrumbList\",\"@id\":\"https:\/\/content.www.institutomaxilofacial.com\/es\/implantes-dentales\/planificacion-3d-en-implantes-dentales\/#breadcrumb\",\"itemListElement\":[{\"@type\":\"ListItem\",\"position\":1,\"name\":\"Portada\",\"item\":\"https:\/\/content.www.institutomaxilofacial.com\/es\/\"},{\"@type\":\"ListItem\",\"position\":2,\"name\":\"Implantes dentales\",\"item\":\"https:\/\/content.www.institutomaxilofacial.com\/es\/implantes-dentales\/\"},{\"@type\":\"ListItem\",\"position\":3,\"name\":\"Planificaci\u00f3n 3D de Implantes Dentales\"}]},{\"@type\":\"WebSite\",\"@id\":\"https:\/\/content.www.institutomaxilofacial.com\/ca\/#website\",\"url\":\"https:\/\/content.www.institutomaxilofacial.com\/ca\/\",\"name\":\"Instituto Maxilofacial\",\"description\":\"Experts in Orthognathic and Orthofacial Surgery. Precision, experience and passion for innovation\",\"potentialAction\":[{\"@type\":\"SearchAction\",\"target\":{\"@type\":\"EntryPoint\",\"urlTemplate\":\"https:\/\/content.www.institutomaxilofacial.com\/ca\/?s={search_term_string}\"},\"query-input\":{\"@type\":\"PropertyValueSpecification\",\"valueRequired\":true,\"valueName\":\"search_term_string\"}}],\"inLanguage\":\"en-US\"}]}<\/script>\n<!-- \/ Yoast SEO plugin. -->","yoast_head_json":{"title":"Clinical Cases - Dental Implants - Instituto Maxilofacial","description":"Learn more about the clinical cases and experiences from patients that have undergone any kind of dental implants procedure at the Institute.","robots":{"index":"index","follow":"follow","max-snippet":"max-snippet:-1","max-image-preview":"max-image-preview:large","max-video-preview":"max-video-preview:-1"},"canonical":"https:\/\/content.www.institutomaxilofacial.com\/en\/wp-json\/wp\/v2\/pages\/180\/","og_locale":"en_US","og_type":"article","og_title":"[:es]Planificaci\u00f3n 3D en Implantes Dentales - Instituto Maxilofacial [:ca]Planificaci\u00f3 3D en Implants Dentals - Instituto Maxilofacial [:en]Clinical Cases - Dental Implants - Instituto Maxilofacial [:]","og_description":"{:es}Todas las cirug\u00edas con Implantes Dentales que se realizan se planifican en 3D mediante los \u00faltimos avances tecnol\u00f3gicos.{:ca}Totes les cirurgies amb implants dentals que es realitzen es planifiquen en 3D mitjan\u00e7ant els \u00faltims aven\u00e7os tecnol\u00f2gics per assegurar resultats \u00f2ptims{:en}Learn more about the clinical cases and experiences from patients that have undergone any kind of dental implants procedure at the Institute.{:}","og_url":"https:\/\/content.www.institutomaxilofacial.com\/es\/implantes-dentales\/planificacion-3d-en-implantes-dentales\/","og_site_name":"Instituto Maxilofacial","article_modified_time":"2022-09-13T11:20:45+00:00","og_image":[{"width":1951,"height":1071,"url":"https:\/\/content.www.institutomaxilofacial.com\/wp-content\/uploads\/2015\/11\/RX-hueso-y-tejido-blando-inverted.png","type":"image\/png"}],"twitter_card":"summary_large_image","schema":{"@context":"https:\/\/schema.org","@graph":[{"@type":"WebPage","@id":"https:\/\/content.www.institutomaxilofacial.com\/es\/implantes-dentales\/planificacion-3d-en-implantes-dentales\/","url":"https:\/\/content.www.institutomaxilofacial.com\/es\/implantes-dentales\/planificacion-3d-en-implantes-dentales\/","name":"[:es]Planificaci\u00f3n 3D en Implantes Dentales - Instituto Maxilofacial [:ca]Planificaci\u00f3 3D en Implants Dentals - Instituto Maxilofacial [:en]Clinical Cases - Dental Implants - Instituto Maxilofacial [:]","isPartOf":{"@id":"https:\/\/content.www.institutomaxilofacial.com\/ca\/#website"},"primaryImageOfPage":{"@id":"https:\/\/content.www.institutomaxilofacial.com\/es\/implantes-dentales\/planificacion-3d-en-implantes-dentales\/#primaryimage"},"image":{"@id":"https:\/\/content.www.institutomaxilofacial.com\/es\/implantes-dentales\/planificacion-3d-en-implantes-dentales\/#primaryimage"},"thumbnailUrl":"https:\/\/content.www.institutomaxilofacial.com\/wp-content\/uploads\/2015\/11\/RX-hueso-y-tejido-blando-inverted.png","datePublished":"2016-03-08T12:19:46+00:00","dateModified":"2022-09-13T11:20:45+00:00","description":"{:es}Todas las cirug\u00edas con Implantes Dentales que se realizan se planifican en 3D mediante los \u00faltimos avances tecnol\u00f3gicos.{:ca}Totes les cirurgies amb implants dentals que es realitzen es planifiquen en 3D mitjan\u00e7ant els \u00faltims aven\u00e7os tecnol\u00f2gics per assegurar resultats \u00f2ptims{:en}Learn more about the clinical cases and experiences from patients that have undergone any kind of dental implants procedure at the Institute.{:}","breadcrumb":{"@id":"https:\/\/content.www.institutomaxilofacial.com\/es\/implantes-dentales\/planificacion-3d-en-implantes-dentales\/#breadcrumb"},"inLanguage":"en-US","potentialAction":[{"@type":"ReadAction","target":["https:\/\/content.www.institutomaxilofacial.com\/es\/implantes-dentales\/planificacion-3d-en-implantes-dentales\/"]}]},{"@type":"ImageObject","inLanguage":"en-US","@id":"https:\/\/content.www.institutomaxilofacial.com\/es\/implantes-dentales\/planificacion-3d-en-implantes-dentales\/#primaryimage","url":"https:\/\/content.www.institutomaxilofacial.com\/wp-content\/uploads\/2015\/11\/RX-hueso-y-tejido-blando-inverted.png","contentUrl":"https:\/\/content.www.institutomaxilofacial.com\/wp-content\/uploads\/2015\/11\/RX-hueso-y-tejido-blando-inverted.png","width":1951,"height":1071},{"@type":"BreadcrumbList","@id":"https:\/\/content.www.institutomaxilofacial.com\/es\/implantes-dentales\/planificacion-3d-en-implantes-dentales\/#breadcrumb","itemListElement":[{"@type":"ListItem","position":1,"name":"Portada","item":"https:\/\/content.www.institutomaxilofacial.com\/es\/"},{"@type":"ListItem","position":2,"name":"Implantes dentales","item":"https:\/\/content.www.institutomaxilofacial.com\/es\/implantes-dentales\/"},{"@type":"ListItem","position":3,"name":"Planificaci\u00f3n 3D de Implantes Dentales"}]},{"@type":"WebSite","@id":"https:\/\/content.www.institutomaxilofacial.com\/ca\/#website","url":"https:\/\/content.www.institutomaxilofacial.com\/ca\/","name":"Instituto Maxilofacial","description":"Experts in Orthognathic and Orthofacial Surgery. Precision, experience and passion for innovation","potentialAction":[{"@type":"SearchAction","target":{"@type":"EntryPoint","urlTemplate":"https:\/\/content.www.institutomaxilofacial.com\/ca\/?s={search_term_string}"},"query-input":{"@type":"PropertyValueSpecification","valueRequired":true,"valueName":"search_term_string"}}],"inLanguage":"en-US"}]}},"meta_box":{"caso-clinico-taxonomy":[],"caso-clinico-casos":[],"categoria-home-header-title":"","categoria-home-header-image":[],"categoria-home-intro-text":"","cta-cita-title":"","cta-cita-text":"","cta-cita-button-text":"","cta-cita-button-link":"","cta-cita-button-link-external":"","cta-cita-image":[],"cta-cita-image-mobile":[],"categoria-page-info-title":"","categoria-page-info-image":[],"categoria-page-header-title":"","categoria-page-header-image":[],"categoria-page-intro-text":"","categoria-page-intro-image":[],"categoria-page-intro-image-mobile":[],"categoria-page-intro-image-position":"","categoria-page-intro-image-position-mobile":"","categoria-page-intro-content":"","categoria-page-intro-highlights":[],"categoria-page-blocks":[],"categoria-page-benefits-active":"","categoria-page-benefits-title":"","categoria-page-benefits-text":"","categoria-page-benefits-image":[],"categoria-page-benefits-image-mobile":[],"categoria-page-button-text":"","categoria-page-button-link":"","categoria-page-button-link-external":"","categoria-page-cta1-title":"","categoria-page-cta1-text":"","categoria-page-cta1-button-text":"","categoria-page-cta1-button-link":"","categoria-page-cta2-title":"","categoria-page-cta2-text":"","categoria-page-cta2-button-text":"","categoria-page-cta2-button-link":"","contacto-name":"","contacto-address":"","contacto-tlf":"","contacto-fax":"","contacto-image":[],"contacto-lat":"","contacto-lng":"","contacto-map-zoom":"","contacto-map-lat":"","contacto-map-lng":"","contacto-form":"","faqs-taxonomy":[],"estetica-home-header-title":"","estetica-home-header-image":[],"estetica-home-intro-title":"","estetica-home-intro-text":"","estetica-home-cirugia-title":"","estetica-home-medicina-title":"","estetica-home-descubre-title":"","estetica-home-descubre-text":"","estetica-home-descubre-image":[],"estetica-home-descubre-background":[],"estetica-home-descubre-background-mobile":[],"estetica-home-cta1-title":"","estetica-home-cta1-text":"","estetica-home-cta1-button-text":"","estetica-home-cta1-button-link":"","estetica-home-cta1-image":[],"estetica-home-cta2-title":"","estetica-home-cta2-text":"","estetica-home-cta2-button-text":"","estetica-home-cta2-button-link":"","estetica-home-cta2-image":[],"estetica-home-posts-title":"","estetica-home-posts-button-text":"","estetica-home-faq-title":"","estetica-home-faqs":[],"estetica-home-faq-button-text":"","estetica-home-faq-button-link":"","stetik-iframe-url":"","interior-show-breadcrumb":"","interior-header-title":"","interior-header-image":[],"interior-blocks":[],"is-stetik-studio":"","stetik-team-header-title":"","stetik-team-header-image":[],"stetik-team-intro-text":"","stetik-team-team-title":"","stetik-team-team-professional":[],"video-consulta-text":"","video-consulta-form":"","voz-experto-taxonomy":[],"landing-apnea-header-title":"","landing-apnea-header-subtitle":"","landing-apnea-header-image":[],"landing-apnea-header-pide-cita":"","landing-apnea-header-typeform":"","landing-apnea-blocks":[],"landing-apnea-intro-title":"","landing-apnea-intro-text":"","landing-apnea-highlight-items":[],"landing-apnea-blocks-2":[],"landing-apnea-testimonials-title":"","landing-apnea-testimonials-text":"","landing-apnea-testimonials-videos":[],"landing-apnea-hero-text":"","landing-apnea-faq-title":"","landing-apnea-faqs":[],"landing-apnea-prefooter-text":"","landing-apnea-prefooter-nota":"","redirect-page":"","shortcodeform-code":"","redirect-page-es":"","redirect-page-en":"","redirect-page-ca":"","login-page-need":"0","login-page":"","eh-cover-image":[],"eh-cover-image-mobile":[],"eh-cover-title":"","eh-cover-subtitle":"","eh-cover-text":"","eh-cover-btn1-text":"","eh-cover-btn1-page-id":"","eh-cover-btn2-text":"","eh-cover-btn2-video-files":[],"eh-specs-main-title":"","eh-specs":[],"eh-icons-reduced-section":"","eh-icons-1":[],"eh-patients-title":"","eh-patients":[],"eh-patients-nopic-title":"","eh-patients-nopic":[],"eh-video-title":"","eh-video":[],"eh-icons-2-reduced-section":"","eh-icons-2":[],"contact-zoom":"","contact-center":[],"contact-data-left-title":"","contact-data-left-content":"","contact-lat":"","contact-long":"","contact-bubble":"","contact-title-form":"","contact-text-form":"","contact-shortcode-form":"","contact-title-widget":"","contact-text-widget":"","contact-shortcode-widget":"","page-header":[],"page-header-text":"Dental Implants Clinical Cases and Patients","page-header-english":"0","page-header-english-page-id":"","page-content-title":"Why 3D Planning in Dental Implants?","home-slides":[],"page-content-text-1":"","page-content-text-2":"","page-content-image-1":[],"page-content-video":"","page-content-text-3":"","page-content-image-2":[],"page-content-text-4":"","page-content-image-3":[],"page-excerpt-title":"","page-excerpt-text":"","page-related-enable":"1","related-content":[{"type-related":"page","page-related":"145"},{"type-related":"page","page-related":"157"},{"type-related":"page","page-related":"184"}],"getcontent":[],"home-text-block":[],"home-blue-text":"","home-blue-image":[],"home-contact-form":[],"team-doctor-name":"","team-doctor-position":"","team-doctor-txt":"","team-doctor-btn":"","team-doctor-page":"","team-doctor-img":[],"team-img-fullwidth":[],"contact-link":"","contact-msg":"","contact-subject":"","contact-lat-2":"","contact-long-2":"","contact-bubble-2":"","contact-data":"","contact-tour-title":"","contact-tour-link":"","contact-tour-image":[],"contact-form":[],"faq-type":false,"item-row":[{"scheme":"onlytext","layout-color":"white","row-padding":"small-padding","item-text":"The\u00a0<b>Maxillofacial Institute\u00a0<\/b>is<b>\u00a0<\/b>at the forefront of the three-dimensional revolution in medicine. All <a href=\"https:\/\/content.www.institutomaxilofacial.com\/en\/dental-implants\/what-are-dental-implants\/\">dental implant<\/a> surgeries carried out are first planned in 3D, using the latest technological advances. This allows the specialists to anticipate, with exact precision, exactly where the dental implants need to be placed, thus avoiding any unforeseen circumstances in the operating theatre and ensuring optimal results.","video-explica-rows":[{"item-slide-video-type":"input_embed"}]},{"scheme":"imagetext","layout-color":"white","row-padding":"biggest-padding","item-text":"<p class=\"p1\"><span style=\"line-height: 1.5;\">Since 2010, the<\/span><a href=\"https:\/\/content.www.institutomaxilofacial.com\/en\/\"><b style=\"line-height: 1.5;\"> Maxillofacial Institute<\/b><\/a><span style=\"line-height: 1.5;\"> has been using an<\/span><a href=\"https:\/\/content.www.institutomaxilofacial.com\/en\/innovation-centre\/latest-technologies\/\"><b style=\"line-height: 1.5;\"> Intraoral<\/b> <b style=\"line-height: 1.5;\">Scanner <\/b><\/a><span style=\"line-height: 1.5;\">which allows a 3D impression to be taken of the teeth and <\/span><b style=\"line-height: 1.5;\">dental implants<\/b><span style=\"line-height: 1.5;\"> before carrying\u00a0out most kinds of restorative work with <\/span><b style=\"line-height: 1.5;\">dental prostheses. <\/b><span style=\"line-height: 1.5;\">They also use a low-radiation <\/span><a href=\"https:\/\/content.www.institutomaxilofacial.com\/en\/innovation-centre\/latest-technologies\/\"><b style=\"line-height: 1.5;\">CBCT<\/b><\/a><span style=\"line-height: 1.5;\"> (<\/span><b style=\"line-height: 1.5;\"><i>Cone<\/i><\/b><span style=\"line-height: 1.5;\">-<\/span><b style=\"line-height: 1.5;\"><i>Beam Computed Tomography) <\/i><\/b><span style=\"line-height: 1.5;\">which allows them to obtain a three-dimensional image of the anatomy of the patient\u2019s entire skull or specific parts of it.<\/span><\/p>\r\nAll of this provides an optimum clinical result and greater comfort for the patient. These studies are combined with the most sophisticated software programmes, which help the specialists decide the optimum position for the\u00a0<b>dental implants<\/b>\u00a0based on the quality and quantity of bone in each area of the\u00a0<b>mandible<\/b>\u00a0or\u00a0<b>maxilla<\/b>.","video-explica-rows":[{"item-slide-video-type":"input_embed"}],"item-images":["9496"],"item-bg-size-contain":["on"],"item-row-icon-image-1":"Icono-1.png","item-row-icon-image-2":"Icono-1.png","item-row-icon-image-3":"Icono-1.png","item-row-icon-image-4":"Icono-1.png","item-cta-page":"5633","item-cta-size":"btn-big"},{"scheme":"onlytext","row-padding":"without-padding","item-text":"<h4>GUIDED SURGERY IN IMPLANTOLOGY<\/h4>\r\nThe process of<strong> guided surgery<\/strong> begins with the combination of images of an intraoral and cranial scanner, with which an <strong>exact three-dimensional model is created<\/strong> that allows the mouth to be mapped to the millimeter, emitting a minimum radiation. Once the 3D model is obtained, the surgeon can simulate the operation in the computer, and <strong>place the implants in the optimal position to achieve a perfect aesthetics and function.<\/strong>","video-explica-rows":[{"item-slide-video-type":"input_embed"}]},{"scheme":"textimage","row-padding":"normal-padding","item-text":"Once these measurements are taken,<strong> a surgical splint is created as a template<\/strong>, which reproduces with total accuracy the position of the implants. These splints <strong>serve as a guide to access the gum without opening it<\/strong>, thanks to a series of holes located in the exact position where the implants must be placed, and allowing only drill to the pre-established depth. <strong>This allows for a minimally invasive surgery<\/strong>, without lifting the gum or giving stitches, in most cases\r\n\r\nAnother advantage of <strong>guided surgery<\/strong> is that<strong> it allows avoiding delicate areas<\/strong> such as the dental nerve or the maxillary sinus, in addition to reducing surgery time. An intervention that used to take between 2 to 3 hours, can be carried out in a span of 30-45 minutes.\r\n\r\nFor the patient,<strong> a less invasive and shorter surgery results in a more comfortable postoperative period<\/strong>, as there are no cuts or stitches, in addition to the fact that the <strong>implants are placed with the maximum accuracy, with unbeatable functional and aesthetic results.<\/strong>","item-video":"<iframe src=\"https:\/\/player.vimeo.com\/video\/334423127\" width=\"640\" height=\"480\" frameborder=\"0\" allow=\"autoplay; fullscreen\" allowfullscreen><\/iframe>","video-explica-rows":[{"item-slide-video-type":"input_embed"}],"item-bg-size-contain":["on"]},{"scheme":"onlytext","layout-color":"light-blue","row-padding":"small-padding","item-text":"<p class=\"p1\" style=\"text-align: center;\"><strong>Thus, 3D planning in Implantology allows:<\/strong><\/p>\r\n<p style=\"text-align: center;\">An accurate diagnosis.<\/p>\r\n<p style=\"text-align: center;\">Virtual surgical planning of the treatment.<\/p>\r\n<p style=\"text-align: center;\">Unforeseen circumstances in the operating theatre can be avoided.<\/p>\r\n<p style=\"text-align: center;\">Reduced surgery time.<\/p>\r\n<p style=\"text-align: center;\">A more comfortable, less painful postoperative period.<\/p>\r\n<p style=\"text-align: center;\">Optimum results.<\/p>","video-explica-rows":[{"item-slide-video-type":"input_embed"}],"item-image-alt":"3D Planning","item-bg-size-contain":["on"],"item-row-icon-image-1":"Icono-1.png","item-row-icon-image-2":"Icono-1.png","item-row-icon-image-3":"Icono-1.png","item-row-icon-image-4":"Icono-1.png","item-cta-page":"5633","item-cta-size":"btn-big"},{"scheme":"cta","row-padding":"normal-padding","video-explica-rows":[{"item-slide-video-type":"input_embed"}],"item-cta-text":"Get an appointment with an specialist in implantology"}],"chatbot-code":"","lateral-reducedheader":"","lateral-content-type":"","lateral-title":"","lateral-intro":"","lateral-form":"","lateral-popup":"","lateral-popup-pages":[],"lateral-cta-text":"","lateral-cta-page":"","item-type":"","item-tax":false,"iframe-tuotempo":"","iframe-subs-es":"","iframe-subs-en":"","iframe-subs-ca":"","blog-default-image":[],"activity-events-date":"","activity-page-past":"","noticias-default-image":[]},"_links":{"self":[{"href":"https:\/\/content.www.institutomaxilofacial.com\/en\/wp-json\/wp\/v2\/pages\/180","targetHints":{"allow":["GET"]}}],"collection":[{"href":"https:\/\/content.www.institutomaxilofacial.com\/en\/wp-json\/wp\/v2\/pages"}],"about":[{"href":"https:\/\/content.www.institutomaxilofacial.com\/en\/wp-json\/wp\/v2\/types\/page"}],"author":[{"embeddable":true,"href":"https:\/\/content.www.institutomaxilofacial.com\/en\/wp-json\/wp\/v2\/users\/1"}],"replies":[{"embeddable":true,"href":"https:\/\/content.www.institutomaxilofacial.com\/en\/wp-json\/wp\/v2\/comments?post=180"}],"version-history":[{"count":7,"href":"https:\/\/content.www.institutomaxilofacial.com\/en\/wp-json\/wp\/v2\/pages\/180\/revisions"}],"predecessor-version":[{"id":7921,"href":"https:\/\/content.www.institutomaxilofacial.com\/en\/wp-json\/wp\/v2\/pages\/180\/revisions\/7921"}],"up":[{"embeddable":true,"href":"https:\/\/content.www.institutomaxilofacial.com\/en\/wp-json\/wp\/v2\/pages\/33"}],"wp:featuredmedia":[{"embeddable":true,"href":"https:\/\/content.www.institutomaxilofacial.com\/en\/wp-json\/wp\/v2\/media\/11842"}],"wp:attachment":[{"href":"https:\/\/content.www.institutomaxilofacial.com\/en\/wp-json\/wp\/v2\/media?parent=180"}],"curies":[{"name":"wp","href":"https:\/\/api.w.org\/{rel}","templated":true}]}}