{"id":115,"date":"2016-03-08T12:07:02","date_gmt":"2016-03-08T12:07:02","guid":{"rendered":"https:\/\/content.www.institutomaxilofacial.com\/?page_id=115"},"modified":"2024-02-08T11:58:36","modified_gmt":"2024-02-08T09:58:36","slug":"equipo","status":"publish","type":"page","link":"https:\/\/content.www.institutomaxilofacial.com\/es\/acerca-del-instituto\/equipo\/","title":{"rendered":"Equipo"},"content":{"rendered":"<p><\/p>\n<p class=\"normal\">Conoce a todo el equipo multidisciplinar del Instituto Maxilofacial. Expertos en Cirug\u00eda Oral y Maxilofacial, Implantolog\u00eda avanzada, Est\u00e9tica Dental y Est\u00e9tica Facial. Pasi\u00f3n por la medicina y por un crecimiento profesional continuado. Trato personalizado para todos nuestros pacientes.<\/p>\n<p><\/p>","protected":false},"excerpt":{"rendered":"<p>Conoce a todo el equipo multidisciplinar del Instituto Maxilofacial. Expertos en Cirug\u00eda Oral y Maxilofacial, Implantolog\u00eda avanzada, Est\u00e9tica Dental y Est\u00e9tica Facial. Pasi\u00f3n por la medicina y por un crecimiento profesional continuado. Trato personalizado para todos nuestros pacientes.<\/p>\n","protected":false},"author":1,"featured_media":8110,"parent":19,"menu_order":10,"comment_status":"closed","ping_status":"closed","template":"template-team.php","meta":{"footnotes":""},"class_list":["post-115","page","type-page","status-publish","has-post-thumbnail","hentry"],"yoast_head":"<!-- This site is optimized with the Yoast SEO plugin v27.2 - https:\/\/yoast.com\/product\/yoast-seo-wordpress\/ -->\n<title>Equipo - Instituto Maxilofacial<\/title>\n<meta name=\"description\" content=\"Prof. Federico Hern\u00e1ndez Alfaro is a very qualified en experienced professional and one of the greatest contributor to the maxillofacial surgery field.\" \/>\n<meta name=\"robots\" content=\"index, follow, max-snippet:-1, max-image-preview:large, max-video-preview:-1\" \/>\n<link rel=\"canonical\" href=\"https:\/\/content.www.institutomaxilofacial.com\/es\/wp-json\/wp\/v2\/pages\/115\/\" \/>\n<meta property=\"og:locale\" content=\"es_ES\" \/>\n<meta property=\"og:type\" content=\"article\" \/>\n<meta property=\"og:title\" content=\"[:es]Equipo - Instituto Maxilofacial[:ca]Equip - Instituto Maxilofacial [:en]Equipo - Instituto Maxilofacial[:]\" \/>\n<meta property=\"og:description\" content=\"{:en}Prof. Federico Hern\u00e1ndez Alfaro is a very qualified en experienced professional and one of the greatest contributor to the maxillofacial surgery field.{:}\" \/>\n<meta property=\"og:url\" content=\"https:\/\/content.www.institutomaxilofacial.com\/es\/acerca-del-instituto\/equipo\/\" \/>\n<meta property=\"og:site_name\" content=\"Instituto Maxilofacial\" \/>\n<meta property=\"article:modified_time\" content=\"2024-02-08T09:58:36+00:00\" \/>\n<meta property=\"og:image\" content=\"https:\/\/content.www.institutomaxilofacial.com\/wp-content\/uploads\/2018\/08\/equipol.jpg\" \/>\n\t<meta property=\"og:image:width\" content=\"1199\" \/>\n\t<meta property=\"og:image:height\" content=\"800\" \/>\n\t<meta property=\"og:image:type\" content=\"image\/jpeg\" \/>\n<meta name=\"twitter:card\" content=\"summary_large_image\" \/>\n<meta name=\"twitter:label1\" content=\"Tiempo de lectura\" \/>\n\t<meta name=\"twitter:data1\" content=\"1 minuto\" \/>\n<script type=\"application\/ld+json\" class=\"yoast-schema-graph\">{\"@context\":\"https:\/\/schema.org\",\"@graph\":[{\"@type\":\"WebPage\",\"@id\":\"https:\/\/content.www.institutomaxilofacial.com\/es\/acerca-del-instituto\/equipo\/\",\"url\":\"https:\/\/content.www.institutomaxilofacial.com\/es\/acerca-del-instituto\/equipo\/\",\"name\":\"[:es]Equipo - Instituto Maxilofacial[:ca]Equip - Instituto Maxilofacial [:en]Equipo - Instituto Maxilofacial[:]\",\"isPartOf\":{\"@id\":\"https:\/\/content.www.institutomaxilofacial.com\/ca\/#website\"},\"primaryImageOfPage\":{\"@id\":\"https:\/\/content.www.institutomaxilofacial.com\/es\/acerca-del-instituto\/equipo\/#primaryimage\"},\"image\":{\"@id\":\"https:\/\/content.www.institutomaxilofacial.com\/es\/acerca-del-instituto\/equipo\/#primaryimage\"},\"thumbnailUrl\":\"https:\/\/content.www.institutomaxilofacial.com\/wp-content\/uploads\/2018\/08\/equipol.jpg\",\"datePublished\":\"2016-03-08T12:07:02+00:00\",\"dateModified\":\"2024-02-08T09:58:36+00:00\",\"description\":\"{:en}Prof. Federico Hern\u00e1ndez Alfaro is a very qualified en experienced professional and one of the greatest contributor to the maxillofacial surgery field.{:}\",\"breadcrumb\":{\"@id\":\"https:\/\/content.www.institutomaxilofacial.com\/es\/acerca-del-instituto\/equipo\/#breadcrumb\"},\"inLanguage\":\"es\",\"potentialAction\":[{\"@type\":\"ReadAction\",\"target\":[\"https:\/\/content.www.institutomaxilofacial.com\/es\/acerca-del-instituto\/equipo\/\"]}]},{\"@type\":\"ImageObject\",\"inLanguage\":\"es\",\"@id\":\"https:\/\/content.www.institutomaxilofacial.com\/es\/acerca-del-instituto\/equipo\/#primaryimage\",\"url\":\"https:\/\/content.www.institutomaxilofacial.com\/wp-content\/uploads\/2018\/08\/equipol.jpg\",\"contentUrl\":\"https:\/\/content.www.institutomaxilofacial.com\/wp-content\/uploads\/2018\/08\/equipol.jpg\",\"width\":1199,\"height\":800},{\"@type\":\"BreadcrumbList\",\"@id\":\"https:\/\/content.www.institutomaxilofacial.com\/es\/acerca-del-instituto\/equipo\/#breadcrumb\",\"itemListElement\":[{\"@type\":\"ListItem\",\"position\":1,\"name\":\"Portada\",\"item\":\"https:\/\/content.www.institutomaxilofacial.com\/es\/\"},{\"@type\":\"ListItem\",\"position\":2,\"name\":\"Acerca del Instituto\",\"item\":\"https:\/\/content.www.institutomaxilofacial.com\/es\/acerca-del-instituto\/\"},{\"@type\":\"ListItem\",\"position\":3,\"name\":\"Equipo\"}]},{\"@type\":\"WebSite\",\"@id\":\"https:\/\/content.www.institutomaxilofacial.com\/ca\/#website\",\"url\":\"https:\/\/content.www.institutomaxilofacial.com\/ca\/\",\"name\":\"Instituto Maxilofacial\",\"description\":\"Expertos en Cirug\u00eda Ortogn\u00e1tica y Ortofacial.  Precisi\u00f3n, experiencia y pasi\u00f3n por la innovaci\u00f3n\",\"potentialAction\":[{\"@type\":\"SearchAction\",\"target\":{\"@type\":\"EntryPoint\",\"urlTemplate\":\"https:\/\/content.www.institutomaxilofacial.com\/ca\/?s={search_term_string}\"},\"query-input\":{\"@type\":\"PropertyValueSpecification\",\"valueRequired\":true,\"valueName\":\"search_term_string\"}}],\"inLanguage\":\"es\"}]}<\/script>\n<!-- \/ Yoast SEO plugin. -->","yoast_head_json":{"title":"Equipo - Instituto Maxilofacial","description":"Prof. Federico Hern\u00e1ndez Alfaro is a very qualified en experienced professional and one of the greatest contributor to the maxillofacial surgery field.","robots":{"index":"index","follow":"follow","max-snippet":"max-snippet:-1","max-image-preview":"max-image-preview:large","max-video-preview":"max-video-preview:-1"},"canonical":"https:\/\/content.www.institutomaxilofacial.com\/es\/wp-json\/wp\/v2\/pages\/115\/","og_locale":"es_ES","og_type":"article","og_title":"[:es]Equipo - Instituto Maxilofacial[:ca]Equip - Instituto Maxilofacial [:en]Equipo - Instituto Maxilofacial[:]","og_description":"{:en}Prof. Federico Hern\u00e1ndez Alfaro is a very qualified en experienced professional and one of the greatest contributor to the maxillofacial surgery field.{:}","og_url":"https:\/\/content.www.institutomaxilofacial.com\/es\/acerca-del-instituto\/equipo\/","og_site_name":"Instituto Maxilofacial","article_modified_time":"2024-02-08T09:58:36+00:00","og_image":[{"width":1199,"height":800,"url":"https:\/\/content.www.institutomaxilofacial.com\/wp-content\/uploads\/2018\/08\/equipol.jpg","type":"image\/jpeg"}],"twitter_card":"summary_large_image","twitter_misc":{"Tiempo de lectura":"1 minuto"},"schema":{"@context":"https:\/\/schema.org","@graph":[{"@type":"WebPage","@id":"https:\/\/content.www.institutomaxilofacial.com\/es\/acerca-del-instituto\/equipo\/","url":"https:\/\/content.www.institutomaxilofacial.com\/es\/acerca-del-instituto\/equipo\/","name":"[:es]Equipo - Instituto Maxilofacial[:ca]Equip - Instituto Maxilofacial [:en]Equipo - Instituto Maxilofacial[:]","isPartOf":{"@id":"https:\/\/content.www.institutomaxilofacial.com\/ca\/#website"},"primaryImageOfPage":{"@id":"https:\/\/content.www.institutomaxilofacial.com\/es\/acerca-del-instituto\/equipo\/#primaryimage"},"image":{"@id":"https:\/\/content.www.institutomaxilofacial.com\/es\/acerca-del-instituto\/equipo\/#primaryimage"},"thumbnailUrl":"https:\/\/content.www.institutomaxilofacial.com\/wp-content\/uploads\/2018\/08\/equipol.jpg","datePublished":"2016-03-08T12:07:02+00:00","dateModified":"2024-02-08T09:58:36+00:00","description":"{:en}Prof. Federico Hern\u00e1ndez Alfaro is a very qualified en experienced professional and one of the greatest contributor to the maxillofacial surgery field.{:}","breadcrumb":{"@id":"https:\/\/content.www.institutomaxilofacial.com\/es\/acerca-del-instituto\/equipo\/#breadcrumb"},"inLanguage":"es","potentialAction":[{"@type":"ReadAction","target":["https:\/\/content.www.institutomaxilofacial.com\/es\/acerca-del-instituto\/equipo\/"]}]},{"@type":"ImageObject","inLanguage":"es","@id":"https:\/\/content.www.institutomaxilofacial.com\/es\/acerca-del-instituto\/equipo\/#primaryimage","url":"https:\/\/content.www.institutomaxilofacial.com\/wp-content\/uploads\/2018\/08\/equipol.jpg","contentUrl":"https:\/\/content.www.institutomaxilofacial.com\/wp-content\/uploads\/2018\/08\/equipol.jpg","width":1199,"height":800},{"@type":"BreadcrumbList","@id":"https:\/\/content.www.institutomaxilofacial.com\/es\/acerca-del-instituto\/equipo\/#breadcrumb","itemListElement":[{"@type":"ListItem","position":1,"name":"Portada","item":"https:\/\/content.www.institutomaxilofacial.com\/es\/"},{"@type":"ListItem","position":2,"name":"Acerca del Instituto","item":"https:\/\/content.www.institutomaxilofacial.com\/es\/acerca-del-instituto\/"},{"@type":"ListItem","position":3,"name":"Equipo"}]},{"@type":"WebSite","@id":"https:\/\/content.www.institutomaxilofacial.com\/ca\/#website","url":"https:\/\/content.www.institutomaxilofacial.com\/ca\/","name":"Instituto Maxilofacial","description":"Expertos en Cirug\u00eda Ortogn\u00e1tica y Ortofacial.  Precisi\u00f3n, experiencia y pasi\u00f3n por la innovaci\u00f3n","potentialAction":[{"@type":"SearchAction","target":{"@type":"EntryPoint","urlTemplate":"https:\/\/content.www.institutomaxilofacial.com\/ca\/?s={search_term_string}"},"query-input":{"@type":"PropertyValueSpecification","valueRequired":true,"valueName":"search_term_string"}}],"inLanguage":"es"}]}},"meta_box":{"caso-clinico-taxonomy":[],"caso-clinico-casos":[],"categoria-home-header-title":"","categoria-home-header-image":[],"categoria-home-intro-text":"","cta-cita-title":"","cta-cita-text":"","cta-cita-button-text":"","cta-cita-button-link":"","cta-cita-button-link-external":"","cta-cita-image":[],"cta-cita-image-mobile":[],"categoria-page-info-title":"","categoria-page-info-image":[],"categoria-page-header-title":"","categoria-page-header-image":[],"categoria-page-intro-text":"","categoria-page-intro-image":[],"categoria-page-intro-image-mobile":[],"categoria-page-intro-image-position":"","categoria-page-intro-image-position-mobile":"","categoria-page-intro-content":"","categoria-page-intro-highlights":[],"categoria-page-blocks":[],"categoria-page-benefits-active":"","categoria-page-benefits-title":"","categoria-page-benefits-text":"","categoria-page-benefits-image":[],"categoria-page-benefits-image-mobile":[],"categoria-page-button-text":"","categoria-page-button-link":"","categoria-page-button-link-external":"","categoria-page-cta1-title":"","categoria-page-cta1-text":"","categoria-page-cta1-button-text":"","categoria-page-cta1-button-link":"","categoria-page-cta2-title":"","categoria-page-cta2-text":"","categoria-page-cta2-button-text":"","categoria-page-cta2-button-link":"","contacto-name":"","contacto-address":"","contacto-tlf":"","contacto-fax":"","contacto-image":[],"contacto-lat":"","contacto-lng":"","contacto-map-zoom":"","contacto-map-lat":"","contacto-map-lng":"","contacto-form":"","faqs-taxonomy":[],"estetica-home-header-title":"","estetica-home-header-image":[],"estetica-home-intro-title":"","estetica-home-intro-text":"","estetica-home-cirugia-title":"","estetica-home-medicina-title":"","estetica-home-descubre-title":"","estetica-home-descubre-text":"","estetica-home-descubre-image":[],"estetica-home-descubre-background":[],"estetica-home-descubre-background-mobile":[],"estetica-home-cta1-title":"","estetica-home-cta1-text":"","estetica-home-cta1-button-text":"","estetica-home-cta1-button-link":"","estetica-home-cta1-image":[],"estetica-home-cta2-title":"","estetica-home-cta2-text":"","estetica-home-cta2-button-text":"","estetica-home-cta2-button-link":"","estetica-home-cta2-image":[],"estetica-home-posts-title":"","estetica-home-posts-button-text":"","estetica-home-faq-title":"","estetica-home-faqs":[],"estetica-home-faq-button-text":"","estetica-home-faq-button-link":"","stetik-iframe-url":"","interior-show-breadcrumb":"","interior-header-title":"","interior-header-image":[],"interior-blocks":[],"is-stetik-studio":"no","stetik-team-header-title":"","stetik-team-header-image":[],"stetik-team-intro-text":"","stetik-team-team-title":"","stetik-team-team-professional":[],"video-consulta-text":"","video-consulta-form":"","voz-experto-taxonomy":[],"landing-apnea-header-title":"","landing-apnea-header-subtitle":"","landing-apnea-header-image":[],"landing-apnea-header-pide-cita":"","landing-apnea-header-typeform":"","landing-apnea-blocks":[],"landing-apnea-intro-title":"","landing-apnea-intro-text":"","landing-apnea-highlight-items":[],"landing-apnea-blocks-2":[],"landing-apnea-testimonials-title":"","landing-apnea-testimonials-text":"","landing-apnea-testimonials-videos":[],"landing-apnea-hero-text":"","landing-apnea-faq-title":"","landing-apnea-faqs":[],"landing-apnea-prefooter-text":"","landing-apnea-prefooter-nota":"","redirect-page":"","shortcodeform-code":"","redirect-page-es":"","redirect-page-en":"","redirect-page-ca":"","login-page-need":"0","login-page":"","eh-cover-image":[],"eh-cover-image-mobile":[],"eh-cover-title":"","eh-cover-subtitle":"","eh-cover-text":"","eh-cover-btn1-text":"","eh-cover-btn1-page-id":"","eh-cover-btn2-text":"","eh-cover-btn2-video-files":[],"eh-specs-main-title":"","eh-specs":[],"eh-icons-reduced-section":"","eh-icons-1":[],"eh-patients-title":"","eh-patients":[],"eh-patients-nopic-title":"","eh-patients-nopic":[],"eh-video-title":"","eh-video":[],"eh-icons-2-reduced-section":"","eh-icons-2":[],"contact-zoom":"","contact-center":[],"contact-data-left-title":"","contact-data-left-content":"","contact-lat":"","contact-long":"","contact-bubble":"","contact-title-form":"","contact-text-form":"","contact-shortcode-form":"","contact-title-widget":"","contact-text-widget":"","contact-shortcode-widget":"","page-header":[{"width":2000,"height":1127,"file":"2016\/04\/P4040252.jpg","sizes":{"thumbnail":{"file":"P4040252-335x200.jpg","width":335,"height":200,"mime-type":"image\/jpeg"},"medium":{"file":"P4040252-530x299.jpg","width":530,"height":299,"mime-type":"image\/jpeg"},"large":{"file":"P4040252-1125x634.jpg","width":1125,"height":634,"mime-type":"image\/jpeg"},"thumbnail_custom":{"file":"P4040252-200x113.jpg","width":200,"height":113,"mime-type":"image\/jpeg"},"box_thumb":{"file":"P4040252-300x200.jpg","width":300,"height":200,"mime-type":"image\/jpeg"},"post_thumb":{"file":"P4040252-600x400.jpg","width":600,"height":400,"mime-type":"image\/jpeg"},"logo_footer":{"file":"P4040252-125x70.jpg","width":125,"height":70,"mime-type":"image\/jpeg"},"blue_image":{"file":"P4040252-2000x1127.jpg","width":2000,"height":1127,"mime-type":"image\/jpeg"}},"image_meta":{"aperture":"0","credit":"","camera":"","caption":"","created_timestamp":"0","copyright":"","focal_length":"0","iso":"0","shutter_speed":"0","title":"","orientation":"0","keywords":[]},"ID":"423","name":"P4040252.jpg","path":"\/var\/www\/vhosts\/prod\/content.www.institutomaxilofacial.com\/wp-content\/uploads\/2016\/04\/P4040252.jpg","url":"https:\/\/content.www.institutomaxilofacial.com\/wp-content\/uploads\/2016\/04\/P4040252.jpg","title":"OLYMPUS DIGITAL CAMERA"}],"page-header-text":"Equipo Maxilofacial","page-header-english":"0","page-header-english-page-id":"","page-content-title":"Conoce al Equipo del Instituto Maxilofacial","home-slides":[],"page-content-text-1":"","page-content-text-2":"","page-content-image-1":[],"page-content-video":"","page-content-text-3":"","page-content-image-2":[],"page-content-text-4":"","page-content-image-3":[],"page-excerpt-title":"","page-excerpt-text":"","page-related-enable":"1","related-content":[],"getcontent":[],"home-text-block":[],"home-blue-text":"","home-blue-image":[],"home-contact-form":[],"team-doctor-name":"Dr. Federico Hern\u00e1ndez Alfaro","team-doctor-position":"Director del Instituto Maxilofacial","team-doctor-txt":"<p><\/p>\n<p class=\"p1\">El Dr. Hern\u00e1ndez Alfaro dirige el Instituto Maxilofacial en el Centro M\u00e9dico Teknon de Barcelona y es adem\u00e1s Profesor Catedr\u00e1tico y Jefe del Departamento de Cirug\u00eda Oral y Maxilofacial de la Universidad Internacional de Catalu\u00f1a. Imparte cursos y conferencias a nivel mundial, y ha publicado m\u00e1s de 150 art\u00edculos cient\u00edficos y varios libros, en los que desarrolla innovadoras t\u00e9cnicas quir\u00fargicas en el \u00e1mbito de la cirug\u00eda maxilofacial.<\/p>\n<\/p>\n<p><\/p>","team-doctor-btn":"Conoce m\u00e1s sobre el Dr. Federico Hern\u00e1ndez Alfaro","team-doctor-page":"6622","team-doctor-img":[{"width":600,"height":899,"file":"2018\/10\/dr-federico-hernandez-alfaro.jpg","sizes":{"thumbnail":{"file":"dr-federico-hernandez-alfaro-335x200.jpg","width":"335","height":"200","mime-type":"image\/jpeg"},"medium":{"file":"dr-federico-hernandez-alfaro-530x794.jpg","width":"530","height":"794","mime-type":"image\/jpeg"},"thumbnail_custom":{"file":"dr-federico-hernandez-alfaro-133x200.jpg","width":"133","height":"200","mime-type":"image\/jpeg"},"box_thumb":{"file":"dr-federico-hernandez-alfaro-300x200.jpg","width":"300","height":"200","mime-type":"image\/jpeg"},"post_thumb":{"file":"dr-federico-hernandez-alfaro-600x400.jpg","width":"600","height":"400","mime-type":"image\/jpeg"},"logo_footer":{"file":"dr-federico-hernandez-alfaro-83x125.jpg","width":"83","height":"125","mime-type":"image\/jpeg"},"slider":{"file":"dr-federico-hernandez-alfaro-600x350.jpg","width":"600","height":"350","mime-type":"image\/jpeg"}},"image_meta":{"aperture":"0","credit":"","camera":"","caption":"","created_timestamp":"0","copyright":"","focal_length":"0","iso":"0","shutter_speed":"0","title":"","orientation":"0"},"ID":"8339","name":"dr-federico-hernandez-alfaro.jpg","path":"\/var\/www\/vhosts\/prod\/content.www.institutomaxilofacial.com\/wp-content\/uploads\/2018\/10\/dr-federico-hernandez-alfaro.jpg","url":"https:\/\/content.www.institutomaxilofacial.com\/wp-content\/uploads\/2018\/10\/dr-federico-hernandez-alfaro.jpg","title":"dr-federico-hernandez-alfaro"}],"team-img-fullwidth":[{"width":2000,"height":1127,"file":"2016\/04\/P4040252.jpg","sizes":{"thumbnail":{"file":"P4040252-335x200.jpg","width":335,"height":200,"mime-type":"image\/jpeg"},"medium":{"file":"P4040252-530x299.jpg","width":530,"height":299,"mime-type":"image\/jpeg"},"large":{"file":"P4040252-1125x634.jpg","width":1125,"height":634,"mime-type":"image\/jpeg"},"thumbnail_custom":{"file":"P4040252-200x113.jpg","width":200,"height":113,"mime-type":"image\/jpeg"},"box_thumb":{"file":"P4040252-300x200.jpg","width":300,"height":200,"mime-type":"image\/jpeg"},"post_thumb":{"file":"P4040252-600x400.jpg","width":600,"height":400,"mime-type":"image\/jpeg"},"logo_footer":{"file":"P4040252-125x70.jpg","width":125,"height":70,"mime-type":"image\/jpeg"},"blue_image":{"file":"P4040252-2000x1127.jpg","width":2000,"height":1127,"mime-type":"image\/jpeg"}},"image_meta":{"aperture":"0","credit":"","camera":"","caption":"","created_timestamp":"0","copyright":"","focal_length":"0","iso":"0","shutter_speed":"0","title":"","orientation":"0","keywords":[]},"ID":"423","name":"P4040252.jpg","path":"\/var\/www\/vhosts\/prod\/content.www.institutomaxilofacial.com\/wp-content\/uploads\/2016\/04\/P4040252.jpg","url":"https:\/\/content.www.institutomaxilofacial.com\/wp-content\/uploads\/2016\/04\/P4040252.jpg","title":"OLYMPUS DIGITAL CAMERA"}],"contact-link":"","contact-msg":"","contact-subject":"","contact-lat-2":"","contact-long-2":"","contact-bubble-2":"","contact-data":"","contact-tour-title":"","contact-tour-link":"","contact-tour-image":[],"contact-form":[],"faq-type":false,"item-row":[],"chatbot-code":"","lateral-reducedheader":"","lateral-content-type":"","lateral-title":"","lateral-intro":"","lateral-form":"","lateral-popup":"","lateral-popup-pages":[],"lateral-cta-text":"","lateral-cta-page":"","item-type":"","item-tax":false,"iframe-tuotempo":"","iframe-subs-es":"","iframe-subs-en":"","iframe-subs-ca":"","blog-default-image":[],"activity-events-date":"","activity-page-past":"","noticias-default-image":[]},"_links":{"self":[{"href":"https:\/\/content.www.institutomaxilofacial.com\/es\/wp-json\/wp\/v2\/pages\/115","targetHints":{"allow":["GET"]}}],"collection":[{"href":"https:\/\/content.www.institutomaxilofacial.com\/es\/wp-json\/wp\/v2\/pages"}],"about":[{"href":"https:\/\/content.www.institutomaxilofacial.com\/es\/wp-json\/wp\/v2\/types\/page"}],"author":[{"embeddable":true,"href":"https:\/\/content.www.institutomaxilofacial.com\/es\/wp-json\/wp\/v2\/users\/1"}],"replies":[{"embeddable":true,"href":"https:\/\/content.www.institutomaxilofacial.com\/es\/wp-json\/wp\/v2\/comments?post=115"}],"version-history":[{"count":19,"href":"https:\/\/content.www.institutomaxilofacial.com\/es\/wp-json\/wp\/v2\/pages\/115\/revisions"}],"predecessor-version":[{"id":7431,"href":"https:\/\/content.www.institutomaxilofacial.com\/es\/wp-json\/wp\/v2\/pages\/115\/revisions\/7431"}],"up":[{"embeddable":true,"href":"https:\/\/content.www.institutomaxilofacial.com\/es\/wp-json\/wp\/v2\/pages\/19"}],"wp:featuredmedia":[{"embeddable":true,"href":"https:\/\/content.www.institutomaxilofacial.com\/es\/wp-json\/wp\/v2\/media\/8110"}],"wp:attachment":[{"href":"https:\/\/content.www.institutomaxilofacial.com\/es\/wp-json\/wp\/v2\/media?parent=115"}],"curies":[{"name":"wp","href":"https:\/\/api.w.org\/{rel}","templated":true}]}}