{"id":117,"date":"2016-03-08T12:07:15","date_gmt":"2016-03-08T12:07:15","guid":{"rendered":"https:\/\/content.www.institutomaxilofacial.com\/?page_id=117"},"modified":"2020-02-10T17:36:48","modified_gmt":"2020-02-10T17:36:48","slug":"atencio-personalitzada","status":"publish","type":"page","link":"https:\/\/content.www.institutomaxilofacial.com\/es\/acerca-del-instituto\/atencion-personalizada\/","title":{"rendered":"Atenci\u00f3n personalizada"},"content":{"rendered":"<p>&nbsp;<\/p>\n<p>&nbsp;<\/p>","protected":false},"excerpt":{"rendered":"<p>&nbsp;<br \/>\n&nbsp;<\/p>\n","protected":false},"author":1,"featured_media":0,"parent":19,"menu_order":20,"comment_status":"closed","ping_status":"closed","template":"template-modular.php","meta":{"footnotes":""},"class_list":["post-117","page","type-page","status-publish","hentry"],"yoast_head":"<!-- This site is optimized with the Yoast SEO plugin v27.2 - https:\/\/yoast.com\/product\/yoast-seo-wordpress\/ -->\n<title>Atenci\u00f3n Personalizada - Instituto Maxilofacial<\/title>\n<meta name=\"description\" content=\"Uno de los valores diferenciales del Instituto Maxilofacial es su servicio de atenci\u00f3n personalizada a los pacientes y familiares.\" \/>\n<meta name=\"robots\" content=\"index, follow, max-snippet:-1, max-image-preview:large, max-video-preview:-1\" \/>\n<link rel=\"canonical\" href=\"https:\/\/content.www.institutomaxilofacial.com\/es\/wp-json\/wp\/v2\/pages\/117\/\" \/>\n<meta property=\"og:locale\" content=\"es_ES\" \/>\n<meta property=\"og:type\" content=\"article\" \/>\n<meta property=\"og:title\" content=\"Atenci\u00f3n Personalizada - Instituto Maxilofacial\" \/>\n<meta property=\"og:description\" content=\"Uno de los valores diferenciales del Instituto Maxilofacial es su servicio de atenci\u00f3n personalizada a los pacientes y familiares.\" \/>\n<meta property=\"og:url\" content=\"https:\/\/content.www.institutomaxilofacial.com\/es\/acerca-del-instituto\/atencion-personalizada\/\" \/>\n<meta property=\"og:site_name\" content=\"Instituto Maxilofacial\" \/>\n<meta property=\"article:modified_time\" content=\"2020-02-10T17:36:48+00:00\" \/>\n<meta name=\"twitter:card\" content=\"summary_large_image\" \/>\n<script type=\"application\/ld+json\" class=\"yoast-schema-graph\">{\"@context\":\"https:\/\/schema.org\",\"@graph\":[{\"@type\":\"WebPage\",\"@id\":\"https:\/\/content.www.institutomaxilofacial.com\/es\/acerca-del-instituto\/atencion-personalizada\/\",\"url\":\"https:\/\/content.www.institutomaxilofacial.com\/es\/acerca-del-instituto\/atencion-personalizada\/\",\"name\":\"Atenci\u00f3n Personalizada - Instituto Maxilofacial\",\"isPartOf\":{\"@id\":\"https:\/\/content.www.institutomaxilofacial.com\/ca\/#website\"},\"datePublished\":\"2016-03-08T12:07:15+00:00\",\"dateModified\":\"2020-02-10T17:36:48+00:00\",\"description\":\"Uno de los valores diferenciales del Instituto Maxilofacial es su servicio de atenci\u00f3n personalizada a los pacientes y familiares.\",\"breadcrumb\":{\"@id\":\"https:\/\/content.www.institutomaxilofacial.com\/es\/acerca-del-instituto\/atencion-personalizada\/#breadcrumb\"},\"inLanguage\":\"es\",\"potentialAction\":[{\"@type\":\"ReadAction\",\"target\":[\"https:\/\/content.www.institutomaxilofacial.com\/es\/acerca-del-instituto\/atencion-personalizada\/\"]}]},{\"@type\":\"BreadcrumbList\",\"@id\":\"https:\/\/content.www.institutomaxilofacial.com\/es\/acerca-del-instituto\/atencion-personalizada\/#breadcrumb\",\"itemListElement\":[{\"@type\":\"ListItem\",\"position\":1,\"name\":\"Portada\",\"item\":\"https:\/\/content.www.institutomaxilofacial.com\/es\/\"},{\"@type\":\"ListItem\",\"position\":2,\"name\":\"Acerca del Instituto\",\"item\":\"https:\/\/content.www.institutomaxilofacial.com\/es\/acerca-del-instituto\/\"},{\"@type\":\"ListItem\",\"position\":3,\"name\":\"Atenci\u00f3n personalizada\"}]},{\"@type\":\"WebSite\",\"@id\":\"https:\/\/content.www.institutomaxilofacial.com\/ca\/#website\",\"url\":\"https:\/\/content.www.institutomaxilofacial.com\/ca\/\",\"name\":\"Instituto Maxilofacial\",\"description\":\"Expertos en Cirug\u00eda Ortogn\u00e1tica y Ortofacial.  Precisi\u00f3n, experiencia y pasi\u00f3n por la innovaci\u00f3n\",\"potentialAction\":[{\"@type\":\"SearchAction\",\"target\":{\"@type\":\"EntryPoint\",\"urlTemplate\":\"https:\/\/content.www.institutomaxilofacial.com\/ca\/?s={search_term_string}\"},\"query-input\":{\"@type\":\"PropertyValueSpecification\",\"valueRequired\":true,\"valueName\":\"search_term_string\"}}],\"inLanguage\":\"es\"}]}<\/script>\n<!-- \/ Yoast SEO plugin. -->","yoast_head_json":{"title":"Atenci\u00f3n Personalizada - Instituto Maxilofacial","description":"Uno de los valores diferenciales del Instituto Maxilofacial es su servicio de atenci\u00f3n personalizada a los pacientes y familiares.","robots":{"index":"index","follow":"follow","max-snippet":"max-snippet:-1","max-image-preview":"max-image-preview:large","max-video-preview":"max-video-preview:-1"},"canonical":"https:\/\/content.www.institutomaxilofacial.com\/es\/wp-json\/wp\/v2\/pages\/117\/","og_locale":"es_ES","og_type":"article","og_title":"Atenci\u00f3n Personalizada - Instituto Maxilofacial","og_description":"Uno de los valores diferenciales del Instituto Maxilofacial es su servicio de atenci\u00f3n personalizada a los pacientes y familiares.","og_url":"https:\/\/content.www.institutomaxilofacial.com\/es\/acerca-del-instituto\/atencion-personalizada\/","og_site_name":"Instituto Maxilofacial","article_modified_time":"2020-02-10T17:36:48+00:00","twitter_card":"summary_large_image","schema":{"@context":"https:\/\/schema.org","@graph":[{"@type":"WebPage","@id":"https:\/\/content.www.institutomaxilofacial.com\/es\/acerca-del-instituto\/atencion-personalizada\/","url":"https:\/\/content.www.institutomaxilofacial.com\/es\/acerca-del-instituto\/atencion-personalizada\/","name":"Atenci\u00f3n Personalizada - Instituto Maxilofacial","isPartOf":{"@id":"https:\/\/content.www.institutomaxilofacial.com\/ca\/#website"},"datePublished":"2016-03-08T12:07:15+00:00","dateModified":"2020-02-10T17:36:48+00:00","description":"Uno de los valores diferenciales del Instituto Maxilofacial es su servicio de atenci\u00f3n personalizada a los pacientes y familiares.","breadcrumb":{"@id":"https:\/\/content.www.institutomaxilofacial.com\/es\/acerca-del-instituto\/atencion-personalizada\/#breadcrumb"},"inLanguage":"es","potentialAction":[{"@type":"ReadAction","target":["https:\/\/content.www.institutomaxilofacial.com\/es\/acerca-del-instituto\/atencion-personalizada\/"]}]},{"@type":"BreadcrumbList","@id":"https:\/\/content.www.institutomaxilofacial.com\/es\/acerca-del-instituto\/atencion-personalizada\/#breadcrumb","itemListElement":[{"@type":"ListItem","position":1,"name":"Portada","item":"https:\/\/content.www.institutomaxilofacial.com\/es\/"},{"@type":"ListItem","position":2,"name":"Acerca del Instituto","item":"https:\/\/content.www.institutomaxilofacial.com\/es\/acerca-del-instituto\/"},{"@type":"ListItem","position":3,"name":"Atenci\u00f3n personalizada"}]},{"@type":"WebSite","@id":"https:\/\/content.www.institutomaxilofacial.com\/ca\/#website","url":"https:\/\/content.www.institutomaxilofacial.com\/ca\/","name":"Instituto Maxilofacial","description":"Expertos en Cirug\u00eda Ortogn\u00e1tica y Ortofacial.  Precisi\u00f3n, experiencia y pasi\u00f3n por la innovaci\u00f3n","potentialAction":[{"@type":"SearchAction","target":{"@type":"EntryPoint","urlTemplate":"https:\/\/content.www.institutomaxilofacial.com\/ca\/?s={search_term_string}"},"query-input":{"@type":"PropertyValueSpecification","valueRequired":true,"valueName":"search_term_string"}}],"inLanguage":"es"}]}},"meta_box":{"caso-clinico-taxonomy":[],"caso-clinico-casos":[],"categoria-home-header-title":"","categoria-home-header-image":[],"categoria-home-intro-text":"","cta-cita-title":"","cta-cita-text":"","cta-cita-button-text":"","cta-cita-button-link":"","cta-cita-button-link-external":"","cta-cita-image":[],"cta-cita-image-mobile":[],"categoria-page-info-title":"","categoria-page-info-image":[],"categoria-page-header-title":"","categoria-page-header-image":[],"categoria-page-intro-text":"","categoria-page-intro-image":[],"categoria-page-intro-image-mobile":[],"categoria-page-intro-image-position":"","categoria-page-intro-image-position-mobile":"","categoria-page-intro-content":"","categoria-page-intro-highlights":[],"categoria-page-blocks":[],"categoria-page-benefits-active":"","categoria-page-benefits-title":"","categoria-page-benefits-text":"","categoria-page-benefits-image":[],"categoria-page-benefits-image-mobile":[],"categoria-page-button-text":"","categoria-page-button-link":"","categoria-page-button-link-external":"","categoria-page-cta1-title":"","categoria-page-cta1-text":"","categoria-page-cta1-button-text":"","categoria-page-cta1-button-link":"","categoria-page-cta2-title":"","categoria-page-cta2-text":"","categoria-page-cta2-button-text":"","categoria-page-cta2-button-link":"","contacto-name":"","contacto-address":"","contacto-tlf":"","contacto-fax":"","contacto-image":[],"contacto-lat":"","contacto-lng":"","contacto-map-zoom":"","contacto-map-lat":"","contacto-map-lng":"","contacto-form":"","faqs-taxonomy":[],"estetica-home-header-title":"","estetica-home-header-image":[],"estetica-home-intro-title":"","estetica-home-intro-text":"","estetica-home-cirugia-title":"","estetica-home-medicina-title":"","estetica-home-descubre-title":"","estetica-home-descubre-text":"","estetica-home-descubre-image":[],"estetica-home-descubre-background":[],"estetica-home-descubre-background-mobile":[],"estetica-home-cta1-title":"","estetica-home-cta1-text":"","estetica-home-cta1-button-text":"","estetica-home-cta1-button-link":"","estetica-home-cta1-image":[],"estetica-home-cta2-title":"","estetica-home-cta2-text":"","estetica-home-cta2-button-text":"","estetica-home-cta2-button-link":"","estetica-home-cta2-image":[],"estetica-home-posts-title":"","estetica-home-posts-button-text":"","estetica-home-faq-title":"","estetica-home-faqs":[],"estetica-home-faq-button-text":"","estetica-home-faq-button-link":"","stetik-iframe-url":"","interior-show-breadcrumb":"","interior-header-title":"","interior-header-image":[],"interior-blocks":[],"is-stetik-studio":"","stetik-team-header-title":"","stetik-team-header-image":[],"stetik-team-intro-text":"","stetik-team-team-title":"","stetik-team-team-professional":[],"video-consulta-text":"","video-consulta-form":"","voz-experto-taxonomy":[],"landing-apnea-header-title":"","landing-apnea-header-subtitle":"","landing-apnea-header-image":[],"landing-apnea-header-pide-cita":"","landing-apnea-header-typeform":"","landing-apnea-blocks":[],"landing-apnea-intro-title":"","landing-apnea-intro-text":"","landing-apnea-highlight-items":[],"landing-apnea-blocks-2":[],"landing-apnea-testimonials-title":"","landing-apnea-testimonials-text":"","landing-apnea-testimonials-videos":[],"landing-apnea-hero-text":"","landing-apnea-faq-title":"","landing-apnea-faqs":[],"landing-apnea-prefooter-text":"","landing-apnea-prefooter-nota":"","redirect-page":"","shortcodeform-code":"","redirect-page-es":"","redirect-page-en":"","redirect-page-ca":"","login-page-need":"0","login-page":"","eh-cover-image":[],"eh-cover-image-mobile":[],"eh-cover-title":"","eh-cover-subtitle":"","eh-cover-text":"","eh-cover-btn1-text":"","eh-cover-btn1-page-id":"","eh-cover-btn2-text":"","eh-cover-btn2-video-files":[],"eh-specs-main-title":"","eh-specs":[],"eh-icons-reduced-section":"","eh-icons-1":[],"eh-patients-title":"","eh-patients":[],"eh-patients-nopic-title":"","eh-patients-nopic":[],"eh-video-title":"","eh-video":[],"eh-icons-2-reduced-section":"","eh-icons-2":[],"contact-zoom":"","contact-center":[],"contact-data-left-title":"","contact-data-left-content":"","contact-lat":"","contact-long":"","contact-bubble":"","contact-title-form":"","contact-text-form":"","contact-shortcode-form":"","contact-title-widget":"","contact-text-widget":"","contact-shortcode-widget":"","page-header":[{"width":1000,"height":579,"file":"2016\/05\/atencion-personalizada-slider-e1464188948707.jpg","sizes":{"thumbnail":{"file":"atencion-personalizada-slider-e1464188948707-335x200.jpg","width":335,"height":200,"mime-type":"image\/jpeg"},"medium":{"file":"atencion-personalizada-slider-e1464188948707-530x307.jpg","width":530,"height":307,"mime-type":"image\/jpeg"},"thumbnail_custom":{"file":"atencion-personalizada-slider-e1464188948707-200x116.jpg","width":200,"height":116,"mime-type":"image\/jpeg"},"box_thumb":{"file":"atencion-personalizada-slider-e1464188948707-300x200.jpg","width":300,"height":200,"mime-type":"image\/jpeg"},"post_thumb":{"file":"atencion-personalizada-slider-e1464188948707-600x400.jpg","width":600,"height":400,"mime-type":"image\/jpeg"},"logo_footer":{"file":"atencion-personalizada-slider-e1464188948707-125x72.jpg","width":125,"height":72,"mime-type":"image\/jpeg"},"large":{"file":"atencion-personalizada-slider-1125x652.jpg","width":1125,"height":652,"mime-type":"image\/jpeg"}},"image_meta":{"aperture":"5.6","credit":"","camera":"Canon EOS 6D","caption":"Doctor shakes hands with a patient","created_timestamp":"1444477612","copyright":"","focal_length":"100","iso":"250","shutter_speed":"0.0025","title":"Doctor shakes hands with a patient","orientation":"1","keywords":["doctor","handshake","hands","shaking","hand","medical","doctors","patient","shake","man","business","hospital","male","medicine","healthcare","professional","health","white","physician","adult","person","stethoscope","nurse","partnership","communication","uniform","coat","clinic"]},"ID":"5699","name":"atencion-personalizada-slider-e1464188948707.jpg","path":"\/var\/www\/vhosts\/prod\/content.www.institutomaxilofacial.com\/wp-content\/uploads\/2016\/05\/atencion-personalizada-slider-e1464188948707.jpg","url":"https:\/\/content.www.institutomaxilofacial.com\/wp-content\/uploads\/2016\/05\/atencion-personalizada-slider-e1464188948707.jpg","title":"Doctor shakes hands with a patient"}],"page-header-text":"Atenci\u00f3n personalizada","page-header-english":"0","page-header-english-page-id":"","page-content-title":"Atenci\u00f3n personalizada para pacientes y familiares","home-slides":[],"page-content-text-1":"Lorem ipsum dolor sit amet, consectetur adipiscing elit. Mauris venenatis nulla eget sollicitudin venenatis.","page-content-text-2":"Fusce euismod dolor metus, sed tempus orci malesuada vel. Duis lacinia neque eget sollicitudin tincidunt. Morbi gravida magna volutpat, volutpat dui vel, interdum sem. Proin scelerisque nec justo vel feugiat. Sed congue urna in diam gravida, sed ultricies ipsum dignissim. Vestibulum hendrerit sapien sit amet laoreet aliquet. Nam est massa, tristique sit amet leo eget, ullamcorper pharetra urna.\r\n\r\nFusce euismod dolor metus, sed tempus orci malesuada vel. Duis lacinia neque eget sollicitudin tincidunt. Morbi gravida magna volutpat, volutpat dui vel, interdum sem. Proin scelerisque nec justo vel feugiat. Sed congue urna in diam gravida.","page-content-image-1":[{"width":455,"height":310,"file":"2016\/02\/imagen-1.png","sizes":{"thumbnail":{"file":"imagen-1-335x200.png","width":335,"height":200,"mime-type":"image\/png"},"thumbnail_custom":{"file":"imagen-1-200x136.png","width":200,"height":136,"mime-type":"image\/png"},"box_thumb":{"file":"imagen-1-300x200.png","width":300,"height":200,"mime-type":"image\/png"},"logo_footer":{"file":"imagen-1-125x85.png","width":125,"height":85,"mime-type":"image\/png"}},"image_meta":{"aperture":"0","credit":"","camera":"","caption":"","created_timestamp":"0","copyright":"","focal_length":"0","iso":"0","shutter_speed":"0","title":"","orientation":"0","keywords":[]},"ID":"60","name":"imagen-1.png","path":"\/var\/www\/vhosts\/prod\/content.www.institutomaxilofacial.com\/wp-content\/uploads\/2016\/02\/imagen-1.png","url":"https:\/\/content.www.institutomaxilofacial.com\/wp-content\/uploads\/2016\/02\/imagen-1.png","title":"imagen-1"}],"page-content-video":"<iframe src=\"https:\/\/player.vimeo.com\/video\/157257328\" width=\"500\" height=\"281\" frameborder=\"0\" webkitallowfullscreen mozallowfullscreen allowfullscreen><\/iframe>","page-content-text-3":"Fusce euismod dolor metus, sed tempus orci malesuada vel. Duis lacinia neque eget sollicitudin tincidunt. Morbi gravida magna volutpat, volutpat dui vel, interdum sem.\r\n\r\nProin scelerisque nec justo vel feugiat. Sed congue urna in diam gravida, sed ultricies ipsum dignissim. Vestibulum hendrerit sapien sit amet laoreet aliquet. Nam est massa, tristique sit amet leo eget, ullamcorper pharetra sed congue urna in diam gravida.","page-content-image-2":[],"page-content-text-4":"Fusce euismod dolor metus, sed tempus orci malesuada vel. Duis lacinia neque eget sollicitudin tincidunt. Morbi gravida magna volutpat, volutpat dui vel, interdum sem. Proin scelerisque nec justo vel feugiat. Sed congue urna in diam gravida, sed ultricies ipsum dignissim. Vestibulum hendrerit sapien sit amet laoreet aliquet. Nam est massa, tristique sit amet leo eget, ullamcorper pharetra urna.Fusce euismod dolor metus, sed tempus orci malesuada vel. Duis lacinia neque eget sollicitudin tincidunt. Morbi gravida magna volutpat, volutpat dui vel, interdum sem.\r\n\r\nProin scelerisque nec justo vel feugiat. Sed congue urna in diam gravida, sed ultricies ipsum dignissim. Vestibulum hendrerit sapien sit amet laoreet aliquet. Nam est massa, tristique sit amet leo eget, ullamcorper pharetra urna.","page-content-image-3":[{"width":455,"height":301,"file":"2016\/02\/imagen-2.png","sizes":{"thumbnail":{"file":"imagen-2-335x200.png","width":335,"height":200,"mime-type":"image\/png"},"thumbnail_custom":{"file":"imagen-2-200x132.png","width":200,"height":132,"mime-type":"image\/png"},"box_thumb":{"file":"imagen-2-300x200.png","width":300,"height":200,"mime-type":"image\/png"},"logo_footer":{"file":"imagen-2-125x83.png","width":125,"height":83,"mime-type":"image\/png"}},"image_meta":{"aperture":"0","credit":"","camera":"","caption":"","created_timestamp":"0","copyright":"","focal_length":"0","iso":"0","shutter_speed":"0","title":"","orientation":"0","keywords":[]},"ID":"61","name":"imagen-2.png","path":"\/var\/www\/vhosts\/prod\/content.www.institutomaxilofacial.com\/wp-content\/uploads\/2016\/02\/imagen-2.png","url":"https:\/\/content.www.institutomaxilofacial.com\/wp-content\/uploads\/2016\/02\/imagen-2.png","title":"imagen-2"}],"page-excerpt-title":"","page-excerpt-text":"","page-related-enable":"0","related-content":[],"getcontent":[],"home-text-block":[],"home-blue-text":"","home-blue-image":[],"home-contact-form":[],"team-doctor-name":"","team-doctor-position":"","team-doctor-txt":"","team-doctor-btn":"","team-doctor-page":"","team-doctor-img":[],"team-img-fullwidth":[],"contact-link":"","contact-msg":"","contact-subject":"","contact-lat-2":"","contact-long-2":"","contact-bubble-2":"","contact-data":"","contact-tour-title":"","contact-tour-link":"","contact-tour-image":[],"contact-form":[],"faq-type":false,"item-row":[{"scheme":"textimage","layout-color":"white","row-padding":"small-padding","item-text":"Uno de los valores diferenciales del <strong>Instituto Maxilofacial<\/strong> es su servicio de atenci\u00f3n personalizada a los pacientes y familiares. Con ello, se pretende convertir su estancia en una experiencia c\u00e1lida, humana y lo m\u00e1s confortable posible.\r\n\r\nPara conseguirlo, la coordinadora de tratamientos del centro se encarga, desde el primer momento de la llegada del paciente, de orientar y guiar al paciente y a sus familiares durante toda la duraci\u00f3n del tratamiento.","video-explica-rows":[{"item-slide-video-type":"input_embed"}],"item-images":["7665"],"item-bg-size-contain":["on"],"item-row-icon-image-1":"Icono-1.png","item-row-icon-image-2":"Icono-1.png","item-row-icon-image-3":"Icono-1.png","item-row-icon-image-4":"Icono-1.png","item-cta-page":"5633","item-cta-size":"btn-big"},{"scheme":"imagetext","layout-color":"light-grey","row-padding":"small-padding","item-text":"<h4>\u00bfQu\u00e9 ofrece el Instituto Maxilofacial?<\/h4>\r\n<ul>\r\n \t<li><strong>Atenci\u00f3n personalizada desde el primer momento<\/strong>: tras la consulta con el especialista y la realizaci\u00f3n de las pruebas diagn\u00f3sticas pertinentes, se entregar\u00e1 al paciente su plan de tratamiento, la secuencia de ejecuci\u00f3n y su presupuesto personalizado. Tendr\u00e1 oportunidad de resolver sus dudas sobre la documentaci\u00f3n entregada y se le informar\u00e1 sobre las formas de pago y financiaci\u00f3n.<\/li>\r\n \t<li><strong>Amplio horario de atenci\u00f3n<\/strong>: el horario de atenci\u00f3n es ininterrumpido de 9:00 a 20:00 horas de lunes a viernes. Adem\u00e1s el centro dispone de un servicio de asistencia las 24h del d\u00eda para emergencias de nuestros pacientes.<\/li>\r\n \t<li><strong>Seguimiento del tratamiento<\/strong>: Para su tranquilidad, los pacientes intervenidos en el <strong>Instituto Maxilofacial<\/strong> cuentan con l\u00edneas de atenci\u00f3n telef\u00f3nica continuada con nuestro equipo m\u00e9dico para solventar las dudas y\/o problem\u00e1ticas que puedan surgir fuera del horario habitual.<\/li>\r\n<\/ul>","video-explica-rows":[{"item-slide-video-type":"input_embed"}],"item-images":["8111"],"item-bg-size-contain":["on"],"item-row-icon-image-1":"Icono-1.png","item-row-icon-image-2":"Icono-1.png","item-row-icon-image-3":"Icono-1.png","item-row-icon-image-4":"Icono-1.png","item-cta-page":"5633","item-cta-size":"btn-big"}],"chatbot-code":"","lateral-reducedheader":"","lateral-content-type":"","lateral-title":"","lateral-intro":"","lateral-form":"","lateral-popup":"","lateral-popup-pages":[],"lateral-cta-text":"","lateral-cta-page":"","item-type":"","item-tax":false,"iframe-tuotempo":"","iframe-subs-es":"","iframe-subs-en":"","iframe-subs-ca":"","blog-default-image":[],"activity-events-date":"","activity-page-past":"","noticias-default-image":[]},"_links":{"self":[{"href":"https:\/\/content.www.institutomaxilofacial.com\/es\/wp-json\/wp\/v2\/pages\/117","targetHints":{"allow":["GET"]}}],"collection":[{"href":"https:\/\/content.www.institutomaxilofacial.com\/es\/wp-json\/wp\/v2\/pages"}],"about":[{"href":"https:\/\/content.www.institutomaxilofacial.com\/es\/wp-json\/wp\/v2\/types\/page"}],"author":[{"embeddable":true,"href":"https:\/\/content.www.institutomaxilofacial.com\/es\/wp-json\/wp\/v2\/users\/1"}],"replies":[{"embeddable":true,"href":"https:\/\/content.www.institutomaxilofacial.com\/es\/wp-json\/wp\/v2\/comments?post=117"}],"version-history":[{"count":7,"href":"https:\/\/content.www.institutomaxilofacial.com\/es\/wp-json\/wp\/v2\/pages\/117\/revisions"}],"predecessor-version":[{"id":11027,"href":"https:\/\/content.www.institutomaxilofacial.com\/es\/wp-json\/wp\/v2\/pages\/117\/revisions\/11027"}],"up":[{"embeddable":true,"href":"https:\/\/content.www.institutomaxilofacial.com\/es\/wp-json\/wp\/v2\/pages\/19"}],"wp:attachment":[{"href":"https:\/\/content.www.institutomaxilofacial.com\/es\/wp-json\/wp\/v2\/media?parent=117"}],"curies":[{"name":"wp","href":"https:\/\/api.w.org\/{rel}","templated":true}]}}