{"id":119,"date":"2016-03-08T12:07:29","date_gmt":"2016-03-08T12:07:29","guid":{"rendered":"https:\/\/content.www.institutomaxilofacial.com\/?page_id=119"},"modified":"2024-02-12T16:57:37","modified_gmt":"2024-02-12T14:57:37","slug":"servicios-internacionales","status":"publish","type":"page","link":"https:\/\/content.www.institutomaxilofacial.com\/es\/acerca-del-instituto\/servicios-internacionales\/","title":{"rendered":"Servicios internacionales"},"content":{"rendered":"","protected":false},"excerpt":{"rendered":"","protected":false},"author":1,"featured_media":7442,"parent":19,"menu_order":30,"comment_status":"closed","ping_status":"closed","template":"template-modular.php","meta":{"footnotes":""},"class_list":["post-119","page","type-page","status-publish","has-post-thumbnail","hentry"],"yoast_head":"<!-- This site is optimized with the Yoast SEO plugin v27.2 - https:\/\/yoast.com\/product\/yoast-seo-wordpress\/ -->\n<title>Servicios internacionales - Instituto Maxilofacial<\/title>\n<meta name=\"description\" content=\"El centro atiende a pacientes procedentes de todo el mundo y ha implementado un programa especial de atenci\u00f3n para ellos.\" \/>\n<meta name=\"robots\" content=\"index, follow, max-snippet:-1, max-image-preview:large, max-video-preview:-1\" \/>\n<link rel=\"canonical\" href=\"https:\/\/content.www.institutomaxilofacial.com\/es\/wp-json\/wp\/v2\/pages\/119\/\" \/>\n<meta property=\"og:locale\" content=\"es_ES\" \/>\n<meta property=\"og:type\" content=\"article\" \/>\n<meta property=\"og:title\" content=\"Servicios internacionales - Instituto Maxilofacial\" \/>\n<meta property=\"og:description\" content=\"{:es}El centro atiende a pacientes procedentes de todo el mundo y ha implementado un programa especial de atenci\u00f3n para ellos.{:}\" \/>\n<meta property=\"og:url\" content=\"https:\/\/content.www.institutomaxilofacial.com\/es\/acerca-del-instituto\/servicios-internacionales\/\" \/>\n<meta property=\"og:site_name\" content=\"Instituto Maxilofacial\" \/>\n<meta property=\"article:modified_time\" content=\"2024-02-12T14:57:37+00:00\" \/>\n<meta property=\"og:image\" content=\"https:\/\/content.www.institutomaxilofacial.com\/wp-content\/uploads\/2018\/02\/iStock-68627351.jpg\" \/>\n\t<meta property=\"og:image:width\" content=\"1800\" \/>\n\t<meta property=\"og:image:height\" content=\"1200\" \/>\n\t<meta property=\"og:image:type\" content=\"image\/jpeg\" \/>\n<meta name=\"twitter:card\" content=\"summary_large_image\" \/>\n<meta name=\"twitter:label1\" content=\"Tiempo de lectura\" \/>\n\t<meta name=\"twitter:data1\" content=\"1 minuto\" \/>\n<script type=\"application\/ld+json\" class=\"yoast-schema-graph\">{\"@context\":\"https:\/\/schema.org\",\"@graph\":[{\"@type\":\"WebPage\",\"@id\":\"https:\/\/content.www.institutomaxilofacial.com\/es\/acerca-del-instituto\/servicios-internacionales\/\",\"url\":\"https:\/\/content.www.institutomaxilofacial.com\/es\/acerca-del-instituto\/servicios-internacionales\/\",\"name\":\"Servicios internacionales - Instituto Maxilofacial\",\"isPartOf\":{\"@id\":\"https:\/\/content.www.institutomaxilofacial.com\/ca\/#website\"},\"primaryImageOfPage\":{\"@id\":\"https:\/\/content.www.institutomaxilofacial.com\/es\/acerca-del-instituto\/servicios-internacionales\/#primaryimage\"},\"image\":{\"@id\":\"https:\/\/content.www.institutomaxilofacial.com\/es\/acerca-del-instituto\/servicios-internacionales\/#primaryimage\"},\"thumbnailUrl\":\"https:\/\/content.www.institutomaxilofacial.com\/wp-content\/uploads\/2018\/02\/iStock-68627351.jpg\",\"datePublished\":\"2016-03-08T12:07:29+00:00\",\"dateModified\":\"2024-02-12T14:57:37+00:00\",\"description\":\"{:es}El centro atiende a pacientes procedentes de todo el mundo y ha implementado un programa especial de atenci\u00f3n para ellos.{:}\",\"breadcrumb\":{\"@id\":\"https:\/\/content.www.institutomaxilofacial.com\/es\/acerca-del-instituto\/servicios-internacionales\/#breadcrumb\"},\"inLanguage\":\"es\",\"potentialAction\":[{\"@type\":\"ReadAction\",\"target\":[\"https:\/\/content.www.institutomaxilofacial.com\/es\/acerca-del-instituto\/servicios-internacionales\/\"]}]},{\"@type\":\"ImageObject\",\"inLanguage\":\"es\",\"@id\":\"https:\/\/content.www.institutomaxilofacial.com\/es\/acerca-del-instituto\/servicios-internacionales\/#primaryimage\",\"url\":\"https:\/\/content.www.institutomaxilofacial.com\/wp-content\/uploads\/2018\/02\/iStock-68627351.jpg\",\"contentUrl\":\"https:\/\/content.www.institutomaxilofacial.com\/wp-content\/uploads\/2018\/02\/iStock-68627351.jpg\",\"width\":1800,\"height\":1200},{\"@type\":\"BreadcrumbList\",\"@id\":\"https:\/\/content.www.institutomaxilofacial.com\/es\/acerca-del-instituto\/servicios-internacionales\/#breadcrumb\",\"itemListElement\":[{\"@type\":\"ListItem\",\"position\":1,\"name\":\"Portada\",\"item\":\"https:\/\/content.www.institutomaxilofacial.com\/es\/\"},{\"@type\":\"ListItem\",\"position\":2,\"name\":\"Acerca del Instituto\",\"item\":\"https:\/\/content.www.institutomaxilofacial.com\/es\/acerca-del-instituto\/\"},{\"@type\":\"ListItem\",\"position\":3,\"name\":\"Servicios internacionales\"}]},{\"@type\":\"WebSite\",\"@id\":\"https:\/\/content.www.institutomaxilofacial.com\/ca\/#website\",\"url\":\"https:\/\/content.www.institutomaxilofacial.com\/ca\/\",\"name\":\"Instituto Maxilofacial\",\"description\":\"Expertos en Cirug\u00eda Ortogn\u00e1tica y Ortofacial.  Precisi\u00f3n, experiencia y pasi\u00f3n por la innovaci\u00f3n\",\"potentialAction\":[{\"@type\":\"SearchAction\",\"target\":{\"@type\":\"EntryPoint\",\"urlTemplate\":\"https:\/\/content.www.institutomaxilofacial.com\/ca\/?s={search_term_string}\"},\"query-input\":{\"@type\":\"PropertyValueSpecification\",\"valueRequired\":true,\"valueName\":\"search_term_string\"}}],\"inLanguage\":\"es\"}]}<\/script>\n<!-- \/ Yoast SEO plugin. -->","yoast_head_json":{"title":"Servicios internacionales - Instituto Maxilofacial","description":"El centro atiende a pacientes procedentes de todo el mundo y ha implementado un programa especial de atenci\u00f3n para ellos.","robots":{"index":"index","follow":"follow","max-snippet":"max-snippet:-1","max-image-preview":"max-image-preview:large","max-video-preview":"max-video-preview:-1"},"canonical":"https:\/\/content.www.institutomaxilofacial.com\/es\/wp-json\/wp\/v2\/pages\/119\/","og_locale":"es_ES","og_type":"article","og_title":"Servicios internacionales - Instituto Maxilofacial","og_description":"{:es}El centro atiende a pacientes procedentes de todo el mundo y ha implementado un programa especial de atenci\u00f3n para ellos.{:}","og_url":"https:\/\/content.www.institutomaxilofacial.com\/es\/acerca-del-instituto\/servicios-internacionales\/","og_site_name":"Instituto Maxilofacial","article_modified_time":"2024-02-12T14:57:37+00:00","og_image":[{"width":1800,"height":1200,"url":"https:\/\/content.www.institutomaxilofacial.com\/wp-content\/uploads\/2018\/02\/iStock-68627351.jpg","type":"image\/jpeg"}],"twitter_card":"summary_large_image","twitter_misc":{"Tiempo de lectura":"1 minuto"},"schema":{"@context":"https:\/\/schema.org","@graph":[{"@type":"WebPage","@id":"https:\/\/content.www.institutomaxilofacial.com\/es\/acerca-del-instituto\/servicios-internacionales\/","url":"https:\/\/content.www.institutomaxilofacial.com\/es\/acerca-del-instituto\/servicios-internacionales\/","name":"Servicios internacionales - Instituto Maxilofacial","isPartOf":{"@id":"https:\/\/content.www.institutomaxilofacial.com\/ca\/#website"},"primaryImageOfPage":{"@id":"https:\/\/content.www.institutomaxilofacial.com\/es\/acerca-del-instituto\/servicios-internacionales\/#primaryimage"},"image":{"@id":"https:\/\/content.www.institutomaxilofacial.com\/es\/acerca-del-instituto\/servicios-internacionales\/#primaryimage"},"thumbnailUrl":"https:\/\/content.www.institutomaxilofacial.com\/wp-content\/uploads\/2018\/02\/iStock-68627351.jpg","datePublished":"2016-03-08T12:07:29+00:00","dateModified":"2024-02-12T14:57:37+00:00","description":"{:es}El centro atiende a pacientes procedentes de todo el mundo y ha implementado un programa especial de atenci\u00f3n para ellos.{:}","breadcrumb":{"@id":"https:\/\/content.www.institutomaxilofacial.com\/es\/acerca-del-instituto\/servicios-internacionales\/#breadcrumb"},"inLanguage":"es","potentialAction":[{"@type":"ReadAction","target":["https:\/\/content.www.institutomaxilofacial.com\/es\/acerca-del-instituto\/servicios-internacionales\/"]}]},{"@type":"ImageObject","inLanguage":"es","@id":"https:\/\/content.www.institutomaxilofacial.com\/es\/acerca-del-instituto\/servicios-internacionales\/#primaryimage","url":"https:\/\/content.www.institutomaxilofacial.com\/wp-content\/uploads\/2018\/02\/iStock-68627351.jpg","contentUrl":"https:\/\/content.www.institutomaxilofacial.com\/wp-content\/uploads\/2018\/02\/iStock-68627351.jpg","width":1800,"height":1200},{"@type":"BreadcrumbList","@id":"https:\/\/content.www.institutomaxilofacial.com\/es\/acerca-del-instituto\/servicios-internacionales\/#breadcrumb","itemListElement":[{"@type":"ListItem","position":1,"name":"Portada","item":"https:\/\/content.www.institutomaxilofacial.com\/es\/"},{"@type":"ListItem","position":2,"name":"Acerca del Instituto","item":"https:\/\/content.www.institutomaxilofacial.com\/es\/acerca-del-instituto\/"},{"@type":"ListItem","position":3,"name":"Servicios internacionales"}]},{"@type":"WebSite","@id":"https:\/\/content.www.institutomaxilofacial.com\/ca\/#website","url":"https:\/\/content.www.institutomaxilofacial.com\/ca\/","name":"Instituto Maxilofacial","description":"Expertos en Cirug\u00eda Ortogn\u00e1tica y Ortofacial.  Precisi\u00f3n, experiencia y pasi\u00f3n por la innovaci\u00f3n","potentialAction":[{"@type":"SearchAction","target":{"@type":"EntryPoint","urlTemplate":"https:\/\/content.www.institutomaxilofacial.com\/ca\/?s={search_term_string}"},"query-input":{"@type":"PropertyValueSpecification","valueRequired":true,"valueName":"search_term_string"}}],"inLanguage":"es"}]}},"meta_box":{"caso-clinico-taxonomy":[],"caso-clinico-casos":[],"categoria-home-header-title":"","categoria-home-header-image":[],"categoria-home-intro-text":"","cta-cita-title":"","cta-cita-text":"","cta-cita-button-text":"","cta-cita-button-link":"","cta-cita-button-link-external":"","cta-cita-image":[],"cta-cita-image-mobile":[],"categoria-page-info-title":"","categoria-page-info-image":[],"categoria-page-header-title":"","categoria-page-header-image":[],"categoria-page-intro-text":"","categoria-page-intro-image":[],"categoria-page-intro-image-mobile":[],"categoria-page-intro-image-position":"","categoria-page-intro-image-position-mobile":"","categoria-page-intro-content":"","categoria-page-intro-highlights":[],"categoria-page-blocks":[],"categoria-page-benefits-active":"","categoria-page-benefits-title":"","categoria-page-benefits-text":"","categoria-page-benefits-image":[],"categoria-page-benefits-image-mobile":[],"categoria-page-button-text":"","categoria-page-button-link":"","categoria-page-button-link-external":"","categoria-page-cta1-title":"","categoria-page-cta1-text":"","categoria-page-cta1-button-text":"","categoria-page-cta1-button-link":"","categoria-page-cta2-title":"","categoria-page-cta2-text":"","categoria-page-cta2-button-text":"","categoria-page-cta2-button-link":"","contacto-name":"","contacto-address":"","contacto-tlf":"","contacto-fax":"","contacto-image":[],"contacto-lat":"","contacto-lng":"","contacto-map-zoom":"","contacto-map-lat":"","contacto-map-lng":"","contacto-form":"","faqs-taxonomy":[],"estetica-home-header-title":"","estetica-home-header-image":[],"estetica-home-intro-title":"","estetica-home-intro-text":"","estetica-home-cirugia-title":"","estetica-home-medicina-title":"","estetica-home-descubre-title":"","estetica-home-descubre-text":"","estetica-home-descubre-image":[],"estetica-home-descubre-background":[],"estetica-home-descubre-background-mobile":[],"estetica-home-cta1-title":"","estetica-home-cta1-text":"","estetica-home-cta1-button-text":"","estetica-home-cta1-button-link":"","estetica-home-cta1-image":[],"estetica-home-cta2-title":"","estetica-home-cta2-text":"","estetica-home-cta2-button-text":"","estetica-home-cta2-button-link":"","estetica-home-cta2-image":[],"estetica-home-posts-title":"","estetica-home-posts-button-text":"","estetica-home-faq-title":"","estetica-home-faqs":[],"estetica-home-faq-button-text":"","estetica-home-faq-button-link":"","stetik-iframe-url":"","interior-show-breadcrumb":"","interior-header-title":"","interior-header-image":[],"interior-blocks":[],"is-stetik-studio":"no","stetik-team-header-title":"","stetik-team-header-image":[],"stetik-team-intro-text":"","stetik-team-team-title":"","stetik-team-team-professional":[],"video-consulta-text":"","video-consulta-form":"","voz-experto-taxonomy":[],"landing-apnea-header-title":"","landing-apnea-header-subtitle":"","landing-apnea-header-image":[],"landing-apnea-header-pide-cita":"","landing-apnea-header-typeform":"","landing-apnea-blocks":[],"landing-apnea-intro-title":"","landing-apnea-intro-text":"","landing-apnea-highlight-items":[],"landing-apnea-blocks-2":[],"landing-apnea-testimonials-title":"","landing-apnea-testimonials-text":"","landing-apnea-testimonials-videos":[],"landing-apnea-hero-text":"","landing-apnea-faq-title":"","landing-apnea-faqs":[],"landing-apnea-prefooter-text":"","landing-apnea-prefooter-nota":"","redirect-page":"","shortcodeform-code":"","redirect-page-es":"","redirect-page-en":"","redirect-page-ca":"","login-page-need":"0","login-page":"","eh-cover-image":[],"eh-cover-image-mobile":[],"eh-cover-title":"","eh-cover-subtitle":"","eh-cover-text":"","eh-cover-btn1-text":"","eh-cover-btn1-page-id":"","eh-cover-btn2-text":"","eh-cover-btn2-video-files":[],"eh-specs-main-title":"","eh-specs":[],"eh-icons-reduced-section":"","eh-icons-1":[],"eh-patients-title":"","eh-patients":[],"eh-patients-nopic-title":"","eh-patients-nopic":[],"eh-video-title":"","eh-video":[],"eh-icons-2-reduced-section":"","eh-icons-2":[],"contact-zoom":"","contact-center":[],"contact-data-left-title":"","contact-data-left-content":"","contact-lat":"","contact-long":"","contact-bubble":"","contact-title-form":"","contact-text-form":"","contact-shortcode-form":"","contact-title-widget":"","contact-text-widget":"","contact-shortcode-widget":"","page-header":[{"width":922,"height":639,"file":"2018\/02\/iStock-6862735.jpg","sizes":{"thumbnail":{"file":"iStock-6862735-335x200.jpg","width":335,"height":200,"mime-type":"image\/jpeg"},"medium":{"file":"iStock-6862735-530x367.jpg","width":530,"height":367,"mime-type":"image\/jpeg"},"thumbnail_custom":{"file":"iStock-6862735-200x139.jpg","width":200,"height":139,"mime-type":"image\/jpeg"},"box_thumb":{"file":"iStock-6862735-300x200.jpg","width":300,"height":200,"mime-type":"image\/jpeg"},"post_thumb":{"file":"iStock-6862735-600x400.jpg","width":600,"height":400,"mime-type":"image\/jpeg"},"logo_footer":{"file":"iStock-6862735-125x87.jpg","width":125,"height":87,"mime-type":"image\/jpeg"}},"image_meta":{"aperture":"0","credit":"","camera":"","caption":"","created_timestamp":"0","copyright":"","focal_length":"0","iso":"0","shutter_speed":"0","title":"","orientation":"0","keywords":[]},"ID":"7443","name":"iStock-6862735.jpg","path":"\/var\/www\/vhosts\/prod\/content.www.institutomaxilofacial.com\/wp-content\/uploads\/2018\/02\/iStock-6862735.jpg","url":"https:\/\/content.www.institutomaxilofacial.com\/wp-content\/uploads\/2018\/02\/iStock-6862735.jpg","title":"International patients"}],"page-header-text":"","page-header-english":"0","page-header-english-page-id":"","page-content-title":"Servicios internacionales","home-slides":[],"page-content-text-1":"","page-content-text-2":"","page-content-image-1":[],"page-content-video":"","page-content-text-3":"","page-content-image-2":[],"page-content-text-4":"","page-content-image-3":[],"page-excerpt-title":"","page-excerpt-text":"","page-related-enable":"0","related-content":[],"getcontent":[],"home-text-block":[],"home-blue-text":"","home-blue-image":[],"home-contact-form":[],"team-doctor-name":"","team-doctor-position":"","team-doctor-txt":"","team-doctor-btn":"","team-doctor-page":"","team-doctor-img":[],"team-img-fullwidth":[],"contact-link":"","contact-msg":"","contact-subject":"","contact-lat-2":"","contact-long-2":"","contact-bubble-2":"","contact-data":"","contact-tour-title":"","contact-tour-link":"","contact-tour-image":[],"contact-form":[],"faq-type":false,"item-row":[{"scheme":"onlytext","layout-color":"white","row-padding":"without-padding","item-text":"El servicio de atenci\u00f3n personalizada que ofrece el <strong>Instituto Maxilofacial<\/strong> a sus pacientes tambi\u00e9n se desarrolla en el \u00e1mbito internacional. El centro atiende a pacientes procedentes de todo el mundo y ha implementado un programa especial de atenci\u00f3n para ellos.\r\n\r\nDe la misma manera que el <strong>Instituto Maxilofacial<\/strong> ofrece un servicio integral a los pacientes internacionales, tambi\u00e9n lo hace para los pacientes nacionales no residentes en la misma provincia de Barcelona. La coordinadora de tratamientos se asegura que los pacientes tengan todas las comodidades y facilidades para acceder a la cl\u00ednica.\r\n[titulo]\u00bfQu\u00e9 ofrece el departamento de servicios internacionales del Instituto Maxilofacial a sus pacientes?[\/titulo]","video-explica-rows":[{"item-slide-video-type":"input_embed"}],"item-row-icon-image-1":"Icono-1.png","item-row-icon-image-2":"Icono-1.png","item-row-icon-image-3":"Icono-1.png","item-row-icon-image-4":"Icono-1.png","item-cta-page":"5633","item-cta-size":"btn-big"},{"scheme":"textimage","layout-color":"white","row-padding":"small-padding","item-text":"<strong>Antes de la visita:<\/strong>\r\n<ul>\r\n \t<li>Proporcionar\u00e1 un presupuesto para el tratamiento en el mismo centro.<\/li>\r\n \t<li>Facilitar\u00e1 la gesti\u00f3n econ\u00f3mica del tratamiento.<\/li>\r\n \t<li>Confirmar\u00e1 sus citas.<\/li>\r\n \t<li>Gestionar\u00e1 el servicio de Videoconferencia.<\/li>\r\n \t<li>Colaborar\u00e1 y orientar\u00e1 sobre toda la planificaci\u00f3n del viaje (alojamiento, comidas, recomendaciones, etc.).<\/li>\r\n<\/ul>\r\n<strong>Durante la visita:<\/strong>\r\n\r\nLos pacientes internacionales dispondr\u00e1n de un asistente que:\r\n<ul>\r\n \t<li>Se asegurar\u00e1 que el paciente entienda el procedimiento y todas las instrucciones del equipo m\u00e9dico.<\/li>\r\n \t<li>Les acompa\u00f1ar\u00e1n en el proceso de admisi\u00f3n hospitalaria y en las consultas m\u00e9dicas de seguimiento.<\/li>\r\n \t<li>Coordinar\u00e1 su atenci\u00f3n en el Club Teknon.<\/li>\r\n<\/ul>","video-explica-rows":[{"item-slide-video-type":"input_embed"}],"item-images":["8113"],"item-bg-size-contain":["on"],"item-row-icon-image-1":"Icono-1.png","item-row-icon-image-2":"Icono-1.png","item-row-icon-image-3":"Icono-1.png","item-row-icon-image-4":"Icono-1.png","item-cta-page":"5633","item-cta-size":"btn-big"},{"scheme":"imagetext","layout-color":"white","row-padding":"small-padding","item-text":"<strong>Despu\u00e9s de su visita:<\/strong>\r\n<ul>\r\n \t<li>Se proporcionar\u00e1 al paciente una copia de sus registros m\u00e9dicos.<\/li>\r\n \t<li>Se facilitar\u00e1 la gesti\u00f3n econ\u00f3mica de su tratamiento.<\/li>\r\n \t<li>Se ayudar\u00e1 al paciente a coordinar las citas m\u00e9dicas de seguimiento.<\/li>\r\n<\/ul>\r\n<strong>Transporte:<\/strong>\r\n\r\nPara proporcionar la mejor experiencia posible a los pacientes, el departamento de servicios internacionales ofrece:\r\n<ul>\r\n \t<li>Carta corporativa para facilitar los tr\u00e1mites de visado.<\/li>\r\n \t<li>Reserva de vuelos.<\/li>\r\n \t<li>Coche para desplazamientos desde\/al aeropuerto.<\/li>\r\n \t<li>Servicio de bienvenida, asistencia en aeropuerto y p\u00e9rdida de equipaje.<\/li>\r\n \t<li>Reservas de hotel y apartamentos para estancias largas para pacientes y familiares.<\/li>\r\n<\/ul>","video-explica-rows":[{"item-slide-video-type":"input_embed"}],"item-images":["7443"],"item-row-icon-image-1":"Icono-1.png","item-row-icon-image-2":"Icono-1.png","item-row-icon-image-3":"Icono-1.png","item-row-icon-image-4":"Icono-1.png","item-cta-page":"5633","item-cta-size":"btn-big"},{"scheme":"textimage","layout-color":"white","row-padding":"small-padding","item-text":"<strong>Alojamiento:<\/strong>\r\n\r\nA los pacientes internacionales y a sus familiares se les facilitar\u00e1 la b\u00fasqueda y reserva de alojamiento.\r\n\r\n<strong>Atenci\u00f3n 24h:<\/strong>\r\n\r\nTodos los pacientes disponen de un servicio de urgencias de 24h que les permitir\u00e1 hablar directamente con los especialistas del Instituto Maxilofacial.\r\n\r\n<strong>Contacto:<\/strong>\r\n\r\nPuede contactar directamente con el Instituto Maxilofacial al +34 699 02 96 87 o escribir un correo a <strong>international@institutomaxilofacial.com<\/strong>","video-explica-rows":[{"item-slide-video-type":"input_embed"}],"item-images":["8114"],"item-bg-size-contain":["on"],"item-row-icon-image-1":"Icono-1.png","item-row-icon-image-2":"Icono-1.png","item-row-icon-image-3":"Icono-1.png","item-row-icon-image-4":"Icono-1.png","item-cta-page":"5633","item-cta-size":"btn-big"}],"chatbot-code":"","lateral-reducedheader":"","lateral-content-type":"","lateral-title":"","lateral-intro":"","lateral-form":"","lateral-popup":"","lateral-popup-pages":[],"lateral-cta-text":"","lateral-cta-page":"","item-type":"","item-tax":false,"iframe-tuotempo":"","iframe-subs-es":"","iframe-subs-en":"","iframe-subs-ca":"","blog-default-image":[],"activity-events-date":"","activity-page-past":"","noticias-default-image":[]},"_links":{"self":[{"href":"https:\/\/content.www.institutomaxilofacial.com\/es\/wp-json\/wp\/v2\/pages\/119","targetHints":{"allow":["GET"]}}],"collection":[{"href":"https:\/\/content.www.institutomaxilofacial.com\/es\/wp-json\/wp\/v2\/pages"}],"about":[{"href":"https:\/\/content.www.institutomaxilofacial.com\/es\/wp-json\/wp\/v2\/types\/page"}],"author":[{"embeddable":true,"href":"https:\/\/content.www.institutomaxilofacial.com\/es\/wp-json\/wp\/v2\/users\/1"}],"replies":[{"embeddable":true,"href":"https:\/\/content.www.institutomaxilofacial.com\/es\/wp-json\/wp\/v2\/comments?post=119"}],"version-history":[{"count":7,"href":"https:\/\/content.www.institutomaxilofacial.com\/es\/wp-json\/wp\/v2\/pages\/119\/revisions"}],"predecessor-version":[{"id":12739,"href":"https:\/\/content.www.institutomaxilofacial.com\/es\/wp-json\/wp\/v2\/pages\/119\/revisions\/12739"}],"up":[{"embeddable":true,"href":"https:\/\/content.www.institutomaxilofacial.com\/es\/wp-json\/wp\/v2\/pages\/19"}],"wp:featuredmedia":[{"embeddable":true,"href":"https:\/\/content.www.institutomaxilofacial.com\/es\/wp-json\/wp\/v2\/media\/7442"}],"wp:attachment":[{"href":"https:\/\/content.www.institutomaxilofacial.com\/es\/wp-json\/wp\/v2\/media?parent=119"}],"curies":[{"name":"wp","href":"https:\/\/api.w.org\/{rel}","templated":true}]}}