{"id":121,"date":"2016-03-08T12:07:43","date_gmt":"2016-03-08T12:07:43","guid":{"rendered":"https:\/\/content.www.institutomaxilofacial.com\/?page_id=121"},"modified":"2018-08-30T08:47:45","modified_gmt":"2018-08-30T08:47:45","slug":"centre-medic-teknon","status":"publish","type":"page","link":"https:\/\/content.www.institutomaxilofacial.com\/es\/acerca-del-instituto\/centro-medico-teknon\/","title":{"rendered":"Centro M\u00e9dico Teknon"},"content":{"rendered":"","protected":false},"excerpt":{"rendered":"","protected":false},"author":1,"featured_media":8118,"parent":19,"menu_order":40,"comment_status":"closed","ping_status":"closed","template":"template-modular.php","meta":{"footnotes":""},"class_list":["post-121","page","type-page","status-publish","has-post-thumbnail","hentry"],"yoast_head":"<!-- This site is optimized with the Yoast SEO plugin v27.2 - https:\/\/yoast.com\/product\/yoast-seo-wordpress\/ -->\n<title>Centro M\u00e9dico Teknon - Instituto Maxilofacial<\/title>\n<meta name=\"description\" content=\"El Instituto Maxilofacial se encuentra en el Centro M\u00e9dico Teknon, un centro de referencia mundial de la salud.\" \/>\n<meta name=\"robots\" content=\"index, follow, max-snippet:-1, max-image-preview:large, max-video-preview:-1\" \/>\n<link rel=\"canonical\" href=\"https:\/\/content.www.institutomaxilofacial.com\/es\/wp-json\/wp\/v2\/pages\/121\/\" \/>\n<meta property=\"og:locale\" content=\"es_ES\" \/>\n<meta property=\"og:type\" content=\"article\" \/>\n<meta property=\"og:title\" content=\"Centro M\u00e9dico Teknon - Instituto Maxilofacial\" \/>\n<meta property=\"og:description\" content=\"El Instituto Maxilofacial se encuentra en el Centro M\u00e9dico Teknon, un centro de referencia mundial de la salud.\" \/>\n<meta property=\"og:url\" content=\"https:\/\/content.www.institutomaxilofacial.com\/en\/about-the-institute\/teknon-medical-centre\/\" \/>\n<meta property=\"og:site_name\" content=\"Instituto Maxilofacial\" \/>\n<meta property=\"article:modified_time\" content=\"2018-08-30T08:47:45+00:00\" \/>\n<meta property=\"og:image\" content=\"https:\/\/content.www.institutomaxilofacial.com\/wp-content\/uploads\/2018\/08\/teknon.jpg\" \/>\n\t<meta property=\"og:image:width\" content=\"1200\" \/>\n\t<meta property=\"og:image:height\" content=\"800\" \/>\n\t<meta property=\"og:image:type\" content=\"image\/jpeg\" \/>\n<meta name=\"twitter:card\" content=\"summary_large_image\" \/>\n<script type=\"application\/ld+json\" class=\"yoast-schema-graph\">{\"@context\":\"https:\/\/schema.org\",\"@graph\":[{\"@type\":\"WebPage\",\"@id\":\"https:\/\/content.www.institutomaxilofacial.com\/en\/about-the-institute\/teknon-medical-centre\/\",\"url\":\"https:\/\/content.www.institutomaxilofacial.com\/en\/about-the-institute\/teknon-medical-centre\/\",\"name\":\"Centro M\u00e9dico Teknon - Instituto Maxilofacial\",\"isPartOf\":{\"@id\":\"https:\/\/content.www.institutomaxilofacial.com\/ca\/#website\"},\"primaryImageOfPage\":{\"@id\":\"https:\/\/content.www.institutomaxilofacial.com\/en\/about-the-institute\/teknon-medical-centre\/#primaryimage\"},\"image\":{\"@id\":\"https:\/\/content.www.institutomaxilofacial.com\/en\/about-the-institute\/teknon-medical-centre\/#primaryimage\"},\"thumbnailUrl\":\"https:\/\/content.www.institutomaxilofacial.com\/wp-content\/uploads\/2018\/08\/teknon.jpg\",\"datePublished\":\"2016-03-08T12:07:43+00:00\",\"dateModified\":\"2018-08-30T08:47:45+00:00\",\"description\":\"El Instituto Maxilofacial se encuentra en el Centro M\u00e9dico Teknon, un centro de referencia mundial de la salud.\",\"breadcrumb\":{\"@id\":\"https:\/\/content.www.institutomaxilofacial.com\/en\/about-the-institute\/teknon-medical-centre\/#breadcrumb\"},\"inLanguage\":\"es\",\"potentialAction\":[{\"@type\":\"ReadAction\",\"target\":[\"https:\/\/content.www.institutomaxilofacial.com\/en\/about-the-institute\/teknon-medical-centre\/\"]}]},{\"@type\":\"ImageObject\",\"inLanguage\":\"es\",\"@id\":\"https:\/\/content.www.institutomaxilofacial.com\/en\/about-the-institute\/teknon-medical-centre\/#primaryimage\",\"url\":\"https:\/\/content.www.institutomaxilofacial.com\/wp-content\/uploads\/2018\/08\/teknon.jpg\",\"contentUrl\":\"https:\/\/content.www.institutomaxilofacial.com\/wp-content\/uploads\/2018\/08\/teknon.jpg\",\"width\":1200,\"height\":800},{\"@type\":\"BreadcrumbList\",\"@id\":\"https:\/\/content.www.institutomaxilofacial.com\/en\/about-the-institute\/teknon-medical-centre\/#breadcrumb\",\"itemListElement\":[{\"@type\":\"ListItem\",\"position\":1,\"name\":\"Portada\",\"item\":\"https:\/\/content.www.institutomaxilofacial.com\/es\/\"},{\"@type\":\"ListItem\",\"position\":2,\"name\":\"Acerca del Instituto\",\"item\":\"https:\/\/content.www.institutomaxilofacial.com\/es\/acerca-del-instituto\/\"},{\"@type\":\"ListItem\",\"position\":3,\"name\":\"Teknon Medical Centre\"}]},{\"@type\":\"WebSite\",\"@id\":\"https:\/\/content.www.institutomaxilofacial.com\/ca\/#website\",\"url\":\"https:\/\/content.www.institutomaxilofacial.com\/ca\/\",\"name\":\"Instituto Maxilofacial\",\"description\":\"Expertos en Cirug\u00eda Ortogn\u00e1tica y Ortofacial.  Precisi\u00f3n, experiencia y pasi\u00f3n por la innovaci\u00f3n\",\"potentialAction\":[{\"@type\":\"SearchAction\",\"target\":{\"@type\":\"EntryPoint\",\"urlTemplate\":\"https:\/\/content.www.institutomaxilofacial.com\/ca\/?s={search_term_string}\"},\"query-input\":{\"@type\":\"PropertyValueSpecification\",\"valueRequired\":true,\"valueName\":\"search_term_string\"}}],\"inLanguage\":\"es\"}]}<\/script>\n<!-- \/ Yoast SEO plugin. -->","yoast_head_json":{"title":"Centro M\u00e9dico Teknon - Instituto Maxilofacial","description":"El Instituto Maxilofacial se encuentra en el Centro M\u00e9dico Teknon, un centro de referencia mundial de la salud.","robots":{"index":"index","follow":"follow","max-snippet":"max-snippet:-1","max-image-preview":"max-image-preview:large","max-video-preview":"max-video-preview:-1"},"canonical":"https:\/\/content.www.institutomaxilofacial.com\/es\/wp-json\/wp\/v2\/pages\/121\/","og_locale":"es_ES","og_type":"article","og_title":"Centro M\u00e9dico Teknon - Instituto Maxilofacial","og_description":"El Instituto Maxilofacial se encuentra en el Centro M\u00e9dico Teknon, un centro de referencia mundial de la salud.","og_url":"https:\/\/content.www.institutomaxilofacial.com\/en\/about-the-institute\/teknon-medical-centre\/","og_site_name":"Instituto Maxilofacial","article_modified_time":"2018-08-30T08:47:45+00:00","og_image":[{"width":1200,"height":800,"url":"https:\/\/content.www.institutomaxilofacial.com\/wp-content\/uploads\/2018\/08\/teknon.jpg","type":"image\/jpeg"}],"twitter_card":"summary_large_image","schema":{"@context":"https:\/\/schema.org","@graph":[{"@type":"WebPage","@id":"https:\/\/content.www.institutomaxilofacial.com\/en\/about-the-institute\/teknon-medical-centre\/","url":"https:\/\/content.www.institutomaxilofacial.com\/en\/about-the-institute\/teknon-medical-centre\/","name":"Centro M\u00e9dico Teknon - Instituto Maxilofacial","isPartOf":{"@id":"https:\/\/content.www.institutomaxilofacial.com\/ca\/#website"},"primaryImageOfPage":{"@id":"https:\/\/content.www.institutomaxilofacial.com\/en\/about-the-institute\/teknon-medical-centre\/#primaryimage"},"image":{"@id":"https:\/\/content.www.institutomaxilofacial.com\/en\/about-the-institute\/teknon-medical-centre\/#primaryimage"},"thumbnailUrl":"https:\/\/content.www.institutomaxilofacial.com\/wp-content\/uploads\/2018\/08\/teknon.jpg","datePublished":"2016-03-08T12:07:43+00:00","dateModified":"2018-08-30T08:47:45+00:00","description":"El Instituto Maxilofacial se encuentra en el Centro M\u00e9dico Teknon, un centro de referencia mundial de la salud.","breadcrumb":{"@id":"https:\/\/content.www.institutomaxilofacial.com\/en\/about-the-institute\/teknon-medical-centre\/#breadcrumb"},"inLanguage":"es","potentialAction":[{"@type":"ReadAction","target":["https:\/\/content.www.institutomaxilofacial.com\/en\/about-the-institute\/teknon-medical-centre\/"]}]},{"@type":"ImageObject","inLanguage":"es","@id":"https:\/\/content.www.institutomaxilofacial.com\/en\/about-the-institute\/teknon-medical-centre\/#primaryimage","url":"https:\/\/content.www.institutomaxilofacial.com\/wp-content\/uploads\/2018\/08\/teknon.jpg","contentUrl":"https:\/\/content.www.institutomaxilofacial.com\/wp-content\/uploads\/2018\/08\/teknon.jpg","width":1200,"height":800},{"@type":"BreadcrumbList","@id":"https:\/\/content.www.institutomaxilofacial.com\/en\/about-the-institute\/teknon-medical-centre\/#breadcrumb","itemListElement":[{"@type":"ListItem","position":1,"name":"Portada","item":"https:\/\/content.www.institutomaxilofacial.com\/es\/"},{"@type":"ListItem","position":2,"name":"Acerca del Instituto","item":"https:\/\/content.www.institutomaxilofacial.com\/es\/acerca-del-instituto\/"},{"@type":"ListItem","position":3,"name":"Teknon Medical Centre"}]},{"@type":"WebSite","@id":"https:\/\/content.www.institutomaxilofacial.com\/ca\/#website","url":"https:\/\/content.www.institutomaxilofacial.com\/ca\/","name":"Instituto Maxilofacial","description":"Expertos en Cirug\u00eda Ortogn\u00e1tica y Ortofacial.  Precisi\u00f3n, experiencia y pasi\u00f3n por la innovaci\u00f3n","potentialAction":[{"@type":"SearchAction","target":{"@type":"EntryPoint","urlTemplate":"https:\/\/content.www.institutomaxilofacial.com\/ca\/?s={search_term_string}"},"query-input":{"@type":"PropertyValueSpecification","valueRequired":true,"valueName":"search_term_string"}}],"inLanguage":"es"}]}},"meta_box":{"caso-clinico-taxonomy":[],"caso-clinico-casos":[],"categoria-home-header-title":"","categoria-home-header-image":[],"categoria-home-intro-text":"","cta-cita-title":"","cta-cita-text":"","cta-cita-button-text":"","cta-cita-button-link":"","cta-cita-button-link-external":"","cta-cita-image":[],"cta-cita-image-mobile":[],"categoria-page-info-title":"","categoria-page-info-image":[],"categoria-page-header-title":"","categoria-page-header-image":[],"categoria-page-intro-text":"","categoria-page-intro-image":[],"categoria-page-intro-image-mobile":[],"categoria-page-intro-image-position":"","categoria-page-intro-image-position-mobile":"","categoria-page-intro-content":"","categoria-page-intro-highlights":[],"categoria-page-blocks":[],"categoria-page-benefits-active":"","categoria-page-benefits-title":"","categoria-page-benefits-text":"","categoria-page-benefits-image":[],"categoria-page-benefits-image-mobile":[],"categoria-page-button-text":"","categoria-page-button-link":"","categoria-page-button-link-external":"","categoria-page-cta1-title":"","categoria-page-cta1-text":"","categoria-page-cta1-button-text":"","categoria-page-cta1-button-link":"","categoria-page-cta2-title":"","categoria-page-cta2-text":"","categoria-page-cta2-button-text":"","categoria-page-cta2-button-link":"","contacto-name":"","contacto-address":"","contacto-tlf":"","contacto-fax":"","contacto-image":[],"contacto-lat":"","contacto-lng":"","contacto-map-zoom":"","contacto-map-lat":"","contacto-map-lng":"","contacto-form":"","faqs-taxonomy":[],"estetica-home-header-title":"","estetica-home-header-image":[],"estetica-home-intro-title":"","estetica-home-intro-text":"","estetica-home-cirugia-title":"","estetica-home-medicina-title":"","estetica-home-descubre-title":"","estetica-home-descubre-text":"","estetica-home-descubre-image":[],"estetica-home-descubre-background":[],"estetica-home-descubre-background-mobile":[],"estetica-home-cta1-title":"","estetica-home-cta1-text":"","estetica-home-cta1-button-text":"","estetica-home-cta1-button-link":"","estetica-home-cta1-image":[],"estetica-home-cta2-title":"","estetica-home-cta2-text":"","estetica-home-cta2-button-text":"","estetica-home-cta2-button-link":"","estetica-home-cta2-image":[],"estetica-home-posts-title":"","estetica-home-posts-button-text":"","estetica-home-faq-title":"","estetica-home-faqs":[],"estetica-home-faq-button-text":"","estetica-home-faq-button-link":"","stetik-iframe-url":"","interior-show-breadcrumb":"","interior-header-title":"","interior-header-image":[],"interior-blocks":[],"is-stetik-studio":"","stetik-team-header-title":"","stetik-team-header-image":[],"stetik-team-intro-text":"","stetik-team-team-title":"","stetik-team-team-professional":[],"video-consulta-text":"","video-consulta-form":"","voz-experto-taxonomy":[],"landing-apnea-header-title":"","landing-apnea-header-subtitle":"","landing-apnea-header-image":[],"landing-apnea-header-pide-cita":"","landing-apnea-header-typeform":"","landing-apnea-blocks":[],"landing-apnea-intro-title":"","landing-apnea-intro-text":"","landing-apnea-highlight-items":[],"landing-apnea-blocks-2":[],"landing-apnea-testimonials-title":"","landing-apnea-testimonials-text":"","landing-apnea-testimonials-videos":[],"landing-apnea-hero-text":"","landing-apnea-faq-title":"","landing-apnea-faqs":[],"landing-apnea-prefooter-text":"","landing-apnea-prefooter-nota":"","redirect-page":"","shortcodeform-code":"","redirect-page-es":"","redirect-page-en":"","redirect-page-ca":"","login-page-need":"","login-page":"","eh-cover-image":[],"eh-cover-image-mobile":[],"eh-cover-title":"","eh-cover-subtitle":"","eh-cover-text":"","eh-cover-btn1-text":"","eh-cover-btn1-page-id":"","eh-cover-btn2-text":"","eh-cover-btn2-video-files":[],"eh-specs-main-title":"","eh-specs":[],"eh-icons-reduced-section":"","eh-icons-1":[],"eh-patients-title":"","eh-patients":[],"eh-patients-nopic-title":"","eh-patients-nopic":[],"eh-video-title":"","eh-video":[],"eh-icons-2-reduced-section":"","eh-icons-2":[],"contact-zoom":"","contact-center":[],"contact-data-left-title":"","contact-data-left-content":"","contact-lat":"","contact-long":"","contact-bubble":"","contact-title-form":"","contact-text-form":"","contact-shortcode-form":"","contact-title-widget":"","contact-text-widget":"","contact-shortcode-widget":"","page-header":[],"page-header-text":"Centro M\u00e9dico Teknon","page-header-english":"","page-header-english-page-id":"","page-content-title":"Instalaciones","home-slides":[],"page-content-text-1":"","page-content-text-2":"","page-content-image-1":[],"page-content-video":"","page-content-text-3":"","page-content-image-2":[],"page-content-text-4":"","page-content-image-3":[],"page-excerpt-title":"","page-excerpt-text":"","page-related-enable":"0","related-content":[],"getcontent":[],"home-text-block":[],"home-blue-text":"","home-blue-image":[],"home-contact-form":[],"team-doctor-name":"","team-doctor-position":"","team-doctor-txt":"","team-doctor-btn":"","team-doctor-page":"","team-doctor-img":[],"team-img-fullwidth":[],"contact-link":"","contact-msg":"","contact-subject":"","contact-lat-2":"","contact-long-2":"","contact-bubble-2":"","contact-data":"","contact-tour-title":"","contact-tour-link":"","contact-tour-image":[],"contact-form":[],"faq-type":false,"item-row":[{"scheme":"onlytext","layout-color":"white","row-padding":"without-padding","item-text":"El Instituto Maxilofacial se encuentra en el Centro M\u00e9dico Teknon, un centro de referencia mundial de la salud.\r\n<h4>\u00bfQu\u00e9 le caracteriza?<\/h4>","video-explica-rows":[{"item-slide-video-type":"input_embed"}],"item-row-icon-image-1":"Icono-1.png","item-row-icon-image-2":"Icono-1.png","item-row-icon-image-3":"Icono-1.png","item-row-icon-image-4":"Icono-1.png","item-cta-page":"5633","item-cta-size":"btn-big"},{"scheme":"textimage","layout-color":"white","row-padding":"normal-padding","item-text":"<strong>Un campus con m\u00e1s de 60.000 m2<\/strong>\r\n\r\nLas instalaciones actuales, inauguradas en 1994, cubren m\u00e1s de 60.000 m2. El campus del <strong>Centro M\u00e9dico Teknon<\/strong> se divide en ocho grandes \u00e1reas, todas ellas conectadas entre s\u00ed y con acceso directo desde las 1.000 plazas de aparcamiento de que dispone el Centro.\r\n\r\nOfrece una hospitalizaci\u00f3n con habitaciones muy luminosas, climatizaci\u00f3n individualizada, TV y todo el equipamiento m\u00e9dico-sanitario preciso. Por otro lado, el Centro cuenta tambi\u00e9n con 300 habitaciones individuales y 19 suites.","video-explica-rows":[{"item-slide-video-type":"input_embed"}],"item-images":["8119"],"item-bg-size-contain":["on"],"item-row-icon-image-1":"Icono-1.png","item-row-icon-image-2":"Icono-1.png","item-row-icon-image-3":"Icono-1.png","item-row-icon-image-4":"Icono-1.png","item-cta-page":"5633","item-cta-size":"btn-big"},{"scheme":"imagetext","layout-color":"white","row-padding":"small-padding","item-text":"<strong>Hospital de d\u00eda<\/strong>\r\n\r\nEl Hospital de D\u00eda fue creado para todos aquellos pacientes cuyo tratamiento no precisa pernoctar en el Centro y cuenta con 42 habitaciones y 3 quir\u00f3fanos de Cirug\u00eda Ambulatoria.\r\n\r\n<strong>Unidad de Cuidados Intensivos (UCI)<\/strong>\r\n\r\nLa Unidad de Cuidados Intensivos dispone de 14 boxes de UCI polivalentes para ni\u00f1os y adultos.\r\n\r\n<strong>M\u00e1s de 300 profesionales a la disposici\u00f3n de los pacientes<\/strong>\r\n\r\nConsultorios con un cuerpo facultativo de m\u00e1s de 300 profesionales m\u00e9dicos que cubren todas las especialidades m\u00e9dico-quir\u00fargicas de adultos y ni\u00f1os. Todos los servicios est\u00e1n conectados entre s\u00ed mediante circuitos internos exclusivos para los pacientes.","video-explica-rows":[{"item-slide-video-type":"input_embed"}],"item-images":["8115"],"item-bg-size-contain":["on"],"item-row-icon-image-1":"Icono-1.png","item-row-icon-image-2":"Icono-1.png","item-row-icon-image-3":"Icono-1.png","item-row-icon-image-4":"Icono-1.png","item-cta-page":"5633","item-cta-size":"btn-big"},{"scheme":"textimage","layout-color":"white","row-padding":"small-padding","item-text":"<strong>20 quir\u00f3fanos de \u00faltima generaci\u00f3n<\/strong>\r\n\r\nEl \u00c1rea Quir\u00fargica dispone de 20 quir\u00f3fanos equipados con la tecnolog\u00eda m\u00e9dica m\u00e1s avanzada, en los que se realizan unas 14.000 intervenciones anuales.\r\n\r\n<strong>Servicio de Urgencias<\/strong>\r\n\r\nEl Servicio de Urgencias est\u00e1 permanentemente de guardia las 24 horas del d\u00eda, 365 d\u00edas al a\u00f1o. Cuenta con un equipo de profesionales de primera l\u00ednea y con los medios t\u00e9cnicos m\u00e1s avanzados para responder con rapidez, eficacia y seguridad a las 300 urgencias diarias que atiende de media el <strong>Centro M\u00e9dico Teknon<\/strong>.","video-explica-rows":[{"item-slide-video-type":"input_embed"}],"item-images":["994"],"item-row-icon-image-1":"Icono-1.png","item-row-icon-image-2":"Icono-1.png","item-row-icon-image-3":"Icono-1.png","item-row-icon-image-4":"Icono-1.png","item-cta-page":"5633","item-cta-size":"btn-big"}],"chatbot-code":"","lateral-reducedheader":"","lateral-content-type":"","lateral-title":"","lateral-intro":"","lateral-form":"","lateral-popup":"","lateral-popup-pages":[],"lateral-cta-text":"","lateral-cta-page":"","item-type":"","item-tax":false,"iframe-tuotempo":"","iframe-subs-es":"","iframe-subs-en":"","iframe-subs-ca":"","blog-default-image":[],"activity-events-date":"","activity-page-past":"","noticias-default-image":[]},"_links":{"self":[{"href":"https:\/\/content.www.institutomaxilofacial.com\/es\/wp-json\/wp\/v2\/pages\/121","targetHints":{"allow":["GET"]}}],"collection":[{"href":"https:\/\/content.www.institutomaxilofacial.com\/es\/wp-json\/wp\/v2\/pages"}],"about":[{"href":"https:\/\/content.www.institutomaxilofacial.com\/es\/wp-json\/wp\/v2\/types\/page"}],"author":[{"embeddable":true,"href":"https:\/\/content.www.institutomaxilofacial.com\/es\/wp-json\/wp\/v2\/users\/1"}],"replies":[{"embeddable":true,"href":"https:\/\/content.www.institutomaxilofacial.com\/es\/wp-json\/wp\/v2\/comments?post=121"}],"version-history":[{"count":5,"href":"https:\/\/content.www.institutomaxilofacial.com\/es\/wp-json\/wp\/v2\/pages\/121\/revisions"}],"predecessor-version":[{"id":6153,"href":"https:\/\/content.www.institutomaxilofacial.com\/es\/wp-json\/wp\/v2\/pages\/121\/revisions\/6153"}],"up":[{"embeddable":true,"href":"https:\/\/content.www.institutomaxilofacial.com\/es\/wp-json\/wp\/v2\/pages\/19"}],"wp:featuredmedia":[{"embeddable":true,"href":"https:\/\/content.www.institutomaxilofacial.com\/es\/wp-json\/wp\/v2\/media\/8118"}],"wp:attachment":[{"href":"https:\/\/content.www.institutomaxilofacial.com\/es\/wp-json\/wp\/v2\/media?parent=121"}],"curies":[{"name":"wp","href":"https:\/\/api.w.org\/{rel}","templated":true}]}}