{"id":123,"date":"2016-03-08T12:07:56","date_gmt":"2016-03-08T12:07:56","guid":{"rendered":"https:\/\/content.www.institutomaxilofacial.com\/?page_id=123"},"modified":"2024-03-18T18:45:00","modified_gmt":"2024-03-18T16:45:00","slug":"on-som","status":"publish","type":"page","link":"https:\/\/content.www.institutomaxilofacial.com\/es\/acerca-del-instituto\/donde-estamos\/","title":{"rendered":"\u00bfD\u00f3nde estamos?"},"content":{"rendered":"","protected":false},"excerpt":{"rendered":"","protected":false},"author":1,"featured_media":0,"parent":19,"menu_order":50,"comment_status":"closed","ping_status":"closed","template":"template-contact.php","meta":{"footnotes":""},"class_list":["post-123","page","type-page","status-publish","hentry"],"yoast_head":"<!-- This site is optimized with the Yoast SEO plugin v27.2 - https:\/\/yoast.com\/product\/yoast-seo-wordpress\/ -->\n<title>\u00bfD\u00f3nde estamos? - Instituto Maxilofacial<\/title>\n<meta name=\"description\" content=\"Contactan&#039;s i troba&#039;ns a Centre M\u00e8dic Teknon, Carrer Vilana, 12 (Off. 185) 08022 - Barcelona i Hospital Quir\u00f3nsalud, Artes Gr\u00e1ficas, 4 - Valencia.\" \/>\n<meta name=\"robots\" content=\"index, follow, max-snippet:-1, max-image-preview:large, max-video-preview:-1\" \/>\n<link rel=\"canonical\" href=\"https:\/\/content.www.institutomaxilofacial.com\/es\/wp-json\/wp\/v2\/pages\/123\/\" \/>\n<meta property=\"og:locale\" content=\"es_ES\" \/>\n<meta property=\"og:type\" content=\"article\" \/>\n<meta property=\"og:title\" content=\"\u00bfD\u00f3nde estamos? - Instituto Maxilofacial\" \/>\n<meta property=\"og:description\" content=\"{:ca}Contactan&#039;s i troba&#039;ns a Centre M\u00e8dic Teknon, Carrer Vilana, 12 (Off. 185) 08022 - Barcelona i Hospital Quir\u00f3nsalud, Artes Gr\u00e1ficas, 4 - Valencia.{:}\" \/>\n<meta property=\"og:url\" content=\"https:\/\/content.www.institutomaxilofacial.com\/es\/acerca-del-instituto\/donde-estamos\/\" \/>\n<meta property=\"og:site_name\" content=\"Instituto Maxilofacial\" \/>\n<meta property=\"article:modified_time\" content=\"2024-03-18T16:45:00+00:00\" \/>\n<meta name=\"twitter:card\" content=\"summary_large_image\" \/>\n<script type=\"application\/ld+json\" class=\"yoast-schema-graph\">{\"@context\":\"https:\/\/schema.org\",\"@graph\":[{\"@type\":\"WebPage\",\"@id\":\"https:\/\/content.www.institutomaxilofacial.com\/es\/acerca-del-instituto\/donde-estamos\/\",\"url\":\"https:\/\/content.www.institutomaxilofacial.com\/es\/acerca-del-instituto\/donde-estamos\/\",\"name\":\"\u00bfD\u00f3nde estamos? - Instituto Maxilofacial\",\"isPartOf\":{\"@id\":\"https:\/\/content.www.institutomaxilofacial.com\/ca\/#website\"},\"datePublished\":\"2016-03-08T12:07:56+00:00\",\"dateModified\":\"2024-03-18T16:45:00+00:00\",\"description\":\"{:ca}Contactan's i troba'ns a Centre M\u00e8dic Teknon, Carrer Vilana, 12 (Off. 185) 08022 - Barcelona i Hospital Quir\u00f3nsalud, Artes Gr\u00e1ficas, 4 - Valencia.{:}\",\"breadcrumb\":{\"@id\":\"https:\/\/content.www.institutomaxilofacial.com\/es\/acerca-del-instituto\/donde-estamos\/#breadcrumb\"},\"inLanguage\":\"es\",\"potentialAction\":[{\"@type\":\"ReadAction\",\"target\":[\"https:\/\/content.www.institutomaxilofacial.com\/es\/acerca-del-instituto\/donde-estamos\/\"]}]},{\"@type\":\"BreadcrumbList\",\"@id\":\"https:\/\/content.www.institutomaxilofacial.com\/es\/acerca-del-instituto\/donde-estamos\/#breadcrumb\",\"itemListElement\":[{\"@type\":\"ListItem\",\"position\":1,\"name\":\"Portada\",\"item\":\"https:\/\/content.www.institutomaxilofacial.com\/es\/\"},{\"@type\":\"ListItem\",\"position\":2,\"name\":\"Acerca del Instituto\",\"item\":\"https:\/\/content.www.institutomaxilofacial.com\/es\/acerca-del-instituto\/\"},{\"@type\":\"ListItem\",\"position\":3,\"name\":\"\u00bfD\u00f3nde estamos?\"}]},{\"@type\":\"WebSite\",\"@id\":\"https:\/\/content.www.institutomaxilofacial.com\/ca\/#website\",\"url\":\"https:\/\/content.www.institutomaxilofacial.com\/ca\/\",\"name\":\"Instituto Maxilofacial\",\"description\":\"Expertos en Cirug\u00eda Ortogn\u00e1tica y Ortofacial.  Precisi\u00f3n, experiencia y pasi\u00f3n por la innovaci\u00f3n\",\"potentialAction\":[{\"@type\":\"SearchAction\",\"target\":{\"@type\":\"EntryPoint\",\"urlTemplate\":\"https:\/\/content.www.institutomaxilofacial.com\/ca\/?s={search_term_string}\"},\"query-input\":{\"@type\":\"PropertyValueSpecification\",\"valueRequired\":true,\"valueName\":\"search_term_string\"}}],\"inLanguage\":\"es\"}]}<\/script>\n<!-- \/ Yoast SEO plugin. -->","yoast_head_json":{"title":"\u00bfD\u00f3nde estamos? - Instituto Maxilofacial","description":"Contactan's i troba'ns a Centre M\u00e8dic Teknon, Carrer Vilana, 12 (Off. 185) 08022 - Barcelona i Hospital Quir\u00f3nsalud, Artes Gr\u00e1ficas, 4 - Valencia.","robots":{"index":"index","follow":"follow","max-snippet":"max-snippet:-1","max-image-preview":"max-image-preview:large","max-video-preview":"max-video-preview:-1"},"canonical":"https:\/\/content.www.institutomaxilofacial.com\/es\/wp-json\/wp\/v2\/pages\/123\/","og_locale":"es_ES","og_type":"article","og_title":"\u00bfD\u00f3nde estamos? - Instituto Maxilofacial","og_description":"{:ca}Contactan's i troba'ns a Centre M\u00e8dic Teknon, Carrer Vilana, 12 (Off. 185) 08022 - Barcelona i Hospital Quir\u00f3nsalud, Artes Gr\u00e1ficas, 4 - Valencia.{:}","og_url":"https:\/\/content.www.institutomaxilofacial.com\/es\/acerca-del-instituto\/donde-estamos\/","og_site_name":"Instituto Maxilofacial","article_modified_time":"2024-03-18T16:45:00+00:00","twitter_card":"summary_large_image","schema":{"@context":"https:\/\/schema.org","@graph":[{"@type":"WebPage","@id":"https:\/\/content.www.institutomaxilofacial.com\/es\/acerca-del-instituto\/donde-estamos\/","url":"https:\/\/content.www.institutomaxilofacial.com\/es\/acerca-del-instituto\/donde-estamos\/","name":"\u00bfD\u00f3nde estamos? - Instituto Maxilofacial","isPartOf":{"@id":"https:\/\/content.www.institutomaxilofacial.com\/ca\/#website"},"datePublished":"2016-03-08T12:07:56+00:00","dateModified":"2024-03-18T16:45:00+00:00","description":"{:ca}Contactan's i troba'ns a Centre M\u00e8dic Teknon, Carrer Vilana, 12 (Off. 185) 08022 - Barcelona i Hospital Quir\u00f3nsalud, Artes Gr\u00e1ficas, 4 - Valencia.{:}","breadcrumb":{"@id":"https:\/\/content.www.institutomaxilofacial.com\/es\/acerca-del-instituto\/donde-estamos\/#breadcrumb"},"inLanguage":"es","potentialAction":[{"@type":"ReadAction","target":["https:\/\/content.www.institutomaxilofacial.com\/es\/acerca-del-instituto\/donde-estamos\/"]}]},{"@type":"BreadcrumbList","@id":"https:\/\/content.www.institutomaxilofacial.com\/es\/acerca-del-instituto\/donde-estamos\/#breadcrumb","itemListElement":[{"@type":"ListItem","position":1,"name":"Portada","item":"https:\/\/content.www.institutomaxilofacial.com\/es\/"},{"@type":"ListItem","position":2,"name":"Acerca del Instituto","item":"https:\/\/content.www.institutomaxilofacial.com\/es\/acerca-del-instituto\/"},{"@type":"ListItem","position":3,"name":"\u00bfD\u00f3nde estamos?"}]},{"@type":"WebSite","@id":"https:\/\/content.www.institutomaxilofacial.com\/ca\/#website","url":"https:\/\/content.www.institutomaxilofacial.com\/ca\/","name":"Instituto Maxilofacial","description":"Expertos en Cirug\u00eda Ortogn\u00e1tica y Ortofacial.  Precisi\u00f3n, experiencia y pasi\u00f3n por la innovaci\u00f3n","potentialAction":[{"@type":"SearchAction","target":{"@type":"EntryPoint","urlTemplate":"https:\/\/content.www.institutomaxilofacial.com\/ca\/?s={search_term_string}"},"query-input":{"@type":"PropertyValueSpecification","valueRequired":true,"valueName":"search_term_string"}}],"inLanguage":"es"}]}},"meta_box":{"caso-clinico-taxonomy":[],"caso-clinico-casos":[],"categoria-home-header-title":"","categoria-home-header-image":[],"categoria-home-intro-text":"","cta-cita-title":"","cta-cita-text":"","cta-cita-button-text":"","cta-cita-button-link":"","cta-cita-button-link-external":"","cta-cita-image":[],"cta-cita-image-mobile":[],"categoria-page-info-title":"","categoria-page-info-image":[],"categoria-page-header-title":"","categoria-page-header-image":[],"categoria-page-intro-text":"","categoria-page-intro-image":[],"categoria-page-intro-image-mobile":[],"categoria-page-intro-image-position":"","categoria-page-intro-image-position-mobile":"","categoria-page-intro-content":"","categoria-page-intro-highlights":[],"categoria-page-blocks":[],"categoria-page-benefits-active":"","categoria-page-benefits-title":"","categoria-page-benefits-text":"","categoria-page-benefits-image":[],"categoria-page-benefits-image-mobile":[],"categoria-page-button-text":"","categoria-page-button-link":"","categoria-page-button-link-external":"","categoria-page-cta1-title":"","categoria-page-cta1-text":"","categoria-page-cta1-button-text":"","categoria-page-cta1-button-link":"","categoria-page-cta2-title":"","categoria-page-cta2-text":"","categoria-page-cta2-button-text":"","categoria-page-cta2-button-link":"","contacto-name":"","contacto-address":"","contacto-tlf":"","contacto-fax":"","contacto-image":[],"contacto-lat":"","contacto-lng":"","contacto-map-zoom":"","contacto-map-lat":"","contacto-map-lng":"","contacto-form":"","faqs-taxonomy":[],"estetica-home-header-title":"","estetica-home-header-image":[],"estetica-home-intro-title":"","estetica-home-intro-text":"","estetica-home-cirugia-title":"","estetica-home-medicina-title":"","estetica-home-descubre-title":"","estetica-home-descubre-text":"","estetica-home-descubre-image":[],"estetica-home-descubre-background":[],"estetica-home-descubre-background-mobile":[],"estetica-home-cta1-title":"","estetica-home-cta1-text":"","estetica-home-cta1-button-text":"","estetica-home-cta1-button-link":"","estetica-home-cta1-image":[],"estetica-home-cta2-title":"","estetica-home-cta2-text":"","estetica-home-cta2-button-text":"","estetica-home-cta2-button-link":"","estetica-home-cta2-image":[],"estetica-home-posts-title":"","estetica-home-posts-button-text":"","estetica-home-faq-title":"","estetica-home-faqs":[],"estetica-home-faq-button-text":"","estetica-home-faq-button-link":"","stetik-iframe-url":"","interior-show-breadcrumb":"","interior-header-title":"","interior-header-image":[],"interior-blocks":[],"is-stetik-studio":"no","stetik-team-header-title":"","stetik-team-header-image":[],"stetik-team-intro-text":"","stetik-team-team-title":"","stetik-team-team-professional":[],"video-consulta-text":"","video-consulta-form":"","voz-experto-taxonomy":[],"landing-apnea-header-title":"","landing-apnea-header-subtitle":"","landing-apnea-header-image":[],"landing-apnea-header-pide-cita":"","landing-apnea-header-typeform":"","landing-apnea-blocks":[],"landing-apnea-intro-title":"","landing-apnea-intro-text":"","landing-apnea-highlight-items":[],"landing-apnea-blocks-2":[],"landing-apnea-testimonials-title":"","landing-apnea-testimonials-text":"","landing-apnea-testimonials-videos":[],"landing-apnea-hero-text":"","landing-apnea-faq-title":"","landing-apnea-faqs":[],"landing-apnea-prefooter-text":"","landing-apnea-prefooter-nota":"","redirect-page":"","shortcodeform-code":"","redirect-page-es":"","redirect-page-en":"","redirect-page-ca":"","login-page-need":"0","login-page":"","eh-cover-image":[],"eh-cover-image-mobile":[],"eh-cover-title":"","eh-cover-subtitle":"","eh-cover-text":"","eh-cover-btn1-text":"","eh-cover-btn1-page-id":"","eh-cover-btn2-text":"","eh-cover-btn2-video-files":[],"eh-specs-main-title":"","eh-specs":[],"eh-icons-reduced-section":"","eh-icons-1":[],"eh-patients-title":"","eh-patients":[],"eh-patients-nopic-title":"","eh-patients-nopic":[],"eh-video-title":"","eh-video":[],"eh-icons-2-reduced-section":"","eh-icons-2":[],"contact-zoom":"6","contact-center":{"contact-center-lat":"41.40641","contact-center-long":"2.12693"},"contact-data-left-title":"","contact-data-left-content":"","contact-lat":"41.40641","contact-long":"2.12693","contact-bubble":"Instituto Maxilofacial<br>\r\nCarrer Vilana, 12 (Off. 185) 08022 - Barcelona","contact-title-form":"","contact-text-form":"","contact-shortcode-form":"","contact-title-widget":"","contact-text-widget":"","contact-shortcode-widget":"","page-header":[{"width":1200,"height":367,"file":"2018\/08\/donde-estamos-.jpg","sizes":{"thumbnail":{"file":"donde-estamos--335x200.jpg","width":335,"height":200,"mime-type":"image\/jpeg"},"medium":{"file":"donde-estamos--530x162.jpg","width":530,"height":162,"mime-type":"image\/jpeg"},"large":{"file":"donde-estamos--1125x344.jpg","width":1125,"height":344,"mime-type":"image\/jpeg"},"thumbnail_custom":{"file":"donde-estamos--200x61.jpg","width":200,"height":61,"mime-type":"image\/jpeg"},"box_thumb":{"file":"donde-estamos--300x200.jpg","width":300,"height":200,"mime-type":"image\/jpeg"},"post_thumb":{"file":"donde-estamos--600x367.jpg","width":600,"height":367,"mime-type":"image\/jpeg"},"logo_footer":{"file":"donde-estamos--125x38.jpg","width":125,"height":38,"mime-type":"image\/jpeg"},"slider":{"file":"donde-estamos--1000x350.jpg","width":1000,"height":350,"mime-type":"image\/jpeg"}},"image_meta":{"aperture":"0","credit":"","camera":"","caption":"","created_timestamp":"0","copyright":"","focal_length":"0","iso":"0","shutter_speed":"0","title":"","orientation":"0","keywords":[]},"ID":"8123","name":"donde-estamos-.jpg","path":"\/var\/www\/vhosts\/prod\/content.www.institutomaxilofacial.com\/wp-content\/uploads\/2018\/08\/donde-estamos-.jpg","url":"https:\/\/content.www.institutomaxilofacial.com\/wp-content\/uploads\/2018\/08\/donde-estamos-.jpg","title":"donde estamos-"}],"page-header-text":"","page-header-english":"0","page-header-english-page-id":"","page-content-title":"","home-slides":[],"page-content-text-1":"","page-content-text-2":"","page-content-image-1":[],"page-content-video":"","page-content-text-3":"","page-content-image-2":[],"page-content-text-4":"","page-content-image-3":[],"page-excerpt-title":"","page-excerpt-text":"","page-related-enable":"1","related-content":[],"getcontent":[],"home-text-block":[],"home-blue-text":"","home-blue-image":[],"home-contact-form":[],"team-doctor-name":"","team-doctor-position":"","team-doctor-txt":"","team-doctor-btn":"","team-doctor-page":"","team-doctor-img":[],"team-img-fullwidth":[],"contact-link":"https:\/\/www.google.com\/maps\/place\/Instituto+Maxilofacial\/@41.406981,2.1258803,17z\/data=!3m1!4b1!4m5!3m4!1s0x12a498143784f411:0xf2aea9bca80a5e77!8m2!3d41.406977!4d2.128069","contact-msg":"Instituto Maxilofacial: Ven a visitarnos a Teknon","contact-subject":"Instituto Maxilofacial","contact-lat-2":"","contact-long-2":"","contact-bubble-2":"","contact-data":"Centro M\u00e9dico Teknon\r\nCarrer Vilana, 12 (Off. 185)\r\n08022 - Barcelona\r\nTel: 933 933 185 - Fax: 933 933 085\r\natencionpaciente@institutomaxilofacial.com","contact-tour-title":"Tour Virtual","contact-tour-link":"https:\/\/www.google.com\/maps\/place\/Instituto+Maxilofacial\/@41.4069979,2.1280271,3a,75y,90t\/data=!3m8!1e2!3m6!1sx3zHD1VdrsYAAAQvvnVD9A!2e0!3e3!6slh3.googleusercontent.comproxyrNje6DNt9aUlIzROI59emTEJL9PkBZ_i8OnHGiOYSYa5JnIBgDi_Rrx7pQI6n3Bzloja2erz86lK2HzSo-8uEp6BweoLsraDAbiPDiVnDbOrywr2Ej5xasJx3Dd_jJ9lXcVuHrYHoj4XUbE3ji5RTlTQvyAw203-h135!7i1280!8i853!4m5!3m4!1s0x12a498143784f411:0xf2aea9bca80a5e77!8m2!3d41.406977!4d2.128069!6m1!1e1","contact-tour-image":[{"width":2667,"height":2108,"file":"2018\/08\/tour-virtual.jpg","sizes":{"thumbnail":{"file":"tour-virtual-335x200.jpg","width":335,"height":200,"mime-type":"image\/jpeg"},"medium":{"file":"tour-virtual-530x419.jpg","width":530,"height":419,"mime-type":"image\/jpeg"},"large":{"file":"tour-virtual-1125x889.jpg","width":1125,"height":889,"mime-type":"image\/jpeg"},"thumbnail_custom":{"file":"tour-virtual-200x158.jpg","width":200,"height":158,"mime-type":"image\/jpeg"},"box_thumb":{"file":"tour-virtual-300x200.jpg","width":300,"height":200,"mime-type":"image\/jpeg"},"post_thumb":{"file":"tour-virtual-600x400.jpg","width":600,"height":400,"mime-type":"image\/jpeg"},"logo_footer":{"file":"tour-virtual-125x99.jpg","width":125,"height":99,"mime-type":"image\/jpeg"},"blue_image":{"file":"tour-virtual-1500x2000.jpg","width":1500,"height":2000,"mime-type":"image\/jpeg"},"slider":{"file":"tour-virtual-1000x350.jpg","width":1000,"height":350,"mime-type":"image\/jpeg"}},"image_meta":{"aperture":"0","credit":"","camera":"","caption":"","created_timestamp":"0","copyright":"","focal_length":"0","iso":"0","shutter_speed":"0","title":"","orientation":"0","keywords":[]},"ID":"8120","name":"tour-virtual.jpg","path":"\/var\/www\/vhosts\/prod\/content.www.institutomaxilofacial.com\/wp-content\/uploads\/2018\/08\/tour-virtual.jpg","url":"https:\/\/content.www.institutomaxilofacial.com\/wp-content\/uploads\/2018\/08\/tour-virtual.jpg","title":"tour virtual"}],"contact-form":{"contact-form-es":"[contact-form-7 id=\"251\" title=\"Contacto home\"]","contact-form-en":"[contact-form-7 id=\"6953\" title=\"Contacto home (int)\"]","contact-form-ca":"[contact-form-7 id=\"251\" title=\"Contacto home\"]"},"faq-type":false,"item-row":[],"chatbot-code":"","lateral-reducedheader":"","lateral-content-type":"","lateral-title":"","lateral-intro":"","lateral-form":"","lateral-popup":"","lateral-popup-pages":[],"lateral-cta-text":"","lateral-cta-page":"","item-type":"","item-tax":false,"iframe-tuotempo":"","iframe-subs-es":"","iframe-subs-en":"","iframe-subs-ca":"","blog-default-image":[],"activity-events-date":"","activity-page-past":"","noticias-default-image":[]},"_links":{"self":[{"href":"https:\/\/content.www.institutomaxilofacial.com\/es\/wp-json\/wp\/v2\/pages\/123","targetHints":{"allow":["GET"]}}],"collection":[{"href":"https:\/\/content.www.institutomaxilofacial.com\/es\/wp-json\/wp\/v2\/pages"}],"about":[{"href":"https:\/\/content.www.institutomaxilofacial.com\/es\/wp-json\/wp\/v2\/types\/page"}],"author":[{"embeddable":true,"href":"https:\/\/content.www.institutomaxilofacial.com\/es\/wp-json\/wp\/v2\/users\/1"}],"replies":[{"embeddable":true,"href":"https:\/\/content.www.institutomaxilofacial.com\/es\/wp-json\/wp\/v2\/comments?post=123"}],"version-history":[{"count":17,"href":"https:\/\/content.www.institutomaxilofacial.com\/es\/wp-json\/wp\/v2\/pages\/123\/revisions"}],"predecessor-version":[{"id":6221,"href":"https:\/\/content.www.institutomaxilofacial.com\/es\/wp-json\/wp\/v2\/pages\/123\/revisions\/6221"}],"up":[{"embeddable":true,"href":"https:\/\/content.www.institutomaxilofacial.com\/es\/wp-json\/wp\/v2\/pages\/19"}],"wp:attachment":[{"href":"https:\/\/content.www.institutomaxilofacial.com\/es\/wp-json\/wp\/v2\/media?parent=123"}],"curies":[{"name":"wp","href":"https:\/\/api.w.org\/{rel}","templated":true}]}}