{"id":125,"date":"2016-03-08T12:08:14","date_gmt":"2016-03-08T12:08:14","guid":{"rendered":"https:\/\/content.www.institutomaxilofacial.com\/?page_id=125"},"modified":"2019-05-09T08:24:26","modified_gmt":"2019-05-09T08:24:26","slug":"ultimes-tecnologies","status":"publish","type":"page","link":"https:\/\/content.www.institutomaxilofacial.com\/es\/centro-de-innovacion\/ultimas-tecnologias\/","title":{"rendered":"\u00daltimas tecnolog\u00edas"},"content":{"rendered":"","protected":false},"excerpt":{"rendered":"","protected":false},"author":1,"featured_media":0,"parent":21,"menu_order":10,"comment_status":"closed","ping_status":"closed","template":"template-modular.php","meta":{"footnotes":""},"class_list":["post-125","page","type-page","status-publish","hentry"],"yoast_head":"<!-- This site is optimized with the Yoast SEO plugin v27.2 - https:\/\/yoast.com\/product\/yoast-seo-wordpress\/ -->\n<title>\u00daltimas tecnolog\u00edas - Instituto Maxilofacial<\/title>\n<meta name=\"description\" content=\"Las t\u00e9cnicas y tratamientos m\u00e1s vanguardistas junto con la tecnolog\u00eda y aparatolog\u00eda m\u00e9dica m\u00e1s moderna al servicio de los clietes.\" \/>\n<meta name=\"robots\" content=\"index, follow, max-snippet:-1, max-image-preview:large, max-video-preview:-1\" \/>\n<link rel=\"canonical\" href=\"https:\/\/content.www.institutomaxilofacial.com\/es\/wp-json\/wp\/v2\/pages\/125\/\" \/>\n<meta property=\"og:locale\" content=\"es_ES\" \/>\n<meta property=\"og:type\" content=\"article\" \/>\n<meta property=\"og:title\" content=\"\u00daltimas tecnolog\u00edas - Instituto Maxilofacial\" \/>\n<meta property=\"og:description\" content=\"Las t\u00e9cnicas y tratamientos m\u00e1s vanguardistas junto con la tecnolog\u00eda y aparatolog\u00eda m\u00e9dica m\u00e1s moderna al servicio de los clietes.\" \/>\n<meta property=\"og:url\" content=\"https:\/\/content.www.institutomaxilofacial.com\/en\/innovation-centre\/latest-technologies\/\" \/>\n<meta property=\"og:site_name\" content=\"Instituto Maxilofacial\" \/>\n<meta property=\"article:modified_time\" content=\"2019-05-09T08:24:26+00:00\" \/>\n<meta name=\"twitter:card\" content=\"summary_large_image\" \/>\n<script type=\"application\/ld+json\" class=\"yoast-schema-graph\">{\"@context\":\"https:\/\/schema.org\",\"@graph\":[{\"@type\":\"WebPage\",\"@id\":\"https:\/\/content.www.institutomaxilofacial.com\/en\/innovation-centre\/latest-technologies\/\",\"url\":\"https:\/\/content.www.institutomaxilofacial.com\/en\/innovation-centre\/latest-technologies\/\",\"name\":\"\u00daltimas tecnolog\u00edas - Instituto Maxilofacial\",\"isPartOf\":{\"@id\":\"https:\/\/content.www.institutomaxilofacial.com\/ca\/#website\"},\"datePublished\":\"2016-03-08T12:08:14+00:00\",\"dateModified\":\"2019-05-09T08:24:26+00:00\",\"description\":\"Las t\u00e9cnicas y tratamientos m\u00e1s vanguardistas junto con la tecnolog\u00eda y aparatolog\u00eda m\u00e9dica m\u00e1s moderna al servicio de los clietes.\",\"breadcrumb\":{\"@id\":\"https:\/\/content.www.institutomaxilofacial.com\/en\/innovation-centre\/latest-technologies\/#breadcrumb\"},\"inLanguage\":\"es\",\"potentialAction\":[{\"@type\":\"ReadAction\",\"target\":[\"https:\/\/content.www.institutomaxilofacial.com\/en\/innovation-centre\/latest-technologies\/\"]}]},{\"@type\":\"BreadcrumbList\",\"@id\":\"https:\/\/content.www.institutomaxilofacial.com\/en\/innovation-centre\/latest-technologies\/#breadcrumb\",\"itemListElement\":[{\"@type\":\"ListItem\",\"position\":1,\"name\":\"Portada\",\"item\":\"https:\/\/content.www.institutomaxilofacial.com\/es\/\"},{\"@type\":\"ListItem\",\"position\":2,\"name\":\"Centro de Innovaci\u00f3n\",\"item\":\"https:\/\/content.www.institutomaxilofacial.com\/es\/centro-de-innovacion\/\"},{\"@type\":\"ListItem\",\"position\":3,\"name\":\"Latest Technologies\"}]},{\"@type\":\"WebSite\",\"@id\":\"https:\/\/content.www.institutomaxilofacial.com\/ca\/#website\",\"url\":\"https:\/\/content.www.institutomaxilofacial.com\/ca\/\",\"name\":\"Instituto Maxilofacial\",\"description\":\"Expertos en Cirug\u00eda Ortogn\u00e1tica y Ortofacial.  Precisi\u00f3n, experiencia y pasi\u00f3n por la innovaci\u00f3n\",\"potentialAction\":[{\"@type\":\"SearchAction\",\"target\":{\"@type\":\"EntryPoint\",\"urlTemplate\":\"https:\/\/content.www.institutomaxilofacial.com\/ca\/?s={search_term_string}\"},\"query-input\":{\"@type\":\"PropertyValueSpecification\",\"valueRequired\":true,\"valueName\":\"search_term_string\"}}],\"inLanguage\":\"es\"}]}<\/script>\n<!-- \/ Yoast SEO plugin. -->","yoast_head_json":{"title":"\u00daltimas tecnolog\u00edas - Instituto Maxilofacial","description":"Las t\u00e9cnicas y tratamientos m\u00e1s vanguardistas junto con la tecnolog\u00eda y aparatolog\u00eda m\u00e9dica m\u00e1s moderna al servicio de los clietes.","robots":{"index":"index","follow":"follow","max-snippet":"max-snippet:-1","max-image-preview":"max-image-preview:large","max-video-preview":"max-video-preview:-1"},"canonical":"https:\/\/content.www.institutomaxilofacial.com\/es\/wp-json\/wp\/v2\/pages\/125\/","og_locale":"es_ES","og_type":"article","og_title":"\u00daltimas tecnolog\u00edas - Instituto Maxilofacial","og_description":"Las t\u00e9cnicas y tratamientos m\u00e1s vanguardistas junto con la tecnolog\u00eda y aparatolog\u00eda m\u00e9dica m\u00e1s moderna al servicio de los clietes.","og_url":"https:\/\/content.www.institutomaxilofacial.com\/en\/innovation-centre\/latest-technologies\/","og_site_name":"Instituto Maxilofacial","article_modified_time":"2019-05-09T08:24:26+00:00","twitter_card":"summary_large_image","schema":{"@context":"https:\/\/schema.org","@graph":[{"@type":"WebPage","@id":"https:\/\/content.www.institutomaxilofacial.com\/en\/innovation-centre\/latest-technologies\/","url":"https:\/\/content.www.institutomaxilofacial.com\/en\/innovation-centre\/latest-technologies\/","name":"\u00daltimas tecnolog\u00edas - Instituto Maxilofacial","isPartOf":{"@id":"https:\/\/content.www.institutomaxilofacial.com\/ca\/#website"},"datePublished":"2016-03-08T12:08:14+00:00","dateModified":"2019-05-09T08:24:26+00:00","description":"Las t\u00e9cnicas y tratamientos m\u00e1s vanguardistas junto con la tecnolog\u00eda y aparatolog\u00eda m\u00e9dica m\u00e1s moderna al servicio de los clietes.","breadcrumb":{"@id":"https:\/\/content.www.institutomaxilofacial.com\/en\/innovation-centre\/latest-technologies\/#breadcrumb"},"inLanguage":"es","potentialAction":[{"@type":"ReadAction","target":["https:\/\/content.www.institutomaxilofacial.com\/en\/innovation-centre\/latest-technologies\/"]}]},{"@type":"BreadcrumbList","@id":"https:\/\/content.www.institutomaxilofacial.com\/en\/innovation-centre\/latest-technologies\/#breadcrumb","itemListElement":[{"@type":"ListItem","position":1,"name":"Portada","item":"https:\/\/content.www.institutomaxilofacial.com\/es\/"},{"@type":"ListItem","position":2,"name":"Centro de Innovaci\u00f3n","item":"https:\/\/content.www.institutomaxilofacial.com\/es\/centro-de-innovacion\/"},{"@type":"ListItem","position":3,"name":"Latest Technologies"}]},{"@type":"WebSite","@id":"https:\/\/content.www.institutomaxilofacial.com\/ca\/#website","url":"https:\/\/content.www.institutomaxilofacial.com\/ca\/","name":"Instituto Maxilofacial","description":"Expertos en Cirug\u00eda Ortogn\u00e1tica y Ortofacial.  Precisi\u00f3n, experiencia y pasi\u00f3n por la innovaci\u00f3n","potentialAction":[{"@type":"SearchAction","target":{"@type":"EntryPoint","urlTemplate":"https:\/\/content.www.institutomaxilofacial.com\/ca\/?s={search_term_string}"},"query-input":{"@type":"PropertyValueSpecification","valueRequired":true,"valueName":"search_term_string"}}],"inLanguage":"es"}]}},"meta_box":{"caso-clinico-taxonomy":[],"caso-clinico-casos":[],"categoria-home-header-title":"","categoria-home-header-image":[],"categoria-home-intro-text":"","cta-cita-title":"","cta-cita-text":"","cta-cita-button-text":"","cta-cita-button-link":"","cta-cita-button-link-external":"","cta-cita-image":[],"cta-cita-image-mobile":[],"categoria-page-info-title":"","categoria-page-info-image":[],"categoria-page-header-title":"","categoria-page-header-image":[],"categoria-page-intro-text":"","categoria-page-intro-image":[],"categoria-page-intro-image-mobile":[],"categoria-page-intro-image-position":"","categoria-page-intro-image-position-mobile":"","categoria-page-intro-content":"","categoria-page-intro-highlights":[],"categoria-page-blocks":[],"categoria-page-benefits-active":"","categoria-page-benefits-title":"","categoria-page-benefits-text":"","categoria-page-benefits-image":[],"categoria-page-benefits-image-mobile":[],"categoria-page-button-text":"","categoria-page-button-link":"","categoria-page-button-link-external":"","categoria-page-cta1-title":"","categoria-page-cta1-text":"","categoria-page-cta1-button-text":"","categoria-page-cta1-button-link":"","categoria-page-cta2-title":"","categoria-page-cta2-text":"","categoria-page-cta2-button-text":"","categoria-page-cta2-button-link":"","contacto-name":"","contacto-address":"","contacto-tlf":"","contacto-fax":"","contacto-image":[],"contacto-lat":"","contacto-lng":"","contacto-map-zoom":"","contacto-map-lat":"","contacto-map-lng":"","contacto-form":"","faqs-taxonomy":[],"estetica-home-header-title":"","estetica-home-header-image":[],"estetica-home-intro-title":"","estetica-home-intro-text":"","estetica-home-cirugia-title":"","estetica-home-medicina-title":"","estetica-home-descubre-title":"","estetica-home-descubre-text":"","estetica-home-descubre-image":[],"estetica-home-descubre-background":[],"estetica-home-descubre-background-mobile":[],"estetica-home-cta1-title":"","estetica-home-cta1-text":"","estetica-home-cta1-button-text":"","estetica-home-cta1-button-link":"","estetica-home-cta1-image":[],"estetica-home-cta2-title":"","estetica-home-cta2-text":"","estetica-home-cta2-button-text":"","estetica-home-cta2-button-link":"","estetica-home-cta2-image":[],"estetica-home-posts-title":"","estetica-home-posts-button-text":"","estetica-home-faq-title":"","estetica-home-faqs":[],"estetica-home-faq-button-text":"","estetica-home-faq-button-link":"","stetik-iframe-url":"","interior-show-breadcrumb":"","interior-header-title":"","interior-header-image":[],"interior-blocks":[],"is-stetik-studio":"","stetik-team-header-title":"","stetik-team-header-image":[],"stetik-team-intro-text":"","stetik-team-team-title":"","stetik-team-team-professional":[],"video-consulta-text":"","video-consulta-form":"","voz-experto-taxonomy":[],"landing-apnea-header-title":"","landing-apnea-header-subtitle":"","landing-apnea-header-image":[],"landing-apnea-header-pide-cita":"","landing-apnea-header-typeform":"","landing-apnea-blocks":[],"landing-apnea-intro-title":"","landing-apnea-intro-text":"","landing-apnea-highlight-items":[],"landing-apnea-blocks-2":[],"landing-apnea-testimonials-title":"","landing-apnea-testimonials-text":"","landing-apnea-testimonials-videos":[],"landing-apnea-hero-text":"","landing-apnea-faq-title":"","landing-apnea-faqs":[],"landing-apnea-prefooter-text":"","landing-apnea-prefooter-nota":"","redirect-page":"","shortcodeform-code":"","redirect-page-es":"","redirect-page-en":"","redirect-page-ca":"","login-page-need":"0","login-page":"","eh-cover-image":[],"eh-cover-image-mobile":[],"eh-cover-title":"","eh-cover-subtitle":"","eh-cover-text":"","eh-cover-btn1-text":"","eh-cover-btn1-page-id":"","eh-cover-btn2-text":"","eh-cover-btn2-video-files":[],"eh-specs-main-title":"","eh-specs":[],"eh-icons-reduced-section":"","eh-icons-1":[],"eh-patients-title":"","eh-patients":[],"eh-patients-nopic-title":"","eh-patients-nopic":[],"eh-video-title":"","eh-video":[],"eh-icons-2-reduced-section":"","eh-icons-2":[],"contact-zoom":"","contact-center":[],"contact-data-left-title":"","contact-data-left-content":"","contact-lat":"","contact-long":"","contact-bubble":"","contact-title-form":"","contact-text-form":"","contact-shortcode-form":"","contact-title-widget":"","contact-text-widget":"","contact-shortcode-widget":"","page-header":[{"width":1500,"height":1125,"file":"2016\/03\/Tecnologia-e1464693617348.jpg","sizes":{"thumbnail":{"file":"Tecnologia-e1464693617348-335x200.jpg","width":335,"height":200,"mime-type":"image\/jpeg"},"medium":{"file":"Tecnologia-e1464693617348-530x398.jpg","width":530,"height":398,"mime-type":"image\/jpeg"},"large":{"file":"Tecnologia-e1464693617348-1125x844.jpg","width":1125,"height":844,"mime-type":"image\/jpeg"},"thumbnail_custom":{"file":"Tecnologia-e1464693617348-200x150.jpg","width":200,"height":150,"mime-type":"image\/jpeg"},"box_thumb":{"file":"Tecnologia-e1464693617348-300x200.jpg","width":300,"height":200,"mime-type":"image\/jpeg"},"post_thumb":{"file":"Tecnologia-e1464693617348-600x400.jpg","width":600,"height":400,"mime-type":"image\/jpeg"},"logo_footer":{"file":"Tecnologia-e1464693617348-125x94.jpg","width":125,"height":94,"mime-type":"image\/jpeg"}},"image_meta":{"aperture":"0","credit":"","camera":"","caption":"Blue glowing hardware with particles, computer generated abstract background","created_timestamp":"0","copyright":"","focal_length":"0","iso":"0","shutter_speed":"0","title":"Blue glowing hardware with particles","orientation":"1","keywords":["future","technology","innovated","advance","background","futuristic","quantum","particles","computer","grid","network","hardware","abstract","cpu","gpu","tech","glow","blue","big","data","science","color","smart","linux","connection","digital","3d","power","ray","intelligent","machine","new","artificial","intelligence","depth of field","bokeh"]},"ID":"4667","name":"Tecnologia-e1464693617348.jpg","path":"\/var\/www\/vhosts\/prod\/content.www.institutomaxilofacial.com\/wp-content\/uploads\/2016\/03\/Tecnologia-e1464693617348.jpg","url":"https:\/\/content.www.institutomaxilofacial.com\/wp-content\/uploads\/2016\/03\/Tecnologia-e1464693617348.jpg","title":"Blue glowing hardware with particles"}],"page-header-text":"\u00daltimas tecnolog\u00edas","page-header-english":"0","page-header-english-page-id":"","page-content-title":"Centro de Innovaci\u00f3n","home-slides":[],"page-content-text-1":"","page-content-text-2":"","page-content-image-1":[],"page-content-video":"","page-content-text-3":"","page-content-image-2":[],"page-content-text-4":"","page-content-image-3":[],"page-excerpt-title":"","page-excerpt-text":"","page-related-enable":"0","related-content":[],"getcontent":[],"home-text-block":[],"home-blue-text":"","home-blue-image":[],"home-contact-form":[],"team-doctor-name":"","team-doctor-position":"","team-doctor-txt":"","team-doctor-btn":"","team-doctor-page":"","team-doctor-img":[],"team-img-fullwidth":[],"contact-link":"","contact-msg":"","contact-subject":"","contact-lat-2":"","contact-long-2":"","contact-bubble-2":"","contact-data":"","contact-tour-title":"","contact-tour-link":"","contact-tour-image":[],"contact-form":[],"faq-type":false,"item-row":[{"scheme":"imagetext","layout-color":"white","row-padding":"without-padding","item-text":"El <strong>Instituto Maxilofacial<\/strong> es uno de los centros m\u00e1s innovadores a nivel internacional en <strong>cirug\u00eda oral<\/strong> y <strong>maxilofacial<\/strong>. Los especialistas ponen al servicio de los pacientes las t\u00e9cnicas y tratamientos m\u00e1s vanguardistas junto con la tecnolog\u00eda y aparatolog\u00eda m\u00e9dica m\u00e1s moderna.\r\n<h4>\u00bfPor qu\u00e9 el Instituto Maxilofacial se define como un centro de innovaci\u00f3n?<\/h4>\r\nDesde los \u00faltimos 10 a\u00f1os aproximadamente se ha producido una revoluci\u00f3n tecnol\u00f3gica en el campo de la <strong>cirug\u00eda oral y maxilofacial<\/strong>. El <strong>Instituto Maxilofacial<\/strong> ha introducido desde el primer momento, convirti\u00e9ndose en l\u00edder mundial en este \u00e1mbito, toda la tecnolog\u00eda m\u00e9dica para proporcionar diagn\u00f3sticos m\u00e1s precisos y sobre todo, resultados mucho m\u00e1s exitosos. As\u00ed, el centro cuenta con:","video-explica-rows":[{"item-slide-video-type":"input_embed"}],"item-images":["8127"],"item-bg-size-contain":["on"],"item-row-icon-image-1":"Icono-1.png","item-row-icon-image-2":"Icono-1.png","item-row-icon-image-3":"Icono-1.png","item-row-icon-image-4":"Icono-1.png","item-cta-page":"5633","item-cta-size":"btn-big"},{"scheme":"textimage","layout-color":"white","row-padding":"without-padding","item-text":"<ul>\r\n \t<li><strong>Un esc\u00e1ner de haz c\u00f3nico de baja radiaci\u00f3n o CBCT (Cone Beam Computed Tomography)<\/strong>. El CBCT destaca positivamente por varias razones:\r\n<ul>\r\n \t<li>La dosis de radiaci\u00f3n que recibe el paciente es muy baja, <strong>75 CBCT<\/strong> equivalen a un <strong>Tac<\/strong> convencional.<\/li>\r\n \t<li>El tiempo de realizaci\u00f3n es muy corto, aproximadamente de unos dos minutos.<\/li>\r\n \t<li>Es un esc\u00e1ner abierto y, por ello, proporciona una mayor comodidad, evitando situaciones de claustrofobia.<\/li>\r\n \t<li>Las im\u00e1genes obtenidas a partir del Tac convencional tienen una resoluci\u00f3n mucho mayor que las del CBCT. Sin embargo, para conseguir esa calidad, la cantidad de radiaci\u00f3n que se aplica al paciente tambi\u00e9n es mayor. La calidad de las im\u00e1genes obtenidas con el CBCT no alcanza, por tanto, la resoluci\u00f3n de las obtenidas con el Tac pero su calidad es suficientemente alta como para poder diagnosticar y controlar las patolog\u00edas del macizo facial de una forma muy adecuada.<\/li>\r\n \t<li>La informaci\u00f3n obtenida se recoge en el formato DICOM que permite el procesamiento avanzado con software espec\u00edfico tanto de visualizaci\u00f3n como de planificaci\u00f3n terap\u00e9utica.<\/li>\r\n<\/ul>\r\n<\/li>\r\n<\/ul>","video-explica-rows":[{"item-slide-video-type":"input_embed"}],"item-images":["8126"],"item-bg-size-contain":["on"],"item-row-icon-image-1":"Icono-1.png","item-row-icon-image-2":"Icono-1.png","item-row-icon-image-3":"Icono-1.png","item-row-icon-image-4":"Icono-1.png","item-cta-page":"5633","item-cta-size":"btn-big"},{"scheme":"imagetext","layout-color":"white","row-padding":"without-padding","item-text":"<ul>\r\n \t<li><strong>Un esc\u00e1ner \u00f3ptico intraoral<\/strong>: este esc\u00e1ner permite recoger la anatom\u00eda tridimensional de los dientes gracias al empleo de tres microc\u00e1maras de alta definici\u00f3n. La imagen tridimensional obtenida se fusiona posteriormente con la obtenida en el <strong>CBCT<\/strong>, cre\u00e1ndose de esta manera un modelo virtual tridimensional del paciente que permite la planificaci\u00f3n prequir\u00fargica con m\u00e1xima precisi\u00f3n y fiabilidad por parte del <strong>cirujano maxilofacial<\/strong>.<\/li>\r\n<\/ul>","video-explica-rows":[{"item-slide-video-type":"input_embed"}],"item-images":["8125"],"item-bg-size-contain":["on"],"item-row-icon-image-1":"Icono-1.png","item-row-icon-image-2":"Icono-1.png","item-row-icon-image-3":"Icono-1.png","item-row-icon-image-4":"Icono-1.png","item-cta-page":"5633","item-cta-size":"btn-big"},{"scheme":"textimage","row-padding":"without-padding","item-text":"<ul>\r\n \t<li><strong>Software 3D especializado en cirug\u00eda oral y maxilofacial<\/strong>: en este software se procesa la informaci\u00f3n obtenida con el\u00a0<strong>esc\u00e1ner \u00f3ptico intraoral<\/strong>\u00a0y el\u00a0<strong>CBCT<\/strong>. Con ello, el\u00a0<strong>cirujano maxilofacial<\/strong>\u00a0anticipa, planifica y simula una cirug\u00eda virtual antes de la cirug\u00eda real en quir\u00f3fano e incluso puede compartir previamente los resultados virtuales con el paciente para incrementar su seguridad y satisfacci\u00f3n sobre los resultados reales.<\/li>\r\n \t<li><strong>Impresora 3D m\u00e9dica<\/strong>: recientemente el\u00a0<strong>Instituto Maxilofacial<\/strong>\u00a0ha incorporado una\u00a0<strong>impresora 3D<\/strong>\u00a0propia. A partir de la\u00a0<strong>planificaci\u00f3n virtual<\/strong>, se fabrican f\u00e9rulas y gu\u00edas que permiten trasladar el plan quir\u00fargico virtual al quir\u00f3fano: f\u00e9rulas que gu\u00edan la colocaci\u00f3n de\u00a0<strong>implantes dentales<\/strong>\u00a0exactamente en las posiciones planificadas, gu\u00edas de corte que permiten la resecci\u00f3n precisa de un tumor o de una zona anat\u00f3mica an\u00f3mala, f\u00e9rulas que corrigen la posici\u00f3n de los\u00a0<strong>maxilares<\/strong>\u00a0en\u00a0<strong>cirug\u00eda ortogn\u00e1tica<\/strong>, etc. Adem\u00e1s, tambi\u00e9n se pueden imprimir pr\u00f3tesis e implantes a medida, personalizados para cada paciente, que permiten restituir un componente facial perdido (por ejemplo, una\u00a0<strong>articulaci\u00f3n temporomandibular<\/strong>\u00a0o una parte de la anatom\u00eda facial) o darle una forma nueva para corregir un problema est\u00e9tico o funcional.<\/li>\r\n<\/ul>","video-explica-rows":[{"item-slide-video-type":"input_embed"}],"item-images":["4668"],"item-bg-size-contain":["on"]},{"scheme":"imagetext","layout-color":"white","row-padding":"without-padding","item-text":"<ul>\r\n \t<li><strong>Cuidados postoperatorios especializados<\/strong>: el Instituto Maxilofacial ofrece a sus pacientes operados atenciones personalizadas con la finalidad de optimizar su recuperaci\u00f3n, incluyendo fisioterapia, <strong>linfoterapia<\/strong> y <strong><a href=\"https:\/\/content.www.institutomaxilofacial.com\/es\/cirugia-ortognatica\/cirugia-minimamente-invasiva\/\">m\u00e1scaras de hiloterapia<\/a>.<\/strong><\/li>\r\n \t<li><strong>Energ\u00eda piezoel\u00e9ctrica<\/strong>: el <strong>Instituto Maxilofacial<\/strong> ha sido el primer centro en Espa\u00f1a en aplicar la <strong>energ\u00eda piezoel\u00e9ctrica<\/strong> en <strong>cirug\u00eda ortogn\u00e1tica<\/strong> La sierra piezoel\u00e9ctrica permite la realizaci\u00f3n de osteotom\u00edas (cortes en el hueso) con un m\u00ednimo trauma quir\u00fargico y un exquisito respeto de los tejidos blandos. Este instrumental es particularmente \u00fatil en la <strong>cirug\u00eda ortogn\u00e1tica<\/strong> de segmentaci\u00f3n del maxilar, y en la expansi\u00f3n de maxilar asistida por cirug\u00eda (<a href=\"https:\/\/content.www.institutomaxilofacial.com\/es\/cirugia-ortognatica\/que-es-la-cirugia-ortognatica\/\"><strong>SARPE<\/strong><\/a>). Su empleo en la <strong>cirug\u00eda ortogn\u00e1tica mandibular<\/strong>, y en la <strong>mentoplastia<\/strong>, reduce la irritaci\u00f3n provocada sobre los <strong>nervios de la mand\u00edbula<\/strong>. En <strong>la cirug\u00eda maxilar<\/strong>, reduce el riesgo de lesi\u00f3n de ra\u00edces de los dientes.<\/li>\r\n<\/ul>","video-explica-rows":[{"item-slide-video-type":"input_embed"}],"item-images":["8128"],"item-bg-size-contain":["on"],"item-row-icon-image-1":"Icono-1.png","item-row-icon-image-2":"Icono-1.png","item-row-icon-image-3":"Icono-1.png","item-row-icon-image-4":"Icono-1.png","item-cta-page":"5633","item-cta-size":"btn-big"},{"scheme":"textimage","layout-color":"white","row-padding":"small-padding","item-text":"<ul>\r\n \t<li>Un servicio de odontolog\u00eda infantil avanzada: los ni\u00f1os con S\u00edndrome de Down presentan un mayor riesgo de enfermedad periodontal, alteraciones en la oclusi\u00f3n, retraso en la erupci\u00f3n de los dientes, discrepancias esquel\u00e9ticas y presencia de una lengua grande e hipot\u00f3nica que suele conllevar respiraci\u00f3n bucal y babeo. Para este tipo de casos, el Instituto Maxilofacial ofrece un equipo multidisciplinar especializado que pueda atender a este tipo de pacientes correctamente. Normalmente se recurre a la sedaci\u00f3n o a la\u00a0 anestesia general para asegurar la mejor atenci\u00f3n y el confort para el paciente.<\/li>\r\n<\/ul>","video-explica-rows":[{"item-slide-video-type":"input_embed"}],"item-images":["7667"],"item-bg-size-contain":["on"],"item-row-icon-image-1":"Icono-1.png","item-row-icon-image-2":"Icono-1.png","item-row-icon-image-3":"Icono-1.png","item-row-icon-image-4":"Icono-1.png","item-cta-page":"5633","item-cta-size":"btn-big"}],"chatbot-code":"","lateral-reducedheader":"","lateral-content-type":"","lateral-title":"","lateral-intro":"","lateral-form":"","lateral-popup":"","lateral-popup-pages":[],"lateral-cta-text":"","lateral-cta-page":"","item-type":"","item-tax":false,"iframe-tuotempo":"","iframe-subs-es":"","iframe-subs-en":"","iframe-subs-ca":"","blog-default-image":[],"activity-events-date":"","activity-page-past":"","noticias-default-image":[]},"_links":{"self":[{"href":"https:\/\/content.www.institutomaxilofacial.com\/es\/wp-json\/wp\/v2\/pages\/125","targetHints":{"allow":["GET"]}}],"collection":[{"href":"https:\/\/content.www.institutomaxilofacial.com\/es\/wp-json\/wp\/v2\/pages"}],"about":[{"href":"https:\/\/content.www.institutomaxilofacial.com\/es\/wp-json\/wp\/v2\/types\/page"}],"author":[{"embeddable":true,"href":"https:\/\/content.www.institutomaxilofacial.com\/es\/wp-json\/wp\/v2\/users\/1"}],"replies":[{"embeddable":true,"href":"https:\/\/content.www.institutomaxilofacial.com\/es\/wp-json\/wp\/v2\/comments?post=125"}],"version-history":[{"count":6,"href":"https:\/\/content.www.institutomaxilofacial.com\/es\/wp-json\/wp\/v2\/pages\/125\/revisions"}],"predecessor-version":[{"id":6158,"href":"https:\/\/content.www.institutomaxilofacial.com\/es\/wp-json\/wp\/v2\/pages\/125\/revisions\/6158"}],"up":[{"embeddable":true,"href":"https:\/\/content.www.institutomaxilofacial.com\/es\/wp-json\/wp\/v2\/pages\/21"}],"wp:attachment":[{"href":"https:\/\/content.www.institutomaxilofacial.com\/es\/wp-json\/wp\/v2\/media?parent=125"}],"curies":[{"name":"wp","href":"https:\/\/api.w.org\/{rel}","templated":true}]}}