{"id":13860,"date":"2023-11-09T17:31:33","date_gmt":"2023-11-09T15:31:33","guid":{"rendered":"https:\/\/content.www.institutomaxilofacial.com\/es\/?page_id=13860"},"modified":"2024-02-19T18:09:15","modified_gmt":"2024-02-19T16:09:15","slug":"factores-del-crecimiento","status":"publish","type":"page","link":"https:\/\/content.www.institutomaxilofacial.com\/es\/stetikstudio\/medicina-estetica-facial\/factores-del-crecimiento\/","title":{"rendered":"Factores del crecimiento"},"content":{"rendered":"","protected":false},"excerpt":{"rendered":"","protected":false},"author":1,"featured_media":0,"parent":13635,"menu_order":0,"comment_status":"closed","ping_status":"closed","template":"estetica-facial\/template-categoria-page.php","meta":{"footnotes":""},"class_list":["post-13860","page","type-page","status-publish","hentry","padre-cirugia-estetica-facial"],"yoast_head":"<!-- This site is optimized with the Yoast SEO plugin v27.2 - https:\/\/yoast.com\/product\/yoast-seo-wordpress\/ -->\n<title>Factores del crecimiento - Instituto Maxilofacial<\/title>\n<meta name=\"robots\" content=\"index, follow, max-snippet:-1, max-image-preview:large, max-video-preview:-1\" \/>\n<link rel=\"canonical\" href=\"https:\/\/content.www.institutomaxilofacial.com\/es\/wp-json\/wp\/v2\/pages\/13860\/\" \/>\n<meta property=\"og:locale\" content=\"es_ES\" \/>\n<meta property=\"og:type\" content=\"article\" \/>\n<meta property=\"og:title\" content=\"Factores del crecimiento - Instituto Maxilofacial\" \/>\n<meta property=\"og:url\" content=\"https:\/\/content.www.institutomaxilofacial.com\/es\/stetikstudio\/medicina-estetica-facial\/factores-del-crecimiento\/\" \/>\n<meta property=\"og:site_name\" content=\"Instituto Maxilofacial\" \/>\n<meta property=\"article:modified_time\" content=\"2024-02-19T16:09:15+00:00\" \/>\n<meta name=\"twitter:card\" content=\"summary_large_image\" \/>\n<script type=\"application\/ld+json\" class=\"yoast-schema-graph\">{\"@context\":\"https:\/\/schema.org\",\"@graph\":[{\"@type\":\"WebPage\",\"@id\":\"https:\/\/content.www.institutomaxilofacial.com\/es\/stetikstudio\/medicina-estetica-facial\/factores-del-crecimiento\/\",\"url\":\"https:\/\/content.www.institutomaxilofacial.com\/es\/stetikstudio\/medicina-estetica-facial\/factores-del-crecimiento\/\",\"name\":\"Factores del crecimiento - Instituto Maxilofacial\",\"isPartOf\":{\"@id\":\"https:\/\/content.www.institutomaxilofacial.com\/ca\/#website\"},\"datePublished\":\"2023-11-09T15:31:33+00:00\",\"dateModified\":\"2024-02-19T16:09:15+00:00\",\"breadcrumb\":{\"@id\":\"https:\/\/content.www.institutomaxilofacial.com\/es\/stetikstudio\/medicina-estetica-facial\/factores-del-crecimiento\/#breadcrumb\"},\"inLanguage\":\"es\",\"potentialAction\":[{\"@type\":\"ReadAction\",\"target\":[\"https:\/\/content.www.institutomaxilofacial.com\/es\/stetikstudio\/medicina-estetica-facial\/factores-del-crecimiento\/\"]}]},{\"@type\":\"BreadcrumbList\",\"@id\":\"https:\/\/content.www.institutomaxilofacial.com\/es\/stetikstudio\/medicina-estetica-facial\/factores-del-crecimiento\/#breadcrumb\",\"itemListElement\":[{\"@type\":\"ListItem\",\"position\":1,\"name\":\"Portada\",\"item\":\"https:\/\/content.www.institutomaxilofacial.com\/es\/\"},{\"@type\":\"ListItem\",\"position\":2,\"name\":\"Stetik Studio by Instituto Maxilofacial\",\"item\":\"https:\/\/content.www.institutomaxilofacial.com\/es\/stetikstudio\/\"},{\"@type\":\"ListItem\",\"position\":3,\"name\":\"Medicina est\u00e9tica facial\",\"item\":\"https:\/\/content.www.institutomaxilofacial.com\/es\/stetikstudio\/medicina-estetica-facial\/\"},{\"@type\":\"ListItem\",\"position\":4,\"name\":\"Factores del crecimiento\"}]},{\"@type\":\"WebSite\",\"@id\":\"https:\/\/content.www.institutomaxilofacial.com\/ca\/#website\",\"url\":\"https:\/\/content.www.institutomaxilofacial.com\/ca\/\",\"name\":\"Instituto Maxilofacial\",\"description\":\"Expertos en Cirug\u00eda Ortogn\u00e1tica y Ortofacial.  Precisi\u00f3n, experiencia y pasi\u00f3n por la innovaci\u00f3n\",\"potentialAction\":[{\"@type\":\"SearchAction\",\"target\":{\"@type\":\"EntryPoint\",\"urlTemplate\":\"https:\/\/content.www.institutomaxilofacial.com\/ca\/?s={search_term_string}\"},\"query-input\":{\"@type\":\"PropertyValueSpecification\",\"valueRequired\":true,\"valueName\":\"search_term_string\"}}],\"inLanguage\":\"es\"}]}<\/script>\n<!-- \/ Yoast SEO plugin. -->","yoast_head_json":{"title":"Factores del crecimiento - Instituto Maxilofacial","robots":{"index":"index","follow":"follow","max-snippet":"max-snippet:-1","max-image-preview":"max-image-preview:large","max-video-preview":"max-video-preview:-1"},"canonical":"https:\/\/content.www.institutomaxilofacial.com\/es\/wp-json\/wp\/v2\/pages\/13860\/","og_locale":"es_ES","og_type":"article","og_title":"Factores del crecimiento - Instituto Maxilofacial","og_url":"https:\/\/content.www.institutomaxilofacial.com\/es\/stetikstudio\/medicina-estetica-facial\/factores-del-crecimiento\/","og_site_name":"Instituto Maxilofacial","article_modified_time":"2024-02-19T16:09:15+00:00","twitter_card":"summary_large_image","schema":{"@context":"https:\/\/schema.org","@graph":[{"@type":"WebPage","@id":"https:\/\/content.www.institutomaxilofacial.com\/es\/stetikstudio\/medicina-estetica-facial\/factores-del-crecimiento\/","url":"https:\/\/content.www.institutomaxilofacial.com\/es\/stetikstudio\/medicina-estetica-facial\/factores-del-crecimiento\/","name":"Factores del crecimiento - Instituto Maxilofacial","isPartOf":{"@id":"https:\/\/content.www.institutomaxilofacial.com\/ca\/#website"},"datePublished":"2023-11-09T15:31:33+00:00","dateModified":"2024-02-19T16:09:15+00:00","breadcrumb":{"@id":"https:\/\/content.www.institutomaxilofacial.com\/es\/stetikstudio\/medicina-estetica-facial\/factores-del-crecimiento\/#breadcrumb"},"inLanguage":"es","potentialAction":[{"@type":"ReadAction","target":["https:\/\/content.www.institutomaxilofacial.com\/es\/stetikstudio\/medicina-estetica-facial\/factores-del-crecimiento\/"]}]},{"@type":"BreadcrumbList","@id":"https:\/\/content.www.institutomaxilofacial.com\/es\/stetikstudio\/medicina-estetica-facial\/factores-del-crecimiento\/#breadcrumb","itemListElement":[{"@type":"ListItem","position":1,"name":"Portada","item":"https:\/\/content.www.institutomaxilofacial.com\/es\/"},{"@type":"ListItem","position":2,"name":"Stetik Studio by Instituto Maxilofacial","item":"https:\/\/content.www.institutomaxilofacial.com\/es\/stetikstudio\/"},{"@type":"ListItem","position":3,"name":"Medicina est\u00e9tica facial","item":"https:\/\/content.www.institutomaxilofacial.com\/es\/stetikstudio\/medicina-estetica-facial\/"},{"@type":"ListItem","position":4,"name":"Factores del crecimiento"}]},{"@type":"WebSite","@id":"https:\/\/content.www.institutomaxilofacial.com\/ca\/#website","url":"https:\/\/content.www.institutomaxilofacial.com\/ca\/","name":"Instituto Maxilofacial","description":"Expertos en Cirug\u00eda Ortogn\u00e1tica y Ortofacial.  Precisi\u00f3n, experiencia y pasi\u00f3n por la innovaci\u00f3n","potentialAction":[{"@type":"SearchAction","target":{"@type":"EntryPoint","urlTemplate":"https:\/\/content.www.institutomaxilofacial.com\/ca\/?s={search_term_string}"},"query-input":{"@type":"PropertyValueSpecification","valueRequired":true,"valueName":"search_term_string"}}],"inLanguage":"es"}]}},"meta_box":{"caso-clinico-taxonomy":[],"caso-clinico-casos":[],"categoria-home-header-title":"","categoria-home-header-image":[],"categoria-home-intro-text":"","cta-cita-title":"Reserva tu cita","cta-cita-text":"<p>Solicita aqu\u00ed tu visita y da el primer paso hacia tu transformaci\u00f3n.<\/p>","cta-cita-button-text":"Reservar","cta-cita-button-link":"13656","cta-cita-button-link-external":"","cta-cita-image":[{"width":335,"height":200,"file":"2023\/11\/reservatucita-desktop.jpg","filesize":179915,"sizes":{"medium":{"file":"reservatucita-desktop-530x243.jpg","width":"530","height":"243","mime-type":"image\/jpeg","filesize":"21405","url":"https:\/\/content.www.institutomaxilofacial.com\/wp-content\/uploads\/2023\/11\/reservatucita-desktop-530x243.jpg"},"large":{"file":"reservatucita-desktop-1125x516.jpg","width":"1125","height":"516","mime-type":"image\/jpeg","filesize":"83829","url":"https:\/\/content.www.institutomaxilofacial.com\/wp-content\/uploads\/2023\/11\/reservatucita-desktop-1125x516.jpg"},"thumbnail":{"file":"reservatucita-desktop-335x200.jpg","width":"335","height":"200","mime-type":"image\/jpeg","filesize":"13493","url":"https:\/\/content.www.institutomaxilofacial.com\/wp-content\/uploads\/2023\/11\/reservatucita-desktop-335x200.jpg"},"thumbnail_custom":{"file":"reservatucita-desktop-200x92.jpg","width":"200","height":"92","mime-type":"image\/jpeg","filesize":"6795","url":"https:\/\/content.www.institutomaxilofacial.com\/wp-content\/uploads\/2023\/11\/reservatucita-desktop-200x92.jpg"},"box_thumb":{"file":"reservatucita-desktop-300x200.jpg","width":"300","height":"200","mime-type":"image\/jpeg","filesize":"12643","url":"https:\/\/content.www.institutomaxilofacial.com\/wp-content\/uploads\/2023\/11\/reservatucita-desktop-300x200.jpg"},"post_thumb":{"file":"reservatucita-desktop-600x400.jpg","width":"600","height":"400","mime-type":"image\/jpeg","filesize":"38087","url":"https:\/\/content.www.institutomaxilofacial.com\/wp-content\/uploads\/2023\/11\/reservatucita-desktop-600x400.jpg"},"logo_footer":{"file":"reservatucita-desktop-125x57.jpg","width":"125","height":"57","mime-type":"image\/jpeg","filesize":"5121","url":"https:\/\/content.www.institutomaxilofacial.com\/wp-content\/uploads\/2023\/11\/reservatucita-desktop-125x57.jpg"},"slider":{"file":"reservatucita-desktop-1000x350.jpg","width":"1000","height":"350","mime-type":"image\/jpeg","filesize":"52372","url":"https:\/\/content.www.institutomaxilofacial.com\/wp-content\/uploads\/2023\/11\/reservatucita-desktop-1000x350.jpg"}},"image_meta":{"aperture":"0","credit":"","camera":"","caption":"","created_timestamp":"0","copyright":"","focal_length":"0","iso":"0","shutter_speed":"0","title":"","orientation":"0"},"ID":"13622","name":"reservatucita-desktop.jpg","path":"\/var\/www\/vhosts\/prod\/content.www.institutomaxilofacial.com\/wp-content\/uploads\/2023\/11\/reservatucita-desktop.jpg","url":"https:\/\/content.www.institutomaxilofacial.com\/wp-content\/uploads\/2023\/11\/reservatucita-desktop-335x200.jpg","full_url":"https:\/\/content.www.institutomaxilofacial.com\/wp-content\/uploads\/2023\/11\/reservatucita-desktop.jpg","title":"reservatucita-desktop","caption":"","description":"","alt":"","srcset":false}],"cta-cita-image-mobile":[{"width":335,"height":200,"file":"2023\/11\/reservatucita-mobile.jpg","filesize":59683,"sizes":{"medium":{"file":"reservatucita-mobile-530x442.jpg","width":"530","height":"442","mime-type":"image\/jpeg","filesize":"35839","url":"https:\/\/content.www.institutomaxilofacial.com\/wp-content\/uploads\/2023\/11\/reservatucita-mobile-530x442.jpg"},"thumbnail":{"file":"reservatucita-mobile-335x200.jpg","width":"335","height":"200","mime-type":"image\/jpeg","filesize":"14162","url":"https:\/\/content.www.institutomaxilofacial.com\/wp-content\/uploads\/2023\/11\/reservatucita-mobile-335x200.jpg"},"thumbnail_custom":{"file":"reservatucita-mobile-200x167.jpg","width":"200","height":"167","mime-type":"image\/jpeg","filesize":"9368","url":"https:\/\/content.www.institutomaxilofacial.com\/wp-content\/uploads\/2023\/11\/reservatucita-mobile-200x167.jpg"},"box_thumb":{"file":"reservatucita-mobile-300x200.jpg","width":"300","height":"200","mime-type":"image\/jpeg","filesize":"13522","url":"https:\/\/content.www.institutomaxilofacial.com\/wp-content\/uploads\/2023\/11\/reservatucita-mobile-300x200.jpg"},"post_thumb":{"file":"reservatucita-mobile-600x400.jpg","width":"600","height":"400","mime-type":"image\/jpeg","filesize":"40493","url":"https:\/\/content.www.institutomaxilofacial.com\/wp-content\/uploads\/2023\/11\/reservatucita-mobile-600x400.jpg"},"logo_footer":{"file":"reservatucita-mobile-125x104.jpg","width":"125","height":"104","mime-type":"image\/jpeg","filesize":"6193","url":"https:\/\/content.www.institutomaxilofacial.com\/wp-content\/uploads\/2023\/11\/reservatucita-mobile-125x104.jpg"},"slider":{"file":"reservatucita-mobile-600x350.jpg","width":"600","height":"350","mime-type":"image\/jpeg","filesize":"35665","url":"https:\/\/content.www.institutomaxilofacial.com\/wp-content\/uploads\/2023\/11\/reservatucita-mobile-600x350.jpg"}},"image_meta":{"aperture":"0","credit":"","camera":"","caption":"","created_timestamp":"0","copyright":"","focal_length":"0","iso":"0","shutter_speed":"0","title":"","orientation":"0"},"ID":"13623","name":"reservatucita-mobile.jpg","path":"\/var\/www\/vhosts\/prod\/content.www.institutomaxilofacial.com\/wp-content\/uploads\/2023\/11\/reservatucita-mobile.jpg","url":"https:\/\/content.www.institutomaxilofacial.com\/wp-content\/uploads\/2023\/11\/reservatucita-mobile-335x200.jpg","full_url":"https:\/\/content.www.institutomaxilofacial.com\/wp-content\/uploads\/2023\/11\/reservatucita-mobile.jpg","title":"reservatucita-mobile","caption":"","description":"","alt":"","srcset":false}],"categoria-page-info-title":"Factores del crecimiento","categoria-page-info-image":{"image":["14147"],"hover":["14148"],"image-mobile":["14147"]},"categoria-page-header-title":"Factores del crecimiento","categoria-page-header-image":{"image":["14149"],"hover":["14149"],"image-mobile":["14150"]},"categoria-page-intro-text":"<p>La terapia con Plasma Rico en Plaquetas (PRP) es un procedimiento est\u00e9tico que utiliza tu propio plasma sangu\u00edneo para <strong>rejuvenecer y mejorar la apariencia de la piel facial<\/strong>.<\/p>","categoria-page-intro-image":[{"width":335,"height":200,"file":"2023\/12\/factores-crecimiento3.jpg","filesize":"60041","sizes":{"medium":{"file":"factores-crecimiento3-530x353.jpg","width":"530","height":"353","mime-type":"image\/jpeg","filesize":"30037","url":"https:\/\/content.www.institutomaxilofacial.com\/wp-content\/uploads\/2023\/12\/factores-crecimiento3-530x353.jpg"},"thumbnail":{"file":"factores-crecimiento3-335x200.jpg","width":"335","height":"200","mime-type":"image\/jpeg","filesize":"14099","url":"https:\/\/content.www.institutomaxilofacial.com\/wp-content\/uploads\/2023\/12\/factores-crecimiento3-335x200.jpg"},"thumbnail_custom":{"file":"factores-crecimiento3-200x133.jpg","width":"200","height":"133","mime-type":"image\/jpeg","filesize":"8489","url":"https:\/\/content.www.institutomaxilofacial.com\/wp-content\/uploads\/2023\/12\/factores-crecimiento3-200x133.jpg"},"box_thumb":{"file":"factores-crecimiento3-300x200.jpg","width":"300","height":"200","mime-type":"image\/jpeg","filesize":"13088","url":"https:\/\/content.www.institutomaxilofacial.com\/wp-content\/uploads\/2023\/12\/factores-crecimiento3-300x200.jpg"},"logo_footer":{"file":"factores-crecimiento3-125x83.jpg","width":"125","height":"83","mime-type":"image\/jpeg","filesize":"5944","url":"https:\/\/content.www.institutomaxilofacial.com\/wp-content\/uploads\/2023\/12\/factores-crecimiento3-125x83.jpg"},"slider":{"file":"factores-crecimiento3-600x350.jpg","width":"600","height":"350","mime-type":"image\/jpeg","filesize":"35306","url":"https:\/\/content.www.institutomaxilofacial.com\/wp-content\/uploads\/2023\/12\/factores-crecimiento3-600x350.jpg"}},"image_meta":{"aperture":"0","credit":"","camera":"","caption":"","created_timestamp":"0","copyright":"","focal_length":"0","iso":"0","shutter_speed":"0","title":"","orientation":"0"},"ID":"14145","name":"factores-crecimiento3.jpg","path":"\/var\/www\/vhosts\/prod\/content.www.institutomaxilofacial.com\/wp-content\/uploads\/2023\/12\/factores-crecimiento3.jpg","url":"https:\/\/content.www.institutomaxilofacial.com\/wp-content\/uploads\/2023\/12\/factores-crecimiento3-335x200.jpg","full_url":"https:\/\/content.www.institutomaxilofacial.com\/wp-content\/uploads\/2023\/12\/factores-crecimiento3.jpg","title":"factores-crecimiento3","caption":"","description":"","alt":"","srcset":false}],"categoria-page-intro-image-mobile":[{"width":335,"height":200,"file":"2023\/12\/factores-crecimiento3.jpg","filesize":"60041","sizes":{"medium":{"file":"factores-crecimiento3-530x353.jpg","width":"530","height":"353","mime-type":"image\/jpeg","filesize":"30037","url":"https:\/\/content.www.institutomaxilofacial.com\/wp-content\/uploads\/2023\/12\/factores-crecimiento3-530x353.jpg"},"thumbnail":{"file":"factores-crecimiento3-335x200.jpg","width":"335","height":"200","mime-type":"image\/jpeg","filesize":"14099","url":"https:\/\/content.www.institutomaxilofacial.com\/wp-content\/uploads\/2023\/12\/factores-crecimiento3-335x200.jpg"},"thumbnail_custom":{"file":"factores-crecimiento3-200x133.jpg","width":"200","height":"133","mime-type":"image\/jpeg","filesize":"8489","url":"https:\/\/content.www.institutomaxilofacial.com\/wp-content\/uploads\/2023\/12\/factores-crecimiento3-200x133.jpg"},"box_thumb":{"file":"factores-crecimiento3-300x200.jpg","width":"300","height":"200","mime-type":"image\/jpeg","filesize":"13088","url":"https:\/\/content.www.institutomaxilofacial.com\/wp-content\/uploads\/2023\/12\/factores-crecimiento3-300x200.jpg"},"logo_footer":{"file":"factores-crecimiento3-125x83.jpg","width":"125","height":"83","mime-type":"image\/jpeg","filesize":"5944","url":"https:\/\/content.www.institutomaxilofacial.com\/wp-content\/uploads\/2023\/12\/factores-crecimiento3-125x83.jpg"},"slider":{"file":"factores-crecimiento3-600x350.jpg","width":"600","height":"350","mime-type":"image\/jpeg","filesize":"35306","url":"https:\/\/content.www.institutomaxilofacial.com\/wp-content\/uploads\/2023\/12\/factores-crecimiento3-600x350.jpg"}},"image_meta":{"aperture":"0","credit":"","camera":"","caption":"","created_timestamp":"0","copyright":"","focal_length":"0","iso":"0","shutter_speed":"0","title":"","orientation":"0"},"ID":"14145","name":"factores-crecimiento3.jpg","path":"\/var\/www\/vhosts\/prod\/content.www.institutomaxilofacial.com\/wp-content\/uploads\/2023\/12\/factores-crecimiento3.jpg","url":"https:\/\/content.www.institutomaxilofacial.com\/wp-content\/uploads\/2023\/12\/factores-crecimiento3-335x200.jpg","full_url":"https:\/\/content.www.institutomaxilofacial.com\/wp-content\/uploads\/2023\/12\/factores-crecimiento3.jpg","title":"factores-crecimiento3","caption":"","description":"","alt":"","srcset":false}],"categoria-page-intro-image-position":"left","categoria-page-intro-image-position-mobile":"top","categoria-page-intro-content":"<p><strong>PROCEDIMIENTO<\/strong>:<\/p>\n<ol>\n<li><strong>Extracci\u00f3n de sangre<\/strong>: se extrae una peque\u00f1a cantidad de sangre de tu brazo, similar a un an\u00e1lisis rutinario.<\/li>\n<li><strong>Centrifugaci\u00f3n<\/strong>: la sangre se coloca en una centrifugadora para separar los componentes, y as\u00ed obtener el plasma rico en plaquetas.<\/li>\n<li><strong>Aplicaci\u00f3n<\/strong>: el PRP se aplica en \u00e1reas espec\u00edficas de la cara, utilizando microagujas o t\u00e9cnicas de microinyecci\u00f3n.<\/li>\n<\/ol>\n<p>&nbsp;<\/p>","categoria-page-intro-highlights":[{"title":"Tiempo de intervenci\u00f3n","text":"60 min","image":["13714"]},{"title":"Resultados","text":"2\/3 meses","image":["13716"]},{"title":"Recuperaci\u00f3n","text":"Inmediata","image":["13717"]},{"title":"Efecto","text":"6\/12 meses","image":["14091"]},{"title":"Anestesia","text":"Local","image":["14090"]},{"title":"Hospitalizaci\u00f3n","text":"No necesaria","image":["13715"]}],"categoria-page-blocks":[{"title":"Efectos","title-position":"left","structure":"textimage","text":"El PRP, rico en factores de crecimiento, ayuda a <strong>estimular la producci\u00f3n de col\u00e1geno, mejorando la textura, firmeza y elasticidad de la piel<\/strong>. Si se hace de manera continuada, los pacientes tambi\u00e9n pueden notar una reducci\u00f3n de las manchas y una mejora del tono de la piel e incluso una reducci\u00f3n de arrugas finas y l\u00edneas de expresi\u00f3n.","image":["14144"],"image-mobile":["14144"],"image-position":"right","image-position-mobile":"bottom"},{"title":"Resultados","title-position":"right","structure":"textimage","text":"Los resultados del tratamiento con PRP para belleza facial no son inmediatamente visibles. Por lo general, se observan <strong>mejoras progresivas en las semanas posteriores al procedimiento<\/strong>. Sin embargo, <strong>el col\u00e1geno contin\u00faa estimul\u00e1ndose con el tiempo<\/strong>, por lo que los resultados \u00f3ptimos se aprecian al cabo de unos meses.\r\n\r\nLos efectos suelen durar de 6 meses a un a\u00f1o.\r\n\r\n&nbsp;","image":["14143"],"image-mobile":["14143"],"image-position":"left","image-position-mobile":"bottom"}],"categoria-page-benefits-active":"no","categoria-page-benefits-title":"","categoria-page-benefits-text":"<p><\/p>\n<\/p>\n<p><\/p>","categoria-page-benefits-image":[],"categoria-page-benefits-image-mobile":[],"categoria-page-button-text":"","categoria-page-button-link":"","categoria-page-button-link-external":"","categoria-page-cta1-title":"\u00bfTienes preguntas?","categoria-page-cta1-text":"<p>Encuentra respuestas en la secci\u00f3n de preguntas frecuentes.<\/p>","categoria-page-cta1-button-text":"FAQs","categoria-page-cta1-button-link":"\/es\/stetikstudio\/preguntas-frecuentes\/#factores-del-crecimiento","categoria-page-cta2-title":"Casos reales","categoria-page-cta2-text":"<p>Explora nuestra secci\u00f3n de casos cl\u00ednicos para obtener inspiraci\u00f3n.<\/p>","categoria-page-cta2-button-text":"Ver casos","categoria-page-cta2-button-link":"#","contacto-name":"","contacto-address":"","contacto-tlf":"","contacto-fax":"","contacto-image":[],"contacto-lat":"","contacto-lng":"","contacto-map-zoom":"","contacto-map-lat":"","contacto-map-lng":"","contacto-form":"","faqs-taxonomy":[],"estetica-home-header-title":"","estetica-home-header-image":[],"estetica-home-intro-title":"","estetica-home-intro-text":"","estetica-home-cirugia-title":"","estetica-home-medicina-title":"","estetica-home-descubre-title":"","estetica-home-descubre-text":"","estetica-home-descubre-image":[],"estetica-home-descubre-background":[],"estetica-home-descubre-background-mobile":[],"estetica-home-cta1-title":"","estetica-home-cta1-text":"","estetica-home-cta1-button-text":"","estetica-home-cta1-button-link":"","estetica-home-cta1-image":[],"estetica-home-cta2-title":"","estetica-home-cta2-text":"","estetica-home-cta2-button-text":"","estetica-home-cta2-button-link":"","estetica-home-cta2-image":[],"estetica-home-posts-title":"","estetica-home-posts-button-text":"","estetica-home-faq-title":"","estetica-home-faqs":[],"estetica-home-faq-button-text":"","estetica-home-faq-button-link":"","stetik-iframe-url":"","interior-show-breadcrumb":"","interior-header-title":"","interior-header-image":[],"interior-blocks":[],"is-stetik-studio":"yes","stetik-team-header-title":"","stetik-team-header-image":[],"stetik-team-intro-text":"","stetik-team-team-title":"","stetik-team-team-professional":[],"video-consulta-text":"","video-consulta-form":"","voz-experto-taxonomy":[],"landing-apnea-header-title":"","landing-apnea-header-subtitle":"","landing-apnea-header-image":[],"landing-apnea-header-pide-cita":"","landing-apnea-header-typeform":"","landing-apnea-blocks":[],"landing-apnea-intro-title":"","landing-apnea-intro-text":"","landing-apnea-highlight-items":[],"landing-apnea-blocks-2":[],"landing-apnea-testimonials-title":"","landing-apnea-testimonials-text":"","landing-apnea-testimonials-videos":[],"landing-apnea-hero-text":"","landing-apnea-faq-title":"","landing-apnea-faqs":[],"landing-apnea-prefooter-text":"","landing-apnea-prefooter-nota":"","redirect-page":"","shortcodeform-code":"","redirect-page-es":"","redirect-page-en":"","redirect-page-ca":"","login-page-need":"0","login-page":"","eh-cover-image":[],"eh-cover-image-mobile":[],"eh-cover-title":"","eh-cover-subtitle":"","eh-cover-text":"","eh-cover-btn1-text":"","eh-cover-btn1-page-id":"","eh-cover-btn2-text":"","eh-cover-btn2-video-files":[],"eh-specs-main-title":"","eh-specs":[],"eh-icons-reduced-section":"","eh-icons-1":[],"eh-patients-title":"","eh-patients":[],"eh-patients-nopic-title":"","eh-patients-nopic":[],"eh-video-title":"","eh-video":[],"eh-icons-2-reduced-section":"","eh-icons-2":[],"contact-zoom":"","contact-center":[],"contact-data-left-title":"","contact-data-left-content":"","contact-lat":"","contact-long":"","contact-bubble":"","contact-title-form":"","contact-text-form":"","contact-shortcode-form":"","contact-title-widget":"","contact-text-widget":"","contact-shortcode-widget":"","page-header":[],"page-header-text":"","page-header-english":"0","page-header-english-page-id":"","page-content-title":"","home-slides":[],"page-content-text-1":"","page-content-text-2":"","page-content-image-1":[],"page-content-video":"","page-content-text-3":"","page-content-image-2":[],"page-content-text-4":"","page-content-image-3":[],"page-excerpt-title":"","page-excerpt-text":"","page-related-enable":"0","related-content":[],"getcontent":[],"home-text-block":[],"home-blue-text":"","home-blue-image":[],"home-contact-form":[],"team-doctor-name":"","team-doctor-position":"","team-doctor-txt":"","team-doctor-btn":"","team-doctor-page":"","team-doctor-img":[],"team-img-fullwidth":[],"contact-link":"","contact-msg":"","contact-subject":"","contact-lat-2":"","contact-long-2":"","contact-bubble-2":"","contact-data":"","contact-tour-title":"","contact-tour-link":"","contact-tour-image":[],"contact-form":[],"faq-type":false,"item-row":[],"chatbot-code":"","lateral-reducedheader":"","lateral-content-type":"","lateral-title":"","lateral-intro":"","lateral-form":"","lateral-popup":"","lateral-popup-pages":[],"lateral-cta-text":"","lateral-cta-page":"","item-type":"","item-tax":{"term_id":22,"name":"Cirug\u00eda est\u00e9tica facial","slug":"cirugia-estetica-facial","term_group":0,"term_taxonomy_id":22,"taxonomy":"padre","description":"","parent":0,"count":77,"filter":"raw","term_order":"0","i18n_config":{"name":{"ts":{"es":"Cirug\u00eda est\u00e9tica facial","ca":"Cirurgia est\u00e8tica facial","en":"Facial Rejuvenation"}}}},"iframe-tuotempo":"","iframe-subs-es":"","iframe-subs-en":"","iframe-subs-ca":"","blog-default-image":[],"activity-events-date":"","activity-page-past":"","noticias-default-image":[]},"_links":{"self":[{"href":"https:\/\/content.www.institutomaxilofacial.com\/es\/wp-json\/wp\/v2\/pages\/13860","targetHints":{"allow":["GET"]}}],"collection":[{"href":"https:\/\/content.www.institutomaxilofacial.com\/es\/wp-json\/wp\/v2\/pages"}],"about":[{"href":"https:\/\/content.www.institutomaxilofacial.com\/es\/wp-json\/wp\/v2\/types\/page"}],"author":[{"embeddable":true,"href":"https:\/\/content.www.institutomaxilofacial.com\/es\/wp-json\/wp\/v2\/users\/1"}],"replies":[{"embeddable":true,"href":"https:\/\/content.www.institutomaxilofacial.com\/es\/wp-json\/wp\/v2\/comments?post=13860"}],"version-history":[{"count":2,"href":"https:\/\/content.www.institutomaxilofacial.com\/es\/wp-json\/wp\/v2\/pages\/13860\/revisions"}],"predecessor-version":[{"id":13917,"href":"https:\/\/content.www.institutomaxilofacial.com\/es\/wp-json\/wp\/v2\/pages\/13860\/revisions\/13917"}],"up":[{"embeddable":true,"href":"https:\/\/content.www.institutomaxilofacial.com\/es\/wp-json\/wp\/v2\/pages\/13635"}],"wp:attachment":[{"href":"https:\/\/content.www.institutomaxilofacial.com\/es\/wp-json\/wp\/v2\/media?parent=13860"}],"curies":[{"name":"wp","href":"https:\/\/api.w.org\/{rel}","templated":true}]}}