{"id":139,"date":"2016-03-08T12:10:46","date_gmt":"2016-03-08T12:10:46","guid":{"rendered":"https:\/\/content.www.institutomaxilofacial.com\/?page_id=139"},"modified":"2019-02-11T10:24:11","modified_gmt":"2019-02-11T10:24:11","slug":"what-is-sleep-apnoea","status":"publish","type":"page","link":"https:\/\/content.www.institutomaxilofacial.com\/es\/apnea-del-sueno\/que-es-la-apnea-del-sueno\/","title":{"rendered":"\u00bfQu\u00e9 es Apnea del Sue\u00f1o?"},"content":{"rendered":"","protected":false},"excerpt":{"rendered":"","protected":false},"author":1,"featured_media":4655,"parent":27,"menu_order":10,"comment_status":"closed","ping_status":"closed","template":"template-modular.php","meta":{"footnotes":""},"class_list":["post-139","page","type-page","status-publish","has-post-thumbnail","hentry"],"yoast_head":"<!-- This site is optimized with the Yoast SEO plugin v27.2 - https:\/\/yoast.com\/product\/yoast-seo-wordpress\/ -->\n<title>Apnea del Sue\u00f1o \u2013 Instituto Maxilofacial - Instituto Maxilofacial<\/title>\n<meta name=\"description\" content=\"El S\u00edndrome de Apnea Obstructiva del Sue\u00f1o (SAOS) consiste en la aparici\u00f3n de episodios repetidos de pausas respiratorias durante el sue\u00f1o, las apneas\" \/>\n<meta name=\"robots\" content=\"index, follow, max-snippet:-1, max-image-preview:large, max-video-preview:-1\" \/>\n<link rel=\"canonical\" href=\"https:\/\/content.www.institutomaxilofacial.com\/es\/wp-json\/wp\/v2\/pages\/139\/\" \/>\n<meta property=\"og:locale\" content=\"es_ES\" \/>\n<meta property=\"og:type\" content=\"article\" \/>\n<meta property=\"og:title\" content=\"Apnea del Sue\u00f1o \u2013 Instituto Maxilofacial - Instituto Maxilofacial\" \/>\n<meta property=\"og:description\" content=\"El S\u00edndrome de Apnea Obstructiva del Sue\u00f1o (SAOS) consiste en la aparici\u00f3n de episodios repetidos de pausas respiratorias durante el sue\u00f1o, las apneas\" \/>\n<meta property=\"og:url\" content=\"https:\/\/content.www.institutomaxilofacial.com\/es\/apnea-del-sueno\/que-es-la-apnea-del-sueno\/\" \/>\n<meta property=\"og:site_name\" content=\"Instituto Maxilofacial\" \/>\n<meta property=\"article:modified_time\" content=\"2019-02-11T10:24:11+00:00\" \/>\n<meta property=\"og:image\" content=\"https:\/\/content.www.institutomaxilofacial.com\/wp-content\/uploads\/2016\/03\/Apnea2-e1464693788993.jpg\" \/>\n\t<meta property=\"og:image:width\" content=\"1000\" \/>\n\t<meta property=\"og:image:height\" content=\"645\" \/>\n\t<meta property=\"og:image:type\" content=\"image\/jpeg\" \/>\n<meta name=\"twitter:card\" content=\"summary_large_image\" \/>\n<script type=\"application\/ld+json\" class=\"yoast-schema-graph\">{\"@context\":\"https:\/\/schema.org\",\"@graph\":[{\"@type\":\"WebPage\",\"@id\":\"https:\/\/content.www.institutomaxilofacial.com\/es\/apnea-del-sueno\/que-es-la-apnea-del-sueno\/\",\"url\":\"https:\/\/content.www.institutomaxilofacial.com\/es\/apnea-del-sueno\/que-es-la-apnea-del-sueno\/\",\"name\":\"Apnea del Sue\u00f1o \u2013 Instituto Maxilofacial - Instituto Maxilofacial\",\"isPartOf\":{\"@id\":\"https:\/\/content.www.institutomaxilofacial.com\/ca\/#website\"},\"primaryImageOfPage\":{\"@id\":\"https:\/\/content.www.institutomaxilofacial.com\/es\/apnea-del-sueno\/que-es-la-apnea-del-sueno\/#primaryimage\"},\"image\":{\"@id\":\"https:\/\/content.www.institutomaxilofacial.com\/es\/apnea-del-sueno\/que-es-la-apnea-del-sueno\/#primaryimage\"},\"thumbnailUrl\":\"https:\/\/content.www.institutomaxilofacial.com\/wp-content\/uploads\/2016\/03\/Apnea2-e1464693788993.jpg\",\"datePublished\":\"2016-03-08T12:10:46+00:00\",\"dateModified\":\"2019-02-11T10:24:11+00:00\",\"description\":\"El S\u00edndrome de Apnea Obstructiva del Sue\u00f1o (SAOS) consiste en la aparici\u00f3n de episodios repetidos de pausas respiratorias durante el sue\u00f1o, las apneas\",\"breadcrumb\":{\"@id\":\"https:\/\/content.www.institutomaxilofacial.com\/es\/apnea-del-sueno\/que-es-la-apnea-del-sueno\/#breadcrumb\"},\"inLanguage\":\"es\",\"potentialAction\":[{\"@type\":\"ReadAction\",\"target\":[\"https:\/\/content.www.institutomaxilofacial.com\/es\/apnea-del-sueno\/que-es-la-apnea-del-sueno\/\"]}]},{\"@type\":\"ImageObject\",\"inLanguage\":\"es\",\"@id\":\"https:\/\/content.www.institutomaxilofacial.com\/es\/apnea-del-sueno\/que-es-la-apnea-del-sueno\/#primaryimage\",\"url\":\"https:\/\/content.www.institutomaxilofacial.com\/wp-content\/uploads\/2016\/03\/Apnea2-e1464693788993.jpg\",\"contentUrl\":\"https:\/\/content.www.institutomaxilofacial.com\/wp-content\/uploads\/2016\/03\/Apnea2-e1464693788993.jpg\",\"width\":1000,\"height\":645,\"caption\":\"Apnea\"},{\"@type\":\"BreadcrumbList\",\"@id\":\"https:\/\/content.www.institutomaxilofacial.com\/es\/apnea-del-sueno\/que-es-la-apnea-del-sueno\/#breadcrumb\",\"itemListElement\":[{\"@type\":\"ListItem\",\"position\":1,\"name\":\"Portada\",\"item\":\"https:\/\/content.www.institutomaxilofacial.com\/es\/\"},{\"@type\":\"ListItem\",\"position\":2,\"name\":\"Apnea del sue\u00f1o\",\"item\":\"https:\/\/content.www.institutomaxilofacial.com\/es\/apnea-del-sueno\/\"},{\"@type\":\"ListItem\",\"position\":3,\"name\":\"\u00bfQu\u00e9 es Apnea del Sue\u00f1o?\"}]},{\"@type\":\"WebSite\",\"@id\":\"https:\/\/content.www.institutomaxilofacial.com\/ca\/#website\",\"url\":\"https:\/\/content.www.institutomaxilofacial.com\/ca\/\",\"name\":\"Instituto Maxilofacial\",\"description\":\"Expertos en Cirug\u00eda Ortogn\u00e1tica y Ortofacial.  Precisi\u00f3n, experiencia y pasi\u00f3n por la innovaci\u00f3n\",\"potentialAction\":[{\"@type\":\"SearchAction\",\"target\":{\"@type\":\"EntryPoint\",\"urlTemplate\":\"https:\/\/content.www.institutomaxilofacial.com\/ca\/?s={search_term_string}\"},\"query-input\":{\"@type\":\"PropertyValueSpecification\",\"valueRequired\":true,\"valueName\":\"search_term_string\"}}],\"inLanguage\":\"es\"}]}<\/script>\n<!-- \/ Yoast SEO plugin. -->","yoast_head_json":{"title":"Apnea del Sue\u00f1o \u2013 Instituto Maxilofacial - Instituto Maxilofacial","description":"El S\u00edndrome de Apnea Obstructiva del Sue\u00f1o (SAOS) consiste en la aparici\u00f3n de episodios repetidos de pausas respiratorias durante el sue\u00f1o, las apneas","robots":{"index":"index","follow":"follow","max-snippet":"max-snippet:-1","max-image-preview":"max-image-preview:large","max-video-preview":"max-video-preview:-1"},"canonical":"https:\/\/content.www.institutomaxilofacial.com\/es\/wp-json\/wp\/v2\/pages\/139\/","og_locale":"es_ES","og_type":"article","og_title":"Apnea del Sue\u00f1o \u2013 Instituto Maxilofacial - Instituto Maxilofacial","og_description":"El S\u00edndrome de Apnea Obstructiva del Sue\u00f1o (SAOS) consiste en la aparici\u00f3n de episodios repetidos de pausas respiratorias durante el sue\u00f1o, las apneas","og_url":"https:\/\/content.www.institutomaxilofacial.com\/es\/apnea-del-sueno\/que-es-la-apnea-del-sueno\/","og_site_name":"Instituto Maxilofacial","article_modified_time":"2019-02-11T10:24:11+00:00","og_image":[{"width":1000,"height":645,"url":"https:\/\/content.www.institutomaxilofacial.com\/wp-content\/uploads\/2016\/03\/Apnea2-e1464693788993.jpg","type":"image\/jpeg"}],"twitter_card":"summary_large_image","schema":{"@context":"https:\/\/schema.org","@graph":[{"@type":"WebPage","@id":"https:\/\/content.www.institutomaxilofacial.com\/es\/apnea-del-sueno\/que-es-la-apnea-del-sueno\/","url":"https:\/\/content.www.institutomaxilofacial.com\/es\/apnea-del-sueno\/que-es-la-apnea-del-sueno\/","name":"Apnea del Sue\u00f1o \u2013 Instituto Maxilofacial - Instituto Maxilofacial","isPartOf":{"@id":"https:\/\/content.www.institutomaxilofacial.com\/ca\/#website"},"primaryImageOfPage":{"@id":"https:\/\/content.www.institutomaxilofacial.com\/es\/apnea-del-sueno\/que-es-la-apnea-del-sueno\/#primaryimage"},"image":{"@id":"https:\/\/content.www.institutomaxilofacial.com\/es\/apnea-del-sueno\/que-es-la-apnea-del-sueno\/#primaryimage"},"thumbnailUrl":"https:\/\/content.www.institutomaxilofacial.com\/wp-content\/uploads\/2016\/03\/Apnea2-e1464693788993.jpg","datePublished":"2016-03-08T12:10:46+00:00","dateModified":"2019-02-11T10:24:11+00:00","description":"El S\u00edndrome de Apnea Obstructiva del Sue\u00f1o (SAOS) consiste en la aparici\u00f3n de episodios repetidos de pausas respiratorias durante el sue\u00f1o, las apneas","breadcrumb":{"@id":"https:\/\/content.www.institutomaxilofacial.com\/es\/apnea-del-sueno\/que-es-la-apnea-del-sueno\/#breadcrumb"},"inLanguage":"es","potentialAction":[{"@type":"ReadAction","target":["https:\/\/content.www.institutomaxilofacial.com\/es\/apnea-del-sueno\/que-es-la-apnea-del-sueno\/"]}]},{"@type":"ImageObject","inLanguage":"es","@id":"https:\/\/content.www.institutomaxilofacial.com\/es\/apnea-del-sueno\/que-es-la-apnea-del-sueno\/#primaryimage","url":"https:\/\/content.www.institutomaxilofacial.com\/wp-content\/uploads\/2016\/03\/Apnea2-e1464693788993.jpg","contentUrl":"https:\/\/content.www.institutomaxilofacial.com\/wp-content\/uploads\/2016\/03\/Apnea2-e1464693788993.jpg","width":1000,"height":645,"caption":"Apnea"},{"@type":"BreadcrumbList","@id":"https:\/\/content.www.institutomaxilofacial.com\/es\/apnea-del-sueno\/que-es-la-apnea-del-sueno\/#breadcrumb","itemListElement":[{"@type":"ListItem","position":1,"name":"Portada","item":"https:\/\/content.www.institutomaxilofacial.com\/es\/"},{"@type":"ListItem","position":2,"name":"Apnea del sue\u00f1o","item":"https:\/\/content.www.institutomaxilofacial.com\/es\/apnea-del-sueno\/"},{"@type":"ListItem","position":3,"name":"\u00bfQu\u00e9 es Apnea del Sue\u00f1o?"}]},{"@type":"WebSite","@id":"https:\/\/content.www.institutomaxilofacial.com\/ca\/#website","url":"https:\/\/content.www.institutomaxilofacial.com\/ca\/","name":"Instituto Maxilofacial","description":"Expertos en Cirug\u00eda Ortogn\u00e1tica y Ortofacial.  Precisi\u00f3n, experiencia y pasi\u00f3n por la innovaci\u00f3n","potentialAction":[{"@type":"SearchAction","target":{"@type":"EntryPoint","urlTemplate":"https:\/\/content.www.institutomaxilofacial.com\/ca\/?s={search_term_string}"},"query-input":{"@type":"PropertyValueSpecification","valueRequired":true,"valueName":"search_term_string"}}],"inLanguage":"es"}]}},"meta_box":{"caso-clinico-taxonomy":[],"caso-clinico-casos":[],"categoria-home-header-title":"","categoria-home-header-image":[],"categoria-home-intro-text":"","cta-cita-title":"","cta-cita-text":"","cta-cita-button-text":"","cta-cita-button-link":"","cta-cita-button-link-external":"","cta-cita-image":[],"cta-cita-image-mobile":[],"categoria-page-info-title":"","categoria-page-info-image":[],"categoria-page-header-title":"","categoria-page-header-image":[],"categoria-page-intro-text":"","categoria-page-intro-image":[],"categoria-page-intro-image-mobile":[],"categoria-page-intro-image-position":"","categoria-page-intro-image-position-mobile":"","categoria-page-intro-content":"","categoria-page-intro-highlights":[],"categoria-page-blocks":[],"categoria-page-benefits-active":"","categoria-page-benefits-title":"","categoria-page-benefits-text":"","categoria-page-benefits-image":[],"categoria-page-benefits-image-mobile":[],"categoria-page-button-text":"","categoria-page-button-link":"","categoria-page-button-link-external":"","categoria-page-cta1-title":"","categoria-page-cta1-text":"","categoria-page-cta1-button-text":"","categoria-page-cta1-button-link":"","categoria-page-cta2-title":"","categoria-page-cta2-text":"","categoria-page-cta2-button-text":"","categoria-page-cta2-button-link":"","contacto-name":"","contacto-address":"","contacto-tlf":"","contacto-fax":"","contacto-image":[],"contacto-lat":"","contacto-lng":"","contacto-map-zoom":"","contacto-map-lat":"","contacto-map-lng":"","contacto-form":"","faqs-taxonomy":[],"estetica-home-header-title":"","estetica-home-header-image":[],"estetica-home-intro-title":"","estetica-home-intro-text":"","estetica-home-cirugia-title":"","estetica-home-medicina-title":"","estetica-home-descubre-title":"","estetica-home-descubre-text":"","estetica-home-descubre-image":[],"estetica-home-descubre-background":[],"estetica-home-descubre-background-mobile":[],"estetica-home-cta1-title":"","estetica-home-cta1-text":"","estetica-home-cta1-button-text":"","estetica-home-cta1-button-link":"","estetica-home-cta1-image":[],"estetica-home-cta2-title":"","estetica-home-cta2-text":"","estetica-home-cta2-button-text":"","estetica-home-cta2-button-link":"","estetica-home-cta2-image":[],"estetica-home-posts-title":"","estetica-home-posts-button-text":"","estetica-home-faq-title":"","estetica-home-faqs":[],"estetica-home-faq-button-text":"","estetica-home-faq-button-link":"","stetik-iframe-url":"","interior-show-breadcrumb":"","interior-header-title":"","interior-header-image":[],"interior-blocks":[],"is-stetik-studio":"","stetik-team-header-title":"","stetik-team-header-image":[],"stetik-team-intro-text":"","stetik-team-team-title":"","stetik-team-team-professional":[],"video-consulta-text":"","video-consulta-form":"","voz-experto-taxonomy":[],"landing-apnea-header-title":"","landing-apnea-header-subtitle":"","landing-apnea-header-image":[],"landing-apnea-header-pide-cita":"","landing-apnea-header-typeform":"","landing-apnea-blocks":[],"landing-apnea-intro-title":"","landing-apnea-intro-text":"","landing-apnea-highlight-items":[],"landing-apnea-blocks-2":[],"landing-apnea-testimonials-title":"","landing-apnea-testimonials-text":"","landing-apnea-testimonials-videos":[],"landing-apnea-hero-text":"","landing-apnea-faq-title":"","landing-apnea-faqs":[],"landing-apnea-prefooter-text":"","landing-apnea-prefooter-nota":"","redirect-page":"","shortcodeform-code":"","redirect-page-es":"","redirect-page-en":"","redirect-page-ca":"","login-page-need":"0","login-page":"","eh-cover-image":[],"eh-cover-image-mobile":[],"eh-cover-title":"","eh-cover-subtitle":"","eh-cover-text":"","eh-cover-btn1-text":"","eh-cover-btn1-page-id":"","eh-cover-btn2-text":"","eh-cover-btn2-video-files":[],"eh-specs-main-title":"","eh-specs":[],"eh-icons-reduced-section":"","eh-icons-1":[],"eh-patients-title":"","eh-patients":[],"eh-patients-nopic-title":"","eh-patients-nopic":[],"eh-video-title":"","eh-video":[],"eh-icons-2-reduced-section":"","eh-icons-2":[],"contact-zoom":"","contact-center":[],"contact-data-left-title":"","contact-data-left-content":"","contact-lat":"","contact-long":"","contact-bubble":"","contact-title-form":"","contact-text-form":"","contact-shortcode-form":"","contact-title-widget":"","contact-text-widget":"","contact-shortcode-widget":"","page-header":[],"page-header-text":"Apnea del Sue\u00f1o","page-header-english":"0","page-header-english-page-id":"","page-content-title":"\u00bfQu\u00e9 es la Apnea del Sue\u00f1o?","home-slides":[],"page-content-text-1":"","page-content-text-2":"","page-content-image-1":[],"page-content-video":"","page-content-text-3":"","page-content-image-2":[],"page-content-text-4":"","page-content-image-3":[],"page-excerpt-title":"","page-excerpt-text":"","page-related-enable":"1","related-content":[{"type-related":"page","page-related":"159"},{"type-related":"page","page-related":"178"},{"type-related":"page","page-related":"172"}],"getcontent":[],"home-text-block":[],"home-blue-text":"","home-blue-image":[],"home-contact-form":[],"team-doctor-name":"","team-doctor-position":"","team-doctor-txt":"","team-doctor-btn":"","team-doctor-page":"","team-doctor-img":[],"team-img-fullwidth":[],"contact-link":"","contact-msg":"","contact-subject":"","contact-lat-2":"","contact-long-2":"","contact-bubble-2":"","contact-data":"","contact-tour-title":"","contact-tour-link":"","contact-tour-image":[],"contact-form":[],"faq-type":false,"item-row":[{"scheme":"imagetext","layout-color":"white","row-padding":"small-padding","item-text":"El <strong>S\u00edndrome de Apnea Obstructiva del Sue\u00f1o (SAOS)<\/strong> es una enfermedad que consiste en la aparici\u00f3n de episodios repetidos de pausas respiratorias durante el sue\u00f1o, las <strong>apneas<\/strong>, normalmente superiores a los 10 segundos. La causa principal de obstrucci\u00f3n es el colapso de las paredes de la <strong>v\u00eda a\u00e9rea superior<\/strong>.\r\n\r\nEl <strong>S\u00edndrome de Apnea Obstructiva del Sue\u00f1o<\/strong> afecta a un poco m\u00e1s de un 25% de la poblaci\u00f3n condicionando muy negativamente la calidad de vida de aquellos que lo padecen. No s\u00f3lo a su descanso durante la noche, que en casos extremos puede conllevar incluso a la muerte, sino tambi\u00e9n a la actividad diaria, acompa\u00f1ada de somnolencia y fatiga cr\u00f3nica. Y m\u00e1s grave a\u00fan, la <strong>Apnea del Sue\u00f1o<\/strong> provoca la reducci\u00f3n de ox\u00edgeno que transporta la sangre, produciendo hipertensi\u00f3n arterial, enfermedad cardiovascular, alteraciones metab\u00f3licas y hormonales e incremento del riesgo de accidentes.","video-explica-rows":[{"item-slide-video-type":"input_embed"}],"item-images":["4655"],"item-image-alt":"Apnea del Sue\u00f1o","item-bg-size-contain":["on"],"item-row-icon-image-1":"Icono-1.png","item-row-icon-image-2":"Icono-1.png","item-row-icon-image-3":"Icono-1.png","item-row-icon-image-4":"Icono-1.png","item-cta-page":"5633","item-cta-size":"btn-big"},{"scheme":"textimage","layout-color":"white","row-padding":"small-padding","item-title":"S\u00edntomas asociados a la Apnea del sue\u00f1o","item-text":"<h4>S\u00edntomas asociados a la Apnea del sue\u00f1o<\/h4>\r\nLa presencia de dos de los siguientes s\u00edntomas en ausencia de otras causas podr\u00eda ser un indicador del <strong>S\u00edndrome de Apnea Obstructiva del Sue\u00f1o<\/strong>:\r\n<ul>\r\n \t<li>Un <strong>ronquido<\/strong> irregular, fuerte e interrumpido, acompa\u00f1ado de <strong>apneas<\/strong> durante el sue\u00f1o.<\/li>\r\n \t<li>Cansancio durante el d\u00eda.<\/li>\r\n \t<li>Fatiga cr\u00f3nica.<\/li>\r\n<\/ul>","video-explica-rows":[{"item-slide-video-type":"input_embed"}],"item-images":["6859"],"item-image-alt":"s\u00edntomas asociados a la apnea del sue\u00f1o","item-bg-size-contain":["on"],"item-row-icon-image-1":"Icono-1.png","item-row-icon-image-2":"Icono-1.png","item-row-icon-image-3":"Icono-1.png","item-row-icon-image-4":"Icono-1.png","item-cta-page":"5633","item-cta-size":"btn-big"},{"scheme":"onlytext","layout-color":"white","row-padding":"small-padding","item-text":"<h4>Prueba diagn\u00f3stica<\/h4>\r\nEl diagn\u00f3stico de la <strong>Apnea del Sue\u00f1o<\/strong> se realiza mediante una prueba llamada <strong>polisomnograf\u00eda<\/strong> que se encarga de monitorizar mediante dispositivos especiales diversas variables durante el sue\u00f1o. Esta prueba la realiza el equipo de <strong>Neurofisiolog\u00eda<\/strong>, por ello, los cirujanos maxilofaciales, trat\u00e1ndose de una enfermedad multidisciplinar, deben coordinarse entre todo el equipo de especialistas, normalmente <strong>neum\u00f3logos, neurofisi\u00f3logos y otorrinolaring\u00f3logos<\/strong>.","video-explica-rows":[{"item-slide-video-type":"input_embed"}],"item-row-icon-image-1":"Icono-1.png","item-row-icon-image-2":"Icono-1.png","item-row-icon-image-3":"Icono-1.png","item-row-icon-image-4":"Icono-1.png","item-cta-page":"5633","item-cta-size":"btn-big"},{"scheme":"imagetext","layout-color":"white","row-padding":"small-padding","item-text":"<h4>Tratamiento de la Apnea del Sue\u00f1o: niveles de actuaci\u00f3n<\/h4>\r\nNormalmente se describen cuatro niveles de actuaci\u00f3n en el tratamiento del S\u00edndrome de Apnea Obstructiva del Sue\u00f1o:\r\n<ul>\r\n \t<li>P\u00e9rdida de peso.<\/li>\r\n \t<li>CPAP.<\/li>\r\n \t<li><a href=\"https:\/\/content.www.institutomaxilofacial.com\/es\/tratamiento\/apnea-del-sueno-ferulas-de-avance-mandibular\/\">F\u00e9rulas de avance mandibular.<\/a><\/li>\r\n \t<li><a href=\"https:\/\/content.www.institutomaxilofacial.com\/es\/cirugia-ortognatica\/que-es-la-cirugia-ortognatica\/\">Cirug\u00eda Ortogn\u00e1tica.<\/a><\/li>\r\n<\/ul>\r\nUno de los tratamientos aconsejados desde hace muchos a\u00f1os es el <strong>CPAP<\/strong>, acr\u00f3nimo de <strong>\u201cContinuous Positive Airway Pressure\u201d<\/strong>, un dispositivo nocturno consistente en una m\u00e1scara conectada a una m\u00e1quina, que insufla aire a presi\u00f3n y evita el colapso de las <strong>v\u00edas a\u00e9reas<\/strong> del paciente. La mayor\u00eda de los pacientes que han sufrido <strong>Apnea del Sue\u00f1o<\/strong> describen el <strong>CPAP<\/strong> como una m\u00e1quina \u201cinfernal\u201d. La intolerancia al ruido y a la mascarilla, la congesti\u00f3n nasal e irritaci\u00f3n de las mucosas, provocan que hasta el 70% de los pacientes quieran abandonar el <strong>CPAP<\/strong> y encontrar una alternativa mucho m\u00e1s c\u00f3moda y efectiva.\r\n\r\nPor otro lado, las <strong>f\u00e9rulas dentales de avance mandibular<\/strong> constituyen un elemento diagn\u00f3stico y tambi\u00e9n una soluci\u00f3n temporal para los casos leves de <strong>Apnea del Sue\u00f1o<\/strong>. Seg\u00fan estudios recientes, el uso prolongado de esta f\u00e9rula podr\u00eda provocar alteraciones en la forma de morder y deterioro de la <strong>articulaci\u00f3n temporomandibular<\/strong>.\r\n\r\nGracias a la dedicaci\u00f3n continuada e investigaci\u00f3n intensa del <strong>S\u00edndrome de Apnea Obstructiva del Sue\u00f1o<\/strong>, en el d\u00eda de hoy los especialistas del <strong>Instituto Maxilofacial<\/strong> junto a otros grupos a nivel internacional, han demostrado cient\u00edficamente que la <strong>cirug\u00eda ortogn\u00e1tica<\/strong> es la soluci\u00f3n definitiva a este grave problema en pacientes que presentan <strong>deformidades <\/strong>dentofaciales. V\u00e9ase el art\u00edculo:\u00a0<em><strong><a href=\"https:\/\/content.www.institutomaxilofacial.com\/wp-content\/uploads\/2016\/05\/Effect-of-Mono-and-Bimaxillary.pdf\">Effect of Mono and Bimaxillary Advancement on Pharyngeal Airway Volume: Cone-Beam Computed Tomography Evaluation<\/a>.\u00a0<\/strong><\/em>","video-explica-rows":[{"item-slide-video-type":"input_embed"}],"item-images":["6858"],"item-image-alt":"tratamiento de la apnea del sue\u00f1o: niveles de actuaci\u00f3n","item-bg-size-contain":["on"],"item-row-icon-image-1":"Icono-1.png","item-row-icon-image-2":"Icono-1.png","item-row-icon-image-3":"Icono-1.png","item-row-icon-image-4":"Icono-1.png","item-cta-page":"5633","item-cta-size":"btn-big"}],"chatbot-code":"","lateral-reducedheader":"","lateral-content-type":"","lateral-title":"","lateral-intro":"","lateral-form":"","lateral-popup":"","lateral-popup-pages":[],"lateral-cta-text":"","lateral-cta-page":"","item-type":"","item-tax":false,"iframe-tuotempo":"","iframe-subs-es":"","iframe-subs-en":"","iframe-subs-ca":"","blog-default-image":[],"activity-events-date":"","activity-page-past":"","noticias-default-image":[]},"_links":{"self":[{"href":"https:\/\/content.www.institutomaxilofacial.com\/es\/wp-json\/wp\/v2\/pages\/139","targetHints":{"allow":["GET"]}}],"collection":[{"href":"https:\/\/content.www.institutomaxilofacial.com\/es\/wp-json\/wp\/v2\/pages"}],"about":[{"href":"https:\/\/content.www.institutomaxilofacial.com\/es\/wp-json\/wp\/v2\/types\/page"}],"author":[{"embeddable":true,"href":"https:\/\/content.www.institutomaxilofacial.com\/es\/wp-json\/wp\/v2\/users\/1"}],"replies":[{"embeddable":true,"href":"https:\/\/content.www.institutomaxilofacial.com\/es\/wp-json\/wp\/v2\/comments?post=139"}],"version-history":[{"count":11,"href":"https:\/\/content.www.institutomaxilofacial.com\/es\/wp-json\/wp\/v2\/pages\/139\/revisions"}],"predecessor-version":[{"id":8990,"href":"https:\/\/content.www.institutomaxilofacial.com\/es\/wp-json\/wp\/v2\/pages\/139\/revisions\/8990"}],"up":[{"embeddable":true,"href":"https:\/\/content.www.institutomaxilofacial.com\/es\/wp-json\/wp\/v2\/pages\/27"}],"wp:featuredmedia":[{"embeddable":true,"href":"https:\/\/content.www.institutomaxilofacial.com\/es\/wp-json\/wp\/v2\/media\/4655"}],"wp:attachment":[{"href":"https:\/\/content.www.institutomaxilofacial.com\/es\/wp-json\/wp\/v2\/media?parent=139"}],"curies":[{"name":"wp","href":"https:\/\/api.w.org\/{rel}","templated":true}]}}