{"id":13973,"date":"2023-12-01T10:44:07","date_gmt":"2023-12-01T08:44:07","guid":{"rendered":"https:\/\/content.www.institutomaxilofacial.com\/es\/?page_id=13973"},"modified":"2024-02-19T18:07:31","modified_gmt":"2024-02-19T16:07:31","slug":"lip-lift","status":"publish","type":"page","link":"https:\/\/content.www.institutomaxilofacial.com\/es\/stetikstudio\/cirugia-facial\/lip-lift\/","title":{"rendered":"Lip lift"},"content":{"rendered":"","protected":false},"excerpt":{"rendered":"","protected":false},"author":1,"featured_media":0,"parent":13633,"menu_order":0,"comment_status":"closed","ping_status":"closed","template":"estetica-facial\/template-categoria-page.php","meta":{"footnotes":""},"class_list":["post-13973","page","type-page","status-publish","hentry","padre-cirugia-estetica-facial"],"yoast_head":"<!-- This site is optimized with the Yoast SEO plugin v27.2 - https:\/\/yoast.com\/product\/yoast-seo-wordpress\/ -->\n<title>Lip lift - Instituto Maxilofacial<\/title>\n<meta name=\"robots\" content=\"index, follow, max-snippet:-1, max-image-preview:large, max-video-preview:-1\" \/>\n<link rel=\"canonical\" href=\"https:\/\/content.www.institutomaxilofacial.com\/es\/wp-json\/wp\/v2\/pages\/13973\/\" \/>\n<meta property=\"og:locale\" content=\"es_ES\" \/>\n<meta property=\"og:type\" content=\"article\" \/>\n<meta property=\"og:title\" content=\"Lip lift - Instituto Maxilofacial\" \/>\n<meta property=\"og:url\" content=\"https:\/\/content.www.institutomaxilofacial.com\/es\/stetikstudio\/cirugia-facial\/lip-lift\/\" \/>\n<meta property=\"og:site_name\" content=\"Instituto Maxilofacial\" \/>\n<meta property=\"article:modified_time\" content=\"2024-02-19T16:07:31+00:00\" \/>\n<meta name=\"twitter:card\" content=\"summary_large_image\" \/>\n<script type=\"application\/ld+json\" class=\"yoast-schema-graph\">{\"@context\":\"https:\/\/schema.org\",\"@graph\":[{\"@type\":\"WebPage\",\"@id\":\"https:\/\/content.www.institutomaxilofacial.com\/es\/stetikstudio\/cirugia-facial\/lip-lift\/\",\"url\":\"https:\/\/content.www.institutomaxilofacial.com\/es\/stetikstudio\/cirugia-facial\/lip-lift\/\",\"name\":\"Lip lift - Instituto Maxilofacial\",\"isPartOf\":{\"@id\":\"https:\/\/content.www.institutomaxilofacial.com\/ca\/#website\"},\"datePublished\":\"2023-12-01T08:44:07+00:00\",\"dateModified\":\"2024-02-19T16:07:31+00:00\",\"breadcrumb\":{\"@id\":\"https:\/\/content.www.institutomaxilofacial.com\/es\/stetikstudio\/cirugia-facial\/lip-lift\/#breadcrumb\"},\"inLanguage\":\"es\",\"potentialAction\":[{\"@type\":\"ReadAction\",\"target\":[\"https:\/\/content.www.institutomaxilofacial.com\/es\/stetikstudio\/cirugia-facial\/lip-lift\/\"]}]},{\"@type\":\"BreadcrumbList\",\"@id\":\"https:\/\/content.www.institutomaxilofacial.com\/es\/stetikstudio\/cirugia-facial\/lip-lift\/#breadcrumb\",\"itemListElement\":[{\"@type\":\"ListItem\",\"position\":1,\"name\":\"Portada\",\"item\":\"https:\/\/content.www.institutomaxilofacial.com\/es\/\"},{\"@type\":\"ListItem\",\"position\":2,\"name\":\"Stetik Studio by Instituto Maxilofacial\",\"item\":\"https:\/\/content.www.institutomaxilofacial.com\/es\/stetikstudio\/\"},{\"@type\":\"ListItem\",\"position\":3,\"name\":\"Cirug\u00eda facial\",\"item\":\"https:\/\/content.www.institutomaxilofacial.com\/es\/stetikstudio\/cirugia-facial\/\"},{\"@type\":\"ListItem\",\"position\":4,\"name\":\"Lip lift\"}]},{\"@type\":\"WebSite\",\"@id\":\"https:\/\/content.www.institutomaxilofacial.com\/ca\/#website\",\"url\":\"https:\/\/content.www.institutomaxilofacial.com\/ca\/\",\"name\":\"Instituto Maxilofacial\",\"description\":\"Expertos en Cirug\u00eda Ortogn\u00e1tica y Ortofacial.  Precisi\u00f3n, experiencia y pasi\u00f3n por la innovaci\u00f3n\",\"potentialAction\":[{\"@type\":\"SearchAction\",\"target\":{\"@type\":\"EntryPoint\",\"urlTemplate\":\"https:\/\/content.www.institutomaxilofacial.com\/ca\/?s={search_term_string}\"},\"query-input\":{\"@type\":\"PropertyValueSpecification\",\"valueRequired\":true,\"valueName\":\"search_term_string\"}}],\"inLanguage\":\"es\"}]}<\/script>\n<!-- \/ Yoast SEO plugin. -->","yoast_head_json":{"title":"Lip lift - Instituto Maxilofacial","robots":{"index":"index","follow":"follow","max-snippet":"max-snippet:-1","max-image-preview":"max-image-preview:large","max-video-preview":"max-video-preview:-1"},"canonical":"https:\/\/content.www.institutomaxilofacial.com\/es\/wp-json\/wp\/v2\/pages\/13973\/","og_locale":"es_ES","og_type":"article","og_title":"Lip lift - Instituto Maxilofacial","og_url":"https:\/\/content.www.institutomaxilofacial.com\/es\/stetikstudio\/cirugia-facial\/lip-lift\/","og_site_name":"Instituto Maxilofacial","article_modified_time":"2024-02-19T16:07:31+00:00","twitter_card":"summary_large_image","schema":{"@context":"https:\/\/schema.org","@graph":[{"@type":"WebPage","@id":"https:\/\/content.www.institutomaxilofacial.com\/es\/stetikstudio\/cirugia-facial\/lip-lift\/","url":"https:\/\/content.www.institutomaxilofacial.com\/es\/stetikstudio\/cirugia-facial\/lip-lift\/","name":"Lip lift - Instituto Maxilofacial","isPartOf":{"@id":"https:\/\/content.www.institutomaxilofacial.com\/ca\/#website"},"datePublished":"2023-12-01T08:44:07+00:00","dateModified":"2024-02-19T16:07:31+00:00","breadcrumb":{"@id":"https:\/\/content.www.institutomaxilofacial.com\/es\/stetikstudio\/cirugia-facial\/lip-lift\/#breadcrumb"},"inLanguage":"es","potentialAction":[{"@type":"ReadAction","target":["https:\/\/content.www.institutomaxilofacial.com\/es\/stetikstudio\/cirugia-facial\/lip-lift\/"]}]},{"@type":"BreadcrumbList","@id":"https:\/\/content.www.institutomaxilofacial.com\/es\/stetikstudio\/cirugia-facial\/lip-lift\/#breadcrumb","itemListElement":[{"@type":"ListItem","position":1,"name":"Portada","item":"https:\/\/content.www.institutomaxilofacial.com\/es\/"},{"@type":"ListItem","position":2,"name":"Stetik Studio by Instituto Maxilofacial","item":"https:\/\/content.www.institutomaxilofacial.com\/es\/stetikstudio\/"},{"@type":"ListItem","position":3,"name":"Cirug\u00eda facial","item":"https:\/\/content.www.institutomaxilofacial.com\/es\/stetikstudio\/cirugia-facial\/"},{"@type":"ListItem","position":4,"name":"Lip lift"}]},{"@type":"WebSite","@id":"https:\/\/content.www.institutomaxilofacial.com\/ca\/#website","url":"https:\/\/content.www.institutomaxilofacial.com\/ca\/","name":"Instituto Maxilofacial","description":"Expertos en Cirug\u00eda Ortogn\u00e1tica y Ortofacial.  Precisi\u00f3n, experiencia y pasi\u00f3n por la innovaci\u00f3n","potentialAction":[{"@type":"SearchAction","target":{"@type":"EntryPoint","urlTemplate":"https:\/\/content.www.institutomaxilofacial.com\/ca\/?s={search_term_string}"},"query-input":{"@type":"PropertyValueSpecification","valueRequired":true,"valueName":"search_term_string"}}],"inLanguage":"es"}]}},"meta_box":{"caso-clinico-taxonomy":[],"caso-clinico-casos":[],"categoria-home-header-title":"","categoria-home-header-image":[],"categoria-home-intro-text":"","cta-cita-title":"Reserva tu cita","cta-cita-text":"<p>Solicita aqu\u00ed tu visita y da el primer paso hacia tu transformaci\u00f3n.<\/p>","cta-cita-button-text":"Reservar","cta-cita-button-link":"13656","cta-cita-button-link-external":"","cta-cita-image":[{"width":335,"height":200,"file":"2023\/11\/reservatucita-desktop.jpg","filesize":179915,"sizes":{"medium":{"file":"reservatucita-desktop-530x243.jpg","width":"530","height":"243","mime-type":"image\/jpeg","filesize":"21405","url":"https:\/\/content.www.institutomaxilofacial.com\/wp-content\/uploads\/2023\/11\/reservatucita-desktop-530x243.jpg"},"large":{"file":"reservatucita-desktop-1125x516.jpg","width":"1125","height":"516","mime-type":"image\/jpeg","filesize":"83829","url":"https:\/\/content.www.institutomaxilofacial.com\/wp-content\/uploads\/2023\/11\/reservatucita-desktop-1125x516.jpg"},"thumbnail":{"file":"reservatucita-desktop-335x200.jpg","width":"335","height":"200","mime-type":"image\/jpeg","filesize":"13493","url":"https:\/\/content.www.institutomaxilofacial.com\/wp-content\/uploads\/2023\/11\/reservatucita-desktop-335x200.jpg"},"thumbnail_custom":{"file":"reservatucita-desktop-200x92.jpg","width":"200","height":"92","mime-type":"image\/jpeg","filesize":"6795","url":"https:\/\/content.www.institutomaxilofacial.com\/wp-content\/uploads\/2023\/11\/reservatucita-desktop-200x92.jpg"},"box_thumb":{"file":"reservatucita-desktop-300x200.jpg","width":"300","height":"200","mime-type":"image\/jpeg","filesize":"12643","url":"https:\/\/content.www.institutomaxilofacial.com\/wp-content\/uploads\/2023\/11\/reservatucita-desktop-300x200.jpg"},"post_thumb":{"file":"reservatucita-desktop-600x400.jpg","width":"600","height":"400","mime-type":"image\/jpeg","filesize":"38087","url":"https:\/\/content.www.institutomaxilofacial.com\/wp-content\/uploads\/2023\/11\/reservatucita-desktop-600x400.jpg"},"logo_footer":{"file":"reservatucita-desktop-125x57.jpg","width":"125","height":"57","mime-type":"image\/jpeg","filesize":"5121","url":"https:\/\/content.www.institutomaxilofacial.com\/wp-content\/uploads\/2023\/11\/reservatucita-desktop-125x57.jpg"},"slider":{"file":"reservatucita-desktop-1000x350.jpg","width":"1000","height":"350","mime-type":"image\/jpeg","filesize":"52372","url":"https:\/\/content.www.institutomaxilofacial.com\/wp-content\/uploads\/2023\/11\/reservatucita-desktop-1000x350.jpg"}},"image_meta":{"aperture":"0","credit":"","camera":"","caption":"","created_timestamp":"0","copyright":"","focal_length":"0","iso":"0","shutter_speed":"0","title":"","orientation":"0"},"ID":"13622","name":"reservatucita-desktop.jpg","path":"\/var\/www\/vhosts\/prod\/content.www.institutomaxilofacial.com\/wp-content\/uploads\/2023\/11\/reservatucita-desktop.jpg","url":"https:\/\/content.www.institutomaxilofacial.com\/wp-content\/uploads\/2023\/11\/reservatucita-desktop-335x200.jpg","full_url":"https:\/\/content.www.institutomaxilofacial.com\/wp-content\/uploads\/2023\/11\/reservatucita-desktop.jpg","title":"reservatucita-desktop","caption":"","description":"","alt":"","srcset":false}],"cta-cita-image-mobile":[{"width":335,"height":200,"file":"2023\/11\/reservatucita-mobile.jpg","filesize":59683,"sizes":{"medium":{"file":"reservatucita-mobile-530x442.jpg","width":"530","height":"442","mime-type":"image\/jpeg","filesize":"35839","url":"https:\/\/content.www.institutomaxilofacial.com\/wp-content\/uploads\/2023\/11\/reservatucita-mobile-530x442.jpg"},"thumbnail":{"file":"reservatucita-mobile-335x200.jpg","width":"335","height":"200","mime-type":"image\/jpeg","filesize":"14162","url":"https:\/\/content.www.institutomaxilofacial.com\/wp-content\/uploads\/2023\/11\/reservatucita-mobile-335x200.jpg"},"thumbnail_custom":{"file":"reservatucita-mobile-200x167.jpg","width":"200","height":"167","mime-type":"image\/jpeg","filesize":"9368","url":"https:\/\/content.www.institutomaxilofacial.com\/wp-content\/uploads\/2023\/11\/reservatucita-mobile-200x167.jpg"},"box_thumb":{"file":"reservatucita-mobile-300x200.jpg","width":"300","height":"200","mime-type":"image\/jpeg","filesize":"13522","url":"https:\/\/content.www.institutomaxilofacial.com\/wp-content\/uploads\/2023\/11\/reservatucita-mobile-300x200.jpg"},"post_thumb":{"file":"reservatucita-mobile-600x400.jpg","width":"600","height":"400","mime-type":"image\/jpeg","filesize":"40493","url":"https:\/\/content.www.institutomaxilofacial.com\/wp-content\/uploads\/2023\/11\/reservatucita-mobile-600x400.jpg"},"logo_footer":{"file":"reservatucita-mobile-125x104.jpg","width":"125","height":"104","mime-type":"image\/jpeg","filesize":"6193","url":"https:\/\/content.www.institutomaxilofacial.com\/wp-content\/uploads\/2023\/11\/reservatucita-mobile-125x104.jpg"},"slider":{"file":"reservatucita-mobile-600x350.jpg","width":"600","height":"350","mime-type":"image\/jpeg","filesize":"35665","url":"https:\/\/content.www.institutomaxilofacial.com\/wp-content\/uploads\/2023\/11\/reservatucita-mobile-600x350.jpg"}},"image_meta":{"aperture":"0","credit":"","camera":"","caption":"","created_timestamp":"0","copyright":"","focal_length":"0","iso":"0","shutter_speed":"0","title":"","orientation":"0"},"ID":"13623","name":"reservatucita-mobile.jpg","path":"\/var\/www\/vhosts\/prod\/content.www.institutomaxilofacial.com\/wp-content\/uploads\/2023\/11\/reservatucita-mobile.jpg","url":"https:\/\/content.www.institutomaxilofacial.com\/wp-content\/uploads\/2023\/11\/reservatucita-mobile-335x200.jpg","full_url":"https:\/\/content.www.institutomaxilofacial.com\/wp-content\/uploads\/2023\/11\/reservatucita-mobile.jpg","title":"reservatucita-mobile","caption":"","description":"","alt":"","srcset":false}],"categoria-page-info-title":"Lip lift","categoria-page-info-image":{"image":["14162"],"hover":["14109"],"image-mobile":["14162"]},"categoria-page-header-title":"Lip lift","categoria-page-header-image":{"image":["14110"],"hover":["14111"],"image-mobile":["14112"]},"categoria-page-intro-text":"<p>El lifting de labios es un procedimiento de cirug\u00eda pl\u00e1stica que <strong>modifica el aspecto cosm\u00e9tico de los labios remodel\u00e1ndolos<\/strong> para aumentar la prominencia del bermell\u00f3n, elevar el borde del mismo; y finalmente realzar el \u00e1rea facial por encima de los labios en una forma est\u00e9ticamente m\u00e1s agradable.<\/p>\n<p>El lip lift es un <strong>procedimiento m\u00ednimamente invasivo que produce una importante mejor\u00eda est\u00e9tica<\/strong>, devolviendo la apariencia juvenil y el volumen al labio.<\/p>","categoria-page-intro-image":[{"width":335,"height":200,"file":"2023\/12\/lip-lift.jpg","filesize":48710,"sizes":{"medium":{"file":"lip-lift-530x353.jpg","width":"530","height":"353","mime-type":"image\/jpeg","filesize":"36450","url":"https:\/\/content.www.institutomaxilofacial.com\/wp-content\/uploads\/2023\/12\/lip-lift-530x353.jpg"},"thumbnail":{"file":"lip-lift-335x200.jpg","width":"335","height":"200","mime-type":"image\/jpeg","filesize":"17075","url":"https:\/\/content.www.institutomaxilofacial.com\/wp-content\/uploads\/2023\/12\/lip-lift-335x200.jpg"},"thumbnail_custom":{"file":"lip-lift-200x133.jpg","width":"200","height":"133","mime-type":"image\/jpeg","filesize":"10193","url":"https:\/\/content.www.institutomaxilofacial.com\/wp-content\/uploads\/2023\/12\/lip-lift-200x133.jpg"},"box_thumb":{"file":"lip-lift-300x200.jpg","width":"300","height":"200","mime-type":"image\/jpeg","filesize":"15981","url":"https:\/\/content.www.institutomaxilofacial.com\/wp-content\/uploads\/2023\/12\/lip-lift-300x200.jpg"},"logo_footer":{"file":"lip-lift-125x83.jpg","width":"125","height":"83","mime-type":"image\/jpeg","filesize":"6884","url":"https:\/\/content.www.institutomaxilofacial.com\/wp-content\/uploads\/2023\/12\/lip-lift-125x83.jpg"},"slider":{"file":"lip-lift-600x350.jpg","width":"600","height":"350","mime-type":"image\/jpeg","filesize":"44107","url":"https:\/\/content.www.institutomaxilofacial.com\/wp-content\/uploads\/2023\/12\/lip-lift-600x350.jpg"}},"image_meta":{"aperture":"0","credit":"","camera":"","caption":"","created_timestamp":"0","copyright":"","focal_length":"0","iso":"0","shutter_speed":"0","title":"","orientation":"0"},"ID":"14113","name":"lip-lift.jpg","path":"\/var\/www\/vhosts\/prod\/content.www.institutomaxilofacial.com\/wp-content\/uploads\/2023\/12\/lip-lift.jpg","url":"https:\/\/content.www.institutomaxilofacial.com\/wp-content\/uploads\/2023\/12\/lip-lift-335x200.jpg","full_url":"https:\/\/content.www.institutomaxilofacial.com\/wp-content\/uploads\/2023\/12\/lip-lift.jpg","title":"lip-lift","caption":"","description":"","alt":"","srcset":false}],"categoria-page-intro-image-mobile":[{"width":335,"height":200,"file":"2023\/12\/lip-lift.jpg","filesize":48710,"sizes":{"medium":{"file":"lip-lift-530x353.jpg","width":"530","height":"353","mime-type":"image\/jpeg","filesize":"36450","url":"https:\/\/content.www.institutomaxilofacial.com\/wp-content\/uploads\/2023\/12\/lip-lift-530x353.jpg"},"thumbnail":{"file":"lip-lift-335x200.jpg","width":"335","height":"200","mime-type":"image\/jpeg","filesize":"17075","url":"https:\/\/content.www.institutomaxilofacial.com\/wp-content\/uploads\/2023\/12\/lip-lift-335x200.jpg"},"thumbnail_custom":{"file":"lip-lift-200x133.jpg","width":"200","height":"133","mime-type":"image\/jpeg","filesize":"10193","url":"https:\/\/content.www.institutomaxilofacial.com\/wp-content\/uploads\/2023\/12\/lip-lift-200x133.jpg"},"box_thumb":{"file":"lip-lift-300x200.jpg","width":"300","height":"200","mime-type":"image\/jpeg","filesize":"15981","url":"https:\/\/content.www.institutomaxilofacial.com\/wp-content\/uploads\/2023\/12\/lip-lift-300x200.jpg"},"logo_footer":{"file":"lip-lift-125x83.jpg","width":"125","height":"83","mime-type":"image\/jpeg","filesize":"6884","url":"https:\/\/content.www.institutomaxilofacial.com\/wp-content\/uploads\/2023\/12\/lip-lift-125x83.jpg"},"slider":{"file":"lip-lift-600x350.jpg","width":"600","height":"350","mime-type":"image\/jpeg","filesize":"44107","url":"https:\/\/content.www.institutomaxilofacial.com\/wp-content\/uploads\/2023\/12\/lip-lift-600x350.jpg"}},"image_meta":{"aperture":"0","credit":"","camera":"","caption":"","created_timestamp":"0","copyright":"","focal_length":"0","iso":"0","shutter_speed":"0","title":"","orientation":"0"},"ID":"14113","name":"lip-lift.jpg","path":"\/var\/www\/vhosts\/prod\/content.www.institutomaxilofacial.com\/wp-content\/uploads\/2023\/12\/lip-lift.jpg","url":"https:\/\/content.www.institutomaxilofacial.com\/wp-content\/uploads\/2023\/12\/lip-lift-335x200.jpg","full_url":"https:\/\/content.www.institutomaxilofacial.com\/wp-content\/uploads\/2023\/12\/lip-lift.jpg","title":"lip-lift","caption":"","description":"","alt":"","srcset":false}],"categoria-page-intro-image-position":"left","categoria-page-intro-image-position-mobile":"top","categoria-page-intro-content":"<p><strong>PROCEDIMIENTO<\/strong><\/p>\n<p>En un lip lift, se efect\u00faa una peque\u00f1a incisi\u00f3n que se esconde debajo de la parte inferior de la nariz. Luego, se retira una porci\u00f3n de piel del labio superior en la zona donde se encuentra unido a la nariz, y finalmente, se sutura cuidadosamente para minimizar la visibilidad de la cicatriz una vez que haya sanado por completo. La cantidad de tejido a extraer variar\u00e1 seg\u00fan las necesidades y caracter\u00edsticas de cada paciente.<\/p>\n<p>La incisi\u00f3n se coloca justo debajo de la nariz, siguiendo las l\u00edneas naturales de la zona para que, m\u00e1s adelante, no sea evidente. Al suturar esta incisi\u00f3n, no solo se acorta el labio, sino que tambi\u00e9n se invierte hacia arriba el borde rojo del labio (llamado bermell\u00f3n), lo que da como resultado unos <strong>labios con una apariencia m\u00e1s voluminosa<\/strong>.<\/p>\n<p>En nuestro centro, realizamos este procedimiento con <strong>m\u00e9todos m\u00ednimamente invasivos y de manera ambulatoria<\/strong> bajo anestesia local y sedaci\u00f3n, por lo que la recuperaci\u00f3n es f\u00e1cil y r\u00e1pida, con un dolor m\u00ednimo y perfectamente controlado por la analgesia.<\/p>\n<p>&nbsp;<\/p>","categoria-page-intro-highlights":[{"title":"Tiempo de intervenci\u00f3n","text":"45 min","image":["13714"]},{"title":"Resultados","text":"2 semanas","image":["13716"]},{"title":"Recuperaci\u00f3n","text":"1 semana","image":["13717"]},{"title":"Efecto","text":"Permanente","image":["14091"]},{"title":"Anestesia","text":"Local o sedaci\u00f3n","image":["14090"]},{"title":"Hospitalizaci\u00f3n","text":"No necesaria","image":["13715"]}],"categoria-page-blocks":[{"title":"\u00bfQui\u00e9n es candidato para un lip lift?","title-position":"left","structure":"textimage","text":"Un buen candidato para un lip lift es <strong>alguien que busca mejorar la apariencia de sus labios y su \u00e1rea facial superior<\/strong>. Esto incluye:\r\n<ul>\r\n \t<li>Personas con labios planos o que desean que sus labios parezcan m\u00e1s completos.<\/li>\r\n \t<li>Aquellos que desean realzar la definici\u00f3n del borde bermell\u00f3n de los labios.<\/li>\r\n \t<li>Personas con un espacio muy grande entre la nariz y el labio superior.<\/li>\r\n \t<li>Personas con exceso vertical de piel del labio superior.<\/li>\r\n \t<li>Individuos preocupados por la flacidez de la piel sobre el labio superior.<\/li>\r\n<\/ul>","image":["14114"],"image-mobile":["14114"],"image-position":"right","image-position-mobile":"bottom"},{"title":"Por qu\u00e9 hacerse un lip lift","title-position":"right","structure":"textimage","text":"El lip lift tiene los <strong>siguientes beneficios de larga duraci\u00f3n<\/strong>:\r\n<ul>\r\n \t<li>Aumento en la proyecci\u00f3n y volumen del labio superior.<\/li>\r\n \t<li>Mayor visibilidad de las piezas dentales superiores al sonre\u00edr.<\/li>\r\n \t<li>Renovaci\u00f3n de la apariencia facial y de la sonrisa.<\/li>\r\n<\/ul>","image":["14115"],"image-mobile":["14115"],"image-position":"left","image-position-mobile":"bottom"}],"categoria-page-benefits-active":"no","categoria-page-benefits-title":"","categoria-page-benefits-text":"","categoria-page-benefits-image":[],"categoria-page-benefits-image-mobile":[],"categoria-page-button-text":"","categoria-page-button-link":"","categoria-page-button-link-external":"","categoria-page-cta1-title":"\u00bfTienes preguntas?","categoria-page-cta1-text":"<p>Encuentra respuestas en la secci\u00f3n de preguntas frecuentes.<\/p>","categoria-page-cta1-button-text":"FAQs","categoria-page-cta1-button-link":"\/es\/stetikstudio\/preguntas-frecuentes\/#lip-lift","categoria-page-cta2-title":"Casos reales","categoria-page-cta2-text":"<p>Explora nuestra secci\u00f3n de casos cl\u00ednicos para obtener inspiraci\u00f3n.<\/p>","categoria-page-cta2-button-text":"Ver casos","categoria-page-cta2-button-link":"\/es\/stetikstudio\/casos-clinicos\/?clase=lip-lift","contacto-name":"","contacto-address":"","contacto-tlf":"","contacto-fax":"","contacto-image":[],"contacto-lat":"","contacto-lng":"","contacto-map-zoom":"","contacto-map-lat":"","contacto-map-lng":"","contacto-form":"","faqs-taxonomy":[],"estetica-home-header-title":"","estetica-home-header-image":[],"estetica-home-intro-title":"","estetica-home-intro-text":"","estetica-home-cirugia-title":"","estetica-home-medicina-title":"","estetica-home-descubre-title":"","estetica-home-descubre-text":"","estetica-home-descubre-image":[],"estetica-home-descubre-background":[],"estetica-home-descubre-background-mobile":[],"estetica-home-cta1-title":"","estetica-home-cta1-text":"","estetica-home-cta1-button-text":"","estetica-home-cta1-button-link":"","estetica-home-cta1-image":[],"estetica-home-cta2-title":"","estetica-home-cta2-text":"","estetica-home-cta2-button-text":"","estetica-home-cta2-button-link":"","estetica-home-cta2-image":[],"estetica-home-posts-title":"","estetica-home-posts-button-text":"","estetica-home-faq-title":"","estetica-home-faqs":[],"estetica-home-faq-button-text":"","estetica-home-faq-button-link":"","stetik-iframe-url":"","interior-show-breadcrumb":"","interior-header-title":"","interior-header-image":[],"interior-blocks":[],"is-stetik-studio":"yes","stetik-team-header-title":"","stetik-team-header-image":[],"stetik-team-intro-text":"","stetik-team-team-title":"","stetik-team-team-professional":[],"video-consulta-text":"","video-consulta-form":"","voz-experto-taxonomy":[],"landing-apnea-header-title":"","landing-apnea-header-subtitle":"","landing-apnea-header-image":[],"landing-apnea-header-pide-cita":"","landing-apnea-header-typeform":"","landing-apnea-blocks":[],"landing-apnea-intro-title":"","landing-apnea-intro-text":"","landing-apnea-highlight-items":[],"landing-apnea-blocks-2":[],"landing-apnea-testimonials-title":"","landing-apnea-testimonials-text":"","landing-apnea-testimonials-videos":[],"landing-apnea-hero-text":"","landing-apnea-faq-title":"","landing-apnea-faqs":[],"landing-apnea-prefooter-text":"","landing-apnea-prefooter-nota":"","redirect-page":"","shortcodeform-code":"","redirect-page-es":"","redirect-page-en":"","redirect-page-ca":"","login-page-need":"0","login-page":"","eh-cover-image":[],"eh-cover-image-mobile":[],"eh-cover-title":"","eh-cover-subtitle":"","eh-cover-text":"","eh-cover-btn1-text":"","eh-cover-btn1-page-id":"","eh-cover-btn2-text":"","eh-cover-btn2-video-files":[],"eh-specs-main-title":"","eh-specs":[],"eh-icons-reduced-section":"","eh-icons-1":[],"eh-patients-title":"","eh-patients":[],"eh-patients-nopic-title":"","eh-patients-nopic":[],"eh-video-title":"","eh-video":[],"eh-icons-2-reduced-section":"","eh-icons-2":[],"contact-zoom":"","contact-center":[],"contact-data-left-title":"","contact-data-left-content":"","contact-lat":"","contact-long":"","contact-bubble":"","contact-title-form":"","contact-text-form":"","contact-shortcode-form":"","contact-title-widget":"","contact-text-widget":"","contact-shortcode-widget":"","page-header":[],"page-header-text":"","page-header-english":"0","page-header-english-page-id":"","page-content-title":"","home-slides":[],"page-content-text-1":"","page-content-text-2":"","page-content-image-1":[],"page-content-video":"","page-content-text-3":"","page-content-image-2":[],"page-content-text-4":"","page-content-image-3":[],"page-excerpt-title":"","page-excerpt-text":"","page-related-enable":"0","related-content":[],"getcontent":[],"home-text-block":[],"home-blue-text":"","home-blue-image":[],"home-contact-form":[],"team-doctor-name":"","team-doctor-position":"","team-doctor-txt":"","team-doctor-btn":"","team-doctor-page":"","team-doctor-img":[],"team-img-fullwidth":[],"contact-link":"","contact-msg":"","contact-subject":"","contact-lat-2":"","contact-long-2":"","contact-bubble-2":"","contact-data":"","contact-tour-title":"","contact-tour-link":"","contact-tour-image":[],"contact-form":[],"faq-type":false,"item-row":[],"chatbot-code":"","lateral-reducedheader":"","lateral-content-type":"","lateral-title":"","lateral-intro":"","lateral-form":"","lateral-popup":"","lateral-popup-pages":[],"lateral-cta-text":"","lateral-cta-page":"","item-type":"","item-tax":{"term_id":22,"name":"Cirug\u00eda est\u00e9tica facial","slug":"cirugia-estetica-facial","term_group":0,"term_taxonomy_id":22,"taxonomy":"padre","description":"","parent":0,"count":77,"filter":"raw","term_order":"0","i18n_config":{"name":{"ts":{"es":"Cirug\u00eda est\u00e9tica facial","ca":"Cirurgia est\u00e8tica facial","en":"Facial Rejuvenation"}}}},"iframe-tuotempo":"","iframe-subs-es":"","iframe-subs-en":"","iframe-subs-ca":"","blog-default-image":[],"activity-events-date":"","activity-page-past":"","noticias-default-image":[]},"_links":{"self":[{"href":"https:\/\/content.www.institutomaxilofacial.com\/es\/wp-json\/wp\/v2\/pages\/13973","targetHints":{"allow":["GET"]}}],"collection":[{"href":"https:\/\/content.www.institutomaxilofacial.com\/es\/wp-json\/wp\/v2\/pages"}],"about":[{"href":"https:\/\/content.www.institutomaxilofacial.com\/es\/wp-json\/wp\/v2\/types\/page"}],"author":[{"embeddable":true,"href":"https:\/\/content.www.institutomaxilofacial.com\/es\/wp-json\/wp\/v2\/users\/1"}],"replies":[{"embeddable":true,"href":"https:\/\/content.www.institutomaxilofacial.com\/es\/wp-json\/wp\/v2\/comments?post=13973"}],"version-history":[{"count":3,"href":"https:\/\/content.www.institutomaxilofacial.com\/es\/wp-json\/wp\/v2\/pages\/13973\/revisions"}],"predecessor-version":[{"id":14116,"href":"https:\/\/content.www.institutomaxilofacial.com\/es\/wp-json\/wp\/v2\/pages\/13973\/revisions\/14116"}],"up":[{"embeddable":true,"href":"https:\/\/content.www.institutomaxilofacial.com\/es\/wp-json\/wp\/v2\/pages\/13633"}],"wp:attachment":[{"href":"https:\/\/content.www.institutomaxilofacial.com\/es\/wp-json\/wp\/v2\/media?parent=13973"}],"curies":[{"name":"wp","href":"https:\/\/api.w.org\/{rel}","templated":true}]}}