{"id":14179,"date":"2024-01-03T15:08:00","date_gmt":"2024-01-03T13:08:00","guid":{"rendered":"https:\/\/content.www.institutomaxilofacial.com\/es\/?page_id=14179"},"modified":"2024-03-12T18:47:11","modified_gmt":"2024-03-12T16:47:11","slug":"conoce-al-equipo-del-instituto-maxilofacial","status":"publish","type":"page","link":"https:\/\/content.www.institutomaxilofacial.com\/es\/stetikstudio\/conoce-al-equipo\/","title":{"rendered":"Conoce al equipo de Stetik Studio"},"content":{"rendered":"","protected":false},"excerpt":{"rendered":"","protected":false},"author":1,"featured_media":0,"parent":13624,"menu_order":0,"comment_status":"closed","ping_status":"closed","template":"estetica-facial\/template-team.php","meta":{"footnotes":""},"class_list":["post-14179","page","type-page","status-publish","hentry","padre-cirugia-estetica-facial"],"yoast_head":"<!-- This site is optimized with the Yoast SEO plugin v27.2 - https:\/\/yoast.com\/product\/yoast-seo-wordpress\/ -->\n<title>Conoce al equipo de Stetik Studio - Instituto Maxilofacial<\/title>\n<meta name=\"robots\" content=\"index, follow, max-snippet:-1, max-image-preview:large, max-video-preview:-1\" \/>\n<link rel=\"canonical\" href=\"https:\/\/content.www.institutomaxilofacial.com\/es\/wp-json\/wp\/v2\/pages\/14179\/\" \/>\n<meta property=\"og:locale\" content=\"es_ES\" \/>\n<meta property=\"og:type\" content=\"article\" \/>\n<meta property=\"og:title\" content=\"Conoce al equipo de Stetik Studio - Instituto Maxilofacial\" \/>\n<meta property=\"og:url\" content=\"https:\/\/content.www.institutomaxilofacial.com\/es\/stetikstudio\/conoce-al-equipo\/\" \/>\n<meta property=\"og:site_name\" content=\"Instituto Maxilofacial\" \/>\n<meta property=\"article:modified_time\" content=\"2024-03-12T16:47:11+00:00\" \/>\n<meta name=\"twitter:card\" content=\"summary_large_image\" \/>\n<script type=\"application\/ld+json\" class=\"yoast-schema-graph\">{\"@context\":\"https:\/\/schema.org\",\"@graph\":[{\"@type\":\"WebPage\",\"@id\":\"https:\/\/content.www.institutomaxilofacial.com\/es\/stetikstudio\/conoce-al-equipo\/\",\"url\":\"https:\/\/content.www.institutomaxilofacial.com\/es\/stetikstudio\/conoce-al-equipo\/\",\"name\":\"Conoce al equipo de Stetik Studio - Instituto Maxilofacial\",\"isPartOf\":{\"@id\":\"https:\/\/content.www.institutomaxilofacial.com\/ca\/#website\"},\"datePublished\":\"2024-01-03T13:08:00+00:00\",\"dateModified\":\"2024-03-12T16:47:11+00:00\",\"breadcrumb\":{\"@id\":\"https:\/\/content.www.institutomaxilofacial.com\/es\/stetikstudio\/conoce-al-equipo\/#breadcrumb\"},\"inLanguage\":\"es\",\"potentialAction\":[{\"@type\":\"ReadAction\",\"target\":[\"https:\/\/content.www.institutomaxilofacial.com\/es\/stetikstudio\/conoce-al-equipo\/\"]}]},{\"@type\":\"BreadcrumbList\",\"@id\":\"https:\/\/content.www.institutomaxilofacial.com\/es\/stetikstudio\/conoce-al-equipo\/#breadcrumb\",\"itemListElement\":[{\"@type\":\"ListItem\",\"position\":1,\"name\":\"Portada\",\"item\":\"https:\/\/content.www.institutomaxilofacial.com\/es\/\"},{\"@type\":\"ListItem\",\"position\":2,\"name\":\"Stetik Studio by Instituto Maxilofacial\",\"item\":\"https:\/\/content.www.institutomaxilofacial.com\/es\/stetikstudio\/\"},{\"@type\":\"ListItem\",\"position\":3,\"name\":\"Conoce al equipo de Stetik Studio\"}]},{\"@type\":\"WebSite\",\"@id\":\"https:\/\/content.www.institutomaxilofacial.com\/ca\/#website\",\"url\":\"https:\/\/content.www.institutomaxilofacial.com\/ca\/\",\"name\":\"Instituto Maxilofacial\",\"description\":\"Expertos en Cirug\u00eda Ortogn\u00e1tica y Ortofacial.  Precisi\u00f3n, experiencia y pasi\u00f3n por la innovaci\u00f3n\",\"potentialAction\":[{\"@type\":\"SearchAction\",\"target\":{\"@type\":\"EntryPoint\",\"urlTemplate\":\"https:\/\/content.www.institutomaxilofacial.com\/ca\/?s={search_term_string}\"},\"query-input\":{\"@type\":\"PropertyValueSpecification\",\"valueRequired\":true,\"valueName\":\"search_term_string\"}}],\"inLanguage\":\"es\"}]}<\/script>\n<!-- \/ Yoast SEO plugin. -->","yoast_head_json":{"title":"Conoce al equipo de Stetik Studio - Instituto Maxilofacial","robots":{"index":"index","follow":"follow","max-snippet":"max-snippet:-1","max-image-preview":"max-image-preview:large","max-video-preview":"max-video-preview:-1"},"canonical":"https:\/\/content.www.institutomaxilofacial.com\/es\/wp-json\/wp\/v2\/pages\/14179\/","og_locale":"es_ES","og_type":"article","og_title":"Conoce al equipo de Stetik Studio - Instituto Maxilofacial","og_url":"https:\/\/content.www.institutomaxilofacial.com\/es\/stetikstudio\/conoce-al-equipo\/","og_site_name":"Instituto Maxilofacial","article_modified_time":"2024-03-12T16:47:11+00:00","twitter_card":"summary_large_image","schema":{"@context":"https:\/\/schema.org","@graph":[{"@type":"WebPage","@id":"https:\/\/content.www.institutomaxilofacial.com\/es\/stetikstudio\/conoce-al-equipo\/","url":"https:\/\/content.www.institutomaxilofacial.com\/es\/stetikstudio\/conoce-al-equipo\/","name":"Conoce al equipo de Stetik Studio - Instituto Maxilofacial","isPartOf":{"@id":"https:\/\/content.www.institutomaxilofacial.com\/ca\/#website"},"datePublished":"2024-01-03T13:08:00+00:00","dateModified":"2024-03-12T16:47:11+00:00","breadcrumb":{"@id":"https:\/\/content.www.institutomaxilofacial.com\/es\/stetikstudio\/conoce-al-equipo\/#breadcrumb"},"inLanguage":"es","potentialAction":[{"@type":"ReadAction","target":["https:\/\/content.www.institutomaxilofacial.com\/es\/stetikstudio\/conoce-al-equipo\/"]}]},{"@type":"BreadcrumbList","@id":"https:\/\/content.www.institutomaxilofacial.com\/es\/stetikstudio\/conoce-al-equipo\/#breadcrumb","itemListElement":[{"@type":"ListItem","position":1,"name":"Portada","item":"https:\/\/content.www.institutomaxilofacial.com\/es\/"},{"@type":"ListItem","position":2,"name":"Stetik Studio by Instituto Maxilofacial","item":"https:\/\/content.www.institutomaxilofacial.com\/es\/stetikstudio\/"},{"@type":"ListItem","position":3,"name":"Conoce al equipo de Stetik Studio"}]},{"@type":"WebSite","@id":"https:\/\/content.www.institutomaxilofacial.com\/ca\/#website","url":"https:\/\/content.www.institutomaxilofacial.com\/ca\/","name":"Instituto Maxilofacial","description":"Expertos en Cirug\u00eda Ortogn\u00e1tica y Ortofacial.  Precisi\u00f3n, experiencia y pasi\u00f3n por la innovaci\u00f3n","potentialAction":[{"@type":"SearchAction","target":{"@type":"EntryPoint","urlTemplate":"https:\/\/content.www.institutomaxilofacial.com\/ca\/?s={search_term_string}"},"query-input":{"@type":"PropertyValueSpecification","valueRequired":true,"valueName":"search_term_string"}}],"inLanguage":"es"}]}},"meta_box":{"caso-clinico-taxonomy":[],"caso-clinico-casos":[],"categoria-home-header-title":"","categoria-home-header-image":[],"categoria-home-intro-text":"","cta-cita-title":"","cta-cita-text":"","cta-cita-button-text":"","cta-cita-button-link":"","cta-cita-button-link-external":"","cta-cita-image":[],"cta-cita-image-mobile":[],"categoria-page-info-title":"","categoria-page-info-image":[],"categoria-page-header-title":"","categoria-page-header-image":[],"categoria-page-intro-text":"","categoria-page-intro-image":[],"categoria-page-intro-image-mobile":[],"categoria-page-intro-image-position":"","categoria-page-intro-image-position-mobile":"","categoria-page-intro-content":"","categoria-page-intro-highlights":[],"categoria-page-blocks":[],"categoria-page-benefits-active":"","categoria-page-benefits-title":"","categoria-page-benefits-text":"","categoria-page-benefits-image":[],"categoria-page-benefits-image-mobile":[],"categoria-page-button-text":"","categoria-page-button-link":"","categoria-page-button-link-external":"","categoria-page-cta1-title":"","categoria-page-cta1-text":"","categoria-page-cta1-button-text":"","categoria-page-cta1-button-link":"","categoria-page-cta2-title":"","categoria-page-cta2-text":"","categoria-page-cta2-button-text":"","categoria-page-cta2-button-link":"","contacto-name":"","contacto-address":"","contacto-tlf":"","contacto-fax":"","contacto-image":[],"contacto-lat":"","contacto-lng":"","contacto-map-zoom":"","contacto-map-lat":"","contacto-map-lng":"","contacto-form":"","faqs-taxonomy":[],"estetica-home-header-title":"","estetica-home-header-image":[],"estetica-home-intro-title":"","estetica-home-intro-text":"","estetica-home-cirugia-title":"","estetica-home-medicina-title":"","estetica-home-descubre-title":"","estetica-home-descubre-text":"","estetica-home-descubre-image":[],"estetica-home-descubre-background":[],"estetica-home-descubre-background-mobile":[],"estetica-home-cta1-title":"","estetica-home-cta1-text":"","estetica-home-cta1-button-text":"","estetica-home-cta1-button-link":"","estetica-home-cta1-image":[],"estetica-home-cta2-title":"","estetica-home-cta2-text":"","estetica-home-cta2-button-text":"","estetica-home-cta2-button-link":"","estetica-home-cta2-image":[],"estetica-home-posts-title":"","estetica-home-posts-button-text":"","estetica-home-faq-title":"","estetica-home-faqs":[],"estetica-home-faq-button-text":"","estetica-home-faq-button-link":"","stetik-iframe-url":"","interior-show-breadcrumb":"","interior-header-title":"","interior-header-image":[],"interior-blocks":[],"is-stetik-studio":"yes","stetik-team-header-title":"<p>Conoce al equipo<br \/>\nde Stetik Studio<\/p>","stetik-team-header-image":{"image":["14363"],"image-mobile":["14363"]},"stetik-team-intro-text":"<p>En Stetik Studio, nuestro equipo m\u00e9dico es una sinfon\u00eda de habilidades y talentos, todos ellos comprometidos con la visi\u00f3n compartida de ser verdaderos \"art\u00edfices de la belleza\". Cada miembro de nuestro equipo toca diversas especialidades, fusionando sus conocimientos para ofrecer una experiencia integral y \u00fanica.<\/p>\n<p>La Dra. Adaia Valls, y los doctores Federico Hern\u00e1ndez-Alfaro, Francesc Dur\u00e1n y Alejandro Mazarro trabajan para brindar una gama completa de servicios de belleza facial, garantizando resultados armoniosos y naturales.<\/p>\n<p>Desde procedimientos quir\u00fargicos hasta opciones no invasivas, nuestro equipo abraza la diversidad de las necesidades est\u00e9ticas. Cada uno aporta su experiencia \u00fanica, asegurando que todos los aspectos de la belleza facial, desde el contorno hasta la expresi\u00f3n, sean tratados con maestr\u00eda.<\/p>\n<p>En Stetik Studio, nuestros art\u00edfices de la belleza est\u00e1n dedicados a esculpir una versi\u00f3n mejorada y aut\u00e9ntica de ti mismo.<\/p>","stetik-team-team-title":"Equipo m\u00e9dico","stetik-team-team-professional":[{"active":"yes","name":"Dr. Federico Hern\u00e1ndez Alfaro","title":"Cirujano Maxilofacial","desc":"El Dr. Hern\u00e1ndez Alfaro dirige el Instituto Maxilofacial en el Centro M\u00e9dico Teknon de Barcelona y es adem\u00e1s Profesor Catedr\u00e1tico y Jefe del Departamento de Cirug\u00eda Oral y Maxilofacial de la Universidad Internacional de Catalu\u00f1a. Imparte cursos y conferencias a nivel mundial, y ha publicado m\u00e1s de 150 art\u00edculos cient\u00edficos y varios libros, en los que desarrolla innovadoras t\u00e9cnicas quir\u00fargicas en el \u00e1mbito de la cirug\u00eda maxilofacial.","image":["14194"],"video":"https:\/\/youtu.be\/5r5EcbjvkII","video-preview":["14247"],"content":[{"title":"Experiencia","text":"Con m\u00e1s de 200 casos de cirug\u00eda ortogn\u00e1tica al a\u00f1o tratados con \u00e9xito, el Profesor Federico Hern\u00e1ndez-Alfaro, Catedr\u00e1tico de Cirug\u00eda Oral y Maxilofacial, es un referente mundial en \u00e9sta especialidad."},{"title":"Formaci\u00f3n","text":"No. Col. 25265\r\n<ul>\r\n \t<li>Licenciado en Medicina.<\/li>\r\n \t<li>Licenciado en Odontolog\u00eda.<\/li>\r\n \t<li>Especialista en Cirug\u00eda Oral y Maxilofacial.<\/li>\r\n \t<li>Doctor \"Cum Laude\" por la Universidad Internacional de Catalu\u00f1a (UIC).<\/li>\r\n \t<li>Formaci\u00f3n postgraduada en Suiza, Italia, M\u00e9xico, y EEUU.<\/li>\r\n \t<li>Director del Diploma Universitario en Cirug\u00eda Ortogn\u00e1tica de la Universidad Internacional de Catalu\u00f1a.<\/li>\r\n \t<li>Profesor Catedr\u00e1tico en el \u00c1rea de Cirug\u00eda Oral y Maxilofacial de la Universidad Internacional de Catalu\u00f1a (UIC).<\/li>\r\n \t<li>Diplomado \"Board Europeo de Cirug\u00eda Maxilofacial\".<\/li>\r\n \t<li>Autor de los libros \"Injertos \u00d3seos en Implantolog\u00eda\", \"Cirug\u00eda Avanzada en Implantes\", \"Bone Grafting in Oral Implantology\" y \"Controversial Issues in Implant Dentistry\".<\/li>\r\n \t<li>Miembro del Editorial Board del European Journal of Oral Implantology y de la Revista Espa\u00f1ola de Cirug\u00eda Oral y Maxilofacial.<\/li>\r\n \t<li>Profesor Catedr\u00e1tico en el \u00c1rea de Patolog\u00eda Medicoquir\u00fargica Oral e Implantolog\u00eda por la Universidad Internacional de Catalu\u00f1a (UIC).<\/li>\r\n<\/ul>"}]},{"active":"yes","name":"Dra. Adaia Valls","title":"Cirujana Maxilofacial","desc":"La Dra. Valls es cirujana maxilofacial Licenciada en Medicina por la Universitat Aut\u00f3noma de Barcelona, y especializada en el Hospital Vall d\u2019Hebron, con formaci\u00f3n en centros de referencia de Am\u00e9rica, Europa y Asia. Actualmente es Profesora Universitaria en la Universitat Internacional de Catalunya y miembro de distintas sociedades cient\u00edficas nacionales e internacionales.","image":["14199"],"video":"https:\/\/youtu.be\/Ajr27I53Ji8","video-preview":["14214"],"content":[{"title":"Formaci\u00f3n","text":"No. Col. 41826\r\n<ul>\r\n \t<li>Licenciatura en Medicina.<\/li>\r\n \t<li>Licenciatura en Odontolog\u00eda.<\/li>\r\n \t<li>Especialista en Cirug\u00eda Oral y Maxilofacial.<\/li>\r\n \t<li>Doctor Cum Laude (PhD) por la Universidad Internacional de Catalu\u00f1a (UIC).<\/li>\r\n \t<li>Profesora adjunta del Departamento de Cirug\u00eda Oral y Maxilofacial de la Universidad Internacional de Catalu\u00f1a (UIC).<\/li>\r\n \t<li>Diplomada en \"European Board of Oral and Maxilofacial Surgery\".<\/li>\r\n<\/ul>"}]},{"active":"yes","name":"Dr. Francesc Dur\u00e1n","title":"Cirujano Maxilofacial","desc":"El Dr. Francesc Duran es cirujano maxilofacial formado en el Hospital Vall d\u2019Hebron donde actualmente trabaja como adjunto, adem\u00e1s de su trabajo en Stetik Studio e Instituto Maxilofacial. Se ha especializado en rinoplastia con los mejores cirujanos del \u00e1mbito nacional, y participa como profesor dentro del Departamento de Cirug\u00eda Oral y Maxilofacial de la Universitat Internacional de Catalunya.","image":["14200"],"video":"https:\/\/youtu.be\/ndHNT1FuxPI","video-preview":["14248"],"content":[{"title":"Formaci\u00f3n","text":"No. Col. 53277\r\n<ul>\r\n \t<li>Graduado en Medicina y Cirug\u00eda por la Universitat Autonoma de Barcelona (UAB).<\/li>\r\n \t<li>Master en Cirug\u00eda Ortogn\u00e1tica, ORTOMAX, Madrid.<\/li>\r\n \t<li>Master en Implantolog\u00eda; Societat Catalano-Balear de Cirurgia Maxilofacial.<\/li>\r\n \t<li>Diploma Universitario de Cirug\u00eda Ortogn\u00e1tica y Ortodoncia Quir\u00fargica, UIC.<\/li>\r\n \t<li>Formaci\u00f3n en Rinoplastia en Barcelona, Le\u00f3n, Canarias, Zaragoza y Mallorca.<\/li>\r\n \t<li>Miembro de la Sociedad Espa\u00f1ola de Cirug\u00eda Oral y Maxilofacial (SECOM).<\/li>\r\n \t<li>Miembro de la Sociedad Espa\u00f1ola de Cirug\u00eda Pl\u00e1sica Facial (SECPF).<\/li>\r\n<\/ul>"}]},{"active":"yes","name":"Dr. Alejandro Mazarro","title":"Cirujano Maxilofacial","desc":"El Dr. Alejandro Mazarro es Licenciado en Medicina por la Universidad de Barcelona y tiene un M\u00e1ster en Medicina Est\u00e9tica y Antienvejecimiento en la Universidad Complutense de Madrid. Asimismo, es miembro de la European Academy of Facial Plastic Surgery (EAFPS), la Sociedad Espa\u00f1ola de Cirug\u00eda Pl\u00e1stica Facial (SECPF) y la\u00a0 Secci\u00f3n de Medicina Est\u00e9tica del Colegio Oficial de M\u00e9dicos de Barcelona (COMB). Aunque tiene formaci\u00f3n como cirujano maxilofacial, el Dr. Mazarro ha encontrado su pasi\u00f3n dentro de la medicina y especialmente la cirug\u00eda est\u00e9tica.","image":["14201"],"video":"https:\/\/youtu.be\/SNh0JqO2E50","video-preview":["14249"],"content":[{"title":"Formaci\u00f3n","text":"No. Col. 47084\r\n<ul>\r\n \t<li>Licenciado en Medicina por la Universidad de Barcelona.<\/li>\r\n \t<li>Master en Medicina Est\u00e9tica y Antienvejecimiento en la Universidad Complutense de Madrid.<\/li>\r\n \t<li>Miembro de la European Academy of Facial Plastic Surgery (EAFPS).<\/li>\r\n \t<li>Miembro de la Sociedad Espa\u00f1ola de Cirug\u00eda Pl\u00e1stica Facial (SECPF).<\/li>\r\n \t<li>Miembro de la Sociedad Espa\u00f1ola de Cirug\u00eda Oral y Maxilofacial (SECOM).<\/li>\r\n \t<li>Miembro de la Societat Catalanobalear de Cirurgia Maxil\u00b7lofacial i Oral (SCBCOMF).<\/li>\r\n \t<li>Miembro de la Secci\u00f3n de Medicina Est\u00e9tica del Colegio Oficial de M\u00e9dicos de Barcelona (COMB).<\/li>\r\n<\/ul>"}]}],"video-consulta-text":"","video-consulta-form":"","voz-experto-taxonomy":[],"landing-apnea-header-title":"","landing-apnea-header-subtitle":"","landing-apnea-header-image":[],"landing-apnea-header-pide-cita":"","landing-apnea-header-typeform":"","landing-apnea-blocks":[],"landing-apnea-intro-title":"","landing-apnea-intro-text":"","landing-apnea-highlight-items":[],"landing-apnea-blocks-2":[],"landing-apnea-testimonials-title":"","landing-apnea-testimonials-text":"","landing-apnea-testimonials-videos":[],"landing-apnea-hero-text":"","landing-apnea-faq-title":"","landing-apnea-faqs":[],"landing-apnea-prefooter-text":"","landing-apnea-prefooter-nota":"","redirect-page":"","shortcodeform-code":"","redirect-page-es":"","redirect-page-en":"","redirect-page-ca":"","login-page-need":"0","login-page":"","eh-cover-image":[],"eh-cover-image-mobile":[],"eh-cover-title":"","eh-cover-subtitle":"","eh-cover-text":"","eh-cover-btn1-text":"","eh-cover-btn1-page-id":"","eh-cover-btn2-text":"","eh-cover-btn2-video-files":[],"eh-specs-main-title":"","eh-specs":[],"eh-icons-reduced-section":"","eh-icons-1":[],"eh-patients-title":"","eh-patients":[],"eh-patients-nopic-title":"","eh-patients-nopic":[],"eh-video-title":"","eh-video":[],"eh-icons-2-reduced-section":"","eh-icons-2":[],"contact-zoom":"","contact-center":[],"contact-data-left-title":"","contact-data-left-content":"","contact-lat":"","contact-long":"","contact-bubble":"","contact-title-form":"","contact-text-form":"","contact-shortcode-form":"","contact-title-widget":"","contact-text-widget":"","contact-shortcode-widget":"","page-header":[],"page-header-text":"","page-header-english":"0","page-header-english-page-id":"","page-content-title":"","home-slides":[],"page-content-text-1":"","page-content-text-2":"","page-content-image-1":[],"page-content-video":"","page-content-text-3":"","page-content-image-2":[],"page-content-text-4":"","page-content-image-3":[],"page-excerpt-title":"","page-excerpt-text":"","page-related-enable":"0","related-content":[],"getcontent":[],"home-text-block":[],"home-blue-text":"","home-blue-image":[],"home-contact-form":[],"team-doctor-name":"","team-doctor-position":"","team-doctor-txt":"","team-doctor-btn":"","team-doctor-page":"","team-doctor-img":[],"team-img-fullwidth":[],"contact-link":"","contact-msg":"","contact-subject":"","contact-lat-2":"","contact-long-2":"","contact-bubble-2":"","contact-data":"","contact-tour-title":"","contact-tour-link":"","contact-tour-image":[],"contact-form":[],"faq-type":false,"item-row":[],"chatbot-code":"","lateral-reducedheader":"","lateral-content-type":"","lateral-title":"","lateral-intro":"","lateral-form":"","lateral-popup":"","lateral-popup-pages":[],"lateral-cta-text":"","lateral-cta-page":"","item-type":"","item-tax":{"term_id":22,"name":"Cirug\u00eda est\u00e9tica facial","slug":"cirugia-estetica-facial","term_group":0,"term_taxonomy_id":22,"taxonomy":"padre","description":"","parent":0,"count":77,"filter":"raw","term_order":"0","i18n_config":{"name":{"ts":{"es":"Cirug\u00eda est\u00e9tica facial","ca":"Cirurgia est\u00e8tica facial","en":"Facial Rejuvenation"}}}},"iframe-tuotempo":"","iframe-subs-es":"","iframe-subs-en":"","iframe-subs-ca":"","blog-default-image":[],"activity-events-date":"","activity-page-past":"","noticias-default-image":[]},"_links":{"self":[{"href":"https:\/\/content.www.institutomaxilofacial.com\/es\/wp-json\/wp\/v2\/pages\/14179","targetHints":{"allow":["GET"]}}],"collection":[{"href":"https:\/\/content.www.institutomaxilofacial.com\/es\/wp-json\/wp\/v2\/pages"}],"about":[{"href":"https:\/\/content.www.institutomaxilofacial.com\/es\/wp-json\/wp\/v2\/types\/page"}],"author":[{"embeddable":true,"href":"https:\/\/content.www.institutomaxilofacial.com\/es\/wp-json\/wp\/v2\/users\/1"}],"replies":[{"embeddable":true,"href":"https:\/\/content.www.institutomaxilofacial.com\/es\/wp-json\/wp\/v2\/comments?post=14179"}],"version-history":[{"count":2,"href":"https:\/\/content.www.institutomaxilofacial.com\/es\/wp-json\/wp\/v2\/pages\/14179\/revisions"}],"predecessor-version":[{"id":14202,"href":"https:\/\/content.www.institutomaxilofacial.com\/es\/wp-json\/wp\/v2\/pages\/14179\/revisions\/14202"}],"up":[{"embeddable":true,"href":"https:\/\/content.www.institutomaxilofacial.com\/es\/wp-json\/wp\/v2\/pages\/13624"}],"wp:attachment":[{"href":"https:\/\/content.www.institutomaxilofacial.com\/es\/wp-json\/wp\/v2\/media?parent=14179"}],"curies":[{"name":"wp","href":"https:\/\/api.w.org\/{rel}","templated":true}]}}