{"id":147,"date":"2016-03-08T12:12:48","date_gmt":"2016-03-08T12:12:48","guid":{"rendered":"https:\/\/content.www.institutomaxilofacial.com\/?page_id=147"},"modified":"2018-06-07T12:40:30","modified_gmt":"2018-06-07T12:40:30","slug":"que-es-la-estetica-dental","status":"publish","type":"page","link":"https:\/\/content.www.institutomaxilofacial.com\/es\/estetica-dental\/que-es-la-estetica-dental\/","title":{"rendered":"\u00bfQu\u00e9 es la Est\u00e9tica Dental?"},"content":{"rendered":"","protected":false},"excerpt":{"rendered":"","protected":false},"author":1,"featured_media":7788,"parent":31,"menu_order":10,"comment_status":"closed","ping_status":"closed","template":"template-modular.php","meta":{"footnotes":""},"class_list":["post-147","page","type-page","status-publish","has-post-thumbnail","hentry"],"yoast_head":"<!-- This site is optimized with the Yoast SEO plugin v27.2 - https:\/\/yoast.com\/product\/yoast-seo-wordpress\/ -->\n<title>Est\u00e9tica Dental - Instituto Maxilofacial<\/title>\n<meta name=\"description\" content=\"La est\u00e9tica dental es aquella especialidad de la odontolog\u00eda que se encarga de proporcionar harmon\u00eda, belleza y equilibrio a la sonrisa del paciente\" \/>\n<meta name=\"robots\" content=\"index, follow, max-snippet:-1, max-image-preview:large, max-video-preview:-1\" \/>\n<link rel=\"canonical\" href=\"https:\/\/content.www.institutomaxilofacial.com\/es\/wp-json\/wp\/v2\/pages\/147\/\" \/>\n<meta property=\"og:locale\" content=\"es_ES\" \/>\n<meta property=\"og:type\" content=\"article\" \/>\n<meta property=\"og:title\" content=\"Est\u00e9tica Dental - Instituto Maxilofacial\" \/>\n<meta property=\"og:description\" content=\"La est\u00e9tica dental es aquella especialidad de la odontolog\u00eda que se encarga de proporcionar harmon\u00eda, belleza y equilibrio a la sonrisa del paciente\" \/>\n<meta property=\"og:url\" content=\"https:\/\/content.www.institutomaxilofacial.com\/es\/estetica-dental\/que-es-la-estetica-dental\/\" \/>\n<meta property=\"og:site_name\" content=\"Instituto Maxilofacial\" \/>\n<meta property=\"article:modified_time\" content=\"2018-06-07T12:40:30+00:00\" \/>\n<meta property=\"og:image\" content=\"https:\/\/content.www.institutomaxilofacial.com\/wp-content\/uploads\/2018\/05\/iStock-4903497.jpg\" \/>\n\t<meta property=\"og:image:width\" content=\"1254\" \/>\n\t<meta property=\"og:image:height\" content=\"836\" \/>\n\t<meta property=\"og:image:type\" content=\"image\/jpeg\" \/>\n<meta name=\"twitter:card\" content=\"summary_large_image\" \/>\n<script type=\"application\/ld+json\" class=\"yoast-schema-graph\">{\"@context\":\"https:\/\/schema.org\",\"@graph\":[{\"@type\":\"WebPage\",\"@id\":\"https:\/\/content.www.institutomaxilofacial.com\/es\/estetica-dental\/que-es-la-estetica-dental\/\",\"url\":\"https:\/\/content.www.institutomaxilofacial.com\/es\/estetica-dental\/que-es-la-estetica-dental\/\",\"name\":\"Est\u00e9tica Dental - Instituto Maxilofacial\",\"isPartOf\":{\"@id\":\"https:\/\/content.www.institutomaxilofacial.com\/ca\/#website\"},\"primaryImageOfPage\":{\"@id\":\"https:\/\/content.www.institutomaxilofacial.com\/es\/estetica-dental\/que-es-la-estetica-dental\/#primaryimage\"},\"image\":{\"@id\":\"https:\/\/content.www.institutomaxilofacial.com\/es\/estetica-dental\/que-es-la-estetica-dental\/#primaryimage\"},\"thumbnailUrl\":\"https:\/\/content.www.institutomaxilofacial.com\/wp-content\/uploads\/2018\/05\/iStock-4903497.jpg\",\"datePublished\":\"2016-03-08T12:12:48+00:00\",\"dateModified\":\"2018-06-07T12:40:30+00:00\",\"description\":\"La est\u00e9tica dental es aquella especialidad de la odontolog\u00eda que se encarga de proporcionar harmon\u00eda, belleza y equilibrio a la sonrisa del paciente\",\"breadcrumb\":{\"@id\":\"https:\/\/content.www.institutomaxilofacial.com\/es\/estetica-dental\/que-es-la-estetica-dental\/#breadcrumb\"},\"inLanguage\":\"es\",\"potentialAction\":[{\"@type\":\"ReadAction\",\"target\":[\"https:\/\/content.www.institutomaxilofacial.com\/es\/estetica-dental\/que-es-la-estetica-dental\/\"]}]},{\"@type\":\"ImageObject\",\"inLanguage\":\"es\",\"@id\":\"https:\/\/content.www.institutomaxilofacial.com\/es\/estetica-dental\/que-es-la-estetica-dental\/#primaryimage\",\"url\":\"https:\/\/content.www.institutomaxilofacial.com\/wp-content\/uploads\/2018\/05\/iStock-4903497.jpg\",\"contentUrl\":\"https:\/\/content.www.institutomaxilofacial.com\/wp-content\/uploads\/2018\/05\/iStock-4903497.jpg\",\"width\":1254,\"height\":836},{\"@type\":\"BreadcrumbList\",\"@id\":\"https:\/\/content.www.institutomaxilofacial.com\/es\/estetica-dental\/que-es-la-estetica-dental\/#breadcrumb\",\"itemListElement\":[{\"@type\":\"ListItem\",\"position\":1,\"name\":\"Portada\",\"item\":\"https:\/\/content.www.institutomaxilofacial.com\/es\/\"},{\"@type\":\"ListItem\",\"position\":2,\"name\":\"Est\u00e9tica dental\",\"item\":\"https:\/\/content.www.institutomaxilofacial.com\/es\/estetica-dental\/\"},{\"@type\":\"ListItem\",\"position\":3,\"name\":\"\u00bfQu\u00e9 es la Est\u00e9tica Dental?\"}]},{\"@type\":\"WebSite\",\"@id\":\"https:\/\/content.www.institutomaxilofacial.com\/ca\/#website\",\"url\":\"https:\/\/content.www.institutomaxilofacial.com\/ca\/\",\"name\":\"Instituto Maxilofacial\",\"description\":\"Expertos en Cirug\u00eda Ortogn\u00e1tica y Ortofacial.  Precisi\u00f3n, experiencia y pasi\u00f3n por la innovaci\u00f3n\",\"potentialAction\":[{\"@type\":\"SearchAction\",\"target\":{\"@type\":\"EntryPoint\",\"urlTemplate\":\"https:\/\/content.www.institutomaxilofacial.com\/ca\/?s={search_term_string}\"},\"query-input\":{\"@type\":\"PropertyValueSpecification\",\"valueRequired\":true,\"valueName\":\"search_term_string\"}}],\"inLanguage\":\"es\"}]}<\/script>\n<!-- \/ Yoast SEO plugin. -->","yoast_head_json":{"title":"Est\u00e9tica Dental - Instituto Maxilofacial","description":"La est\u00e9tica dental es aquella especialidad de la odontolog\u00eda que se encarga de proporcionar harmon\u00eda, belleza y equilibrio a la sonrisa del paciente","robots":{"index":"index","follow":"follow","max-snippet":"max-snippet:-1","max-image-preview":"max-image-preview:large","max-video-preview":"max-video-preview:-1"},"canonical":"https:\/\/content.www.institutomaxilofacial.com\/es\/wp-json\/wp\/v2\/pages\/147\/","og_locale":"es_ES","og_type":"article","og_title":"Est\u00e9tica Dental - Instituto Maxilofacial","og_description":"La est\u00e9tica dental es aquella especialidad de la odontolog\u00eda que se encarga de proporcionar harmon\u00eda, belleza y equilibrio a la sonrisa del paciente","og_url":"https:\/\/content.www.institutomaxilofacial.com\/es\/estetica-dental\/que-es-la-estetica-dental\/","og_site_name":"Instituto Maxilofacial","article_modified_time":"2018-06-07T12:40:30+00:00","og_image":[{"width":1254,"height":836,"url":"https:\/\/content.www.institutomaxilofacial.com\/wp-content\/uploads\/2018\/05\/iStock-4903497.jpg","type":"image\/jpeg"}],"twitter_card":"summary_large_image","schema":{"@context":"https:\/\/schema.org","@graph":[{"@type":"WebPage","@id":"https:\/\/content.www.institutomaxilofacial.com\/es\/estetica-dental\/que-es-la-estetica-dental\/","url":"https:\/\/content.www.institutomaxilofacial.com\/es\/estetica-dental\/que-es-la-estetica-dental\/","name":"Est\u00e9tica Dental - Instituto Maxilofacial","isPartOf":{"@id":"https:\/\/content.www.institutomaxilofacial.com\/ca\/#website"},"primaryImageOfPage":{"@id":"https:\/\/content.www.institutomaxilofacial.com\/es\/estetica-dental\/que-es-la-estetica-dental\/#primaryimage"},"image":{"@id":"https:\/\/content.www.institutomaxilofacial.com\/es\/estetica-dental\/que-es-la-estetica-dental\/#primaryimage"},"thumbnailUrl":"https:\/\/content.www.institutomaxilofacial.com\/wp-content\/uploads\/2018\/05\/iStock-4903497.jpg","datePublished":"2016-03-08T12:12:48+00:00","dateModified":"2018-06-07T12:40:30+00:00","description":"La est\u00e9tica dental es aquella especialidad de la odontolog\u00eda que se encarga de proporcionar harmon\u00eda, belleza y equilibrio a la sonrisa del paciente","breadcrumb":{"@id":"https:\/\/content.www.institutomaxilofacial.com\/es\/estetica-dental\/que-es-la-estetica-dental\/#breadcrumb"},"inLanguage":"es","potentialAction":[{"@type":"ReadAction","target":["https:\/\/content.www.institutomaxilofacial.com\/es\/estetica-dental\/que-es-la-estetica-dental\/"]}]},{"@type":"ImageObject","inLanguage":"es","@id":"https:\/\/content.www.institutomaxilofacial.com\/es\/estetica-dental\/que-es-la-estetica-dental\/#primaryimage","url":"https:\/\/content.www.institutomaxilofacial.com\/wp-content\/uploads\/2018\/05\/iStock-4903497.jpg","contentUrl":"https:\/\/content.www.institutomaxilofacial.com\/wp-content\/uploads\/2018\/05\/iStock-4903497.jpg","width":1254,"height":836},{"@type":"BreadcrumbList","@id":"https:\/\/content.www.institutomaxilofacial.com\/es\/estetica-dental\/que-es-la-estetica-dental\/#breadcrumb","itemListElement":[{"@type":"ListItem","position":1,"name":"Portada","item":"https:\/\/content.www.institutomaxilofacial.com\/es\/"},{"@type":"ListItem","position":2,"name":"Est\u00e9tica dental","item":"https:\/\/content.www.institutomaxilofacial.com\/es\/estetica-dental\/"},{"@type":"ListItem","position":3,"name":"\u00bfQu\u00e9 es la Est\u00e9tica Dental?"}]},{"@type":"WebSite","@id":"https:\/\/content.www.institutomaxilofacial.com\/ca\/#website","url":"https:\/\/content.www.institutomaxilofacial.com\/ca\/","name":"Instituto Maxilofacial","description":"Expertos en Cirug\u00eda Ortogn\u00e1tica y Ortofacial.  Precisi\u00f3n, experiencia y pasi\u00f3n por la innovaci\u00f3n","potentialAction":[{"@type":"SearchAction","target":{"@type":"EntryPoint","urlTemplate":"https:\/\/content.www.institutomaxilofacial.com\/ca\/?s={search_term_string}"},"query-input":{"@type":"PropertyValueSpecification","valueRequired":true,"valueName":"search_term_string"}}],"inLanguage":"es"}]}},"meta_box":{"caso-clinico-taxonomy":[],"caso-clinico-casos":[],"categoria-home-header-title":"","categoria-home-header-image":[],"categoria-home-intro-text":"","cta-cita-title":"","cta-cita-text":"","cta-cita-button-text":"","cta-cita-button-link":"","cta-cita-button-link-external":"","cta-cita-image":[],"cta-cita-image-mobile":[],"categoria-page-info-title":"","categoria-page-info-image":[],"categoria-page-header-title":"","categoria-page-header-image":[],"categoria-page-intro-text":"","categoria-page-intro-image":[],"categoria-page-intro-image-mobile":[],"categoria-page-intro-image-position":"","categoria-page-intro-image-position-mobile":"","categoria-page-intro-content":"","categoria-page-intro-highlights":[],"categoria-page-blocks":[],"categoria-page-benefits-active":"","categoria-page-benefits-title":"","categoria-page-benefits-text":"","categoria-page-benefits-image":[],"categoria-page-benefits-image-mobile":[],"categoria-page-button-text":"","categoria-page-button-link":"","categoria-page-button-link-external":"","categoria-page-cta1-title":"","categoria-page-cta1-text":"","categoria-page-cta1-button-text":"","categoria-page-cta1-button-link":"","categoria-page-cta2-title":"","categoria-page-cta2-text":"","categoria-page-cta2-button-text":"","categoria-page-cta2-button-link":"","contacto-name":"","contacto-address":"","contacto-tlf":"","contacto-fax":"","contacto-image":[],"contacto-lat":"","contacto-lng":"","contacto-map-zoom":"","contacto-map-lat":"","contacto-map-lng":"","contacto-form":"","faqs-taxonomy":[],"estetica-home-header-title":"","estetica-home-header-image":[],"estetica-home-intro-title":"","estetica-home-intro-text":"","estetica-home-cirugia-title":"","estetica-home-medicina-title":"","estetica-home-descubre-title":"","estetica-home-descubre-text":"","estetica-home-descubre-image":[],"estetica-home-descubre-background":[],"estetica-home-descubre-background-mobile":[],"estetica-home-cta1-title":"","estetica-home-cta1-text":"","estetica-home-cta1-button-text":"","estetica-home-cta1-button-link":"","estetica-home-cta1-image":[],"estetica-home-cta2-title":"","estetica-home-cta2-text":"","estetica-home-cta2-button-text":"","estetica-home-cta2-button-link":"","estetica-home-cta2-image":[],"estetica-home-posts-title":"","estetica-home-posts-button-text":"","estetica-home-faq-title":"","estetica-home-faqs":[],"estetica-home-faq-button-text":"","estetica-home-faq-button-link":"","stetik-iframe-url":"","interior-show-breadcrumb":"","interior-header-title":"","interior-header-image":[],"interior-blocks":[],"is-stetik-studio":"","stetik-team-header-title":"","stetik-team-header-image":[],"stetik-team-intro-text":"","stetik-team-team-title":"","stetik-team-team-professional":[],"video-consulta-text":"","video-consulta-form":"","voz-experto-taxonomy":[],"landing-apnea-header-title":"","landing-apnea-header-subtitle":"","landing-apnea-header-image":[],"landing-apnea-header-pide-cita":"","landing-apnea-header-typeform":"","landing-apnea-blocks":[],"landing-apnea-intro-title":"","landing-apnea-intro-text":"","landing-apnea-highlight-items":[],"landing-apnea-blocks-2":[],"landing-apnea-testimonials-title":"","landing-apnea-testimonials-text":"","landing-apnea-testimonials-videos":[],"landing-apnea-hero-text":"","landing-apnea-faq-title":"","landing-apnea-faqs":[],"landing-apnea-prefooter-text":"","landing-apnea-prefooter-nota":"","redirect-page":"","shortcodeform-code":"","redirect-page-es":"","redirect-page-en":"","redirect-page-ca":"","login-page-need":"","login-page":"","eh-cover-image":[],"eh-cover-image-mobile":[],"eh-cover-title":"","eh-cover-subtitle":"","eh-cover-text":"","eh-cover-btn1-text":"","eh-cover-btn1-page-id":"","eh-cover-btn2-text":"","eh-cover-btn2-video-files":[],"eh-specs-main-title":"","eh-specs":[],"eh-icons-reduced-section":"","eh-icons-1":[],"eh-patients-title":"","eh-patients":[],"eh-patients-nopic-title":"","eh-patients-nopic":[],"eh-video-title":"","eh-video":[],"eh-icons-2-reduced-section":"","eh-icons-2":[],"contact-zoom":"","contact-center":[],"contact-data-left-title":"","contact-data-left-content":"","contact-lat":"","contact-long":"","contact-bubble":"","contact-title-form":"","contact-text-form":"","contact-shortcode-form":"","contact-title-widget":"","contact-text-widget":"","contact-shortcode-widget":"","page-header":[],"page-header-text":"Est\u00e9tica dental","page-header-english":"","page-header-english-page-id":"","page-content-title":"\u00bfQu\u00e9 es la est\u00e9tica dental?","home-slides":[],"page-content-text-1":"","page-content-text-2":"","page-content-image-1":[],"page-content-video":"","page-content-text-3":"","page-content-image-2":[],"page-content-text-4":"","page-content-image-3":[],"page-excerpt-title":"","page-excerpt-text":"","page-related-enable":"1","related-content":[{"type-related":"page","page-related":"155"},{"type-related":"page","page-related":"192"},{"type-related":"tag","tag-related":"654"}],"getcontent":[],"home-text-block":[],"home-blue-text":"","home-blue-image":[],"home-contact-form":[],"team-doctor-name":"","team-doctor-position":"","team-doctor-txt":"","team-doctor-btn":"","team-doctor-page":"","team-doctor-img":[],"team-img-fullwidth":[],"contact-link":"","contact-msg":"","contact-subject":"","contact-lat-2":"","contact-long-2":"","contact-bubble-2":"","contact-data":"","contact-tour-title":"","contact-tour-link":"","contact-tour-image":[],"contact-form":[],"faq-type":false,"item-row":[{"scheme":"textimage","layout-color":"white","row-padding":"normal-padding","item-text":"La\u00a0<strong>est\u00e9tica dental<\/strong>\u00a0es una subespecialidad de la\u00a0<strong>odontolog\u00eda<\/strong>\u00a0que se encarga de proporcionar armon\u00eda y belleza a la sonrisa.\r\n\r\nCuando se describe una \u201csonrisa bonita\u201d no se habla \u00fanicamente de la dentadura, sino que se deben tener en cuenta tres componentes distintivos que la definen:\r\n<ul>\r\n \t<li>Los <strong>labios<\/strong><\/li>\r\n \t<li>Las\u00a0<strong>enc\u00edas<\/strong><\/li>\r\n \t<li>Los <strong>dientes<\/strong><\/li>\r\n<\/ul>\r\nTodos ellos deben analizarse en conjunto por el especialista en\u00a0<strong>est\u00e9tica dental<\/strong>\u00a0para obtener el equilibrio deseado en los resultados. Un buen especialista en est\u00e9tica dental tomar\u00e1 en cuenta todos los componentes <strong>del rostro en su conjunto<\/strong>, logrando una correcta armon\u00eda de la boca con el resto de elementos que componen la cara.\r\n\r\n&nbsp;","video-explica-rows":[{"item-slide-video-type":"input_embed"}],"item-images":["7788"],"item-image-alt":"What is Dental Aesthetics?","item-bg-size-contain":["on"],"item-row-icon-image-1":"Icono-1.png","item-row-icon-image-2":"Icono-1.png","item-row-icon-image-3":"Icono-1.png","item-row-icon-image-4":"Icono-1.png","item-cta-page":"5633","item-cta-size":"btn-big"},{"scheme":"imagetext","layout-color":"white","row-padding":"normal-padding","item-text":"<h4>LABIOS<\/h4>\r\nLos <strong>labios<\/strong> son el marco de la sonrisa. La mejora est\u00e9tica de los labios se realiza mediante t\u00e9cnicas de <a href=\"https:\/\/content.www.institutomaxilofacial.com\/es\/cirugia-estetica-facial\/que-es-la-cirugia-estetica-facial\/\"><strong>cirug\u00eda est\u00e9tica facial<\/strong><\/a> y tratamientos reversibles dise\u00f1ados para <a href=\"https:\/\/content.www.institutomaxilofacial.com\/es\/tratamiento\/cirugia-estetica-facial-queiloplastia\/\"><strong>mejorar el grosor y posici\u00f3n<\/strong><\/a>\u00a0en sonrisa de los labios.\r\n\r\nYa sea para aumentar o disminuir el volumen de los labios, o corregir alteraciones cong\u00e9nitas o adquiridas, en <strong>Instituto Maxilofacial<\/strong> proponemos <strong>t\u00e9cnicas m\u00ednimamente invasivas<\/strong> que ofrecen resultados muy naturales y duraderos.","video-explica-rows":[{"item-slide-video-type":"input_embed"}],"item-images":["7796"],"item-bg-size-contain":["on"]},{"scheme":"textimage","layout-color":"white","row-padding":"normal-padding","item-text":"<h4>ENC\u00cdAS<\/h4>\r\nEl tama\u00f1o y color de las <strong>enc\u00edas<\/strong> es un elemento clave para la sonrisa, por ello, su alineamiento y acondicionamiento es fundamental en un dise\u00f1o bonito y natural.\r\nLas enc\u00edas deben presentar un largo adecuado y un color saludable, adem\u00e1s de una forma arqueada en perfecta alineaci\u00f3n con las piezas dentales.\r\n\r\nExisten diversas <a href=\"https:\/\/content.www.institutomaxilofacial.com\/es\/tratamiento\/estetica-dental-los-tratamientos-periodontales\/\"><strong>t\u00e9cnicas periodontales<\/strong><\/a> indicadas para mantener la salud de las enc\u00edas, s\u00ed como para cubrir las ra\u00edces de los dientes de los pacientes cuando \u00e9stos parecen demasiado largos.","video-explica-rows":[{"item-slide-video-type":"input_embed"}],"item-images":["7791"],"item-bg-size-contain":["on"]},{"scheme":"imagetext","layout-color":"white","row-padding":"normal-padding","item-text":"<h4>DIENTES<\/h4>\r\nEl\u00a0<strong>tratamiento de los dientes<\/strong>\u00a0es la parte m\u00e1s delicada del\u00a0<strong>dise\u00f1o de la sonrisa<\/strong>. Es importante analizar la\u00a0<strong>forma, el tama\u00f1o y el color<\/strong>\u00a0para ofrecer a cada persona resultados que sean est\u00e9ticamente agradables y a la vez naturales.\r\n\r\nLos tratamientos m\u00e1s comunes son las\u00a0<strong><a href=\"https:\/\/content.www.institutomaxilofacial.com\/es\/tratamiento\/estetica-dental-las-carillas-dentales\/\">carillas dentales<\/a> y el <a href=\"https:\/\/content.www.institutomaxilofacial.com\/es\/tratamiento\/estetica-dental-el-blanqueamiento-dental\/\">blanqueamiento dental<\/a><\/strong>. A parte de estos procedimientos, dentro de la\u00a0<strong>est\u00e9tica dental<\/strong>\u00a0tambi\u00e9n se engloban aquellas t\u00e9cnicas de rehabilitaci\u00f3n oral necesarias para mejorar la sonrisa y el\u00a0<a href=\"https:\/\/content.www.institutomaxilofacial.com\/es\/tratamiento\/estetica-dental-digital-smile-design\/\"><strong>Digital Smile Design<\/strong><\/a>\u00a0como el mecanismo digital para planificar y facilitar el trabajo del especialista y aumentar la confianza en el paciente.","video-explica-rows":[{"item-slide-video-type":"input_embed"}],"item-images":["7794"],"item-bg-size-contain":["on"]},{"scheme":"cta","layout-color":"white","row-padding":"small-padding","video-explica-rows":[{"item-slide-video-type":"input_embed"}],"item-cta-text":"CONOCE NUESTROS TRATAMIENTOS","item-cta-page":"155"},{"scheme":"video_explica","layout-color":"dark-blue","row-padding":"normal-padding","item-title":"videos explicativos","video-explica-rows":[{"item-slide-video-type":"input_embed","item-slide-embed":"<iframe src=\"https:\/\/player.vimeo.com\/video\/271660078\" width=\"640\" height=\"360\" frameborder=\"0\" allowfullscreen><\/iframe>"},{"item-slide-video-type":"input_embed","item-slide-embed":"<iframe src=\"https:\/\/player.vimeo.com\/video\/273680441\" width=\"640\" height=\"360\" frameborder=\"0\" webkitallowfullscreen mozallowfullscreen allowfullscreen><\/iframe>"},{"item-slide-video-type":"input_embed","item-slide-embed":"<iframe src=\"https:\/\/player.vimeo.com\/video\/259899172\" width=\"640\" height=\"360\" frameborder=\"0\" webkitallowfullscreen mozallowfullscreen allowfullscreen><\/iframe>"}]}],"chatbot-code":"","lateral-reducedheader":"","lateral-content-type":"","lateral-title":"","lateral-intro":"","lateral-form":"","lateral-popup":"","lateral-popup-pages":[],"lateral-cta-text":"","lateral-cta-page":"","item-type":"","item-tax":false,"iframe-tuotempo":"","iframe-subs-es":"","iframe-subs-en":"","iframe-subs-ca":"","blog-default-image":[],"activity-events-date":"","activity-page-past":"","noticias-default-image":[]},"_links":{"self":[{"href":"https:\/\/content.www.institutomaxilofacial.com\/es\/wp-json\/wp\/v2\/pages\/147","targetHints":{"allow":["GET"]}}],"collection":[{"href":"https:\/\/content.www.institutomaxilofacial.com\/es\/wp-json\/wp\/v2\/pages"}],"about":[{"href":"https:\/\/content.www.institutomaxilofacial.com\/es\/wp-json\/wp\/v2\/types\/page"}],"author":[{"embeddable":true,"href":"https:\/\/content.www.institutomaxilofacial.com\/es\/wp-json\/wp\/v2\/users\/1"}],"replies":[{"embeddable":true,"href":"https:\/\/content.www.institutomaxilofacial.com\/es\/wp-json\/wp\/v2\/comments?post=147"}],"version-history":[{"count":10,"href":"https:\/\/content.www.institutomaxilofacial.com\/es\/wp-json\/wp\/v2\/pages\/147\/revisions"}],"predecessor-version":[{"id":7931,"href":"https:\/\/content.www.institutomaxilofacial.com\/es\/wp-json\/wp\/v2\/pages\/147\/revisions\/7931"}],"up":[{"embeddable":true,"href":"https:\/\/content.www.institutomaxilofacial.com\/es\/wp-json\/wp\/v2\/pages\/31"}],"wp:featuredmedia":[{"embeddable":true,"href":"https:\/\/content.www.institutomaxilofacial.com\/es\/wp-json\/wp\/v2\/media\/7788"}],"wp:attachment":[{"href":"https:\/\/content.www.institutomaxilofacial.com\/es\/wp-json\/wp\/v2\/media?parent=147"}],"curies":[{"name":"wp","href":"https:\/\/api.w.org\/{rel}","templated":true}]}}