{"id":180,"date":"2016-03-08T12:19:46","date_gmt":"2016-03-08T12:19:46","guid":{"rendered":"https:\/\/content.www.institutomaxilofacial.com\/?page_id=180"},"modified":"2022-09-13T13:20:45","modified_gmt":"2022-09-13T11:20:45","slug":"3d-planning-in-dental-implants","status":"publish","type":"page","link":"https:\/\/content.www.institutomaxilofacial.com\/es\/implantes-dentales\/planificacion-3d-en-implantes-dentales\/","title":{"rendered":"Planificaci\u00f3n 3D de Implantes Dentales"},"content":{"rendered":"","protected":false},"excerpt":{"rendered":"","protected":false},"author":1,"featured_media":11842,"parent":33,"menu_order":30,"comment_status":"closed","ping_status":"closed","template":"template-modular.php","meta":{"footnotes":""},"class_list":["post-180","page","type-page","status-publish","has-post-thumbnail","hentry"],"yoast_head":"<!-- This site is optimized with the Yoast SEO plugin v27.2 - https:\/\/yoast.com\/product\/yoast-seo-wordpress\/ -->\n<title>Planificaci\u00f3n 3D en Implantes Dentales - Instituto Maxilofacial<\/title>\n<meta name=\"description\" content=\"Todas las cirug\u00edas con Implantes Dentales que se realizan se planifican en 3D mediante los \u00faltimos avances tecnol\u00f3gicos.\" \/>\n<meta name=\"robots\" content=\"index, follow, max-snippet:-1, max-image-preview:large, max-video-preview:-1\" \/>\n<link rel=\"canonical\" href=\"https:\/\/content.www.institutomaxilofacial.com\/es\/wp-json\/wp\/v2\/pages\/180\/\" \/>\n<meta property=\"og:locale\" content=\"es_ES\" \/>\n<meta property=\"og:type\" content=\"article\" \/>\n<meta property=\"og:title\" content=\"[:es]Planificaci\u00f3n 3D en Implantes Dentales - Instituto Maxilofacial [:ca]Planificaci\u00f3 3D en Implants Dentals - Instituto Maxilofacial [:en]Clinical Cases - Dental Implants - Instituto Maxilofacial [:]\" \/>\n<meta property=\"og:description\" content=\"{:es}Todas las cirug\u00edas con Implantes Dentales que se realizan se planifican en 3D mediante los \u00faltimos avances tecnol\u00f3gicos.{:ca}Totes les cirurgies amb implants dentals que es realitzen es planifiquen en 3D mitjan\u00e7ant els \u00faltims aven\u00e7os tecnol\u00f2gics per assegurar resultats \u00f2ptims{:en}Learn more about the clinical cases and experiences from patients that have undergone any kind of dental implants procedure at the Institute.{:}\" \/>\n<meta property=\"og:url\" content=\"https:\/\/content.www.institutomaxilofacial.com\/es\/implantes-dentales\/planificacion-3d-en-implantes-dentales\/\" \/>\n<meta property=\"og:site_name\" content=\"Instituto Maxilofacial\" \/>\n<meta property=\"article:modified_time\" content=\"2022-09-13T11:20:45+00:00\" \/>\n<meta property=\"og:image\" content=\"https:\/\/content.www.institutomaxilofacial.com\/wp-content\/uploads\/2015\/11\/RX-hueso-y-tejido-blando-inverted.png\" \/>\n\t<meta property=\"og:image:width\" content=\"1951\" \/>\n\t<meta property=\"og:image:height\" content=\"1071\" \/>\n\t<meta property=\"og:image:type\" content=\"image\/png\" \/>\n<meta name=\"twitter:card\" content=\"summary_large_image\" \/>\n<script type=\"application\/ld+json\" class=\"yoast-schema-graph\">{\"@context\":\"https:\/\/schema.org\",\"@graph\":[{\"@type\":\"WebPage\",\"@id\":\"https:\/\/content.www.institutomaxilofacial.com\/es\/implantes-dentales\/planificacion-3d-en-implantes-dentales\/\",\"url\":\"https:\/\/content.www.institutomaxilofacial.com\/es\/implantes-dentales\/planificacion-3d-en-implantes-dentales\/\",\"name\":\"[:es]Planificaci\u00f3n 3D en Implantes Dentales - Instituto Maxilofacial [:ca]Planificaci\u00f3 3D en Implants Dentals - Instituto Maxilofacial [:en]Clinical Cases - Dental Implants - Instituto Maxilofacial [:]\",\"isPartOf\":{\"@id\":\"https:\/\/content.www.institutomaxilofacial.com\/ca\/#website\"},\"primaryImageOfPage\":{\"@id\":\"https:\/\/content.www.institutomaxilofacial.com\/es\/implantes-dentales\/planificacion-3d-en-implantes-dentales\/#primaryimage\"},\"image\":{\"@id\":\"https:\/\/content.www.institutomaxilofacial.com\/es\/implantes-dentales\/planificacion-3d-en-implantes-dentales\/#primaryimage\"},\"thumbnailUrl\":\"https:\/\/content.www.institutomaxilofacial.com\/wp-content\/uploads\/2015\/11\/RX-hueso-y-tejido-blando-inverted.png\",\"datePublished\":\"2016-03-08T12:19:46+00:00\",\"dateModified\":\"2022-09-13T11:20:45+00:00\",\"description\":\"{:es}Todas las cirug\u00edas con Implantes Dentales que se realizan se planifican en 3D mediante los \u00faltimos avances tecnol\u00f3gicos.{:ca}Totes les cirurgies amb implants dentals que es realitzen es planifiquen en 3D mitjan\u00e7ant els \u00faltims aven\u00e7os tecnol\u00f2gics per assegurar resultats \u00f2ptims{:en}Learn more about the clinical cases and experiences from patients that have undergone any kind of dental implants procedure at the Institute.{:}\",\"breadcrumb\":{\"@id\":\"https:\/\/content.www.institutomaxilofacial.com\/es\/implantes-dentales\/planificacion-3d-en-implantes-dentales\/#breadcrumb\"},\"inLanguage\":\"es\",\"potentialAction\":[{\"@type\":\"ReadAction\",\"target\":[\"https:\/\/content.www.institutomaxilofacial.com\/es\/implantes-dentales\/planificacion-3d-en-implantes-dentales\/\"]}]},{\"@type\":\"ImageObject\",\"inLanguage\":\"es\",\"@id\":\"https:\/\/content.www.institutomaxilofacial.com\/es\/implantes-dentales\/planificacion-3d-en-implantes-dentales\/#primaryimage\",\"url\":\"https:\/\/content.www.institutomaxilofacial.com\/wp-content\/uploads\/2015\/11\/RX-hueso-y-tejido-blando-inverted.png\",\"contentUrl\":\"https:\/\/content.www.institutomaxilofacial.com\/wp-content\/uploads\/2015\/11\/RX-hueso-y-tejido-blando-inverted.png\",\"width\":1951,\"height\":1071},{\"@type\":\"BreadcrumbList\",\"@id\":\"https:\/\/content.www.institutomaxilofacial.com\/es\/implantes-dentales\/planificacion-3d-en-implantes-dentales\/#breadcrumb\",\"itemListElement\":[{\"@type\":\"ListItem\",\"position\":1,\"name\":\"Portada\",\"item\":\"https:\/\/content.www.institutomaxilofacial.com\/es\/\"},{\"@type\":\"ListItem\",\"position\":2,\"name\":\"Implantes dentales\",\"item\":\"https:\/\/content.www.institutomaxilofacial.com\/es\/implantes-dentales\/\"},{\"@type\":\"ListItem\",\"position\":3,\"name\":\"Planificaci\u00f3n 3D de Implantes Dentales\"}]},{\"@type\":\"WebSite\",\"@id\":\"https:\/\/content.www.institutomaxilofacial.com\/ca\/#website\",\"url\":\"https:\/\/content.www.institutomaxilofacial.com\/ca\/\",\"name\":\"Instituto Maxilofacial\",\"description\":\"Expertos en Cirug\u00eda Ortogn\u00e1tica y Ortofacial.  Precisi\u00f3n, experiencia y pasi\u00f3n por la innovaci\u00f3n\",\"potentialAction\":[{\"@type\":\"SearchAction\",\"target\":{\"@type\":\"EntryPoint\",\"urlTemplate\":\"https:\/\/content.www.institutomaxilofacial.com\/ca\/?s={search_term_string}\"},\"query-input\":{\"@type\":\"PropertyValueSpecification\",\"valueRequired\":true,\"valueName\":\"search_term_string\"}}],\"inLanguage\":\"es\"}]}<\/script>\n<!-- \/ Yoast SEO plugin. -->","yoast_head_json":{"title":"Planificaci\u00f3n 3D en Implantes Dentales - Instituto Maxilofacial","description":"Todas las cirug\u00edas con Implantes Dentales que se realizan se planifican en 3D mediante los \u00faltimos avances tecnol\u00f3gicos.","robots":{"index":"index","follow":"follow","max-snippet":"max-snippet:-1","max-image-preview":"max-image-preview:large","max-video-preview":"max-video-preview:-1"},"canonical":"https:\/\/content.www.institutomaxilofacial.com\/es\/wp-json\/wp\/v2\/pages\/180\/","og_locale":"es_ES","og_type":"article","og_title":"[:es]Planificaci\u00f3n 3D en Implantes Dentales - Instituto Maxilofacial [:ca]Planificaci\u00f3 3D en Implants Dentals - Instituto Maxilofacial [:en]Clinical Cases - Dental Implants - Instituto Maxilofacial [:]","og_description":"{:es}Todas las cirug\u00edas con Implantes Dentales que se realizan se planifican en 3D mediante los \u00faltimos avances tecnol\u00f3gicos.{:ca}Totes les cirurgies amb implants dentals que es realitzen es planifiquen en 3D mitjan\u00e7ant els \u00faltims aven\u00e7os tecnol\u00f2gics per assegurar resultats \u00f2ptims{:en}Learn more about the clinical cases and experiences from patients that have undergone any kind of dental implants procedure at the Institute.{:}","og_url":"https:\/\/content.www.institutomaxilofacial.com\/es\/implantes-dentales\/planificacion-3d-en-implantes-dentales\/","og_site_name":"Instituto Maxilofacial","article_modified_time":"2022-09-13T11:20:45+00:00","og_image":[{"width":1951,"height":1071,"url":"https:\/\/content.www.institutomaxilofacial.com\/wp-content\/uploads\/2015\/11\/RX-hueso-y-tejido-blando-inverted.png","type":"image\/png"}],"twitter_card":"summary_large_image","schema":{"@context":"https:\/\/schema.org","@graph":[{"@type":"WebPage","@id":"https:\/\/content.www.institutomaxilofacial.com\/es\/implantes-dentales\/planificacion-3d-en-implantes-dentales\/","url":"https:\/\/content.www.institutomaxilofacial.com\/es\/implantes-dentales\/planificacion-3d-en-implantes-dentales\/","name":"[:es]Planificaci\u00f3n 3D en Implantes Dentales - Instituto Maxilofacial [:ca]Planificaci\u00f3 3D en Implants Dentals - Instituto Maxilofacial [:en]Clinical Cases - Dental Implants - Instituto Maxilofacial [:]","isPartOf":{"@id":"https:\/\/content.www.institutomaxilofacial.com\/ca\/#website"},"primaryImageOfPage":{"@id":"https:\/\/content.www.institutomaxilofacial.com\/es\/implantes-dentales\/planificacion-3d-en-implantes-dentales\/#primaryimage"},"image":{"@id":"https:\/\/content.www.institutomaxilofacial.com\/es\/implantes-dentales\/planificacion-3d-en-implantes-dentales\/#primaryimage"},"thumbnailUrl":"https:\/\/content.www.institutomaxilofacial.com\/wp-content\/uploads\/2015\/11\/RX-hueso-y-tejido-blando-inverted.png","datePublished":"2016-03-08T12:19:46+00:00","dateModified":"2022-09-13T11:20:45+00:00","description":"{:es}Todas las cirug\u00edas con Implantes Dentales que se realizan se planifican en 3D mediante los \u00faltimos avances tecnol\u00f3gicos.{:ca}Totes les cirurgies amb implants dentals que es realitzen es planifiquen en 3D mitjan\u00e7ant els \u00faltims aven\u00e7os tecnol\u00f2gics per assegurar resultats \u00f2ptims{:en}Learn more about the clinical cases and experiences from patients that have undergone any kind of dental implants procedure at the Institute.{:}","breadcrumb":{"@id":"https:\/\/content.www.institutomaxilofacial.com\/es\/implantes-dentales\/planificacion-3d-en-implantes-dentales\/#breadcrumb"},"inLanguage":"es","potentialAction":[{"@type":"ReadAction","target":["https:\/\/content.www.institutomaxilofacial.com\/es\/implantes-dentales\/planificacion-3d-en-implantes-dentales\/"]}]},{"@type":"ImageObject","inLanguage":"es","@id":"https:\/\/content.www.institutomaxilofacial.com\/es\/implantes-dentales\/planificacion-3d-en-implantes-dentales\/#primaryimage","url":"https:\/\/content.www.institutomaxilofacial.com\/wp-content\/uploads\/2015\/11\/RX-hueso-y-tejido-blando-inverted.png","contentUrl":"https:\/\/content.www.institutomaxilofacial.com\/wp-content\/uploads\/2015\/11\/RX-hueso-y-tejido-blando-inverted.png","width":1951,"height":1071},{"@type":"BreadcrumbList","@id":"https:\/\/content.www.institutomaxilofacial.com\/es\/implantes-dentales\/planificacion-3d-en-implantes-dentales\/#breadcrumb","itemListElement":[{"@type":"ListItem","position":1,"name":"Portada","item":"https:\/\/content.www.institutomaxilofacial.com\/es\/"},{"@type":"ListItem","position":2,"name":"Implantes dentales","item":"https:\/\/content.www.institutomaxilofacial.com\/es\/implantes-dentales\/"},{"@type":"ListItem","position":3,"name":"Planificaci\u00f3n 3D de Implantes Dentales"}]},{"@type":"WebSite","@id":"https:\/\/content.www.institutomaxilofacial.com\/ca\/#website","url":"https:\/\/content.www.institutomaxilofacial.com\/ca\/","name":"Instituto Maxilofacial","description":"Expertos en Cirug\u00eda Ortogn\u00e1tica y Ortofacial.  Precisi\u00f3n, experiencia y pasi\u00f3n por la innovaci\u00f3n","potentialAction":[{"@type":"SearchAction","target":{"@type":"EntryPoint","urlTemplate":"https:\/\/content.www.institutomaxilofacial.com\/ca\/?s={search_term_string}"},"query-input":{"@type":"PropertyValueSpecification","valueRequired":true,"valueName":"search_term_string"}}],"inLanguage":"es"}]}},"meta_box":{"caso-clinico-taxonomy":[],"caso-clinico-casos":[],"categoria-home-header-title":"","categoria-home-header-image":[],"categoria-home-intro-text":"","cta-cita-title":"","cta-cita-text":"","cta-cita-button-text":"","cta-cita-button-link":"","cta-cita-button-link-external":"","cta-cita-image":[],"cta-cita-image-mobile":[],"categoria-page-info-title":"","categoria-page-info-image":[],"categoria-page-header-title":"","categoria-page-header-image":[],"categoria-page-intro-text":"","categoria-page-intro-image":[],"categoria-page-intro-image-mobile":[],"categoria-page-intro-image-position":"","categoria-page-intro-image-position-mobile":"","categoria-page-intro-content":"","categoria-page-intro-highlights":[],"categoria-page-blocks":[],"categoria-page-benefits-active":"","categoria-page-benefits-title":"","categoria-page-benefits-text":"","categoria-page-benefits-image":[],"categoria-page-benefits-image-mobile":[],"categoria-page-button-text":"","categoria-page-button-link":"","categoria-page-button-link-external":"","categoria-page-cta1-title":"","categoria-page-cta1-text":"","categoria-page-cta1-button-text":"","categoria-page-cta1-button-link":"","categoria-page-cta2-title":"","categoria-page-cta2-text":"","categoria-page-cta2-button-text":"","categoria-page-cta2-button-link":"","contacto-name":"","contacto-address":"","contacto-tlf":"","contacto-fax":"","contacto-image":[],"contacto-lat":"","contacto-lng":"","contacto-map-zoom":"","contacto-map-lat":"","contacto-map-lng":"","contacto-form":"","faqs-taxonomy":[],"estetica-home-header-title":"","estetica-home-header-image":[],"estetica-home-intro-title":"","estetica-home-intro-text":"","estetica-home-cirugia-title":"","estetica-home-medicina-title":"","estetica-home-descubre-title":"","estetica-home-descubre-text":"","estetica-home-descubre-image":[],"estetica-home-descubre-background":[],"estetica-home-descubre-background-mobile":[],"estetica-home-cta1-title":"","estetica-home-cta1-text":"","estetica-home-cta1-button-text":"","estetica-home-cta1-button-link":"","estetica-home-cta1-image":[],"estetica-home-cta2-title":"","estetica-home-cta2-text":"","estetica-home-cta2-button-text":"","estetica-home-cta2-button-link":"","estetica-home-cta2-image":[],"estetica-home-posts-title":"","estetica-home-posts-button-text":"","estetica-home-faq-title":"","estetica-home-faqs":[],"estetica-home-faq-button-text":"","estetica-home-faq-button-link":"","stetik-iframe-url":"","interior-show-breadcrumb":"","interior-header-title":"","interior-header-image":[],"interior-blocks":[],"is-stetik-studio":"","stetik-team-header-title":"","stetik-team-header-image":[],"stetik-team-intro-text":"","stetik-team-team-title":"","stetik-team-team-professional":[],"video-consulta-text":"","video-consulta-form":"","voz-experto-taxonomy":[],"landing-apnea-header-title":"","landing-apnea-header-subtitle":"","landing-apnea-header-image":[],"landing-apnea-header-pide-cita":"","landing-apnea-header-typeform":"","landing-apnea-blocks":[],"landing-apnea-intro-title":"","landing-apnea-intro-text":"","landing-apnea-highlight-items":[],"landing-apnea-blocks-2":[],"landing-apnea-testimonials-title":"","landing-apnea-testimonials-text":"","landing-apnea-testimonials-videos":[],"landing-apnea-hero-text":"","landing-apnea-faq-title":"","landing-apnea-faqs":[],"landing-apnea-prefooter-text":"","landing-apnea-prefooter-nota":"","redirect-page":"","shortcodeform-code":"","redirect-page-es":"","redirect-page-en":"","redirect-page-ca":"","login-page-need":"0","login-page":"","eh-cover-image":[],"eh-cover-image-mobile":[],"eh-cover-title":"","eh-cover-subtitle":"","eh-cover-text":"","eh-cover-btn1-text":"","eh-cover-btn1-page-id":"","eh-cover-btn2-text":"","eh-cover-btn2-video-files":[],"eh-specs-main-title":"","eh-specs":[],"eh-icons-reduced-section":"","eh-icons-1":[],"eh-patients-title":"","eh-patients":[],"eh-patients-nopic-title":"","eh-patients-nopic":[],"eh-video-title":"","eh-video":[],"eh-icons-2-reduced-section":"","eh-icons-2":[],"contact-zoom":"","contact-center":[],"contact-data-left-title":"","contact-data-left-content":"","contact-lat":"","contact-long":"","contact-bubble":"","contact-title-form":"","contact-text-form":"","contact-shortcode-form":"","contact-title-widget":"","contact-text-widget":"","contact-shortcode-widget":"","page-header":[],"page-header-text":"Planificaci\u00f3n 3D en Implantes Dentales","page-header-english":"0","page-header-english-page-id":"","page-content-title":"\u00bfPor qu\u00e9 Planificaci\u00f3n 3D en Implantes Dentales?","home-slides":[],"page-content-text-1":"","page-content-text-2":"","page-content-image-1":[],"page-content-video":"","page-content-text-3":"","page-content-image-2":[],"page-content-text-4":"","page-content-image-3":[],"page-excerpt-title":"","page-excerpt-text":"","page-related-enable":"1","related-content":[{"type-related":"page","page-related":"145"},{"type-related":"page","page-related":"157"},{"type-related":"page","page-related":"184"}],"getcontent":[],"home-text-block":[],"home-blue-text":"","home-blue-image":[],"home-contact-form":[],"team-doctor-name":"","team-doctor-position":"","team-doctor-txt":"","team-doctor-btn":"","team-doctor-page":"","team-doctor-img":[],"team-img-fullwidth":[],"contact-link":"","contact-msg":"","contact-subject":"","contact-lat-2":"","contact-long-2":"","contact-bubble-2":"","contact-data":"","contact-tour-title":"","contact-tour-link":"","contact-tour-image":[],"contact-form":[],"faq-type":false,"item-row":[{"scheme":"onlytext","layout-color":"white","row-padding":"small-padding","item-text":"El\u00a0<a href=\"https:\/\/content.www.institutomaxilofacial.com\/es\/\"><strong>Instituto Maxilofacial<\/strong><\/a>\u00a0se sit\u00faa en la vanguardia de la revoluci\u00f3n tridimensional en medicina. Todas las cirug\u00edas con\u00a0<a href=\"https:\/\/content.www.institutomaxilofacial.com\/es\/implantes-dentales\/que-son-los-implantes-dentales\/\"><strong>implantes dentales<\/strong><\/a>\u00a0que se realizan se planifican en 3D mediante los \u00faltimos avances tecnol\u00f3gicos. As\u00ed, los especialistas pueden anticipar al mil\u00edmetro la posici\u00f3n exacta d\u00f3nde deben colocarse los\u00a0<strong>implantes dentales<\/strong>\u00a0evitando posibles imprevistos en quir\u00f3fano y asegurando unos resultados \u00f3ptimos.","video-explica-rows":[{"item-slide-video-type":"input_embed"}]},{"scheme":"imagetext","layout-color":"white","row-padding":"biggest-padding","item-text":"Desde 2010, el Instituto Maxilofacial dispone, por un lado, de un <a href=\"https:\/\/content.www.institutomaxilofacial.com\/es\/centro-de-innovacion\/ultimas-tecnologias\/\"><strong>Esc\u00e1ner Intraoral<\/strong><\/a> que permite tomar una impresi\u00f3n de los dientes e <strong>implantes dentales<\/strong> en 3D para la confecci\u00f3n de la gran mayor\u00eda de restauraciones con <strong>pr\u00f3tesis dentales<\/strong> y por otro, de un <a href=\"https:\/\/content.www.institutomaxilofacial.com\/es\/centro-de-innovacion\/ultimas-tecnologias\/\"><strong>CBCT<\/strong><\/a> o <strong>Cone Beam Computed Tomography<\/strong> que, con muy baja radiaci\u00f3n, sirve para obtener la anatom\u00eda en tres dimensiones del cr\u00e1neo o de la parte del cr\u00e1neo necesaria del paciente.\r\n\r\nTodo ello, proporciona un resultado cl\u00ednico \u00f3ptimo y una mayor comodidad para el paciente. Estos estudios se combinan con los programas inform\u00e1ticos m\u00e1s sofisticados con los que se decide la posici\u00f3n \u00f3ptima de los <strong>implantes dentales<\/strong> en funci\u00f3n de la calidad y de la cantidad de hueso en cada zona de la <strong>mand\u00edbula<\/strong> o el <strong>maxilar<\/strong>.","video-explica-rows":[{"item-slide-video-type":"input_embed"}],"item-images":["9496"],"item-bg-size-contain":["on"],"item-row-icon-image-1":"Icono-1.png","item-row-icon-image-2":"Icono-1.png","item-row-icon-image-3":"Icono-1.png","item-row-icon-image-4":"Icono-1.png","item-cta-page":"5633","item-cta-size":"btn-big"},{"scheme":"onlytext","row-padding":"without-padding","item-text":"<h4>Cirug\u00eda guiada en implantolog\u00eda<\/h4>\r\nEl proceso de\u00a0<strong>cirug\u00eda guiada<\/strong>\u00a0comienza con la combinaci\u00f3n de im\u00e1genes de un esc\u00e1ner intraoral y craneal, con las cuales\u00a0<strong>se crea un modelo tridimensional exacto<\/strong>\u00a0que permite mapear la boca al mil\u00edmetro, emitiendo una m\u00ednima radiaci\u00f3n. Una vez obtenido el modelo 3D, el cirujano puede simular la operaci\u00f3n en el ordenador, y\u00a0<strong>colocar los implantes en la posici\u00f3n \u00f3ptima para conseguir una est\u00e9tica y funci\u00f3n perfectas.<\/strong>","video-explica-rows":[{"item-slide-video-type":"input_embed"}]},{"scheme":"textimage","row-padding":"normal-padding","item-text":"Una vez tomadas estas medidas, <strong>se crea una f\u00e9rula quir\u00fargica a modo de plantilla<\/strong>, que reproduce con total exactitud la posici\u00f3n de los implantes. Estas plantillas<strong> sirven de gu\u00eda para perforar la enc\u00eda sin tener que abrirla<\/strong>, al tener una serie de orificios situados en la posici\u00f3n precisa donde hay que colocar los implantes y permitiendo s\u00f3lo perforar hasta la profundidad preestablecida. Esto <strong>permite realizar una cirug\u00eda m\u00ednimamente invasiva<\/strong>, sin levantar la enc\u00eda o dar puntos en la mayor\u00eda de los casos.\r\n\r\nOtra ventaja de la cirug\u00eda guiada es que <strong>permite evitar zonas delicadas<\/strong> como el nervio dentario o el seno maxilar, adem\u00e1s de <strong>reducir el tiempo de quir\u00f3fano<\/strong>. Una intervenci\u00f3n que sol\u00eda tomar entre 2 a 3 horas, puede llevarse a cabo en un lapso de 30-45 minutos.\r\n\r\nDe cara al paciente, <strong>una cirug\u00eda menos invasiva y m\u00e1s corta se traduce en un postoperatorio m\u00e1s c\u00f3modo<\/strong>, al no haber cortes ni puntos, adem\u00e1s de que <strong>los implantes se colocan con la m\u00e1xima exactitud, con resultados funcionales y est\u00e9ticos inmejorables.<\/strong>","item-video":"<iframe src=\"https:\/\/player.vimeo.com\/video\/334423127\" width=\"640\" height=\"480\" frameborder=\"0\" allow=\"autoplay; fullscreen\" allowfullscreen><\/iframe>","video-explica-rows":[{"item-slide-video-type":"input_embed"}],"item-bg-size-contain":["on"]},{"scheme":"onlytext","layout-color":"light-blue","row-padding":"small-padding","item-text":"<p style=\"text-align: center;\"><strong>As\u00ed, la planificaci\u00f3n 3D en Implantolog\u00eda permite:<\/strong><\/p>\r\n<p style=\"text-align: center;\">Un diagn\u00f3stico preciso.<\/p>\r\n<p style=\"text-align: center;\">Planificaci\u00f3n quir\u00fargica virtual del tratamiento.<\/p>\r\n<p style=\"text-align: center;\">Evitar imprevistos en quir\u00f3fano.<\/p>\r\n<p style=\"text-align: center;\">Reducci\u00f3n del tiempo quir\u00fargico.<\/p>\r\n<p style=\"text-align: center;\">Un postoperatorio m\u00e1s c\u00f3modo y menos doloroso.<\/p>\r\n<p style=\"text-align: center;\">Resultados \u00f3ptimos.<\/p>","video-explica-rows":[{"item-slide-video-type":"input_embed"}],"item-image-alt":"\u00bfPor qu\u00e9 Planificaci\u00f3n 3D en Implantes Dentales?","item-bg-size-contain":["on"],"item-row-icon-image-1":"Icono-1.png","item-row-icon-image-2":"Icono-1.png","item-row-icon-image-3":"Icono-1.png","item-row-icon-image-4":"Icono-1.png","item-cta-page":"5633","item-cta-size":"btn-big"},{"scheme":"cta","row-padding":"normal-padding","video-explica-rows":[{"item-slide-video-type":"input_embed"}],"item-cta-text":"Pide cita con un especialista en implantolog\u00eda"}],"chatbot-code":"","lateral-reducedheader":"","lateral-content-type":"","lateral-title":"","lateral-intro":"","lateral-form":"","lateral-popup":"","lateral-popup-pages":[],"lateral-cta-text":"","lateral-cta-page":"","item-type":"","item-tax":false,"iframe-tuotempo":"","iframe-subs-es":"","iframe-subs-en":"","iframe-subs-ca":"","blog-default-image":[],"activity-events-date":"","activity-page-past":"","noticias-default-image":[]},"_links":{"self":[{"href":"https:\/\/content.www.institutomaxilofacial.com\/es\/wp-json\/wp\/v2\/pages\/180","targetHints":{"allow":["GET"]}}],"collection":[{"href":"https:\/\/content.www.institutomaxilofacial.com\/es\/wp-json\/wp\/v2\/pages"}],"about":[{"href":"https:\/\/content.www.institutomaxilofacial.com\/es\/wp-json\/wp\/v2\/types\/page"}],"author":[{"embeddable":true,"href":"https:\/\/content.www.institutomaxilofacial.com\/es\/wp-json\/wp\/v2\/users\/1"}],"replies":[{"embeddable":true,"href":"https:\/\/content.www.institutomaxilofacial.com\/es\/wp-json\/wp\/v2\/comments?post=180"}],"version-history":[{"count":7,"href":"https:\/\/content.www.institutomaxilofacial.com\/es\/wp-json\/wp\/v2\/pages\/180\/revisions"}],"predecessor-version":[{"id":7921,"href":"https:\/\/content.www.institutomaxilofacial.com\/es\/wp-json\/wp\/v2\/pages\/180\/revisions\/7921"}],"up":[{"embeddable":true,"href":"https:\/\/content.www.institutomaxilofacial.com\/es\/wp-json\/wp\/v2\/pages\/33"}],"wp:featuredmedia":[{"embeddable":true,"href":"https:\/\/content.www.institutomaxilofacial.com\/es\/wp-json\/wp\/v2\/media\/11842"}],"wp:attachment":[{"href":"https:\/\/content.www.institutomaxilofacial.com\/es\/wp-json\/wp\/v2\/media?parent=180"}],"curies":[{"name":"wp","href":"https:\/\/api.w.org\/{rel}","templated":true}]}}