{"id":6622,"date":"2016-09-27T13:46:24","date_gmt":"2016-09-27T13:46:24","guid":{"rendered":"https:\/\/content.www.institutomaxilofacial.com\/es\/?page_id=6622"},"modified":"2026-02-03T17:39:55","modified_gmt":"2026-02-03T15:39:55","slug":"dr-federico-hernandez-alfaro-2","status":"publish","type":"page","link":"https:\/\/content.www.institutomaxilofacial.com\/es\/dr-federico-hernandez-alfaro\/","title":{"rendered":"Prof. Federico Hern\u00e1ndez Alfaro"},"content":{"rendered":"<p><\/p>\n<p class=\"p1\">Licenciado en Medicina.<\/p>\n<p class=\"p1\">Licenciado en Odontolog\u00eda.<\/p>\n<p class=\"p1\">Especialista en Cirug\u00eda Oral y Maxilofacial.<\/p>\n<p class=\"p1\">Doctor \u00abCum Laude\u00bb por la Universidad\u00a0Internacional de Catalu\u00f1a (UIC).<\/p>\n<p class=\"p1\">Formaci\u00f3n postgraduada en Suiza, Italia, M\u00e9xico, y EEUU.<\/p>\n<p class=\"p1\">Director del Diploma Universitario en Cirug\u00eda Ortogn\u00e1tica de la Universidad Internacional de Catalu\u00f1a.<\/p>\n<p class=\"p1\">Profesor Titular y Jefe de Departamento de Cirug\u00eda Oral y Maxilofacial de la Universidad Internacional de Catalu\u00f1a (UIC).<\/p>\n<p class=\"p1\">Diplomado \u00abBoard Europeo de Cirug\u00eda Maxilofacial\u00bb.<\/p>\n<p class=\"p1\">Autor de los libros \u00abInjertos \u00d3seos en Implantolog\u00eda\u00bb, \u00abCirug\u00eda\u00a0Avanzada en Implantes\u00bb, \u00abBone Grafting in Oral Implantology\u00bb y \u00abControversial Issues in Implant Dentistry\u00bb.<\/p>\n<p class=\"p1\">Miembro del Editorial Board del\u00a0European Journal of Oral Implantology y de la Revista Espa\u00f1ola de Cirug\u00eda Oral y Maxilofacial.<\/p>\n<p><\/p>","protected":false},"excerpt":{"rendered":"<p>Licenciado en Medicina.<br \/>\nLicenciado en Odontolog\u00eda.<br \/>\nEspecialista en Cirug\u00eda Oral y Maxilofacial.<br \/>\nDoctor \u00abCum Laude\u00bb por la Universidad\u00a0Internacional de Catalu\u00f1a (UIC).<br \/>\nFormaci\u00f3n postgraduada en Suiza, Italia, M\u00e9xico, y EEUU.<br \/>\nDirector del Diploma Universitario en Cirug\u00eda Ortogn\u00e1tica de la Universidad Internacional de Catalu\u00f1a.<br \/>\nProfesor Titular y Jefe de Departamento de Cirug\u00eda Oral &#8230;<\/p>\n","protected":false},"author":1,"featured_media":0,"parent":0,"menu_order":100,"comment_status":"closed","ping_status":"closed","template":"template-modular.php","meta":{"footnotes":""},"class_list":["post-6622","page","type-page","status-publish","hentry"],"yoast_head":"<!-- This site is optimized with the Yoast SEO plugin v27.2 - https:\/\/yoast.com\/product\/yoast-seo-wordpress\/ -->\n<title>Prof. Federico Hern\u00e1ndez Alfaro - Instituto Maxilofacial<\/title>\n<meta name=\"robots\" content=\"index, follow, max-snippet:-1, max-image-preview:large, max-video-preview:-1\" \/>\n<link rel=\"canonical\" href=\"https:\/\/content.www.institutomaxilofacial.com\/es\/wp-json\/wp\/v2\/pages\/6622\/\" \/>\n<meta property=\"og:locale\" content=\"es_ES\" \/>\n<meta property=\"og:type\" content=\"article\" \/>\n<meta property=\"og:title\" content=\"Prof. Federico Hern\u00e1ndez Alfaro - Instituto Maxilofacial\" \/>\n<meta property=\"og:description\" content=\"Licenciado en Medicina. Licenciado en Odontolog\u00eda. Especialista en Cirug\u00eda Oral y Maxilofacial. Doctor \u00abCum Laude\u00bb por la Universidad\u00a0Internacional de Catalu\u00f1a (UIC). Formaci\u00f3n postgraduada en Suiza, Italia, M\u00e9xico, y EEUU. Director del Diploma Universitario en Cirug\u00eda Ortogn\u00e1tica de la Universidad Internacional de Catalu\u00f1a. Profesor Titular y Jefe de Departamento de Cirug\u00eda Oral ...\" \/>\n<meta property=\"og:url\" content=\"https:\/\/content.www.institutomaxilofacial.com\/es\/dr-federico-hernandez-alfaro\/\" \/>\n<meta property=\"og:site_name\" content=\"Instituto Maxilofacial\" \/>\n<meta property=\"article:modified_time\" content=\"2026-02-03T15:39:55+00:00\" \/>\n<meta name=\"twitter:card\" content=\"summary_large_image\" \/>\n<script type=\"application\/ld+json\" class=\"yoast-schema-graph\">{\"@context\":\"https:\/\/schema.org\",\"@graph\":[{\"@type\":\"WebPage\",\"@id\":\"https:\/\/content.www.institutomaxilofacial.com\/es\/dr-federico-hernandez-alfaro\/\",\"url\":\"https:\/\/content.www.institutomaxilofacial.com\/es\/dr-federico-hernandez-alfaro\/\",\"name\":\"Prof. Federico Hern\u00e1ndez Alfaro - Instituto Maxilofacial\",\"isPartOf\":{\"@id\":\"https:\/\/content.www.institutomaxilofacial.com\/ca\/#website\"},\"datePublished\":\"2016-09-27T13:46:24+00:00\",\"dateModified\":\"2026-02-03T15:39:55+00:00\",\"breadcrumb\":{\"@id\":\"https:\/\/content.www.institutomaxilofacial.com\/es\/dr-federico-hernandez-alfaro\/#breadcrumb\"},\"inLanguage\":\"es\",\"potentialAction\":[{\"@type\":\"ReadAction\",\"target\":[\"https:\/\/content.www.institutomaxilofacial.com\/es\/dr-federico-hernandez-alfaro\/\"]}]},{\"@type\":\"BreadcrumbList\",\"@id\":\"https:\/\/content.www.institutomaxilofacial.com\/es\/dr-federico-hernandez-alfaro\/#breadcrumb\",\"itemListElement\":[{\"@type\":\"ListItem\",\"position\":1,\"name\":\"Portada\",\"item\":\"https:\/\/content.www.institutomaxilofacial.com\/es\/\"},{\"@type\":\"ListItem\",\"position\":2,\"name\":\"Prof. Federico Hern\u00e1ndez Alfaro\"}]},{\"@type\":\"WebSite\",\"@id\":\"https:\/\/content.www.institutomaxilofacial.com\/ca\/#website\",\"url\":\"https:\/\/content.www.institutomaxilofacial.com\/ca\/\",\"name\":\"Instituto Maxilofacial\",\"description\":\"Expertos en Cirug\u00eda Ortogn\u00e1tica y Ortofacial.  Precisi\u00f3n, experiencia y pasi\u00f3n por la innovaci\u00f3n\",\"potentialAction\":[{\"@type\":\"SearchAction\",\"target\":{\"@type\":\"EntryPoint\",\"urlTemplate\":\"https:\/\/content.www.institutomaxilofacial.com\/ca\/?s={search_term_string}\"},\"query-input\":{\"@type\":\"PropertyValueSpecification\",\"valueRequired\":true,\"valueName\":\"search_term_string\"}}],\"inLanguage\":\"es\"}]}<\/script>\n<!-- \/ Yoast SEO plugin. -->","yoast_head_json":{"title":"Prof. Federico Hern\u00e1ndez Alfaro - Instituto Maxilofacial","robots":{"index":"index","follow":"follow","max-snippet":"max-snippet:-1","max-image-preview":"max-image-preview:large","max-video-preview":"max-video-preview:-1"},"canonical":"https:\/\/content.www.institutomaxilofacial.com\/es\/wp-json\/wp\/v2\/pages\/6622\/","og_locale":"es_ES","og_type":"article","og_title":"Prof. Federico Hern\u00e1ndez Alfaro - Instituto Maxilofacial","og_description":"Licenciado en Medicina. Licenciado en Odontolog\u00eda. Especialista en Cirug\u00eda Oral y Maxilofacial. Doctor \u00abCum Laude\u00bb por la Universidad\u00a0Internacional de Catalu\u00f1a (UIC). Formaci\u00f3n postgraduada en Suiza, Italia, M\u00e9xico, y EEUU. Director del Diploma Universitario en Cirug\u00eda Ortogn\u00e1tica de la Universidad Internacional de Catalu\u00f1a. Profesor Titular y Jefe de Departamento de Cirug\u00eda Oral ...","og_url":"https:\/\/content.www.institutomaxilofacial.com\/es\/dr-federico-hernandez-alfaro\/","og_site_name":"Instituto Maxilofacial","article_modified_time":"2026-02-03T15:39:55+00:00","twitter_card":"summary_large_image","schema":{"@context":"https:\/\/schema.org","@graph":[{"@type":"WebPage","@id":"https:\/\/content.www.institutomaxilofacial.com\/es\/dr-federico-hernandez-alfaro\/","url":"https:\/\/content.www.institutomaxilofacial.com\/es\/dr-federico-hernandez-alfaro\/","name":"Prof. Federico Hern\u00e1ndez Alfaro - Instituto Maxilofacial","isPartOf":{"@id":"https:\/\/content.www.institutomaxilofacial.com\/ca\/#website"},"datePublished":"2016-09-27T13:46:24+00:00","dateModified":"2026-02-03T15:39:55+00:00","breadcrumb":{"@id":"https:\/\/content.www.institutomaxilofacial.com\/es\/dr-federico-hernandez-alfaro\/#breadcrumb"},"inLanguage":"es","potentialAction":[{"@type":"ReadAction","target":["https:\/\/content.www.institutomaxilofacial.com\/es\/dr-federico-hernandez-alfaro\/"]}]},{"@type":"BreadcrumbList","@id":"https:\/\/content.www.institutomaxilofacial.com\/es\/dr-federico-hernandez-alfaro\/#breadcrumb","itemListElement":[{"@type":"ListItem","position":1,"name":"Portada","item":"https:\/\/content.www.institutomaxilofacial.com\/es\/"},{"@type":"ListItem","position":2,"name":"Prof. Federico Hern\u00e1ndez Alfaro"}]},{"@type":"WebSite","@id":"https:\/\/content.www.institutomaxilofacial.com\/ca\/#website","url":"https:\/\/content.www.institutomaxilofacial.com\/ca\/","name":"Instituto Maxilofacial","description":"Expertos en Cirug\u00eda Ortogn\u00e1tica y Ortofacial.  Precisi\u00f3n, experiencia y pasi\u00f3n por la innovaci\u00f3n","potentialAction":[{"@type":"SearchAction","target":{"@type":"EntryPoint","urlTemplate":"https:\/\/content.www.institutomaxilofacial.com\/ca\/?s={search_term_string}"},"query-input":{"@type":"PropertyValueSpecification","valueRequired":true,"valueName":"search_term_string"}}],"inLanguage":"es"}]}},"meta_box":{"caso-clinico-taxonomy":[],"caso-clinico-casos":[],"categoria-home-header-title":"","categoria-home-header-image":[],"categoria-home-intro-text":"","cta-cita-title":"","cta-cita-text":"","cta-cita-button-text":"","cta-cita-button-link":"","cta-cita-button-link-external":"","cta-cita-image":[],"cta-cita-image-mobile":[],"categoria-page-info-title":"","categoria-page-info-image":[],"categoria-page-header-title":"","categoria-page-header-image":[],"categoria-page-intro-text":"","categoria-page-intro-image":[],"categoria-page-intro-image-mobile":[],"categoria-page-intro-image-position":"","categoria-page-intro-image-position-mobile":"","categoria-page-intro-content":"","categoria-page-intro-highlights":[],"categoria-page-blocks":[],"categoria-page-benefits-active":"","categoria-page-benefits-title":"","categoria-page-benefits-text":"","categoria-page-benefits-image":[],"categoria-page-benefits-image-mobile":[],"categoria-page-button-text":"","categoria-page-button-link":"","categoria-page-button-link-external":"","categoria-page-cta1-title":"","categoria-page-cta1-text":"","categoria-page-cta1-button-text":"","categoria-page-cta1-button-link":"","categoria-page-cta2-title":"","categoria-page-cta2-text":"","categoria-page-cta2-button-text":"","categoria-page-cta2-button-link":"","contacto-name":"","contacto-address":"","contacto-tlf":"","contacto-fax":"","contacto-image":[],"contacto-lat":"","contacto-lng":"","contacto-map-zoom":"","contacto-map-lat":"","contacto-map-lng":"","contacto-form":"","faqs-taxonomy":[],"estetica-home-header-title":"","estetica-home-header-image":[],"estetica-home-intro-title":"","estetica-home-intro-text":"","estetica-home-cirugia-title":"","estetica-home-medicina-title":"","estetica-home-descubre-title":"","estetica-home-descubre-text":"","estetica-home-descubre-image":[],"estetica-home-descubre-background":[],"estetica-home-descubre-background-mobile":[],"estetica-home-cta1-title":"","estetica-home-cta1-text":"","estetica-home-cta1-button-text":"","estetica-home-cta1-button-link":"","estetica-home-cta1-image":[],"estetica-home-cta2-title":"","estetica-home-cta2-text":"","estetica-home-cta2-button-text":"","estetica-home-cta2-button-link":"","estetica-home-cta2-image":[],"estetica-home-posts-title":"","estetica-home-posts-button-text":"","estetica-home-faq-title":"","estetica-home-faqs":[],"estetica-home-faq-button-text":"","estetica-home-faq-button-link":"","stetik-iframe-url":"","interior-show-breadcrumb":"","interior-header-title":"","interior-header-image":[],"interior-blocks":[],"is-stetik-studio":"no","stetik-team-header-title":"","stetik-team-header-image":[],"stetik-team-intro-text":"","stetik-team-team-title":"","stetik-team-team-professional":[],"video-consulta-text":"","video-consulta-form":"","voz-experto-taxonomy":[],"landing-apnea-header-title":"","landing-apnea-header-subtitle":"","landing-apnea-header-image":[],"landing-apnea-header-pide-cita":"","landing-apnea-header-typeform":"","landing-apnea-blocks":[],"landing-apnea-intro-title":"","landing-apnea-intro-text":"","landing-apnea-highlight-items":[],"landing-apnea-blocks-2":[],"landing-apnea-testimonials-title":"","landing-apnea-testimonials-text":"","landing-apnea-testimonials-videos":[],"landing-apnea-hero-text":"","landing-apnea-faq-title":"","landing-apnea-faqs":[],"landing-apnea-prefooter-text":"","landing-apnea-prefooter-nota":"","redirect-page":"","shortcodeform-code":"","redirect-page-es":"","redirect-page-en":"","redirect-page-ca":"","login-page-need":"0","login-page":"","eh-cover-image":[],"eh-cover-image-mobile":[],"eh-cover-title":"","eh-cover-subtitle":"","eh-cover-text":"","eh-cover-btn1-text":"","eh-cover-btn1-page-id":"","eh-cover-btn2-text":"","eh-cover-btn2-video-files":[],"eh-specs-main-title":"","eh-specs":[],"eh-icons-reduced-section":"","eh-icons-1":[],"eh-patients-title":"","eh-patients":[],"eh-patients-nopic-title":"","eh-patients-nopic":[],"eh-video-title":"","eh-video":[],"eh-icons-2-reduced-section":"","eh-icons-2":[],"contact-zoom":"","contact-center":[],"contact-data-left-title":"","contact-data-left-content":"","contact-lat":"","contact-long":"","contact-bubble":"","contact-title-form":"","contact-text-form":"","contact-shortcode-form":"","contact-title-widget":"","contact-text-widget":"","contact-shortcode-widget":"","page-header":[{"width":3508,"height":2339,"file":"2016\/09\/Dr.-Herna\u0301ndez-Alfaro5-1.jpg","sizes":{"thumbnail":{"file":"Dr.-Herna\u0301ndez-Alfaro5-1-335x200.jpg","width":335,"height":200,"mime-type":"image\/jpeg"},"medium":{"file":"Dr.-Herna\u0301ndez-Alfaro5-1-530x353.jpg","width":530,"height":353,"mime-type":"image\/jpeg"},"large":{"file":"Dr.-Herna\u0301ndez-Alfaro5-1-1125x750.jpg","width":1125,"height":750,"mime-type":"image\/jpeg"},"thumbnail_custom":{"file":"Dr.-Herna\u0301ndez-Alfaro5-1-200x133.jpg","width":200,"height":133,"mime-type":"image\/jpeg"},"box_thumb":{"file":"Dr.-Herna\u0301ndez-Alfaro5-1-300x200.jpg","width":300,"height":200,"mime-type":"image\/jpeg"},"post_thumb":{"file":"Dr.-Herna\u0301ndez-Alfaro5-1-600x400.jpg","width":600,"height":400,"mime-type":"image\/jpeg"},"logo_footer":{"file":"Dr.-Herna\u0301ndez-Alfaro5-1-125x83.jpg","width":125,"height":83,"mime-type":"image\/jpeg"},"blue_image":{"file":"Dr.-Herna\u0301ndez-Alfaro5-1-2000x2000.jpg","width":2000,"height":2000,"mime-type":"image\/jpeg"}},"image_meta":{"aperture":"0","credit":"","camera":"","caption":"","created_timestamp":"0","copyright":"","focal_length":"0","iso":"0","shutter_speed":"0","title":"","orientation":"0","keywords":[]},"ID":"6799","name":"Dr.-Herna\u0301ndez-Alfaro5-1.jpg","path":"\/var\/www\/vhosts\/prod\/content.www.institutomaxilofacial.com\/wp-content\/uploads\/2016\/09\/Dr.-Herna\u0301ndez-Alfaro5-1.jpg","url":"https:\/\/content.www.institutomaxilofacial.com\/wp-content\/uploads\/2016\/09\/Dr.-Herna\u0301ndez-Alfaro5-1.jpg","title":"dr-hernandez-alfaro en su despacho"}],"page-header-text":"","page-header-english":"0","page-header-english-page-id":"","page-content-title":"","home-slides":[],"page-content-text-1":"","page-content-text-2":"","page-content-image-1":[],"page-content-video":"","page-content-text-3":"","page-content-image-2":[],"page-content-text-4":"","page-content-image-3":[],"page-excerpt-title":"","page-excerpt-text":"","page-related-enable":"1","related-content":[],"getcontent":[],"home-text-block":[],"home-blue-text":"","home-blue-image":[],"home-contact-form":[],"team-doctor-name":"","team-doctor-position":"","team-doctor-txt":"","team-doctor-btn":"","team-doctor-page":"","team-doctor-img":[],"team-img-fullwidth":[],"contact-link":"","contact-msg":"","contact-subject":"","contact-lat-2":"","contact-long-2":"","contact-bubble-2":"","contact-data":"","contact-tour-title":"","contact-tour-link":"","contact-tour-image":[],"contact-form":[],"faq-type":false,"item-row":[{"scheme":"blueimagetext","row-padding":"small-padding","item-text":"<p data-start=\"371\" data-end=\"595\">Con m\u00e1s de <strong data-start=\"382\" data-end=\"429\">200 cirug\u00edas ortogn\u00e1ticas realizadas al a\u00f1o<\/strong>, el <strong>Profesor<\/strong> <strong data-start=\"434\" data-end=\"475\">Federico Hern\u00e1ndez-Alfaro<\/strong>, <strong data-start=\"477\" data-end=\"523\">Catedr\u00e1tico de Cirug\u00eda Oral y Maxilofacial<\/strong>, es uno de los <strong data-start=\"539\" data-end=\"592\">referentes internacionales en cirug\u00eda ortogn\u00e1tica<\/strong>.<\/p>\r\n<p data-start=\"602\" data-end=\"894\">A lo largo de su trayectoria cl\u00ednica y acad\u00e9mica, ha <strong data-start=\"655\" data-end=\"736\">desarrollado y publicado t\u00e9cnicas de cirug\u00eda ortogn\u00e1tica m\u00ednimamente invasiva<\/strong>, hoy utilizadas por especialistas de todo el mundo para el tratamiento de <strong data-start=\"811\" data-end=\"893\">maloclusiones dentofaciales, asimetr\u00edas faciales y apnea obstructiva del sue\u00f1o<\/strong>.<\/p>","video-explica-rows":[{"item-slide-video-type":"input_embed"}]},{"scheme":"imagetext","row-padding":"small-padding","item-text":"[t\u00edtulo]Trayectoria Profesional[\/t\u00edtulo]\r\n<ul>No. Col. 25265\r\n \t<li>Licenciado en Medicina.<\/li>\r\n \t<li class=\"p1\">Licenciado en Odontolog\u00eda.<\/li>\r\n \t<li class=\"p1\">Especialista en Cirug\u00eda Oral y Maxilofacial.<\/li>\r\n \t<li class=\"p1\">Doctor \"Cum Laude\" por la Universidad\u00a0Internacional de Catalu\u00f1a (UIC).<\/li>\r\n \t<li class=\"p1\">Formaci\u00f3n postgraduada en Suiza, Italia, M\u00e9xico, y EEUU.<\/li>\r\n \t<li class=\"p1\">Director del Diploma Universitario en Cirug\u00eda Ortogn\u00e1tica de la Universidad Internacional de Catalu\u00f1a.<\/li>\r\n \t<li class=\"p1\">Profesor Catedr\u00e1tico en el \u00c1rea de Cirug\u00eda Oral y Maxilofacial de la Universidad Internacional de Catalu\u00f1a (UIC).<\/li>\r\n \t<li class=\"p1\">Diplomado \"Board Europeo de Cirug\u00eda Maxilofacial\".<\/li>\r\n \t<li class=\"p1\">Autor de los libros \"Injertos \u00d3seos en Implantolog\u00eda\", \"Cirug\u00eda\u00a0Avanzada en Implantes\", \"Bone Grafting in Oral Implantology\" y \"Controversial Issues in Implant Dentistry\".<\/li>\r\n \t<li class=\"p1\">Miembro del Editorial Board del\u00a0European Journal of Oral Implantology y de la Revista Espa\u00f1ola de Cirug\u00eda Oral y Maxilofacial.<\/li>\r\n \t<li>Profesor Catedr\u00e1tico en el \u00c1rea de Patolog\u00eda Medicoquir\u00fargica Oral e Implantolog\u00eda por la Universidad\u00a0Internacional de Catalu\u00f1a\u00a0<span style=\"font-size: 16.1px;\">(UIC)<\/span><\/li>\r\n<\/ul>","video-explica-rows":[{"item-slide-video-type":"input_embed"}],"item-images":["15857"],"item-bg-size-contain":["on"]},{"scheme":"cta","layout-color":"white","row-padding":"normal-padding","video-explica-rows":[{"item-slide-video-type":"input_embed"}],"item-cta-text":"Conoce a todo el equipo","item-cta-page":"115","item-cta-size":"btn-normal"},{"scheme":"onlytext","layout-color":"dark-blue","row-padding":"normal-padding","item-text":"<p style=\"text-align: center;\">La metodolog\u00eda del <strong>Dr.<\/strong> <strong data-start=\"249\" data-end=\"290\">Federico Hern\u00e1ndez-Alfaro<\/strong> se basa en una <strong data-start=\"306\" data-end=\"340\">planificaci\u00f3n digital avanzada<\/strong>, un <strong data-start=\"345\" data-end=\"377\">enfoque m\u00ednimamente invasivo<\/strong> y una <strong data-start=\"384\" data-end=\"436\">visi\u00f3n funcional y est\u00e9tica integrada del rostro<\/strong>. Cada caso se estudia de forma individualizada mediante an\u00e1lisis tridimensional, lo que permite <strong data-start=\"533\" data-end=\"570\">optimizar la precisi\u00f3n quir\u00fargica<\/strong>, reducir el impacto postoperatorio y favorecer una <strong data-start=\"622\" data-end=\"649\">recuperaci\u00f3n m\u00e1s r\u00e1pida<\/strong>, siempre con el objetivo de lograr resultados <strong data-start=\"696\" data-end=\"747\">estables, arm\u00f3nicos y funcionales a largo plazo<\/strong>.<\/p>","video-explica-rows":[{"item-slide-video-type":"input_embed"}]},{"scheme":"onlytext","layout-color":"light-blue","row-padding":"without-padding","item-text":"<h2 style=\"text-align: center;\">RECONOCIMIENTOS Y PRENSA<\/h2>","video-explica-rows":[{"item-slide-video-type":"input_embed"}]},{"scheme":"imgcarrousel","layout-color":"light-blue","row-padding":"small-padding","video-explica-rows":[{"item-slide-video-type":"input_embed"}],"imgscarrousel":{"imgscarrousel-imgs":[{"img":["15927"],"link":"https:\/\/www.institutomaxilofacial.com\/es\/2025\/09\/30\/el-prof-federico-hernandez-alfaro-en-el-ranking-de-excelencia-cientifica-de-stanford-2025\/","new-tab":"1"},{"img":["15926"],"link":"https:\/\/www.institutomaxilofacial.com\/es\/2025\/04\/29\/prof-hernandez-alfaro-entre-los-cinco-mejores-cirujanos-orales-y-maxilofaciales-de-espana-segun-sus-colegas\/","new-tab":"1"},{"img":["15925"],"link":"https:\/\/www.institutomaxilofacial.com\/es\/2018\/09\/25\/prof-hernandez-alfaro-lider-de-opinion-internacional\/","new-tab":"1"},{"img":["15924"],"link":"https:\/\/www.institutomaxilofacial.com\/es\/2018\/02\/09\/el-profesor-hernandez-alfaro-ha-obtenido-la-plaza-de-catedratico-en-la-universidad-internacional-de-cataluna\/","new-tab":"1"},{"img":["15923"],"link":"https:\/\/www.institutomaxilofacial.com\/es\/2019\/10\/22\/el-prof-hernandez-alfaro-y-su-equipo-de-investigacion-publican-en-la-revista-open-respiratory-research\/","new-tab":"1"},{"img":["15922"],"link":"https:\/\/www.institutomaxilofacial.com\/es\/2023\/03\/06\/el-prof-hernandez-alfaro-en-la-revista-gq\/","new-tab":"1"},{"img":["15921"],"link":"https:\/\/www.institutomaxilofacial.com\/es\/2019\/01\/18\/el-prof-hernandez-alfaro-colabora-en-el-nuevo-atlas-de-la-secom-cyc\/","new-tab":"1"},{"img":["15920"],"link":"https:\/\/www.institutomaxilofacial.com\/es\/2019\/10\/29\/entrevista-al-doctor-hernandez-alfaro-en-la-razon\/","new-tab":"1"},{"img":["15919"],"link":"https:\/\/www.institutomaxilofacial.com\/es\/2019\/11\/20\/prof-hernandez-alfaro-recibe-el-top-doctors-awards-2019\/","new-tab":"1"},{"img":["15918"],"link":"https:\/\/www.institutomaxilofacial.com\/es\/2018\/12\/15\/prof-hernandez-alfaro-miembro-honorario-de-la-academia-argentina-de-odontologia\/","new-tab":"1"}],"imgscarrousel-max-slides":"3","imgscarrousel-cover":"1","imgscarrousel-aspect-ratio":"4\/3"}},{"scheme":"video_explica","layout-color":"dark-blue","row-padding":"normal-padding","item-title":"V\u00eddeos","video-explica-rows":[{"item-slide-video-type":"input_embed","item-slide-embed":"<iframe width=\"560\" height=\"315\" src=\"https:\/\/www.youtube.com\/embed\/kY1vtspNjGs?si=H6HP-yuORVAzX1HI\" title=\"YouTube video player\" frameborder=\"0\" allow=\"accelerometer; autoplay; clipboard-write; encrypted-media; gyroscope; picture-in-picture; web-share\" referrerpolicy=\"strict-origin-when-cross-origin\" allowfullscreen><\/iframe>"},{"item-slide-video-type":"input_embed","item-slide-embed":"<iframe width=\"560\" height=\"315\" src=\"https:\/\/www.youtube.com\/embed\/05MkySZg3ck?si=iWXmQGKmvwhCk3Uh\" title=\"YouTube video player\" frameborder=\"0\" allow=\"accelerometer; autoplay; clipboard-write; encrypted-media; gyroscope; picture-in-picture; web-share\" referrerpolicy=\"strict-origin-when-cross-origin\" allowfullscreen><\/iframe>"},{"item-slide-video-type":"input_embed","item-slide-embed":"<iframe width=\"560\" height=\"315\" src=\"https:\/\/www.youtube.com\/embed\/R1QITgdpXAQ?si=d1tquEanInYISsXI\" title=\"YouTube video player\" frameborder=\"0\" allow=\"accelerometer; autoplay; clipboard-write; encrypted-media; gyroscope; picture-in-picture; web-share\" referrerpolicy=\"strict-origin-when-cross-origin\" allowfullscreen><\/iframe>"},{"item-slide-video-type":"input_embed","item-slide-embed":"<iframe width=\"560\" height=\"315\" src=\"https:\/\/www.youtube.com\/embed\/PADRiorZB9M?si=LWtLuICm1YBmUliH\" title=\"YouTube video player\" frameborder=\"0\" allow=\"accelerometer; autoplay; clipboard-write; encrypted-media; gyroscope; picture-in-picture; web-share\" referrerpolicy=\"strict-origin-when-cross-origin\" allowfullscreen><\/iframe>"},{"item-slide-video-type":"input_embed","item-slide-embed":"<iframe width=\"560\" height=\"315\" src=\"https:\/\/www.youtube.com\/embed\/D2SoitT2Ks8?si=mjEcn7swRFxWVH5C\" title=\"YouTube video player\" frameborder=\"0\" allow=\"accelerometer; autoplay; clipboard-write; encrypted-media; gyroscope; picture-in-picture; web-share\" referrerpolicy=\"strict-origin-when-cross-origin\" allowfullscreen><\/iframe>"}]},{"scheme":"imgcarrousel","layout-color":"white","row-padding":"small-padding","video-explica-rows":[{"item-slide-video-type":"input_embed"}],"imgscarrousel":{"imgscarrousel-imgs":[{"img":["15911"]},{"img":["15912"]},{"img":["15913"]},{"img":["15914"]},{"img":["15915"]},{"img":["15916"]},{"img":["15917"]}],"imgscarrousel-max-slides":"4"}}],"chatbot-code":"","lateral-reducedheader":"","lateral-content-type":"","lateral-title":"","lateral-intro":"","lateral-form":"","lateral-popup":"","lateral-popup-pages":[],"lateral-cta-text":"","lateral-cta-page":"","item-type":"","item-tax":false,"iframe-tuotempo":"","iframe-subs-es":"","iframe-subs-en":"","iframe-subs-ca":"","blog-default-image":[],"activity-events-date":"","activity-page-past":"","noticias-default-image":[]},"_links":{"self":[{"href":"https:\/\/content.www.institutomaxilofacial.com\/es\/wp-json\/wp\/v2\/pages\/6622","targetHints":{"allow":["GET"]}}],"collection":[{"href":"https:\/\/content.www.institutomaxilofacial.com\/es\/wp-json\/wp\/v2\/pages"}],"about":[{"href":"https:\/\/content.www.institutomaxilofacial.com\/es\/wp-json\/wp\/v2\/types\/page"}],"author":[{"embeddable":true,"href":"https:\/\/content.www.institutomaxilofacial.com\/es\/wp-json\/wp\/v2\/users\/1"}],"replies":[{"embeddable":true,"href":"https:\/\/content.www.institutomaxilofacial.com\/es\/wp-json\/wp\/v2\/comments?post=6622"}],"version-history":[{"count":7,"href":"https:\/\/content.www.institutomaxilofacial.com\/es\/wp-json\/wp\/v2\/pages\/6622\/revisions"}],"predecessor-version":[{"id":14549,"href":"https:\/\/content.www.institutomaxilofacial.com\/es\/wp-json\/wp\/v2\/pages\/6622\/revisions\/14549"}],"wp:attachment":[{"href":"https:\/\/content.www.institutomaxilofacial.com\/es\/wp-json\/wp\/v2\/media?parent=6622"}],"curies":[{"name":"wp","href":"https:\/\/api.w.org\/{rel}","templated":true}]}}